{"id":123388,"date":"2024-05-03T09:30:08","date_gmt":"2024-05-03T09:30:08","guid":{"rendered":"https:\/\/turisme.dival.es\/video\/"},"modified":"2024-05-06T11:54:39","modified_gmt":"2024-05-06T11:54:39","slug":"video","status":"publish","type":"page","link":"https:\/\/turisme.dival.es\/it\/video\/","title":{"rendered":"Video"},"content":{"rendered":"<p>[et_pb_section fb_built=&#8221;1&#8243; _builder_version=&#8221;4.24.0&#8243; background_image=&#8221;https:\/\/turisme.dival.es\/wp-content\/uploads\/2024\/05\/lagoon-5741318_1920.jpeg&#8221; custom_margin=&#8221;0px||0px||false|false&#8221; custom_padding=&#8221;0px||0px||false|false&#8221; locked=&#8221;off&#8221; global_colors_info=&#8221;{}&#8221;][et_pb_row _builder_version=&#8221;4.24.0&#8243; background_size=&#8221;initial&#8221; background_position=&#8221;top_left&#8221; background_repeat=&#8221;repeat&#8221; width=&#8221;100%&#8221; max_width=&#8221;100%&#8221; custom_margin=&#8221;0px||0px||false|false&#8221; custom_padding=&#8221;0px||0px||false|false&#8221; global_colors_info=&#8221;{}&#8221;][et_pb_column type=&#8221;4_4&#8243; _builder_version=&#8221;4.24.0&#8243; _module_preset=&#8221;default&#8221; global_colors_info=&#8221;{}&#8221;][et_pb_slider show_pagination=&#8221;off&#8221; _builder_version=&#8221;4.24.0&#8243; _module_preset=&#8221;default&#8221; background_enable_color=&#8221;off&#8221; background_enable_image=&#8221;off&#8221; parallax=&#8221;on&#8221; parallax_method=&#8221;on&#8221; height=&#8221;70vh&#8221; global_colors_info=&#8221;{}&#8221;][et_pb_slide heading=&#8221;Video&#8221; _builder_version=&#8221;4.24.0&#8243; _module_preset=&#8221;default&#8221; header_text_color=&#8221;#FFFFFF&#8221; background_enable_color=&#8221;off&#8221; background_enable_image=&#8221;off&#8221; background_size=&#8221;contain&#8221; text_orientation=&#8221;center&#8221; global_colors_info=&#8221;{}&#8221; sticky_transition=&#8221;on&#8221;][\/et_pb_slide][\/et_pb_slider][\/et_pb_column][\/et_pb_row][\/et_pb_section][et_pb_section fb_built=&#8221;1&#8243; admin_label=&#8221;intro page&#8221; _builder_version=&#8221;4.16&#8243; _module_preset=&#8221;default&#8221; custom_margin=&#8221;||0px||false|false&#8221; custom_padding=&#8221;20px||20px||true|false&#8221; locked=&#8221;off&#8221; global_colors_info=&#8221;{}&#8221;][et_pb_row column_structure=&#8221;1_5,3_5,1_5&#8243; _builder_version=&#8221;4.16&#8243; _module_preset=&#8221;default&#8221; global_colors_info=&#8221;{}&#8221;][et_pb_column type=&#8221;1_5&#8243; _builder_version=&#8221;4.16&#8243; _module_preset=&#8221;default&#8221; global_colors_info=&#8221;{}&#8221;][\/et_pb_column][et_pb_column type=&#8221;3_5&#8243; _builder_version=&#8221;4.16&#8243; _module_preset=&#8221;default&#8221; global_colors_info=&#8221;{}&#8221;][et_pb_divider color=&#8221;RGBA(0,0,0,0)&#8221; admin_label=&#8221;Divider&#8221; _builder_version=&#8221;4.16&#8243; _module_preset=&#8221;default&#8221; background_color=&#8221;#E09900&#8243; width=&#8221;70px&#8221; module_alignment=&#8221;center&#8221; height=&#8221;6px&#8221; locked=&#8221;off&#8221; global_colors_info=&#8221;{}&#8221;][\/et_pb_divider][et_pb_text admin_label=&#8221;Titulo&#8221; _builder_version=&#8221;4.24.0&#8243; _module_preset=&#8221;default&#8221; text_font_size=&#8221;18px&#8221; header_text_align=&#8221;center&#8221; header_font_size=&#8221;37px&#8221; text_orientation=&#8221;center&#8221; global_colors_info=&#8221;{}&#8221;]<\/p>\n<h1>Video<\/h1>\n<p>[\/et_pb_text][et_pb_text _builder_version=&#8221;4.24.0&#8243; _module_preset=&#8221;default&#8221; text_font_size=&#8221;18px&#8221; header_text_align=&#8221;center&#8221; header_font_size=&#8221;37px&#8221; text_orientation=&#8221;center&#8221; global_colors_info=&#8221;{}&#8221;]Scopri Valencia attraverso i nostri video! Immergiti nella bellezza dei suoi monumenti, paesaggi naturali e cultura. Esplora con noi gli angoli pi\u00f9 affascinanti di questa meravigliosa citt\u00e0 mediterranea.[\/et_pb_text][\/et_pb_column][et_pb_column type=&#8221;1_5&#8243; _builder_version=&#8221;4.16&#8243; _module_preset=&#8221;default&#8221; global_colors_info=&#8221;{}&#8221;][\/et_pb_column][\/et_pb_row][\/et_pb_section][et_pb_section fb_built=&#8221;1&#8243; _builder_version=&#8221;4.24.0&#8243; _module_preset=&#8221;default&#8221; global_colors_info=&#8221;{}&#8221;][et_pb_row column_structure=&#8221;1_2,1_2&#8243; use_custom_gutter=&#8221;on&#8221; gutter_width=&#8221;2&#8243; make_equal=&#8221;on&#8221; _builder_version=&#8221;4.25.0&#8243; _module_preset=&#8221;default&#8221; background_enable_color=&#8221;off&#8221; hover_enabled=&#8221;0&#8243; locked=&#8221;off&#8221; global_colors_info=&#8221;{}&#8221; sticky_enabled=&#8221;0&#8243;][et_pb_column type=&#8221;1_2&#8243; _builder_version=&#8221;4.25.0&#8243; _module_preset=&#8221;default&#8221; background_color=&#8221;#E09900&#8243; custom_padding=&#8221;15px|15px|25px|15px|false|false&#8221; link_option_url_new_window=&#8221;on&#8221; hover_enabled=&#8221;0&#8243; global_colors_info=&#8221;{}&#8221; sticky_enabled=&#8221;0&#8243;][et_pb_video src=&#8221;https:\/\/youtu.be\/68nET51bJ7U?si=idu1tiZI9chH7rKd&#8221; image_src=&#8221;https:\/\/turisme.dival.es\/wp-content\/uploads\/2024\/05\/you-fream-valencia.jpeg&#8221; _builder_version=&#8221;4.24.0&#8243; _module_preset=&#8221;default&#8221; global_colors_info=&#8221;{}&#8221;][\/et_pb_video][et_pb_text admin_label=&#8221;Vous r\u00eavez Valence, vivez-le&#8221; _builder_version=&#8221;4.24.0&#8243; _module_preset=&#8221;default&#8221; text_text_color=&#8221;#FFFFFF&#8221; header_3_font=&#8221;Source Sans Pro||||||||&#8221; header_3_text_align=&#8221;center&#8221; header_3_text_color=&#8221;#FFFFFF&#8221; background_color=&#8221;#E09900&#8243; custom_margin=&#8221;||||false|false&#8221; custom_padding=&#8221;||||false|false&#8221; global_colors_info=&#8221;{}&#8221;]<\/p>\n<h3><b>Sogna Val\u00e8ncia, vivila<\/b><\/h3>\n<p>[\/et_pb_text][\/et_pb_column][et_pb_column type=&#8221;1_2&#8243; _builder_version=&#8221;4.25.0&#8243; _module_preset=&#8221;default&#8221; background_enable_color=&#8221;off&#8221; custom_padding=&#8221;15px|15px|25px|15px|false|false&#8221; link_option_url_new_window=&#8221;on&#8221; hover_enabled=&#8221;0&#8243; global_colors_info=&#8221;{}&#8221; sticky_enabled=&#8221;0&#8243;][\/et_pb_column][\/et_pb_row][\/et_pb_section]<\/p>\n","protected":false},"excerpt":{"rendered":"<p>VideoScopri Valencia attraverso i nostri video! Immergiti nella bellezza dei suoi monumenti, paesaggi naturali e cultura. Esplora con noi gli angoli pi\u00f9 affascinanti di questa meravigliosa citt\u00e0 mediterranea.Sogna Val\u00e8ncia, vivila<\/p>\n","protected":false},"author":1,"featured_media":0,"parent":0,"menu_order":0,"comment_status":"closed","ping_status":"closed","template":"","meta":{"_acf_changed":false,"_et_pb_use_builder":"on","_et_pb_old_content":"","_et_gb_content_width":"","footnotes":""},"class_list":["post-123388","page","type-page","status-publish","hentry"],"acf":[],"yoast_head":"<!-- This site is optimized with the Yoast SEO plugin v23.0 - https:\/\/yoast.com\/wordpress\/plugins\/seo\/ -->\n<title>Video &#060; Valencia Turismo<\/title>\n<meta name=\"robots\" content=\"index, follow, max-snippet:-1, max-image-preview:large, max-video-preview:-1\" \/>\n<link rel=\"canonical\" href=\"https:\/\/turisme.dival.es\/it\/video\/\" \/>\n<meta property=\"og:locale\" content=\"it_IT\" \/>\n<meta property=\"og:type\" content=\"article\" \/>\n<meta property=\"og:title\" content=\"Video &#060; Valencia Turismo\" \/>\n<meta property=\"og:description\" content=\"VideoScopri Valencia attraverso i nostri video! Immergiti nella bellezza dei suoi monumenti, paesaggi naturali e cultura. Esplora con noi gli angoli pi\u00f9 affascinanti di questa meravigliosa citt\u00e0 mediterranea.Sogna Val\u00e8ncia, vivila\" \/>\n<meta property=\"og:url\" content=\"https:\/\/turisme.dival.es\/it\/video\/\" \/>\n<meta property=\"og:site_name\" content=\"Valencia Turismo\" \/>\n<meta property=\"article:modified_time\" content=\"2024-05-06T11:54:39+00:00\" \/>\n<meta name=\"twitter:card\" content=\"summary_large_image\" \/>\n<meta name=\"twitter:label1\" content=\"Est. reading time\" \/>\n\t<meta name=\"twitter:data1\" content=\"1 minute\" \/>\n<script type=\"application\/ld+json\" class=\"yoast-schema-graph\">{\"@context\":\"https:\/\/schema.org\",\"@graph\":[{\"@type\":\"WebPage\",\"@id\":\"https:\/\/turisme.dival.es\/it\/video\/\",\"url\":\"https:\/\/turisme.dival.es\/it\/video\/\",\"name\":\"Video &#060; Valencia Turismo\",\"isPartOf\":{\"@id\":\"https:\/\/turisme.dival.es\/#website\"},\"datePublished\":\"2024-05-03T09:30:08+00:00\",\"dateModified\":\"2024-05-06T11:54:39+00:00\",\"inLanguage\":\"IT\",\"potentialAction\":[{\"@type\":\"ReadAction\",\"target\":[\"https:\/\/turisme.dival.es\/it\/video\/\"]}]},{\"@type\":\"WebSite\",\"@id\":\"https:\/\/turisme.dival.es\/#website\",\"url\":\"https:\/\/turisme.dival.es\/\",\"name\":\"valenciaturismo.com.mialias.net\",\"description\":\"\",\"potentialAction\":[{\"@type\":\"SearchAction\",\"target\":{\"@type\":\"EntryPoint\",\"urlTemplate\":\"https:\/\/turisme.dival.es\/?s={search_term_string}\"},\"query-input\":\"required name=search_term_string\"}],\"inLanguage\":\"IT\"}]}<\/script>\n<!-- \/ Yoast SEO plugin. -->","yoast_head_json":{"title":"Video &#060; Valencia Turismo","robots":{"index":"index","follow":"follow","max-snippet":"max-snippet:-1","max-image-preview":"max-image-preview:large","max-video-preview":"max-video-preview:-1"},"canonical":"https:\/\/turisme.dival.es\/it\/video\/","og_locale":"it_IT","og_type":"article","og_title":"Video &#060; Valencia Turismo","og_description":"VideoScopri Valencia attraverso i nostri video! Immergiti nella bellezza dei suoi monumenti, paesaggi naturali e cultura. Esplora con noi gli angoli pi\u00f9 affascinanti di questa meravigliosa citt\u00e0 mediterranea.Sogna Val\u00e8ncia, vivila","og_url":"https:\/\/turisme.dival.es\/it\/video\/","og_site_name":"Valencia Turismo","article_modified_time":"2024-05-06T11:54:39+00:00","twitter_card":"summary_large_image","twitter_misc":{"Est. reading time":"1 minute"},"schema":{"@context":"https:\/\/schema.org","@graph":[{"@type":"WebPage","@id":"https:\/\/turisme.dival.es\/it\/video\/","url":"https:\/\/turisme.dival.es\/it\/video\/","name":"Video &#060; Valencia Turismo","isPartOf":{"@id":"https:\/\/turisme.dival.es\/#website"},"datePublished":"2024-05-03T09:30:08+00:00","dateModified":"2024-05-06T11:54:39+00:00","inLanguage":"IT","potentialAction":[{"@type":"ReadAction","target":["https:\/\/turisme.dival.es\/it\/video\/"]}]},{"@type":"WebSite","@id":"https:\/\/turisme.dival.es\/#website","url":"https:\/\/turisme.dival.es\/","name":"valenciaturismo.com.mialias.net","description":"","potentialAction":[{"@type":"SearchAction","target":{"@type":"EntryPoint","urlTemplate":"https:\/\/turisme.dival.es\/?s={search_term_string}"},"query-input":"required name=search_term_string"}],"inLanguage":"IT"}]}},"_links":{"self":[{"href":"https:\/\/turisme.dival.es\/it\/wp-json\/wp\/v2\/pages\/123388","targetHints":{"allow":["GET"]}}],"collection":[{"href":"https:\/\/turisme.dival.es\/it\/wp-json\/wp\/v2\/pages"}],"about":[{"href":"https:\/\/turisme.dival.es\/it\/wp-json\/wp\/v2\/types\/page"}],"author":[{"embeddable":true,"href":"https:\/\/turisme.dival.es\/it\/wp-json\/wp\/v2\/users\/1"}],"replies":[{"embeddable":true,"href":"https:\/\/turisme.dival.es\/it\/wp-json\/wp\/v2\/comments?post=123388"}],"version-history":[{"count":3,"href":"https:\/\/turisme.dival.es\/it\/wp-json\/wp\/v2\/pages\/123388\/revisions"}],"predecessor-version":[{"id":131532,"href":"https:\/\/turisme.dival.es\/it\/wp-json\/wp\/v2\/pages\/123388\/revisions\/131532"}],"wp:attachment":[{"href":"https:\/\/turisme.dival.es\/it\/wp-json\/wp\/v2\/media?parent=123388"}],"curies":[{"name":"wp","href":"https:\/\/api.w.org\/{rel}","templated":true}]}}