{"id":99864,"date":"2024-02-27T17:33:04","date_gmt":"2024-02-27T17:33:04","guid":{"rendered":"https:\/\/turisme.dival.es\/planifiez-votre-experience\/les-parcs-naturels\/"},"modified":"2024-02-27T17:33:10","modified_gmt":"2024-02-27T17:33:10","slug":"les-parcs-naturels","status":"publish","type":"page","link":"https:\/\/turisme.dival.es\/fr\/planifiez-votre-experience\/les-parcs-naturels\/","title":{"rendered":"Les Parcs Naturels"},"content":{"rendered":"<p>[et_pb_section fb_built=&#8221;1&#8243; _builder_version=&#8221;4.16&#8243; custom_margin=&#8221;0px||0px||false|false&#8221; custom_padding=&#8221;0px||0px||false|false&#8221; global_colors_info=&#8221;{}&#8221;][et_pb_row _builder_version=&#8221;4.16&#8243; background_size=&#8221;initial&#8221; background_position=&#8221;top_left&#8221; background_repeat=&#8221;repeat&#8221; width=&#8221;100%&#8221; max_width=&#8221;100%&#8221; custom_margin=&#8221;0px||0px||false|false&#8221; custom_padding=&#8221;0px||0px||false|false&#8221; global_colors_info=&#8221;{}&#8221;][et_pb_column type=&#8221;4_4&#8243; _builder_version=&#8221;4.16&#8243; _module_preset=&#8221;default&#8221; global_colors_info=&#8221;{}&#8221;][et_pb_slider show_pagination=&#8221;off&#8221; _builder_version=&#8221;4.23.1&#8243; _module_preset=&#8221;default&#8221; background_image=&#8221;https:\/\/turisme.dival.es\/wp-content\/uploads\/2021\/10\/sunset-5257936_1920.jpeg&#8221; height=&#8221;400px&#8221; hover_enabled=&#8221;0&#8243; global_colors_info=&#8221;{}&#8221; sticky_enabled=&#8221;0&#8243;][et_pb_slide heading=&#8221;Les Parcs Naturels&#8221; _builder_version=&#8221;4.23.1&#8243; _module_preset=&#8221;default&#8221; header_text_color=&#8221;#FFFFFF&#8221; background_image=&#8221;https:\/\/turisme.dival.es\/wp-content\/uploads\/2021\/10\/sunset-5257936_1920.jpeg&#8221; background_enable_image=&#8221;on&#8221; parallax=&#8221;on&#8221; text_orientation=&#8221;center&#8221; hover_enabled=&#8221;0&#8243; global_colors_info=&#8221;{}&#8221; sticky_transition=&#8221;on&#8221; sticky_enabled=&#8221;0&#8243;]<\/p>\n<h2>Milieux naturels prot\u00e9g\u00e9s de Valence<\/h2>\n<p>[\/et_pb_slide][\/et_pb_slider][\/et_pb_column][\/et_pb_row][\/et_pb_section][et_pb_section fb_built=&#8221;1&#8243; fullwidth=&#8221;on&#8221; admin_label=&#8221;breadcrumbs&#8221; _builder_version=&#8221;4.16&#8243; _module_preset=&#8221;default&#8221; locked=&#8221;off&#8221; collapsed=&#8221;off&#8221; global_colors_info=&#8221;{}&#8221;][et_pb_fullwidth_code _builder_version=&#8221;4.16&#8243; _module_preset=&#8221;default&#8221; global_colors_info=&#8221;{}&#8221;]    <div class=\"parent-migas\" style=\"background-color:#f2ad00;\"><div class=\"container-migas-plantilla\">\n    <!-- Breadcrumb NavXT 7.3.1 -->\n<span property=\"itemListElement\" typeof=\"ListItem\"><a property=\"item\" typeof=\"WebPage\" title=\"Go to Valencia Turismo.\" href=\"https:\/\/turisme.dival.es\/fr\/\" class=\"home\" aria-current=\"page\"><span property=\"name\">Valencia Turismo<\/span><\/a><meta property=\"position\" content=\"1\"><\/span>    <\/div><\/div>\n    [\/et_pb_fullwidth_code][\/et_pb_section][et_pb_section fb_built=&#8221;1&#8243; admin_label=&#8221;intro page&#8221; _builder_version=&#8221;4.16&#8243; _module_preset=&#8221;default&#8221; custom_margin=&#8221;||0px||false|false&#8221; custom_padding=&#8221;20px||0px||false|false&#8221; locked=&#8221;off&#8221; global_colors_info=&#8221;{}&#8221;][et_pb_row column_structure=&#8221;1_5,3_5,1_5&#8243; _builder_version=&#8221;4.16&#8243; _module_preset=&#8221;default&#8221; global_colors_info=&#8221;{}&#8221;][et_pb_column type=&#8221;1_5&#8243; _builder_version=&#8221;4.16&#8243; _module_preset=&#8221;default&#8221; global_colors_info=&#8221;{}&#8221;][\/et_pb_column][et_pb_column type=&#8221;3_5&#8243; _builder_version=&#8221;4.16&#8243; _module_preset=&#8221;default&#8221; global_colors_info=&#8221;{}&#8221;][et_pb_divider color=&#8221;RGBA(0,0,0,0)&#8221; admin_label=&#8221;Divider&#8221; _builder_version=&#8221;4.16&#8243; _module_preset=&#8221;default&#8221; background_color=&#8221;#9b861b&#8221; width=&#8221;70px&#8221; module_alignment=&#8221;center&#8221; height=&#8221;6px&#8221; locked=&#8221;off&#8221; global_colors_info=&#8221;{}&#8221;][\/et_pb_divider][et_pb_text admin_label=&#8221;Titulo&#8221; _builder_version=&#8221;4.16&#8243; _module_preset=&#8221;default&#8221; text_font_size=&#8221;18px&#8221; header_text_align=&#8221;center&#8221; header_font_size=&#8221;37px&#8221; text_orientation=&#8221;center&#8221; global_colors_info=&#8221;{}&#8221;]<\/p>\n<h1>Les Parcs Naturels<\/h1>\n<p>[\/et_pb_text][et_pb_text _builder_version=&#8221;4.16&#8243; _module_preset=&#8221;default&#8221; text_font_size=&#8221;18px&#8221; header_text_align=&#8221;center&#8221; header_font_size=&#8221;37px&#8221; text_orientation=&#8221;center&#8221; global_colors_info=&#8221;{}&#8221;]Il ne fait aucun doute que la visite des parcs naturels offre une excellente occasion d&#8217;\u00eatre en contact avec la nature ou de pratiquer des sports en plein air dans des lieux d&#8217;une beaut\u00e9 exceptionnelle.<\/p>\n<p>Venez d\u00e9couvrir les parcs naturels de la province de Valencia ![\/et_pb_text][\/et_pb_column][et_pb_column type=&#8221;1_5&#8243; _builder_version=&#8221;4.16&#8243; _module_preset=&#8221;default&#8221; global_colors_info=&#8221;{}&#8221;][\/et_pb_column][\/et_pb_row][\/et_pb_section][et_pb_section fb_built=&#8221;1&#8243; _builder_version=&#8221;4.16&#8243; _module_preset=&#8221;default&#8221; custom_margin=&#8221;0px||||false|false&#8221; custom_padding=&#8221;0px||1%||false|false&#8221; global_colors_info=&#8221;{}&#8221;][et_pb_row _builder_version=&#8221;4.16&#8243; _module_preset=&#8221;default&#8221; global_colors_info=&#8221;{}&#8221;][et_pb_column type=&#8221;4_4&#8243; _builder_version=&#8221;4.16&#8243; _module_preset=&#8221;default&#8221; global_colors_info=&#8221;{}&#8221;][et_pb_code _builder_version=&#8221;4.16&#8243; _module_preset=&#8221;default&#8221; global_colors_info=&#8221;{}&#8221;]<div id=\"container_parques\"><div class=\"parque_nat\" style=\"background-image:url(https:\/\/turisme.dival.es\/wp-content\/uploads\/2022\/01\/mariola41-756x336-2.jpg);\"><div class=\"parque_nat_title\">Parc Naturel de la Sierra de Mariola<\/div><a href=\"https:\/\/turisme.dival.es\/fr\/parque_natural\/parc-naturel-de-la-sierra-de-mariola\/\"><div class=\"parque_nat_link\">D\u00e9couvrir<\/div><\/a><\/div><div class=\"parque_nat\" style=\"background-image:url(https:\/\/turisme.dival.es\/wp-content\/uploads\/2021\/09\/Foto-ruta-roja.jpg);\"><div class=\"parque_nat_title\">Parc Naturel de la Marjal Pego-Oliva<\/div><a href=\"https:\/\/turisme.dival.es\/fr\/parque_natural\/parc-naturel-de-la-marjal-pego-oliva\/\"><div class=\"parque_nat_link\">D\u00e9couvrir<\/div><\/a><\/div><div class=\"parque_nat\" style=\"background-image:url(https:\/\/turisme.dival.es\/wp-content\/uploads\/2021\/09\/Zarra-2-1-scaled.jpg);\"><div class=\"parque_nat_title\">Parc naturel de la Puebla de San Miguel<\/div><a href=\"https:\/\/turisme.dival.es\/fr\/parque_natural\/parc-naturel-de-la-puebla-de-san-miguel\/\"><div class=\"parque_nat_link\">D\u00e9couvrir<\/div><\/a><\/div><div class=\"parque_nat\" style=\"background-image:url(https:\/\/turisme.dival.es\/wp-content\/uploads\/2021\/09\/calderona_3-756x336-1.jpg);\"><div class=\"parque_nat_title\">Parc Naturel de la Sierra de Calderona<\/div><a href=\"https:\/\/turisme.dival.es\/fr\/parque_natural\/parc-naturel-de-la-sierra-de-calderona\/\"><div class=\"parque_nat_link\">D\u00e9couvrir<\/div><\/a><\/div><\/div><div class=\"pagination-section\"><nav class=\"pagination\"><span aria-current=\"page\" class=\"page-numbers current\">1<\/span>\n<a class=\"page-numbers\" href=\"https:\/\/turisme.dival.es\/fr\/wp-json\/wp\/v2\/pages\/99864\/page\/2\/\">2<\/a>\n<a class=\"next page-numbers\" href=\"https:\/\/turisme.dival.es\/fr\/wp-json\/wp\/v2\/pages\/99864\/page\/2\/\">><\/a><\/div>[\/et_pb_code][\/et_pb_column][\/et_pb_row][\/et_pb_section]<\/p>\n","protected":false},"excerpt":{"rendered":"<p>[et_pb_section fb_built=&#8221;1&#8243; _builder_version=&#8221;4.16&#8243; custom_margin=&#8221;0px||0px||false|false&#8221; custom_padding=&#8221;0px||0px||false|false&#8221; global_colors_info=&#8221;{}&#8221;][et_pb_row _builder_version=&#8221;4.16&#8243; background_size=&#8221;initial&#8221; background_position=&#8221;top_left&#8221; background_repeat=&#8221;repeat&#8221; width=&#8221;100%&#8221; max_width=&#8221;100%&#8221; custom_margin=&#8221;0px||0px||false|false&#8221; custom_padding=&#8221;0px||0px||false|false&#8221; global_colors_info=&#8221;{}&#8221;][et_pb_column type=&#8221;4_4&#8243; _builder_version=&#8221;4.16&#8243; _module_preset=&#8221;default&#8221; global_colors_info=&#8221;{}&#8221;][et_pb_slider show_pagination=&#8221;off&#8221; _builder_version=&#8221;4.23.1&#8243; _module_preset=&#8221;default&#8221; background_image=&#8221;https:\/\/turisme.dival.es\/wp-content\/uploads\/2021\/10\/sunset-5257936_1920.jpeg&#8221; height=&#8221;400px&#8221; hover_enabled=&#8221;0&#8243; global_colors_info=&#8221;{}&#8221; sticky_enabled=&#8221;0&#8243;][et_pb_slide heading=&#8221;Les Parcs Naturels&#8221; _builder_version=&#8221;4.23.1&#8243; _module_preset=&#8221;default&#8221; header_text_color=&#8221;#FFFFFF&#8221; background_image=&#8221;https:\/\/turisme.dival.es\/wp-content\/uploads\/2021\/10\/sunset-5257936_1920.jpeg&#8221; background_enable_image=&#8221;on&#8221; parallax=&#8221;on&#8221; text_orientation=&#8221;center&#8221; hover_enabled=&#8221;0&#8243; global_colors_info=&#8221;{}&#8221; sticky_transition=&#8221;on&#8221; sticky_enabled=&#8221;0&#8243;] Milieux naturels prot\u00e9g\u00e9s de Valence [\/et_pb_slide][\/et_pb_slider][\/et_pb_column][\/et_pb_row][\/et_pb_section][et_pb_section fb_built=&#8221;1&#8243; fullwidth=&#8221;on&#8221; admin_label=&#8221;breadcrumbs&#8221; _builder_version=&#8221;4.16&#8243; _module_preset=&#8221;default&#8221; locked=&#8221;off&#8221; collapsed=&#8221;off&#8221; global_colors_info=&#8221;{}&#8221;][et_pb_fullwidth_code [&hellip;]<\/p>\n","protected":false},"author":1,"featured_media":0,"parent":99858,"menu_order":0,"comment_status":"closed","ping_status":"closed","template":"","meta":{"_acf_changed":false,"_et_pb_use_builder":"on","_et_pb_old_content":"","_et_gb_content_width":"","footnotes":""},"class_list":["post-99864","page","type-page","status-publish","hentry"],"acf":[],"yoast_head":"<!-- This site is optimized with the Yoast SEO plugin v23.0 - https:\/\/yoast.com\/wordpress\/plugins\/seo\/ -->\n<title>Parcs naturels de la province de Valencia!<\/title>\n<meta name=\"description\" content=\"Visiter les parcs naturels repr\u00e9sente ind\u00e9niablement une belle opportunit\u00e9 de rester en contact avec la nature ou de pratiquer des sports de plein air dans des lieux d&#039;une extraordinaire beaut\u00e9. D\u00e9couvrez les Parcs Naturels de la province de Valencia!\" \/>\n<meta name=\"robots\" content=\"index, follow, max-snippet:-1, max-image-preview:large, max-video-preview:-1\" \/>\n<link rel=\"canonical\" href=\"https:\/\/turisme.dival.es\/fr\/planifiez-votre-experience\/les-parcs-naturels\/\" \/>\n<meta property=\"og:locale\" content=\"fr_FR\" \/>\n<meta property=\"og:type\" content=\"article\" \/>\n<meta property=\"og:title\" content=\"Parcs naturels de la province de Valencia!\" \/>\n<meta property=\"og:description\" content=\"Visiter les parcs naturels repr\u00e9sente ind\u00e9niablement une belle opportunit\u00e9 de rester en contact avec la nature ou de pratiquer des sports de plein air dans des lieux d&#039;une extraordinaire beaut\u00e9. D\u00e9couvrez les Parcs Naturels de la province de Valencia!\" \/>\n<meta property=\"og:url\" content=\"https:\/\/turisme.dival.es\/fr\/planifiez-votre-experience\/les-parcs-naturels\/\" \/>\n<meta property=\"og:site_name\" content=\"Valencia Turismo\" \/>\n<meta property=\"article:modified_time\" content=\"2024-02-27T17:33:10+00:00\" \/>\n<meta name=\"twitter:card\" content=\"summary_large_image\" \/>\n<meta name=\"twitter:label1\" content=\"Est. reading time\" \/>\n\t<meta name=\"twitter:data1\" content=\"3 minutes\" \/>\n<script type=\"application\/ld+json\" class=\"yoast-schema-graph\">{\"@context\":\"https:\/\/schema.org\",\"@graph\":[{\"@type\":\"WebPage\",\"@id\":\"https:\/\/turisme.dival.es\/fr\/planifiez-votre-experience\/les-parcs-naturels\/\",\"url\":\"https:\/\/turisme.dival.es\/fr\/planifiez-votre-experience\/les-parcs-naturels\/\",\"name\":\"Parcs naturels de la province de Valencia!\",\"isPartOf\":{\"@id\":\"https:\/\/turisme.dival.es\/#website\"},\"datePublished\":\"2024-02-27T17:33:04+00:00\",\"dateModified\":\"2024-02-27T17:33:10+00:00\",\"description\":\"Visiter les parcs naturels repr\u00e9sente ind\u00e9niablement une belle opportunit\u00e9 de rester en contact avec la nature ou de pratiquer des sports de plein air dans des lieux d'une extraordinaire beaut\u00e9. D\u00e9couvrez les Parcs Naturels de la province de Valencia!\",\"breadcrumb\":{\"@id\":\"https:\/\/turisme.dival.es\/fr\/planifiez-votre-experience\/les-parcs-naturels\/#breadcrumb\"},\"inLanguage\":\"FR\",\"potentialAction\":[{\"@type\":\"ReadAction\",\"target\":[\"https:\/\/turisme.dival.es\/fr\/planifiez-votre-experience\/les-parcs-naturels\/\"]}]},{\"@type\":\"BreadcrumbList\",\"@id\":\"https:\/\/turisme.dival.es\/fr\/planifiez-votre-experience\/les-parcs-naturels\/#breadcrumb\",\"itemListElement\":[{\"@type\":\"ListItem\",\"position\":1,\"name\":\"Planifiez votre exp\u00e9rience\",\"item\":\"https:\/\/turisme.dival.es\/fr\/planifiez-votre-experience\/\"},{\"@type\":\"ListItem\",\"position\":2,\"name\":\"Les Parcs Naturels\"}]},{\"@type\":\"WebSite\",\"@id\":\"https:\/\/turisme.dival.es\/#website\",\"url\":\"https:\/\/turisme.dival.es\/\",\"name\":\"valenciaturismo.com.mialias.net\",\"description\":\"\",\"potentialAction\":[{\"@type\":\"SearchAction\",\"target\":{\"@type\":\"EntryPoint\",\"urlTemplate\":\"https:\/\/turisme.dival.es\/?s={search_term_string}\"},\"query-input\":\"required name=search_term_string\"}],\"inLanguage\":\"FR\"}]}<\/script>\n<!-- \/ Yoast SEO plugin. -->","yoast_head_json":{"title":"Parcs naturels de la province de Valencia!","description":"Visiter les parcs naturels repr\u00e9sente ind\u00e9niablement une belle opportunit\u00e9 de rester en contact avec la nature ou de pratiquer des sports de plein air dans des lieux d'une extraordinaire beaut\u00e9. D\u00e9couvrez les Parcs Naturels de la province de Valencia!","robots":{"index":"index","follow":"follow","max-snippet":"max-snippet:-1","max-image-preview":"max-image-preview:large","max-video-preview":"max-video-preview:-1"},"canonical":"https:\/\/turisme.dival.es\/fr\/planifiez-votre-experience\/les-parcs-naturels\/","og_locale":"fr_FR","og_type":"article","og_title":"Parcs naturels de la province de Valencia!","og_description":"Visiter les parcs naturels repr\u00e9sente ind\u00e9niablement une belle opportunit\u00e9 de rester en contact avec la nature ou de pratiquer des sports de plein air dans des lieux d'une extraordinaire beaut\u00e9. D\u00e9couvrez les Parcs Naturels de la province de Valencia!","og_url":"https:\/\/turisme.dival.es\/fr\/planifiez-votre-experience\/les-parcs-naturels\/","og_site_name":"Valencia Turismo","article_modified_time":"2024-02-27T17:33:10+00:00","twitter_card":"summary_large_image","twitter_misc":{"Est. reading time":"3 minutes"},"schema":{"@context":"https:\/\/schema.org","@graph":[{"@type":"WebPage","@id":"https:\/\/turisme.dival.es\/fr\/planifiez-votre-experience\/les-parcs-naturels\/","url":"https:\/\/turisme.dival.es\/fr\/planifiez-votre-experience\/les-parcs-naturels\/","name":"Parcs naturels de la province de Valencia!","isPartOf":{"@id":"https:\/\/turisme.dival.es\/#website"},"datePublished":"2024-02-27T17:33:04+00:00","dateModified":"2024-02-27T17:33:10+00:00","description":"Visiter les parcs naturels repr\u00e9sente ind\u00e9niablement une belle opportunit\u00e9 de rester en contact avec la nature ou de pratiquer des sports de plein air dans des lieux d'une extraordinaire beaut\u00e9. D\u00e9couvrez les Parcs Naturels de la province de Valencia!","breadcrumb":{"@id":"https:\/\/turisme.dival.es\/fr\/planifiez-votre-experience\/les-parcs-naturels\/#breadcrumb"},"inLanguage":"FR","potentialAction":[{"@type":"ReadAction","target":["https:\/\/turisme.dival.es\/fr\/planifiez-votre-experience\/les-parcs-naturels\/"]}]},{"@type":"BreadcrumbList","@id":"https:\/\/turisme.dival.es\/fr\/planifiez-votre-experience\/les-parcs-naturels\/#breadcrumb","itemListElement":[{"@type":"ListItem","position":1,"name":"Planifiez votre exp\u00e9rience","item":"https:\/\/turisme.dival.es\/fr\/planifiez-votre-experience\/"},{"@type":"ListItem","position":2,"name":"Les Parcs Naturels"}]},{"@type":"WebSite","@id":"https:\/\/turisme.dival.es\/#website","url":"https:\/\/turisme.dival.es\/","name":"valenciaturismo.com.mialias.net","description":"","potentialAction":[{"@type":"SearchAction","target":{"@type":"EntryPoint","urlTemplate":"https:\/\/turisme.dival.es\/?s={search_term_string}"},"query-input":"required name=search_term_string"}],"inLanguage":"FR"}]}},"_links":{"self":[{"href":"https:\/\/turisme.dival.es\/fr\/wp-json\/wp\/v2\/pages\/99864","targetHints":{"allow":["GET"]}}],"collection":[{"href":"https:\/\/turisme.dival.es\/fr\/wp-json\/wp\/v2\/pages"}],"about":[{"href":"https:\/\/turisme.dival.es\/fr\/wp-json\/wp\/v2\/types\/page"}],"author":[{"embeddable":true,"href":"https:\/\/turisme.dival.es\/fr\/wp-json\/wp\/v2\/users\/1"}],"replies":[{"embeddable":true,"href":"https:\/\/turisme.dival.es\/fr\/wp-json\/wp\/v2\/comments?post=99864"}],"version-history":[{"count":2,"href":"https:\/\/turisme.dival.es\/fr\/wp-json\/wp\/v2\/pages\/99864\/revisions"}],"predecessor-version":[{"id":99866,"href":"https:\/\/turisme.dival.es\/fr\/wp-json\/wp\/v2\/pages\/99864\/revisions\/99866"}],"up":[{"embeddable":true,"href":"https:\/\/turisme.dival.es\/fr\/wp-json\/wp\/v2\/pages\/99858"}],"wp:attachment":[{"href":"https:\/\/turisme.dival.es\/fr\/wp-json\/wp\/v2\/media?parent=99864"}],"curies":[{"name":"wp","href":"https:\/\/api.w.org\/{rel}","templated":true}]}}