{"id":99754,"date":"2024-02-26T18:10:32","date_gmt":"2024-02-26T18:10:32","guid":{"rendered":"https:\/\/turisme.dival.es\/comment-se-deplacer\/en-transport-en-commun\/"},"modified":"2024-02-26T18:10:40","modified_gmt":"2024-02-26T18:10:40","slug":"en-transport-en-commun","status":"publish","type":"page","link":"https:\/\/turisme.dival.es\/fr\/comment-se-deplacer\/en-transport-en-commun\/","title":{"rendered":"En transport en commun"},"content":{"rendered":"<p>[et_pb_section fb_built=&#8221;1&#8243; _builder_version=&#8221;4.15&#8243; custom_margin=&#8221;0px||0px||false|false&#8221; custom_padding=&#8221;0px||0px||false|false&#8221; locked=&#8221;off&#8221; global_colors_info=&#8221;{}&#8221;][et_pb_row _builder_version=&#8221;4.15&#8243; background_size=&#8221;initial&#8221; background_position=&#8221;top_left&#8221; background_repeat=&#8221;repeat&#8221; width=&#8221;100%&#8221; max_width=&#8221;100%&#8221; custom_margin=&#8221;0px||0px||false|false&#8221; custom_padding=&#8221;0px||0px||false|false&#8221; global_colors_info=&#8221;{}&#8221;][et_pb_column type=&#8221;4_4&#8243; _builder_version=&#8221;4.15&#8243; _module_preset=&#8221;default&#8221; global_colors_info=&#8221;{}&#8221;][et_pb_slider show_pagination=&#8221;off&#8221; _builder_version=&#8221;4.15.1&#8243; _module_preset=&#8221;default&#8221; background_image=&#8221;https:\/\/turisme.dival.es\/wp-content\/uploads\/2021\/10\/sunset-5257936_1920.jpeg&#8221; height=&#8221;70vh&#8221; global_colors_info=&#8221;{}&#8221;][et_pb_slide heading=&#8221;En transport en commun&#8221; _builder_version=&#8221;4.15.1&#8243; _module_preset=&#8221;default&#8221; header_text_color=&#8221;#FFFFFF&#8221; background_image=&#8221;https:\/\/turisme.dival.es\/wp-content\/uploads\/2021\/10\/COMO-LLEGAR1920.jpg&#8221; background_enable_image=&#8221;on&#8221; text_orientation=&#8221;center&#8221; global_colors_info=&#8221;{}&#8221; sticky_transition=&#8221;on&#8221;][\/et_pb_slide][\/et_pb_slider][\/et_pb_column][\/et_pb_row][\/et_pb_section][et_pb_section fb_built=&#8221;1&#8243; _builder_version=&#8221;4.15&#8243; _module_preset=&#8221;default&#8221; locked=&#8221;off&#8221; global_colors_info=&#8221;{}&#8221;][et_pb_row column_structure=&#8221;1_5,3_5,1_5&#8243; _builder_version=&#8221;4.15&#8243; _module_preset=&#8221;default&#8221; locked=&#8221;off&#8221; global_colors_info=&#8221;{}&#8221;][et_pb_column type=&#8221;1_5&#8243; _builder_version=&#8221;4.15&#8243; _module_preset=&#8221;default&#8221; global_colors_info=&#8221;{}&#8221;][\/et_pb_column][et_pb_column type=&#8221;3_5&#8243; _builder_version=&#8221;4.15&#8243; _module_preset=&#8221;default&#8221; global_colors_info=&#8221;{}&#8221;][et_pb_divider color=&#8221;RGBA(0,0,0,0)&#8221; admin_label=&#8221;Divider&#8221; _builder_version=&#8221;4.15&#8243; _module_preset=&#8221;default&#8221; background_color=&#8221;#9b861b&#8221; width=&#8221;70px&#8221; module_alignment=&#8221;center&#8221; height=&#8221;6px&#8221; locked=&#8221;off&#8221; global_colors_info=&#8221;{}&#8221;][\/et_pb_divider][et_pb_text admin_label=&#8221;Titulo&#8221; _builder_version=&#8221;4.15.1&#8243; _module_preset=&#8221;default&#8221; text_font_size=&#8221;18px&#8221; header_text_align=&#8221;center&#8221; header_font_size=&#8221;37px&#8221; text_orientation=&#8221;center&#8221; global_colors_info=&#8221;{}&#8221;]<\/p>\n<h1 class=\"entry-title\">En transport en commun<\/h1>\n<p>[\/et_pb_text][\/et_pb_column][et_pb_column type=&#8221;1_5&#8243; _builder_version=&#8221;4.15&#8243; _module_preset=&#8221;default&#8221; global_colors_info=&#8221;{}&#8221;][\/et_pb_column][\/et_pb_row][et_pb_row column_structure=&#8221;1_2,1_2&#8243; _builder_version=&#8221;4.15&#8243; _module_preset=&#8221;default&#8221; global_colors_info=&#8221;{}&#8221;][et_pb_column type=&#8221;1_2&#8243; _builder_version=&#8221;4.15&#8243; _module_preset=&#8221;default&#8221; global_colors_info=&#8221;{}&#8221;][et_pb_text admin_label=&#8221;Titulo&#8221; _builder_version=&#8221;4.15.1&#8243; _module_preset=&#8221;default&#8221; text_font_size=&#8221;18px&#8221; header_text_align=&#8221;center&#8221; header_font_size=&#8221;37px&#8221; text_orientation=&#8221;center&#8221; global_colors_info=&#8221;{}&#8221;]<\/p>\n<h2 class=\"entry-title\">En m\u00e9tro<\/h2>\n<p>[\/et_pb_text][et_pb_text admin_label=&#8221;Titulo&#8221; _builder_version=&#8221;4.15.1&#8243; _module_preset=&#8221;default&#8221; text_font_size=&#8221;18px&#8221; header_text_align=&#8221;center&#8221; header_font_size=&#8221;37px&#8221; text_orientation=&#8221;center&#8221; global_colors_info=&#8221;{}&#8221;]<\/p>\n<p>Le r\u00e9seau Metrovalencia couvre la ville de Val\u00e8ncia et sa zone m\u00e9tropolitaine, desservant 36 communes gr\u00e2ce \u00e0 ses 9 lignes (6 lignes de m\u00e9tro et 3 lignes de tramway).<\/p>\n<p>Pour plus d&#8217;informations sur les horaires, les fr\u00e9quences et les itin\u00e9raires, veuillez consulter le site web suivant : <a href=\"https:\/\/www.metrovalencia.es\/\" target=\"_blank\" rel=\"noopener\">http:\/\/www.metrovalencia.es<\/a><\/p>\n<p>[\/et_pb_text][\/et_pb_column][et_pb_column type=&#8221;1_2&#8243; _builder_version=&#8221;4.15&#8243; _module_preset=&#8221;default&#8221; global_colors_info=&#8221;{}&#8221;][et_pb_text admin_label=&#8221;Titulo&#8221; _builder_version=&#8221;4.15.1&#8243; _module_preset=&#8221;default&#8221; text_font_size=&#8221;18px&#8221; header_text_align=&#8221;center&#8221; header_font_size=&#8221;37px&#8221; text_orientation=&#8221;center&#8221; global_colors_info=&#8221;{}&#8221;]<\/p>\n<h2 class=\"entry-title\">En bus<\/h2>\n<p>[\/et_pb_text][et_pb_text admin_label=&#8221;Titulo&#8221; _builder_version=&#8221;4.15.1&#8243; _module_preset=&#8221;default&#8221; text_font_size=&#8221;18px&#8221; header_text_align=&#8221;center&#8221; header_font_size=&#8221;37px&#8221; text_orientation=&#8221;center&#8221; global_colors_info=&#8221;{}&#8221;]<\/p>\n<p>Plusieurs lignes de bus relient les principales communes de Val\u00e8ncia aux villes nationales et internationales.<\/p>\n<p>Parall\u00e8lement, de nombreuses destinations touristiques telles que Sagunt, Gandia ou Cullera disposent de bus directs depuis Madrid, Barcelone ou Saragosse.<\/p>\n<p>Pour plus d&#8217;informations sur les horaires et les itin\u00e9raires, veuillez contacter la Station de bus de Val\u00e8ncia au num\u00e9ro de t\u00e9l\u00e9phone suivant : 96 346 62 66. <a href=\"http:\/\/tarjetamobilis.es\/metrobus\/\" target=\"_blank\" rel=\"noopener\">http:\/\/tarjetamobilis.es\/metrobus\/<\/a><\/p>\n<p>[\/et_pb_text][\/et_pb_column][\/et_pb_row][et_pb_row column_structure=&#8221;1_2,1_2&#8243; _builder_version=&#8221;4.15&#8243; _module_preset=&#8221;default&#8221; global_colors_info=&#8221;{}&#8221;][et_pb_column type=&#8221;1_2&#8243; _builder_version=&#8221;4.15&#8243; _module_preset=&#8221;default&#8221; global_colors_info=&#8221;{}&#8221;][et_pb_text admin_label=&#8221;Titulo&#8221; _builder_version=&#8221;4.15.1&#8243; _module_preset=&#8221;default&#8221; text_font_size=&#8221;18px&#8221; header_text_align=&#8221;center&#8221; header_font_size=&#8221;37px&#8221; text_orientation=&#8221;center&#8221; global_colors_info=&#8221;{}&#8221;]<\/p>\n<h2 class=\"entry-title\">En train<\/h2>\n<p class=\"p1\">Val\u00e8ncia est reli\u00e9e aux principales villes espagnoles par un r\u00e9seau ferroviaire tr\u00e8s complet. Plusieurs trains par jour permettent de relier Val\u00e8ncia \u00e0 Madrid, Barcelone, Alicante et S\u00e9ville.<\/p>\n<p class=\"p2\">Le train \u00e0 grande vitesse a raccourci le trajet vers Madrid \u00e0 1 heure et 30 minutes et la liaison avec S\u00e9ville se r\u00e9alise en moins de 4 heures.<\/p>\n<p class=\"p3\">Pour plus d&#8217;informations, vous pouvez consulter les horaires et les trajets sur le site <a href=\"http:\/\/www.renfe.com\/\" target=\"_blank\" rel=\"noopener\"><span class=\"s1\">http:\/\/www.renfe.com\/<\/span><\/a><\/p>\n<p class=\"p5\">Par ailleurs, les trains de banlieue permettent de relier les principales villes de la province de Val\u00e8ncia et du sud de Castell\u00f3n. <span class=\"s2\">Pour plus d&#8217;informations, vous pouvez consulter les horaires sur<\/span> <a href=\"https:\/\/www.renfe.com\/es\/es\/cercanias\/cercanias-valencia\" target=\"_blank\" rel=\"noopener\">https:\/\/www.renfe.com\/es\/es\/cercanias\/cercanias-valencia<\/a><\/p>\n<p>&nbsp;<\/p>\n<p>[\/et_pb_text][\/et_pb_column][et_pb_column type=&#8221;1_2&#8243; _builder_version=&#8221;4.15&#8243; _module_preset=&#8221;default&#8221; global_colors_info=&#8221;{}&#8221;][et_pb_text admin_label=&#8221;Titulo&#8221; _builder_version=&#8221;4.15.1&#8243; _module_preset=&#8221;default&#8221; text_font_size=&#8221;18px&#8221; header_text_align=&#8221;center&#8221; header_font_size=&#8221;37px&#8221; text_orientation=&#8221;center&#8221; global_colors_info=&#8221;{}&#8221;]<\/p>\n<h2 class=\"entry-title\">En bateau<\/h2>\n<p class=\"p1\">Des <i>ferries<\/i> relient les \u00eeles Bal\u00e9ares (Majorque, Ibiza, Minorque) \u00e0 Val\u00e8ncia.<\/p>\n<p class=\"p2\"><span class=\"s1\">Vous pouvez consulter les horaires sur le lien suivant : <\/span><a href=\"https:\/\/www.valenciaport.com\/puertos\/valencia\/el-puerto\/\" target=\"_blank\" rel=\"noopener\"><span class=\"s2\">http:\/\/www.Val\u00e8nciaport.com\/es\/PASAJEROS\/ferries\/Paginas\/Horarios.aspx<\/span><\/a><\/p>\n<p class=\"p3\">Le nombre de bateaux de croisi\u00e8re accostant au port de Val\u00e8ncia a \u00e9galement augment\u00e9 ces derni\u00e8res ann\u00e9es.<\/p>\n<p class=\"p1\">Si vous souhaitez louer un poste d&#8217;amarrage ou obtenir de plus amples informations sur les services portuaires, consultez ce lien :\u00a0 <a href=\"https:\/\/www.valenciaport.com\/\" target=\"_blank\" rel=\"noopener\">https:\/\/www.valenciaport.com\/<\/a><\/p>\n<p>[\/et_pb_text][\/et_pb_column][\/et_pb_row][\/et_pb_section]<\/p>\n","protected":false},"excerpt":{"rendered":"<p>En transport en communEn m\u00e9troLe r\u00e9seau Metrovalencia couvre la ville de Val\u00e8ncia et sa zone m\u00e9tropolitaine, desservant 36 communes gr\u00e2ce \u00e0 ses 9 lignes (6 lignes de m\u00e9tro et 3 lignes de tramway). Pour plus d&#8217;informations sur les horaires, les fr\u00e9quences et les itin\u00e9raires, veuillez consulter le site web suivant : http:\/\/www.metrovalencia.esEn busPlusieurs lignes de [&hellip;]<\/p>\n","protected":false},"author":1,"featured_media":0,"parent":99750,"menu_order":0,"comment_status":"closed","ping_status":"closed","template":"","meta":{"_acf_changed":false,"_et_pb_use_builder":"on","_et_pb_old_content":"","_et_gb_content_width":"","footnotes":""},"class_list":["post-99754","page","type-page","status-publish","hentry"],"acf":[],"yoast_head":"<!-- This site is optimized with the Yoast SEO plugin v23.0 - https:\/\/yoast.com\/wordpress\/plugins\/seo\/ -->\n<title>En transport en commun &#060; Valencia Turismo<\/title>\n<meta name=\"robots\" content=\"index, follow, max-snippet:-1, max-image-preview:large, max-video-preview:-1\" \/>\n<link rel=\"canonical\" href=\"https:\/\/turisme.dival.es\/como-llegar\/en-transporte-publico\/\" \/>\n<meta property=\"og:locale\" content=\"fr_FR\" \/>\n<meta property=\"og:type\" content=\"article\" \/>\n<meta property=\"og:title\" content=\"En transport en commun &#060; Valencia Turismo\" \/>\n<meta property=\"og:description\" content=\"En transport en communEn m\u00e9troLe r\u00e9seau Metrovalencia couvre la ville de Val\u00e8ncia et sa zone m\u00e9tropolitaine, desservant 36 communes gr\u00e2ce \u00e0 ses 9 lignes (6 lignes de m\u00e9tro et 3 lignes de tramway). Pour plus d&#039;informations sur les horaires, les fr\u00e9quences et les itin\u00e9raires, veuillez consulter le site web suivant : http:\/\/www.metrovalencia.esEn busPlusieurs lignes de [&hellip;]\" \/>\n<meta property=\"og:url\" content=\"https:\/\/turisme.dival.es\/como-llegar\/en-transporte-publico\/\" \/>\n<meta property=\"og:site_name\" content=\"Valencia Turismo\" \/>\n<meta property=\"article:modified_time\" content=\"2024-02-26T18:10:40+00:00\" \/>\n<meta name=\"twitter:card\" content=\"summary_large_image\" \/>\n<meta name=\"twitter:label1\" content=\"Est. reading time\" \/>\n\t<meta name=\"twitter:data1\" content=\"5 minutes\" \/>\n<script type=\"application\/ld+json\" class=\"yoast-schema-graph\">{\"@context\":\"https:\/\/schema.org\",\"@graph\":[{\"@type\":\"WebPage\",\"@id\":\"https:\/\/turisme.dival.es\/como-llegar\/en-transporte-publico\/\",\"url\":\"https:\/\/turisme.dival.es\/como-llegar\/en-transporte-publico\/\",\"name\":\"En transport en commun &#060; Valencia Turismo\",\"isPartOf\":{\"@id\":\"https:\/\/turisme.dival.es\/#website\"},\"datePublished\":\"2024-02-26T18:10:32+00:00\",\"dateModified\":\"2024-02-26T18:10:40+00:00\",\"breadcrumb\":{\"@id\":\"https:\/\/turisme.dival.es\/como-llegar\/en-transporte-publico\/#breadcrumb\"},\"inLanguage\":\"FR\",\"potentialAction\":[{\"@type\":\"ReadAction\",\"target\":[\"https:\/\/turisme.dival.es\/como-llegar\/en-transporte-publico\/\"]}]},{\"@type\":\"BreadcrumbList\",\"@id\":\"https:\/\/turisme.dival.es\/como-llegar\/en-transporte-publico\/#breadcrumb\",\"itemListElement\":[{\"@type\":\"ListItem\",\"position\":1,\"name\":\"Comment se d\u00e9placer\",\"item\":\"https:\/\/turisme.dival.es\/como-llegar\/\"},{\"@type\":\"ListItem\",\"position\":2,\"name\":\"En transport en commun\"}]},{\"@type\":\"WebSite\",\"@id\":\"https:\/\/turisme.dival.es\/#website\",\"url\":\"https:\/\/turisme.dival.es\/\",\"name\":\"valenciaturismo.com.mialias.net\",\"description\":\"\",\"potentialAction\":[{\"@type\":\"SearchAction\",\"target\":{\"@type\":\"EntryPoint\",\"urlTemplate\":\"https:\/\/turisme.dival.es\/?s={search_term_string}\"},\"query-input\":\"required name=search_term_string\"}],\"inLanguage\":\"FR\"}]}<\/script>\n<!-- \/ Yoast SEO plugin. -->","yoast_head_json":{"title":"En transport en commun &#060; Valencia Turismo","robots":{"index":"index","follow":"follow","max-snippet":"max-snippet:-1","max-image-preview":"max-image-preview:large","max-video-preview":"max-video-preview:-1"},"canonical":"https:\/\/turisme.dival.es\/como-llegar\/en-transporte-publico\/","og_locale":"fr_FR","og_type":"article","og_title":"En transport en commun &#060; Valencia Turismo","og_description":"En transport en communEn m\u00e9troLe r\u00e9seau Metrovalencia couvre la ville de Val\u00e8ncia et sa zone m\u00e9tropolitaine, desservant 36 communes gr\u00e2ce \u00e0 ses 9 lignes (6 lignes de m\u00e9tro et 3 lignes de tramway). Pour plus d'informations sur les horaires, les fr\u00e9quences et les itin\u00e9raires, veuillez consulter le site web suivant : http:\/\/www.metrovalencia.esEn busPlusieurs lignes de [&hellip;]","og_url":"https:\/\/turisme.dival.es\/como-llegar\/en-transporte-publico\/","og_site_name":"Valencia Turismo","article_modified_time":"2024-02-26T18:10:40+00:00","twitter_card":"summary_large_image","twitter_misc":{"Est. reading time":"5 minutes"},"schema":{"@context":"https:\/\/schema.org","@graph":[{"@type":"WebPage","@id":"https:\/\/turisme.dival.es\/como-llegar\/en-transporte-publico\/","url":"https:\/\/turisme.dival.es\/como-llegar\/en-transporte-publico\/","name":"En transport en commun &#060; Valencia Turismo","isPartOf":{"@id":"https:\/\/turisme.dival.es\/#website"},"datePublished":"2024-02-26T18:10:32+00:00","dateModified":"2024-02-26T18:10:40+00:00","breadcrumb":{"@id":"https:\/\/turisme.dival.es\/como-llegar\/en-transporte-publico\/#breadcrumb"},"inLanguage":"FR","potentialAction":[{"@type":"ReadAction","target":["https:\/\/turisme.dival.es\/como-llegar\/en-transporte-publico\/"]}]},{"@type":"BreadcrumbList","@id":"https:\/\/turisme.dival.es\/como-llegar\/en-transporte-publico\/#breadcrumb","itemListElement":[{"@type":"ListItem","position":1,"name":"Comment se d\u00e9placer","item":"https:\/\/turisme.dival.es\/como-llegar\/"},{"@type":"ListItem","position":2,"name":"En transport en commun"}]},{"@type":"WebSite","@id":"https:\/\/turisme.dival.es\/#website","url":"https:\/\/turisme.dival.es\/","name":"valenciaturismo.com.mialias.net","description":"","potentialAction":[{"@type":"SearchAction","target":{"@type":"EntryPoint","urlTemplate":"https:\/\/turisme.dival.es\/?s={search_term_string}"},"query-input":"required name=search_term_string"}],"inLanguage":"FR"}]}},"_links":{"self":[{"href":"https:\/\/turisme.dival.es\/fr\/wp-json\/wp\/v2\/pages\/99754","targetHints":{"allow":["GET"]}}],"collection":[{"href":"https:\/\/turisme.dival.es\/fr\/wp-json\/wp\/v2\/pages"}],"about":[{"href":"https:\/\/turisme.dival.es\/fr\/wp-json\/wp\/v2\/types\/page"}],"author":[{"embeddable":true,"href":"https:\/\/turisme.dival.es\/fr\/wp-json\/wp\/v2\/users\/1"}],"replies":[{"embeddable":true,"href":"https:\/\/turisme.dival.es\/fr\/wp-json\/wp\/v2\/comments?post=99754"}],"version-history":[{"count":2,"href":"https:\/\/turisme.dival.es\/fr\/wp-json\/wp\/v2\/pages\/99754\/revisions"}],"predecessor-version":[{"id":99756,"href":"https:\/\/turisme.dival.es\/fr\/wp-json\/wp\/v2\/pages\/99754\/revisions\/99756"}],"up":[{"embeddable":true,"href":"https:\/\/turisme.dival.es\/fr\/wp-json\/wp\/v2\/pages\/99750"}],"wp:attachment":[{"href":"https:\/\/turisme.dival.es\/fr\/wp-json\/wp\/v2\/media?parent=99754"}],"curies":[{"name":"wp","href":"https:\/\/api.w.org\/{rel}","templated":true}]}}