{"id":99750,"date":"2024-02-26T17:38:24","date_gmt":"2024-02-26T17:38:24","guid":{"rendered":"https:\/\/turisme.dival.es\/comment-se-deplacer\/"},"modified":"2024-02-26T17:38:32","modified_gmt":"2024-02-26T17:38:32","slug":"comment-se-deplacer","status":"publish","type":"page","link":"https:\/\/turisme.dival.es\/fr\/comment-se-deplacer\/","title":{"rendered":"Comment se d\u00e9placer"},"content":{"rendered":"<p>[et_pb_section fb_built=&#8221;1&#8243; _builder_version=&#8221;4.15&#8243; custom_margin=&#8221;0px||0px||false|false&#8221; custom_padding=&#8221;0px||0px||false|false&#8221; locked=&#8221;off&#8221; global_colors_info=&#8221;{}&#8221;][et_pb_row _builder_version=&#8221;4.15&#8243; background_size=&#8221;initial&#8221; background_position=&#8221;top_left&#8221; background_repeat=&#8221;repeat&#8221; width=&#8221;100%&#8221; max_width=&#8221;100%&#8221; custom_margin=&#8221;0px||0px||false|false&#8221; custom_padding=&#8221;0px||0px||false|false&#8221; global_colors_info=&#8221;{}&#8221;][et_pb_column type=&#8221;4_4&#8243; _builder_version=&#8221;4.15&#8243; _module_preset=&#8221;default&#8221; global_colors_info=&#8221;{}&#8221;][et_pb_slider show_pagination=&#8221;off&#8221; _builder_version=&#8221;4.15.1&#8243; _module_preset=&#8221;default&#8221; min_height=&#8221;300px&#8221; global_colors_info=&#8221;{}&#8221;][et_pb_slide heading=&#8221;Comment se d\u00e9placer&#8221; _builder_version=&#8221;4.15.1&#8243; _module_preset=&#8221;default&#8221; body_font=&#8221;|||on|||||&#8221; background_image=&#8221;https:\/\/turisme.dival.es\/wp-content\/uploads\/2021\/10\/COMO-LLEGAR1920.jpg&#8221; background_enable_image=&#8221;on&#8221; global_colors_info=&#8221;{}&#8221; sticky_transition=&#8221;on&#8221;]<\/p>\n<p>Comment se rendre \u00e0 Valence est facile, choisissez le meilleur moyen de transport.<\/p>\n<p>[\/et_pb_slide][\/et_pb_slider][\/et_pb_column][\/et_pb_row][\/et_pb_section][et_pb_section fb_built=&#8221;1&#8243; admin_label=&#8221;intro page&#8221; _builder_version=&#8221;4.15&#8243; _module_preset=&#8221;default&#8221; custom_margin=&#8221;||0px||false|false&#8221; custom_padding=&#8221;20px||0px||false|false&#8221; locked=&#8221;off&#8221; global_colors_info=&#8221;{}&#8221;][et_pb_row column_structure=&#8221;1_5,3_5,1_5&#8243; _builder_version=&#8221;4.15&#8243; _module_preset=&#8221;default&#8221; global_colors_info=&#8221;{}&#8221;][et_pb_column type=&#8221;1_5&#8243; _builder_version=&#8221;4.15&#8243; _module_preset=&#8221;default&#8221; global_colors_info=&#8221;{}&#8221;][\/et_pb_column][et_pb_column type=&#8221;3_5&#8243; _builder_version=&#8221;4.15&#8243; _module_preset=&#8221;default&#8221; global_colors_info=&#8221;{}&#8221;][et_pb_divider color=&#8221;RGBA(0,0,0,0)&#8221; admin_label=&#8221;Divider&#8221; _builder_version=&#8221;4.15&#8243; _module_preset=&#8221;default&#8221; background_color=&#8221;#9b861b&#8221; width=&#8221;70px&#8221; module_alignment=&#8221;center&#8221; height=&#8221;6px&#8221; locked=&#8221;off&#8221; global_colors_info=&#8221;{}&#8221;][\/et_pb_divider][et_pb_text admin_label=&#8221;Titulo&#8221; _builder_version=&#8221;4.15.1&#8243; _module_preset=&#8221;default&#8221; text_font_size=&#8221;18px&#8221; header_text_align=&#8221;center&#8221; header_font_size=&#8221;37px&#8221; text_orientation=&#8221;center&#8221; global_colors_info=&#8221;{}&#8221;]<\/p>\n<h1>Comment arriver<\/h1>\n<p>[\/et_pb_text][et_pb_text _builder_version=&#8221;4.15.1&#8243; _module_preset=&#8221;default&#8221; text_font_size=&#8221;18px&#8221; header_text_align=&#8221;center&#8221; header_font_size=&#8221;37px&#8221; text_orientation=&#8221;center&#8221; global_colors_info=&#8221;{}&#8221;]<\/p>\n<p class=\"p1\">En tant que troisi\u00e8me plus grande ville d&#8217;Espagne, Val\u00e8ncia est dot\u00e9e de bonnes infrastructures et de transports qui permettent d&#8217;acc\u00e9der \u00e0 la capitale et \u00e0 ses principales communes.<\/p>\n<p class=\"p1\">En outre, la province dispose d&#8217;un r\u00e9seau de transports r\u00e9gionaux (train et bus) qui relie de mani\u00e8re pratique et simple la plupart des localit\u00e9s.<\/p>\n<p class=\"p1\"><a href=\"https:\/\/www.google.es\/maps\/@39.4755174,-0.3654215,15z\" target=\"_blank\" rel=\"noopener\">https:\/\/www.google.es\/maps\/@39.4755174,-0.3654215,15z<\/a><\/p>\n<p>[\/et_pb_text][\/et_pb_column][et_pb_column type=&#8221;1_5&#8243; _builder_version=&#8221;4.15&#8243; _module_preset=&#8221;default&#8221; global_colors_info=&#8221;{}&#8221;][\/et_pb_column][\/et_pb_row][\/et_pb_section][et_pb_section fb_built=&#8221;1&#8243; _builder_version=&#8221;4.15&#8243; _module_preset=&#8221;default&#8221; locked=&#8221;off&#8221; global_colors_info=&#8221;{}&#8221;][et_pb_row column_structure=&#8221;1_3,1_3,1_3&#8243; use_custom_gutter=&#8221;on&#8221; gutter_width=&#8221;2&#8243; make_equal=&#8221;on&#8221; _builder_version=&#8221;4.15&#8243; _module_preset=&#8221;default&#8221; custom_padding=&#8221;||0px||false|false&#8221; locked=&#8221;off&#8221; global_colors_info=&#8221;{}&#8221;][et_pb_column type=&#8221;1_3&#8243; _builder_version=&#8221;4.15&#8243; _module_preset=&#8221;default&#8221; global_colors_info=&#8221;{}&#8221;][et_pb_text admin_label=&#8221;Por carretera&#8221; module_class=&#8221;section_planifica&#8221; _builder_version=&#8221;4.15.1&#8243; _module_preset=&#8221;default&#8221; header_3_text_align=&#8221;center&#8221; header_3_text_color=&#8221;#FFFFFF&#8221; header_3_font_size=&#8221;32px&#8221; background_image=&#8221;https:\/\/turisme.dival.es\/wp-content\/uploads\/2021\/10\/sky-3087767_1920.jpeg&#8221; link_option_url=&#8221;https:\/\/turisme.dival.es\/it\/come-muoversi\/in-macchina\/&#8221; link_option_url_new_window=&#8221;on&#8221; global_colors_info=&#8221;{}&#8221; background__hover_enabled=&#8221;on|hover&#8221; background_color__hover=&#8221;rgba(0,0,0,0.3)&#8221; background_enable_color__hover=&#8221;on&#8221;]<\/p>\n<h3>En voiture:<\/h3>\n<p>[\/et_pb_text][\/et_pb_column][et_pb_column type=&#8221;1_3&#8243; _builder_version=&#8221;4.15&#8243; _module_preset=&#8221;default&#8221; global_colors_info=&#8221;{}&#8221;][et_pb_text admin_label=&#8221;Por tren&#8221; module_class=&#8221;section_planifica&#8221; _builder_version=&#8221;4.15.1&#8243; _module_preset=&#8221;default&#8221; header_3_text_align=&#8221;center&#8221; header_3_text_color=&#8221;#FFFFFF&#8221; header_3_font_size=&#8221;32px&#8221; background_image=&#8221;https:\/\/turisme.dival.es\/wp-content\/uploads\/2021\/10\/estaciondelnortevalencia.jpeg&#8221; link_option_url=&#8221;https:\/\/turisme.dival.es\/it\/come-muoversi\/con-i-mezzi-pubblici\/&#8221; link_option_url_new_window=&#8221;on&#8221; hover_enabled=&#8221;0&#8243; global_colors_info=&#8221;{}&#8221; background__hover_enabled=&#8221;on|hover&#8221; background_color__hover=&#8221;rgba(0,0,0,0.2)&#8221; background_enable_color__hover=&#8221;on&#8221; sticky_enabled=&#8221;0&#8243;]<\/p>\n<h3><a href=\"https:\/\/turisme.dival.es\/it\/come-muoversi\/con-i-mezzi-pubblici\/\" target=\"_blank\" rel=\"noopener\">En<\/a>transports en commun<\/h3>\n<p>[\/et_pb_text][\/et_pb_column][et_pb_column type=&#8221;1_3&#8243; _builder_version=&#8221;4.15&#8243; _module_preset=&#8221;default&#8221; global_colors_info=&#8221;{}&#8221;][et_pb_text admin_label=&#8221;Por avi\u00f3n&#8221; module_class=&#8221;section_planifica&#8221; _builder_version=&#8221;4.15.1&#8243; _module_preset=&#8221;default&#8221; header_3_text_align=&#8221;center&#8221; header_3_text_color=&#8221;#FFFFFF&#8221; header_3_font_size=&#8221;32px&#8221; background_image=&#8221;https:\/\/turisme.dival.es\/wp-content\/uploads\/2021\/10\/aeropuerto-manises-valencia.jpeg&#8221; link_option_url=&#8221;https:\/\/turisme.dival.es\/it\/in-aereo\/&#8221; global_colors_info=&#8221;{}&#8221; background__hover_enabled=&#8221;on|hover&#8221; background_color__hover=&#8221;rgba(0,0,0,0.2)&#8221; background_enable_color__hover=&#8221;on&#8221;]<\/p>\n<h3>En avion<\/h3>\n<p>[\/et_pb_text][\/et_pb_column][\/et_pb_row][\/et_pb_section]<\/p>\n","protected":false},"excerpt":{"rendered":"<p>Comment se rendre \u00e0 Valence est facile, choisissez le meilleur moyen de transport.Comment arriverEn tant que troisi\u00e8me plus grande ville d&#8217;Espagne, Val\u00e8ncia est dot\u00e9e de bonnes infrastructures et de transports qui permettent d&#8217;acc\u00e9der \u00e0 la capitale et \u00e0 ses principales communes. En outre, la province dispose d&#8217;un r\u00e9seau de transports r\u00e9gionaux (train et bus) qui [&hellip;]<\/p>\n","protected":false},"author":1,"featured_media":0,"parent":0,"menu_order":0,"comment_status":"closed","ping_status":"closed","template":"","meta":{"_acf_changed":false,"_et_pb_use_builder":"on","_et_pb_old_content":"","_et_gb_content_width":"","footnotes":""},"class_list":["post-99750","page","type-page","status-publish","hentry"],"acf":[],"yoast_head":"<!-- This site is optimized with the Yoast SEO plugin v23.0 - https:\/\/yoast.com\/wordpress\/plugins\/seo\/ -->\n<title>Comment se d\u00e9placer &#060; Valencia Turismo<\/title>\n<meta name=\"robots\" content=\"index, follow, max-snippet:-1, max-image-preview:large, max-video-preview:-1\" \/>\n<link rel=\"canonical\" href=\"https:\/\/turisme.dival.es\/como-llegar\/\" \/>\n<meta property=\"og:locale\" content=\"fr_FR\" \/>\n<meta property=\"og:type\" content=\"article\" \/>\n<meta property=\"og:title\" content=\"Comment se d\u00e9placer &#060; Valencia Turismo\" \/>\n<meta property=\"og:description\" content=\"Comment se rendre \u00e0 Valence est facile, choisissez le meilleur moyen de transport.Comment arriverEn tant que troisi\u00e8me plus grande ville d&#039;Espagne, Val\u00e8ncia est dot\u00e9e de bonnes infrastructures et de transports qui permettent d&#039;acc\u00e9der \u00e0 la capitale et \u00e0 ses principales communes. En outre, la province dispose d&#039;un r\u00e9seau de transports r\u00e9gionaux (train et bus) qui [&hellip;]\" \/>\n<meta property=\"og:url\" content=\"https:\/\/turisme.dival.es\/como-llegar\/\" \/>\n<meta property=\"og:site_name\" content=\"Valencia Turismo\" \/>\n<meta property=\"article:modified_time\" content=\"2024-02-26T17:38:32+00:00\" \/>\n<meta name=\"twitter:card\" content=\"summary_large_image\" \/>\n<meta name=\"twitter:label1\" content=\"Est. reading time\" \/>\n\t<meta name=\"twitter:data1\" content=\"4 minutes\" \/>\n<script type=\"application\/ld+json\" class=\"yoast-schema-graph\">{\"@context\":\"https:\/\/schema.org\",\"@graph\":[{\"@type\":\"WebPage\",\"@id\":\"https:\/\/turisme.dival.es\/como-llegar\/\",\"url\":\"https:\/\/turisme.dival.es\/como-llegar\/\",\"name\":\"Comment se d\u00e9placer &#060; Valencia Turismo\",\"isPartOf\":{\"@id\":\"https:\/\/turisme.dival.es\/#website\"},\"datePublished\":\"2024-02-26T17:38:24+00:00\",\"dateModified\":\"2024-02-26T17:38:32+00:00\",\"inLanguage\":\"FR\",\"potentialAction\":[{\"@type\":\"ReadAction\",\"target\":[\"https:\/\/turisme.dival.es\/como-llegar\/\"]}]},{\"@type\":\"WebSite\",\"@id\":\"https:\/\/turisme.dival.es\/#website\",\"url\":\"https:\/\/turisme.dival.es\/\",\"name\":\"valenciaturismo.com.mialias.net\",\"description\":\"\",\"potentialAction\":[{\"@type\":\"SearchAction\",\"target\":{\"@type\":\"EntryPoint\",\"urlTemplate\":\"https:\/\/turisme.dival.es\/?s={search_term_string}\"},\"query-input\":\"required name=search_term_string\"}],\"inLanguage\":\"FR\"}]}<\/script>\n<!-- \/ Yoast SEO plugin. -->","yoast_head_json":{"title":"Comment se d\u00e9placer &#060; Valencia Turismo","robots":{"index":"index","follow":"follow","max-snippet":"max-snippet:-1","max-image-preview":"max-image-preview:large","max-video-preview":"max-video-preview:-1"},"canonical":"https:\/\/turisme.dival.es\/como-llegar\/","og_locale":"fr_FR","og_type":"article","og_title":"Comment se d\u00e9placer &#060; Valencia Turismo","og_description":"Comment se rendre \u00e0 Valence est facile, choisissez le meilleur moyen de transport.Comment arriverEn tant que troisi\u00e8me plus grande ville d'Espagne, Val\u00e8ncia est dot\u00e9e de bonnes infrastructures et de transports qui permettent d'acc\u00e9der \u00e0 la capitale et \u00e0 ses principales communes. En outre, la province dispose d'un r\u00e9seau de transports r\u00e9gionaux (train et bus) qui [&hellip;]","og_url":"https:\/\/turisme.dival.es\/como-llegar\/","og_site_name":"Valencia Turismo","article_modified_time":"2024-02-26T17:38:32+00:00","twitter_card":"summary_large_image","twitter_misc":{"Est. reading time":"4 minutes"},"schema":{"@context":"https:\/\/schema.org","@graph":[{"@type":"WebPage","@id":"https:\/\/turisme.dival.es\/como-llegar\/","url":"https:\/\/turisme.dival.es\/como-llegar\/","name":"Comment se d\u00e9placer &#060; Valencia Turismo","isPartOf":{"@id":"https:\/\/turisme.dival.es\/#website"},"datePublished":"2024-02-26T17:38:24+00:00","dateModified":"2024-02-26T17:38:32+00:00","inLanguage":"FR","potentialAction":[{"@type":"ReadAction","target":["https:\/\/turisme.dival.es\/como-llegar\/"]}]},{"@type":"WebSite","@id":"https:\/\/turisme.dival.es\/#website","url":"https:\/\/turisme.dival.es\/","name":"valenciaturismo.com.mialias.net","description":"","potentialAction":[{"@type":"SearchAction","target":{"@type":"EntryPoint","urlTemplate":"https:\/\/turisme.dival.es\/?s={search_term_string}"},"query-input":"required name=search_term_string"}],"inLanguage":"FR"}]}},"_links":{"self":[{"href":"https:\/\/turisme.dival.es\/fr\/wp-json\/wp\/v2\/pages\/99750","targetHints":{"allow":["GET"]}}],"collection":[{"href":"https:\/\/turisme.dival.es\/fr\/wp-json\/wp\/v2\/pages"}],"about":[{"href":"https:\/\/turisme.dival.es\/fr\/wp-json\/wp\/v2\/types\/page"}],"author":[{"embeddable":true,"href":"https:\/\/turisme.dival.es\/fr\/wp-json\/wp\/v2\/users\/1"}],"replies":[{"embeddable":true,"href":"https:\/\/turisme.dival.es\/fr\/wp-json\/wp\/v2\/comments?post=99750"}],"version-history":[{"count":2,"href":"https:\/\/turisme.dival.es\/fr\/wp-json\/wp\/v2\/pages\/99750\/revisions"}],"predecessor-version":[{"id":99752,"href":"https:\/\/turisme.dival.es\/fr\/wp-json\/wp\/v2\/pages\/99750\/revisions\/99752"}],"wp:attachment":[{"href":"https:\/\/turisme.dival.es\/fr\/wp-json\/wp\/v2\/media?parent=99750"}],"curies":[{"name":"wp","href":"https:\/\/api.w.org\/{rel}","templated":true}]}}