{"id":76551,"date":"2021-08-11T11:56:58","date_gmt":"2021-08-11T11:56:58","guid":{"rendered":"https:\/\/turisme.dival.es\/plan-your-trip\/las-mejores-playas-de-valencia\/"},"modified":"2022-03-10T13:03:01","modified_gmt":"2022-03-10T13:03:01","slug":"beaches","status":"publish","type":"page","link":"https:\/\/turisme.dival.es\/en\/plan-your-trip\/beaches\/","title":{"rendered":"Beaches"},"content":{"rendered":"<p>[et_pb_section fb_built=&#8221;1&#8243; _builder_version=&#8221;4.9.7&#8243; custom_margin=&#8221;0px||0px||false|false&#8221; custom_padding=&#8221;0px||0px||false|false&#8221; global_colors_info=&#8221;{}&#8221;][et_pb_row _builder_version=&#8221;4.9.7&#8243; background_size=&#8221;initial&#8221; background_position=&#8221;top_left&#8221; background_repeat=&#8221;repeat&#8221; width=&#8221;100%&#8221; max_width=&#8221;100%&#8221; custom_margin=&#8221;0px||0px||false|false&#8221; custom_padding=&#8221;0px||0px||false|false&#8221; global_colors_info=&#8221;{}&#8221;][et_pb_column type=&#8221;4_4&#8243; _builder_version=&#8221;3.25&#8243; custom_padding=&#8221;|||&#8221; global_colors_info=&#8221;{}&#8221; custom_padding__hover=&#8221;|||&#8221;][et_pb_slider _builder_version=&#8221;4.14.7&#8243; _module_preset=&#8221;default&#8221; min_height=&#8221;300px&#8221; global_colors_info=&#8221;{}&#8221;][et_pb_slide heading=&#8221;Beaches&#8221; _builder_version=&#8221;4.14.7&#8243; _module_preset=&#8221;default&#8221; background_image=&#8221;https:\/\/turisme.dival.es\/wp-content\/uploads\/2021\/08\/playas.jpg&#8221; background_enable_image=&#8221;on&#8221; global_colors_info=&#8221;{}&#8221; sticky_transition=&#8221;on&#8221;]<\/p>\n<p>ENJOY THE MAGICAL LIGHT OF THE MEDITERRANEAN<\/p>\n<p>[\/et_pb_slide][\/et_pb_slider][\/et_pb_column][\/et_pb_row][\/et_pb_section][et_pb_section fb_built=&#8221;1&#8243; fullwidth=&#8221;on&#8221; _builder_version=&#8221;4.9.7&#8243; _module_preset=&#8221;default&#8221; global_colors_info=&#8221;{}&#8221;][et_pb_fullwidth_code _builder_version=&#8221;4.9.10&#8243; _module_preset=&#8221;default&#8221; global_colors_info=&#8221;{}&#8221;]    <div class=\"parent-migas\" style=\"background-color:#f2ad00;\"><div class=\"container-migas-plantilla\">\n    <!-- Breadcrumb NavXT 7.3.1 -->\n<span property=\"itemListElement\" typeof=\"ListItem\"><a property=\"item\" typeof=\"WebPage\" title=\"Go to Valencia Turismo.\" href=\"https:\/\/turisme.dival.es\/en\/\" class=\"home\" aria-current=\"page\"><span property=\"name\">Valencia Turismo<\/span><\/a><meta property=\"position\" content=\"1\"><\/span>    <\/div><\/div>\n    [\/et_pb_fullwidth_code][\/et_pb_section][et_pb_section fb_built=&#8221;1&#8243; _builder_version=&#8221;4.9.10&#8243; _module_preset=&#8221;default&#8221; custom_padding=&#8221;20px||20px||true|false&#8221; global_colors_info=&#8221;{}&#8221;][et_pb_row column_structure=&#8221;1_5,3_5,1_5&#8243; _builder_version=&#8221;4.9.7&#8243; _module_preset=&#8221;default&#8221; global_colors_info=&#8221;{}&#8221;][et_pb_column type=&#8221;1_5&#8243; _builder_version=&#8221;4.9.7&#8243; _module_preset=&#8221;default&#8221; global_colors_info=&#8221;{}&#8221;][\/et_pb_column][et_pb_column type=&#8221;3_5&#8243; _builder_version=&#8221;4.9.7&#8243; _module_preset=&#8221;default&#8221; global_colors_info=&#8221;{}&#8221;][et_pb_divider color=&#8221;RGBA(0,0,0,0)&#8221; admin_label=&#8221;Divider&#8221; _builder_version=&#8221;4.9.7&#8243; _module_preset=&#8221;default&#8221; background_color=&#8221;#E09900&#8243; width=&#8221;70px&#8221; module_alignment=&#8221;center&#8221; height=&#8221;6px&#8221; locked=&#8221;off&#8221; global_colors_info=&#8221;{}&#8221;][\/et_pb_divider][et_pb_text admin_label=&#8221;Titulo&#8221; _builder_version=&#8221;4.14.7&#8243; _module_preset=&#8221;default&#8221; text_font_size=&#8221;18px&#8221; header_text_align=&#8221;center&#8221; header_font_size=&#8221;37px&#8221; text_orientation=&#8221;center&#8221; global_colors_info=&#8221;{}&#8221;]<\/p>\n<h1>Beaches<\/h1>\n<p>[\/et_pb_text][et_pb_text _builder_version=&#8221;4.14.7&#8243; _module_preset=&#8221;default&#8221; text_font_size=&#8221;18px&#8221; header_text_align=&#8221;center&#8221; header_font_size=&#8221;37px&#8221; text_orientation=&#8221;center&#8221; global_colors_info=&#8221;{}&#8221;]<\/p>\n<p>The characteristics of the Mediterranean basin together with the bright and special light of the area, with a large number of hours of sunshine and an intense blue sky, allow you to enjoy wonderful beaches in the province of Valencia, equipped with the most modern services and with a splendid quality.<\/p>\n<p>[\/et_pb_text][\/et_pb_column][et_pb_column type=&#8221;1_5&#8243; _builder_version=&#8221;4.9.7&#8243; _module_preset=&#8221;default&#8221; global_colors_info=&#8221;{}&#8221;][\/et_pb_column][\/et_pb_row][\/et_pb_section][et_pb_section fb_built=&#8221;1&#8243; _builder_version=&#8221;4.9.10&#8243; _module_preset=&#8221;default&#8221; custom_padding=&#8221;0px||||false|false&#8221; global_colors_info=&#8221;{}&#8221;][et_pb_row _builder_version=&#8221;4.9.10&#8243; _module_preset=&#8221;default&#8221; global_colors_info=&#8221;{}&#8221;][et_pb_column type=&#8221;4_4&#8243; _builder_version=&#8221;4.9.10&#8243; _module_preset=&#8221;default&#8221; global_colors_info=&#8221;{}&#8221;][et_pb_code _builder_version=&#8221;4.9.11&#8243; _module_preset=&#8221;default&#8221; global_colors_info=&#8221;{}&#8221;]<div id=\"container_post_types_two\" class=\"three_col\"><div class=\"post_type_two\" style=\"background-image:url(https:\/\/turisme.dival.es\/wp-content\/uploads\/2021\/09\/Raco\u0301-de-Mar.jpg);\"><a href=\"https:\/\/turisme.dival.es\/en\/playa\/playa-de-el-raco-del-mar\/\"><div class=\"post_type_two_text\"><div class=\"post_type_tipo_two\">BEACH<span class=\"post_type_line\"><\/span><\/div><div class=\"post_type_title_two\">&#8220;El Rac\u00f3&#8221; Beach<\/div><div class=\"post_type_link_two\">+ More information<\/div><\/a><\/div><\/div><div class=\"post_type_two\" style=\"background-image:url(https:\/\/turisme.dival.es\/wp-content\/uploads\/2022\/05\/Aigua-Blanca-1web.jpg);\"><a href=\"https:\/\/turisme.dival.es\/en\/playa\/playa-aigua-blanca\/\"><div class=\"post_type_two_text\"><div class=\"post_type_tipo_two\">BEACH<span class=\"post_type_line\"><\/span><\/div><div class=\"post_type_title_two\">Aigua Blanca Beach<\/div><div class=\"post_type_link_two\">+ More information<\/div><\/a><\/div><\/div><div class=\"post_type_two\" style=\"background-image:url();\"><a href=\"https:\/\/turisme.dival.es\/en\/playa\/playa-aigua-morta\/\"><div class=\"post_type_two_text\"><div class=\"post_type_tipo_two\">BEACH<span class=\"post_type_line\"><\/span><\/div><div class=\"post_type_title_two\">Aigua Morta Beach<\/div><div class=\"post_type_link_two\">+ More information<\/div><\/a><\/div><\/div><div class=\"post_type_two\" style=\"background-image:url(https:\/\/turisme.dival.es\/wp-content\/uploads\/2021\/09\/Almarda.jpg);\"><a href=\"https:\/\/turisme.dival.es\/en\/playa\/playa-de-almarda\/\"><div class=\"post_type_two_text\"><div class=\"post_type_tipo_two\">BEACH<span class=\"post_type_line\"><\/span><\/div><div class=\"post_type_title_two\">Almard\u00e1 Beach<\/div><div class=\"post_type_link_two\">+ More information<\/div><\/a><\/div><\/div><div class=\"post_type_two\" style=\"background-image:url(https:\/\/turisme.dival.es\/wp-content\/uploads\/2021\/09\/Pescadors-3-scaled.jpg);\"><a href=\"https:\/\/turisme.dival.es\/en\/playa\/playa-del-barrio-de-pescadores\/\"><div class=\"post_type_two_text\"><div class=\"post_type_tipo_two\">BEACH<span class=\"post_type_line\"><\/span><\/div><div class=\"post_type_title_two\">Barrio de Pescadores Beach<\/div><div class=\"post_type_link_two\">+ More information<\/div><\/a><\/div><\/div><div class=\"post_type_two\" style=\"background-image:url(https:\/\/turisme.dival.es\/wp-content\/uploads\/2021\/09\/IMG_2997-scaled.jpg);\"><a href=\"https:\/\/turisme.dival.es\/en\/playa\/playa-de-bega-de-mar\/\"><div class=\"post_type_two_text\"><div class=\"post_type_tipo_two\">BEACH<span class=\"post_type_line\"><\/span><\/div><div class=\"post_type_title_two\">Bega de Mar Beach<\/div><div class=\"post_type_link_two\">+ More information<\/div><\/a><\/div><\/div><div class=\"post_type_two\" style=\"background-image:url(https:\/\/turisme.dival.es\/wp-content\/uploads\/2021\/09\/Bellreguard_0018-2.jpg);\"><a href=\"https:\/\/turisme.dival.es\/en\/playa\/bellreguard\/\"><div class=\"post_type_two_text\"><div class=\"post_type_tipo_two\">BEACH<span class=\"post_type_line\"><\/span><\/div><div class=\"post_type_title_two\">Bellreguard Beach<\/div><div class=\"post_type_link_two\">+ More information<\/div><\/a><\/div><\/div><div class=\"post_type_two\" style=\"background-image:url();\"><a href=\"https:\/\/turisme.dival.es\/en\/playa\/playa-del-cabanyal\/\"><div class=\"post_type_two_text\"><div class=\"post_type_tipo_two\">BEACH<span class=\"post_type_line\"><\/span><\/div><div class=\"post_type_title_two\">Cabanyal Beach<\/div><div class=\"post_type_link_two\">+ More information<\/div><\/a><\/div><\/div><div class=\"post_type_two\" style=\"background-image:url();\"><a href=\"https:\/\/turisme.dival.es\/en\/playa\/playa-de-cap-blanc\/\"><div class=\"post_type_two_text\"><div class=\"post_type_tipo_two\">BEACH<span class=\"post_type_line\"><\/span><\/div><div class=\"post_type_title_two\">Cap Blanc Beach<\/div><div class=\"post_type_link_two\">+ More information<\/div><\/a><\/div><\/div><div class=\"post_type_two\" style=\"background-image:url(https:\/\/turisme.dival.es\/wp-content\/uploads\/2021\/09\/Corinto.jpg);\"><a href=\"https:\/\/turisme.dival.es\/en\/playa\/playas-de-corinto\/\"><div class=\"post_type_two_text\"><div class=\"post_type_tipo_two\">BEACH<span class=\"post_type_line\"><\/span><\/div><div class=\"post_type_title_two\">Corinto Beach<\/div><div class=\"post_type_link_two\">+ More information<\/div><\/a><\/div><\/div><div class=\"post_type_two\" style=\"background-image:url(https:\/\/turisme.dival.es\/wp-content\/uploads\/2021\/09\/DAIMUS_0018.jpg);\"><a href=\"https:\/\/turisme.dival.es\/en\/playa\/daimus\/\"><div class=\"post_type_two_text\"><div class=\"post_type_tipo_two\">BEACH<span class=\"post_type_line\"><\/span><\/div><div class=\"post_type_title_two\">Daim\u00fas Beach<\/div><div class=\"post_type_link_two\">+ More information<\/div><\/a><\/div><\/div><div class=\"post_type_two\" style=\"background-image:url(https:\/\/turisme.dival.es\/wp-content\/uploads\/2021\/09\/Brosquil_Cullera0058.jpg);\"><a href=\"https:\/\/turisme.dival.es\/en\/playa\/playa-del-brosquil\/\"><div class=\"post_type_two_text\"><div class=\"post_type_tipo_two\">BEACH<span class=\"post_type_line\"><\/span><\/div><div class=\"post_type_title_two\">Del Brosquil Beach<\/div><div class=\"post_type_link_two\">+ More information<\/div><\/a><\/div><\/div><\/div><div class=\"pagination-section\"><nav class=\"pagination\"><span aria-current=\"page\" class=\"page-numbers current\">1<\/span>\n<span class=\"page-numbers dots\">&hellip;<\/span>\n<a class=\"page-numbers\" href=\"https:\/\/turisme.dival.es\/en\/wp-json\/wp\/v2\/pages\/76551\/page\/6\/\">6<\/a>\n<a class=\"next page-numbers\" href=\"https:\/\/turisme.dival.es\/en\/wp-json\/wp\/v2\/pages\/76551\/page\/2\/\">><\/a>[\/et_pb_code][\/et_pb_column][\/et_pb_row][\/et_pb_section]<\/p>\n","protected":false},"excerpt":{"rendered":"<p>[et_pb_section fb_built=&#8221;1&#8243; _builder_version=&#8221;4.9.7&#8243; custom_margin=&#8221;0px||0px||false|false&#8221; custom_padding=&#8221;0px||0px||false|false&#8221; global_colors_info=&#8221;{}&#8221;][et_pb_row _builder_version=&#8221;4.9.7&#8243; background_size=&#8221;initial&#8221; background_position=&#8221;top_left&#8221; background_repeat=&#8221;repeat&#8221; width=&#8221;100%&#8221; max_width=&#8221;100%&#8221; custom_margin=&#8221;0px||0px||false|false&#8221; custom_padding=&#8221;0px||0px||false|false&#8221; global_colors_info=&#8221;{}&#8221;][et_pb_column type=&#8221;4_4&#8243; _builder_version=&#8221;3.25&#8243; custom_padding=&#8221;|||&#8221; global_colors_info=&#8221;{}&#8221; custom_padding__hover=&#8221;|||&#8221;][et_pb_slider _builder_version=&#8221;4.14.7&#8243; _module_preset=&#8221;default&#8221; min_height=&#8221;300px&#8221; global_colors_info=&#8221;{}&#8221;][et_pb_slide heading=&#8221;Beaches&#8221; _builder_version=&#8221;4.14.7&#8243; _module_preset=&#8221;default&#8221; background_image=&#8221;https:\/\/turisme.dival.es\/wp-content\/uploads\/2021\/08\/playas.jpg&#8221; background_enable_image=&#8221;on&#8221; global_colors_info=&#8221;{}&#8221; sticky_transition=&#8221;on&#8221;] ENJOY THE MAGICAL LIGHT OF THE MEDITERRANEAN [\/et_pb_slide][\/et_pb_slider][\/et_pb_column][\/et_pb_row][\/et_pb_section][et_pb_section fb_built=&#8221;1&#8243; fullwidth=&#8221;on&#8221; _builder_version=&#8221;4.9.7&#8243; _module_preset=&#8221;default&#8221; global_colors_info=&#8221;{}&#8221;][et_pb_fullwidth_code _builder_version=&#8221;4.9.10&#8243; _module_preset=&#8221;default&#8221; global_colors_info=&#8221;{}&#8221;][\/et_pb_fullwidth_code][\/et_pb_section][et_pb_section fb_built=&#8221;1&#8243; _builder_version=&#8221;4.9.10&#8243; _module_preset=&#8221;default&#8221; custom_padding=&#8221;20px||20px||true|false&#8221; global_colors_info=&#8221;{}&#8221;][et_pb_row column_structure=&#8221;1_5,3_5,1_5&#8243; _builder_version=&#8221;4.9.7&#8243; _module_preset=&#8221;default&#8221; [&hellip;]<\/p>\n","protected":false},"author":1,"featured_media":0,"parent":76386,"menu_order":0,"comment_status":"closed","ping_status":"closed","template":"","meta":{"_acf_changed":false,"_et_pb_use_builder":"on","_et_pb_old_content":"<!-- wp:divi\/placeholder \/-->","_et_gb_content_width":"","footnotes":""},"class_list":["post-76551","page","type-page","status-publish","hentry"],"acf":[],"yoast_head":"<!-- This site is optimized with the Yoast SEO plugin v23.0 - https:\/\/yoast.com\/wordpress\/plugins\/seo\/ -->\n<title>Las mejores playas de Val\u00e8ncia<\/title>\n<meta name=\"description\" content=\"Las caracter\u00edsticas de la cuenca mediterr\u00e1nea unidas a la luz brillante y especial de la zona, con gran cantidad de horas de sol y un azul intenso en su cielo, permiten disfrutar en la provincia de Val\u00e8ncia de unas maravillosas playas, dotadas con los servicios m\u00e1s modernos y con una espl\u00e9ndida calidad.\" \/>\n<meta name=\"robots\" content=\"index, follow, max-snippet:-1, max-image-preview:large, max-video-preview:-1\" \/>\n<link rel=\"canonical\" href=\"https:\/\/turisme.dival.es\/en\/plan-your-trip\/beaches\/\" \/>\n<meta property=\"og:locale\" content=\"en_US\" \/>\n<meta property=\"og:type\" content=\"article\" \/>\n<meta property=\"og:title\" content=\"Las mejores playas de Val\u00e8ncia\" \/>\n<meta property=\"og:description\" content=\"Las caracter\u00edsticas de la cuenca mediterr\u00e1nea unidas a la luz brillante y especial de la zona, con gran cantidad de horas de sol y un azul intenso en su cielo, permiten disfrutar en la provincia de Val\u00e8ncia de unas maravillosas playas, dotadas con los servicios m\u00e1s modernos y con una espl\u00e9ndida calidad.\" \/>\n<meta property=\"og:url\" content=\"https:\/\/turisme.dival.es\/en\/plan-your-trip\/beaches\/\" \/>\n<meta property=\"og:site_name\" content=\"Valencia Turismo\" \/>\n<meta property=\"article:modified_time\" content=\"2022-03-10T13:03:01+00:00\" \/>\n<meta name=\"twitter:card\" content=\"summary_large_image\" \/>\n<meta name=\"twitter:label1\" content=\"Est. reading time\" \/>\n\t<meta name=\"twitter:data1\" content=\"1 minute\" \/>\n<script type=\"application\/ld+json\" class=\"yoast-schema-graph\">{\"@context\":\"https:\/\/schema.org\",\"@graph\":[{\"@type\":\"WebPage\",\"@id\":\"https:\/\/turisme.dival.es\/en\/plan-your-trip\/beaches\/\",\"url\":\"https:\/\/turisme.dival.es\/en\/plan-your-trip\/beaches\/\",\"name\":\"Las mejores playas de Val\u00e8ncia\",\"isPartOf\":{\"@id\":\"https:\/\/turisme.dival.es\/#website\"},\"datePublished\":\"2021-08-11T11:56:58+00:00\",\"dateModified\":\"2022-03-10T13:03:01+00:00\",\"description\":\"Las caracter\u00edsticas de la cuenca mediterr\u00e1nea unidas a la luz brillante y especial de la zona, con gran cantidad de horas de sol y un azul intenso en su cielo, permiten disfrutar en la provincia de Val\u00e8ncia de unas maravillosas playas, dotadas con los servicios m\u00e1s modernos y con una espl\u00e9ndida calidad.\",\"breadcrumb\":{\"@id\":\"https:\/\/turisme.dival.es\/en\/plan-your-trip\/beaches\/#breadcrumb\"},\"inLanguage\":\"EN\",\"potentialAction\":[{\"@type\":\"ReadAction\",\"target\":[\"https:\/\/turisme.dival.es\/en\/plan-your-trip\/beaches\/\"]}]},{\"@type\":\"BreadcrumbList\",\"@id\":\"https:\/\/turisme.dival.es\/en\/plan-your-trip\/beaches\/#breadcrumb\",\"itemListElement\":[{\"@type\":\"ListItem\",\"position\":1,\"name\":\"Plan your trip\",\"item\":\"https:\/\/turisme.dival.es\/en\/plan-your-trip\/\"},{\"@type\":\"ListItem\",\"position\":2,\"name\":\"Beaches\"}]},{\"@type\":\"WebSite\",\"@id\":\"https:\/\/turisme.dival.es\/#website\",\"url\":\"https:\/\/turisme.dival.es\/\",\"name\":\"valenciaturismo.com.mialias.net\",\"description\":\"\",\"potentialAction\":[{\"@type\":\"SearchAction\",\"target\":{\"@type\":\"EntryPoint\",\"urlTemplate\":\"https:\/\/turisme.dival.es\/?s={search_term_string}\"},\"query-input\":\"required name=search_term_string\"}],\"inLanguage\":\"EN\"}]}<\/script>\n<!-- \/ Yoast SEO plugin. -->","yoast_head_json":{"title":"Las mejores playas de Val\u00e8ncia","description":"Las caracter\u00edsticas de la cuenca mediterr\u00e1nea unidas a la luz brillante y especial de la zona, con gran cantidad de horas de sol y un azul intenso en su cielo, permiten disfrutar en la provincia de Val\u00e8ncia de unas maravillosas playas, dotadas con los servicios m\u00e1s modernos y con una espl\u00e9ndida calidad.","robots":{"index":"index","follow":"follow","max-snippet":"max-snippet:-1","max-image-preview":"max-image-preview:large","max-video-preview":"max-video-preview:-1"},"canonical":"https:\/\/turisme.dival.es\/en\/plan-your-trip\/beaches\/","og_locale":"en_US","og_type":"article","og_title":"Las mejores playas de Val\u00e8ncia","og_description":"Las caracter\u00edsticas de la cuenca mediterr\u00e1nea unidas a la luz brillante y especial de la zona, con gran cantidad de horas de sol y un azul intenso en su cielo, permiten disfrutar en la provincia de Val\u00e8ncia de unas maravillosas playas, dotadas con los servicios m\u00e1s modernos y con una espl\u00e9ndida calidad.","og_url":"https:\/\/turisme.dival.es\/en\/plan-your-trip\/beaches\/","og_site_name":"Valencia Turismo","article_modified_time":"2022-03-10T13:03:01+00:00","twitter_card":"summary_large_image","twitter_misc":{"Est. reading time":"1 minute"},"schema":{"@context":"https:\/\/schema.org","@graph":[{"@type":"WebPage","@id":"https:\/\/turisme.dival.es\/en\/plan-your-trip\/beaches\/","url":"https:\/\/turisme.dival.es\/en\/plan-your-trip\/beaches\/","name":"Las mejores playas de Val\u00e8ncia","isPartOf":{"@id":"https:\/\/turisme.dival.es\/#website"},"datePublished":"2021-08-11T11:56:58+00:00","dateModified":"2022-03-10T13:03:01+00:00","description":"Las caracter\u00edsticas de la cuenca mediterr\u00e1nea unidas a la luz brillante y especial de la zona, con gran cantidad de horas de sol y un azul intenso en su cielo, permiten disfrutar en la provincia de Val\u00e8ncia de unas maravillosas playas, dotadas con los servicios m\u00e1s modernos y con una espl\u00e9ndida calidad.","breadcrumb":{"@id":"https:\/\/turisme.dival.es\/en\/plan-your-trip\/beaches\/#breadcrumb"},"inLanguage":"EN","potentialAction":[{"@type":"ReadAction","target":["https:\/\/turisme.dival.es\/en\/plan-your-trip\/beaches\/"]}]},{"@type":"BreadcrumbList","@id":"https:\/\/turisme.dival.es\/en\/plan-your-trip\/beaches\/#breadcrumb","itemListElement":[{"@type":"ListItem","position":1,"name":"Plan your trip","item":"https:\/\/turisme.dival.es\/en\/plan-your-trip\/"},{"@type":"ListItem","position":2,"name":"Beaches"}]},{"@type":"WebSite","@id":"https:\/\/turisme.dival.es\/#website","url":"https:\/\/turisme.dival.es\/","name":"valenciaturismo.com.mialias.net","description":"","potentialAction":[{"@type":"SearchAction","target":{"@type":"EntryPoint","urlTemplate":"https:\/\/turisme.dival.es\/?s={search_term_string}"},"query-input":"required name=search_term_string"}],"inLanguage":"EN"}]}},"_links":{"self":[{"href":"https:\/\/turisme.dival.es\/en\/wp-json\/wp\/v2\/pages\/76551","targetHints":{"allow":["GET"]}}],"collection":[{"href":"https:\/\/turisme.dival.es\/en\/wp-json\/wp\/v2\/pages"}],"about":[{"href":"https:\/\/turisme.dival.es\/en\/wp-json\/wp\/v2\/types\/page"}],"author":[{"embeddable":true,"href":"https:\/\/turisme.dival.es\/en\/wp-json\/wp\/v2\/users\/1"}],"replies":[{"embeddable":true,"href":"https:\/\/turisme.dival.es\/en\/wp-json\/wp\/v2\/comments?post=76551"}],"version-history":[{"count":10,"href":"https:\/\/turisme.dival.es\/en\/wp-json\/wp\/v2\/pages\/76551\/revisions"}],"predecessor-version":[{"id":76592,"href":"https:\/\/turisme.dival.es\/en\/wp-json\/wp\/v2\/pages\/76551\/revisions\/76592"}],"up":[{"embeddable":true,"href":"https:\/\/turisme.dival.es\/en\/wp-json\/wp\/v2\/pages\/76386"}],"wp:attachment":[{"href":"https:\/\/turisme.dival.es\/en\/wp-json\/wp\/v2\/media?parent=76551"}],"curies":[{"name":"wp","href":"https:\/\/api.w.org\/{rel}","templated":true}]}}