{"id":70873,"date":"2022-01-19T11:27:49","date_gmt":"2022-01-19T11:27:49","guid":{"rendered":"https:\/\/turisme.dival.es\/?page_id=70873"},"modified":"2022-10-25T12:04:05","modified_gmt":"2022-10-25T12:04:05","slug":"how-to-get-around","status":"publish","type":"page","link":"https:\/\/turisme.dival.es\/en\/how-to-get-around\/","title":{"rendered":"How to get around"},"content":{"rendered":"<p>[et_pb_section fb_built=&#8221;1&#8243; _builder_version=&#8221;4.15&#8243; custom_margin=&#8221;0px||0px||false|false&#8221; custom_padding=&#8221;0px||0px||false|false&#8221; locked=&#8221;off&#8221; global_colors_info=&#8221;{}&#8221;][et_pb_row _builder_version=&#8221;4.15&#8243; background_size=&#8221;initial&#8221; background_position=&#8221;top_left&#8221; background_repeat=&#8221;repeat&#8221; width=&#8221;100%&#8221; max_width=&#8221;100%&#8221; custom_margin=&#8221;0px||0px||false|false&#8221; custom_padding=&#8221;0px||0px||false|false&#8221; global_colors_info=&#8221;{}&#8221;][et_pb_column type=&#8221;4_4&#8243; _builder_version=&#8221;4.15&#8243; _module_preset=&#8221;default&#8221; global_colors_info=&#8221;{}&#8221;][et_pb_slider show_pagination=&#8221;off&#8221; _builder_version=&#8221;4.15&#8243; _module_preset=&#8221;default&#8221; min_height=&#8221;300px&#8221; global_colors_info=&#8221;{}&#8221;][et_pb_slide heading=&#8221;How to get around&#8221; _builder_version=&#8221;4.15&#8243; _module_preset=&#8221;default&#8221; header_text_color=&#8221;#FFFFFF&#8221; background_image=&#8221;https:\/\/turisme.dival.es\/wp-content\/uploads\/2021\/10\/COMO-LLEGAR1920.jpg&#8221; background_enable_image=&#8221;on&#8221; text_orientation=&#8221;center&#8221; global_colors_info=&#8221;{}&#8221; sticky_transition=&#8221;on&#8221;]<\/p>\n<p>HOW TO GET TO VALENCIA IS EASY, CHOOSE THE BEST WAYS OF TRANSPORT<\/p>\n<p>[\/et_pb_slide][\/et_pb_slider][\/et_pb_column][\/et_pb_row][\/et_pb_section][et_pb_section fb_built=&#8221;1&#8243; admin_label=&#8221;intro page&#8221; _builder_version=&#8221;4.15&#8243; _module_preset=&#8221;default&#8221; custom_margin=&#8221;||0px||false|false&#8221; custom_padding=&#8221;20px||0px||false|false&#8221; locked=&#8221;off&#8221; global_colors_info=&#8221;{}&#8221;][et_pb_row column_structure=&#8221;1_5,3_5,1_5&#8243; _builder_version=&#8221;4.15&#8243; _module_preset=&#8221;default&#8221; global_colors_info=&#8221;{}&#8221;][et_pb_column type=&#8221;1_5&#8243; _builder_version=&#8221;4.15&#8243; _module_preset=&#8221;default&#8221; global_colors_info=&#8221;{}&#8221;][\/et_pb_column][et_pb_column type=&#8221;3_5&#8243; _builder_version=&#8221;4.15&#8243; _module_preset=&#8221;default&#8221; global_colors_info=&#8221;{}&#8221;][et_pb_divider color=&#8221;RGBA(0,0,0,0)&#8221; admin_label=&#8221;Divider&#8221; _builder_version=&#8221;4.15&#8243; _module_preset=&#8221;default&#8221; background_color=&#8221;#9b861b&#8221; width=&#8221;70px&#8221; module_alignment=&#8221;center&#8221; height=&#8221;6px&#8221; locked=&#8221;off&#8221; global_colors_info=&#8221;{}&#8221;][\/et_pb_divider][et_pb_text admin_label=&#8221;Titulo&#8221; _builder_version=&#8221;4.15&#8243; _module_preset=&#8221;default&#8221; text_font_size=&#8221;18px&#8221; header_text_align=&#8221;center&#8221; header_font_size=&#8221;37px&#8221; text_orientation=&#8221;center&#8221; global_colors_info=&#8221;{}&#8221;]<\/p>\n<h1 class=\"entry-title\">How to get around<\/h1>\n<p>[\/et_pb_text][et_pb_text _builder_version=&#8221;4.15.1&#8243; _module_preset=&#8221;default&#8221; text_font_size=&#8221;18px&#8221; header_text_align=&#8221;center&#8221; header_font_size=&#8221;37px&#8221; text_orientation=&#8221;center&#8221; hover_enabled=&#8221;0&#8243; global_colors_info=&#8221;{}&#8221; sticky_enabled=&#8221;0&#8243;]<\/p>\n<p>As Spain&#8217;s third city, Val\u00e8ncia has good infrastructure and transport, allowing access to the Capital and the most important towns.<br \/>The Province also has a local network of trains and buses, connecting most towns comfortably and easily.<br \/><a href=\"https:\/\/www.google.es\/maps\/@39.4755174,-0.3654215,15z\" target=\"_blank\" rel=\"noopener\">View map<\/a><\/p>\n<p>[\/et_pb_text][\/et_pb_column][et_pb_column type=&#8221;1_5&#8243; _builder_version=&#8221;4.15&#8243; _module_preset=&#8221;default&#8221; global_colors_info=&#8221;{}&#8221;][\/et_pb_column][\/et_pb_row][\/et_pb_section][et_pb_section fb_built=&#8221;1&#8243; _builder_version=&#8221;4.15&#8243; _module_preset=&#8221;default&#8221; global_colors_info=&#8221;{}&#8221;][et_pb_row column_structure=&#8221;1_3,1_3,1_3&#8243; use_custom_gutter=&#8221;on&#8221; gutter_width=&#8221;2&#8243; make_equal=&#8221;on&#8221; _builder_version=&#8221;4.15&#8243; _module_preset=&#8221;default&#8221; custom_padding=&#8221;||0px||false|false&#8221; locked=&#8221;off&#8221; global_colors_info=&#8221;{}&#8221;][et_pb_column type=&#8221;1_3&#8243; _builder_version=&#8221;4.15&#8243; _module_preset=&#8221;default&#8221; global_colors_info=&#8221;{}&#8221;][et_pb_text admin_label=&#8221;Por carretera&#8221; module_class=&#8221;section_planifica&#8221; _builder_version=&#8221;4.15&#8243; _module_preset=&#8221;default&#8221; header_3_text_align=&#8221;center&#8221; header_3_text_color=&#8221;#FFFFFF&#8221; header_3_font_size=&#8221;32px&#8221; background_image=&#8221;https:\/\/turisme.dival.es\/wp-content\/uploads\/2021\/10\/sky-3087767_1920.jpeg&#8221; link_option_url=&#8221;https:\/\/turisme.dival.es\/en\/how-to-get-around\/by-car\/&#8221; link_option_url_new_window=&#8221;on&#8221; global_colors_info=&#8221;{}&#8221; background__hover_enabled=&#8221;on|hover&#8221; background_color__hover=&#8221;rgba(0,0,0,0.3)&#8221; background_enable_color__hover=&#8221;on&#8221;]<\/p>\n<h3>By car<\/h3>\n<p>[\/et_pb_text][\/et_pb_column][et_pb_column type=&#8221;1_3&#8243; _builder_version=&#8221;4.15&#8243; _module_preset=&#8221;default&#8221; global_colors_info=&#8221;{}&#8221;][et_pb_text admin_label=&#8221;Por tren&#8221; module_class=&#8221;section_planifica&#8221; _builder_version=&#8221;4.15&#8243; _module_preset=&#8221;default&#8221; header_3_text_align=&#8221;center&#8221; header_3_text_color=&#8221;#FFFFFF&#8221; header_3_font_size=&#8221;32px&#8221; background_image=&#8221;https:\/\/turisme.dival.es\/wp-content\/uploads\/2021\/10\/estaciondelnortevalencia.jpeg&#8221; link_option_url=&#8221;https:\/\/turisme.dival.es\/en\/how-to-get-around\/by-public-transportation\/&#8221; link_option_url_new_window=&#8221;on&#8221; global_colors_info=&#8221;{}&#8221; background__hover_enabled=&#8221;on|hover&#8221; background_color__hover=&#8221;rgba(0,0,0,0.2)&#8221; background_enable_color__hover=&#8221;on&#8221;]<\/p>\n<h3><a href=\"https:\/\/turisme.dival.es\/en\/how-to-get-around\/by-public-transportation\/\" target=\"_blank\" rel=\"noopener\">By public transportation<\/a><\/h3>\n<p>[\/et_pb_text][\/et_pb_column][et_pb_column type=&#8221;1_3&#8243; _builder_version=&#8221;4.15&#8243; _module_preset=&#8221;default&#8221; global_colors_info=&#8221;{}&#8221;][et_pb_text admin_label=&#8221;Por avi\u00f3n&#8221; module_class=&#8221;section_planifica&#8221; _builder_version=&#8221;4.15.1&#8243; _module_preset=&#8221;default&#8221; header_3_text_align=&#8221;center&#8221; header_3_text_color=&#8221;#FFFFFF&#8221; header_3_font_size=&#8221;32px&#8221; background_image=&#8221;https:\/\/turisme.dival.es\/wp-content\/uploads\/2021\/10\/aeropuerto-manises-valencia.jpeg&#8221; link_option_url=&#8221;https:\/\/turisme.dival.es\/en\/by-plane\/&#8221; global_colors_info=&#8221;{}&#8221; background__hover_enabled=&#8221;on|hover&#8221; background_color__hover=&#8221;rgba(0,0,0,0.2)&#8221; background_enable_color__hover=&#8221;on&#8221;]<\/p>\n<h3>By plane<\/h3>\n<p>[\/et_pb_text][\/et_pb_column][\/et_pb_row][\/et_pb_section]<\/p>\n","protected":false},"excerpt":{"rendered":"<p>HOW TO GET TO VALENCIA IS EASY, CHOOSE THE BEST WAYS OF TRANSPORTHow to get aroundAs Spain&#8217;s third city, Val\u00e8ncia has good infrastructure and transport, allowing access to the Capital and the most important towns.The Province also has a local network of trains and buses, connecting most towns comfortably and easily.View mapBy carBy public transportationBy [&hellip;]<\/p>\n","protected":false},"author":1,"featured_media":0,"parent":0,"menu_order":0,"comment_status":"closed","ping_status":"closed","template":"","meta":{"_acf_changed":false,"_et_pb_use_builder":"on","_et_pb_old_content":"<p>[et_pb_section fb_built=\"1\" _builder_version=\"4.9.10\" custom_margin=\"0px||0px||false|false\" custom_padding=\"0px||0px||false|false\" locked=\"off\" global_colors_info=\"{}\"][et_pb_row _builder_version=\"4.9.10\" background_size=\"initial\" background_position=\"top_left\" background_repeat=\"repeat\" width=\"100%\" max_width=\"100%\" custom_margin=\"0px||0px||false|false\" custom_padding=\"0px||0px||false|false\" global_colors_info=\"{}\"][et_pb_column type=\"4_4\" _builder_version=\"4.9.10\" _module_preset=\"default\" global_colors_info=\"{}\"][et_pb_slider show_pagination=\"off\" _builder_version=\"4.9.11\" _module_preset=\"default\" global_colors_info=\"{}\" min_height=\"300px\"][et_pb_slide heading=\"C\u00f3mo llegar\" _builder_version=\"4.9.11\" _module_preset=\"default\" header_text_color=\"#FFFFFF\" background_image=\"https:\/\/turisme.dival.es\/wp-content\/uploads\/2021\/10\/COMO-LLEGAR1920.jpg\" background_enable_image=\"on\" text_orientation=\"center\" global_colors_info=\"{}\" sticky_transition=\"on\"]<\/p><h2>COMO LLEGAR A VAL\u00c8NCIA ES F\u00c1CIL, ELIGE EL MEJOR MEDIO DE TRANSPORTE<\/h2><p>[\/et_pb_slide][\/et_pb_slider][\/et_pb_column][\/et_pb_row][\/et_pb_section][et_pb_section fb_built=\"1\" admin_label=\"intro page\" _builder_version=\"4.9.10\" _module_preset=\"default\" custom_margin=\"||0px||false|false\" custom_padding=\"20px||0px||false|false\" locked=\"off\" global_colors_info=\"{}\"][et_pb_row column_structure=\"1_5,3_5,1_5\" _builder_version=\"4.9.7\" _module_preset=\"default\" global_colors_info=\"{}\"][et_pb_column type=\"1_5\" _builder_version=\"4.9.7\" _module_preset=\"default\" global_colors_info=\"{}\"][\/et_pb_column][et_pb_column type=\"3_5\" _builder_version=\"4.9.7\" _module_preset=\"default\" global_colors_info=\"{}\"][et_pb_divider color=\"RGBA(0,0,0,0)\" admin_label=\"Divider\" _builder_version=\"4.9.10\" _module_preset=\"default\" background_color=\"#9b861b\" width=\"70px\" module_alignment=\"center\" height=\"6px\" locked=\"off\" global_colors_info=\"{}\"][\/et_pb_divider][et_pb_text admin_label=\"Titulo\" _builder_version=\"4.9.11\" _module_preset=\"default\" text_font_size=\"18px\" header_text_align=\"center\" header_font_size=\"37px\" text_orientation=\"center\" global_colors_info=\"{}\"]<\/p><h1>C\u00f3mo llegar<\/h1><p>[\/et_pb_text][et_pb_text _builder_version=\"4.9.11\" _module_preset=\"default\" text_font_size=\"18px\" header_text_align=\"center\" header_font_size=\"37px\" text_orientation=\"center\" global_colors_info=\"{}\"]Podemos llegar a Val\u00e8ncia por diferentes medios, en nuestra comunidad encontraras unas magnificas infraestructuras para llegar y moverte f\u00e1cilmente a cualquier destino tur\u00edstico.<\/p><p>La red ferroviaria que comunica Val\u00e8ncia con el resto de comunidades nos permite movernos con facilidad entre las ciudades Valencianas.<br \/>Las autopistas y autov\u00edas, junto con todas las carreteras forman una infraestructura de movilidad que nos permite movernos con total facilidad dentro de nuestra comunidad para poder llegar a cualquier lugar de inter\u00e9s tur\u00edstico. Para estar al d\u00eda de las posibles incidencias que los viajeros se pueden encontrar puedes consultarla a tiempo real en la web de la <a title=\"Direcci\u00f3n General de Tr\u00e1fico\" href=\"http:\/\/infocar.dgt.es\/etraffic\/\" target=\"_blank\" rel=\"noopener\">Direccion General de Tr\u00e1fico<\/a>.[\/et_pb_text][\/et_pb_column][et_pb_column type=\"1_5\" _builder_version=\"4.9.7\" _module_preset=\"default\" global_colors_info=\"{}\"][\/et_pb_column][\/et_pb_row][\/et_pb_section][et_pb_section fb_built=\"1\" _builder_version=\"4.9.11\" _module_preset=\"default\" global_colors_info=\"{}\"][et_pb_row column_structure=\"1_3,1_3,1_3\" use_custom_gutter=\"on\" gutter_width=\"2\" make_equal=\"on\" _builder_version=\"4.9.7\" _module_preset=\"default\" custom_padding=\"||0px||false|false\" locked=\"off\" global_colors_info=\"{}\"][et_pb_column type=\"1_3\" _builder_version=\"4.9.7\" _module_preset=\"default\" global_colors_info=\"{}\"][et_pb_text admin_label=\"Por carretera\" module_class=\"section_planifica\" _builder_version=\"4.9.11\" _module_preset=\"default\" header_3_text_align=\"center\" header_3_text_color=\"#FFFFFF\" header_3_font_size=\"37px\" background_image=\"https:\/\/turisme.dival.es\/wp-content\/uploads\/2021\/10\/sky-3087767_1920.jpeg\" global_colors_info=\"{}\" background__hover_enabled=\"on|hover\" background_color__hover=\"rgba(0,0,0,0.3)\" background_enable_color__hover=\"on\"]<\/p><h3>Por carretera<\/h3><p>[\/et_pb_text][\/et_pb_column][et_pb_column type=\"1_3\" _builder_version=\"4.9.7\" _module_preset=\"default\" global_colors_info=\"{}\"][et_pb_text admin_label=\"Por tren\" module_class=\"section_planifica\" _builder_version=\"4.9.11\" _module_preset=\"default\" header_3_text_align=\"center\" header_3_text_color=\"#FFFFFF\" header_3_font_size=\"37px\" background_image=\"https:\/\/turisme.dival.es\/wp-content\/uploads\/2021\/10\/estaciondelnortevalencia.jpeg\" global_colors_info=\"{}\" background__hover_enabled=\"on|hover\" background_color__hover=\"rgba(0,0,0,0.2)\" background_enable_color__hover=\"on\"]<\/p><h3>Por tren<\/h3><p>[\/et_pb_text][\/et_pb_column][et_pb_column type=\"1_3\" _builder_version=\"4.9.7\" _module_preset=\"default\" global_colors_info=\"{}\"][et_pb_text admin_label=\"Por avi\u00f3n\" module_class=\"section_planifica\" _builder_version=\"4.9.11\" _module_preset=\"default\" header_3_text_align=\"center\" header_3_text_color=\"#FFFFFF\" header_3_font_size=\"37px\" background_image=\"https:\/\/turisme.dival.es\/wp-content\/uploads\/2021\/10\/aeropuerto-manises-valencia.jpeg\" link_option_url=\"https:\/\/turisme.dival.es\/por-avion\/\" global_colors_info=\"{}\" background__hover_enabled=\"on|hover\" background_color__hover=\"rgba(0,0,0,0.2)\" background_enable_color__hover=\"on\"]<\/p><h3>Por avi\u00f3n<\/h3><p>[\/et_pb_text][\/et_pb_column][\/et_pb_row][\/et_pb_section]<\/p>","_et_gb_content_width":"","footnotes":""},"class_list":["post-70873","page","type-page","status-publish","hentry"],"acf":[],"yoast_head":"<!-- This site is optimized with the Yoast SEO plugin v23.0 - https:\/\/yoast.com\/wordpress\/plugins\/seo\/ -->\n<title>How to get around &#060; Valencia Turismo<\/title>\n<meta name=\"robots\" content=\"index, follow, max-snippet:-1, max-image-preview:large, max-video-preview:-1\" \/>\n<link rel=\"canonical\" href=\"https:\/\/turisme.dival.es\/en\/how-to-get-around\/\" \/>\n<meta property=\"og:locale\" content=\"en_US\" \/>\n<meta property=\"og:type\" content=\"article\" \/>\n<meta property=\"og:title\" content=\"How to get around &#060; Valencia Turismo\" \/>\n<meta property=\"og:description\" content=\"HOW TO GET TO VALENCIA IS EASY, CHOOSE THE BEST WAYS OF TRANSPORTHow to get aroundAs Spain&#039;s third city, Val\u00e8ncia has good infrastructure and transport, allowing access to the Capital and the most important towns.The Province also has a local network of trains and buses, connecting most towns comfortably and easily.View mapBy carBy public transportationBy [&hellip;]\" \/>\n<meta property=\"og:url\" content=\"https:\/\/turisme.dival.es\/en\/how-to-get-around\/\" \/>\n<meta property=\"og:site_name\" content=\"Valencia Turismo\" \/>\n<meta property=\"article:modified_time\" content=\"2022-10-25T12:04:05+00:00\" \/>\n<meta name=\"twitter:card\" content=\"summary_large_image\" \/>\n<meta name=\"twitter:label1\" content=\"Est. reading time\" \/>\n\t<meta name=\"twitter:data1\" content=\"2 minutes\" \/>\n<script type=\"application\/ld+json\" class=\"yoast-schema-graph\">{\"@context\":\"https:\/\/schema.org\",\"@graph\":[{\"@type\":\"WebPage\",\"@id\":\"https:\/\/turisme.dival.es\/en\/how-to-get-around\/\",\"url\":\"https:\/\/turisme.dival.es\/en\/how-to-get-around\/\",\"name\":\"How to get around &#060; Valencia Turismo\",\"isPartOf\":{\"@id\":\"https:\/\/turisme.dival.es\/#website\"},\"datePublished\":\"2022-01-19T11:27:49+00:00\",\"dateModified\":\"2022-10-25T12:04:05+00:00\",\"inLanguage\":\"EN\",\"potentialAction\":[{\"@type\":\"ReadAction\",\"target\":[\"https:\/\/turisme.dival.es\/en\/how-to-get-around\/\"]}]},{\"@type\":\"WebSite\",\"@id\":\"https:\/\/turisme.dival.es\/#website\",\"url\":\"https:\/\/turisme.dival.es\/\",\"name\":\"valenciaturismo.com.mialias.net\",\"description\":\"\",\"potentialAction\":[{\"@type\":\"SearchAction\",\"target\":{\"@type\":\"EntryPoint\",\"urlTemplate\":\"https:\/\/turisme.dival.es\/?s={search_term_string}\"},\"query-input\":\"required name=search_term_string\"}],\"inLanguage\":\"EN\"}]}<\/script>\n<!-- \/ Yoast SEO plugin. -->","yoast_head_json":{"title":"How to get around &#060; Valencia Turismo","robots":{"index":"index","follow":"follow","max-snippet":"max-snippet:-1","max-image-preview":"max-image-preview:large","max-video-preview":"max-video-preview:-1"},"canonical":"https:\/\/turisme.dival.es\/en\/how-to-get-around\/","og_locale":"en_US","og_type":"article","og_title":"How to get around &#060; Valencia Turismo","og_description":"HOW TO GET TO VALENCIA IS EASY, CHOOSE THE BEST WAYS OF TRANSPORTHow to get aroundAs Spain's third city, Val\u00e8ncia has good infrastructure and transport, allowing access to the Capital and the most important towns.The Province also has a local network of trains and buses, connecting most towns comfortably and easily.View mapBy carBy public transportationBy [&hellip;]","og_url":"https:\/\/turisme.dival.es\/en\/how-to-get-around\/","og_site_name":"Valencia Turismo","article_modified_time":"2022-10-25T12:04:05+00:00","twitter_card":"summary_large_image","twitter_misc":{"Est. reading time":"2 minutes"},"schema":{"@context":"https:\/\/schema.org","@graph":[{"@type":"WebPage","@id":"https:\/\/turisme.dival.es\/en\/how-to-get-around\/","url":"https:\/\/turisme.dival.es\/en\/how-to-get-around\/","name":"How to get around &#060; Valencia Turismo","isPartOf":{"@id":"https:\/\/turisme.dival.es\/#website"},"datePublished":"2022-01-19T11:27:49+00:00","dateModified":"2022-10-25T12:04:05+00:00","inLanguage":"EN","potentialAction":[{"@type":"ReadAction","target":["https:\/\/turisme.dival.es\/en\/how-to-get-around\/"]}]},{"@type":"WebSite","@id":"https:\/\/turisme.dival.es\/#website","url":"https:\/\/turisme.dival.es\/","name":"valenciaturismo.com.mialias.net","description":"","potentialAction":[{"@type":"SearchAction","target":{"@type":"EntryPoint","urlTemplate":"https:\/\/turisme.dival.es\/?s={search_term_string}"},"query-input":"required name=search_term_string"}],"inLanguage":"EN"}]}},"_links":{"self":[{"href":"https:\/\/turisme.dival.es\/en\/wp-json\/wp\/v2\/pages\/70873","targetHints":{"allow":["GET"]}}],"collection":[{"href":"https:\/\/turisme.dival.es\/en\/wp-json\/wp\/v2\/pages"}],"about":[{"href":"https:\/\/turisme.dival.es\/en\/wp-json\/wp\/v2\/types\/page"}],"author":[{"embeddable":true,"href":"https:\/\/turisme.dival.es\/en\/wp-json\/wp\/v2\/users\/1"}],"replies":[{"embeddable":true,"href":"https:\/\/turisme.dival.es\/en\/wp-json\/wp\/v2\/comments?post=70873"}],"version-history":[{"count":18,"href":"https:\/\/turisme.dival.es\/en\/wp-json\/wp\/v2\/pages\/70873\/revisions"}],"predecessor-version":[{"id":85845,"href":"https:\/\/turisme.dival.es\/en\/wp-json\/wp\/v2\/pages\/70873\/revisions\/85845"}],"wp:attachment":[{"href":"https:\/\/turisme.dival.es\/en\/wp-json\/wp\/v2\/media?parent=70873"}],"curies":[{"name":"wp","href":"https:\/\/api.w.org\/{rel}","templated":true}]}}