{"id":131256,"date":"2024-05-05T21:38:22","date_gmt":"2024-05-05T21:38:22","guid":{"rendered":"https:\/\/turisme.dival.es\/planen-sie-ihr-erlebnis\/naturparks\/"},"modified":"2024-05-05T21:38:24","modified_gmt":"2024-05-05T21:38:24","slug":"naturparks","status":"publish","type":"page","link":"https:\/\/turisme.dival.es\/de\/planen-sie-ihr-erlebnis\/naturparks\/","title":{"rendered":"Naturparks"},"content":{"rendered":"<p>[et_pb_section fb_built=&#8220;1&#8243; _builder_version=&#8220;4.16&#8243; custom_margin=&#8220;0px||0px||false|false&#8220; custom_padding=&#8220;0px||0px||false|false&#8220; global_colors_info=&#8220;{}&#8220;][et_pb_row _builder_version=&#8220;4.16&#8243; background_size=&#8220;initial&#8220; background_position=&#8220;top_left&#8220; background_repeat=&#8220;repeat&#8220; width=&#8220;100%&#8220; max_width=&#8220;100%&#8220; custom_margin=&#8220;0px||0px||false|false&#8220; custom_padding=&#8220;0px||0px||false|false&#8220; global_colors_info=&#8220;{}&#8220;][et_pb_column type=&#8220;4_4&#8243; _builder_version=&#8220;4.16&#8243; _module_preset=&#8220;default&#8220; global_colors_info=&#8220;{}&#8220;][et_pb_slider show_pagination=&#8220;off&#8220; _builder_version=&#8220;4.23.1&#8243; _module_preset=&#8220;default&#8220; background_image=&#8220;https:\/\/turisme.dival.es\/wp-content\/uploads\/2021\/10\/sunset-5257936_1920.jpeg&#8220; height=&#8220;400px&#8220; hover_enabled=&#8220;0&#8243; global_colors_info=&#8220;{}&#8220; sticky_enabled=&#8220;0&#8243;][et_pb_slide heading=&#8220;Naturlandschaften&#8220; _builder_version=&#8220;4.23.1&#8243; _module_preset=&#8220;default&#8220; header_text_color=&#8220;#FFFFFF&#8220; background_image=&#8220;https:\/\/turisme.dival.es\/wp-content\/uploads\/2021\/10\/sunset-5257936_1920.jpeg&#8220; background_enable_image=&#8220;on&#8220; parallax=&#8220;on&#8220; text_orientation=&#8220;center&#8220; hover_enabled=&#8220;0&#8243; global_colors_info=&#8220;{}&#8220; sticky_transition=&#8220;on&#8220; sticky_enabled=&#8220;0&#8243;]<\/p>\n<h2>Gesch\u00fctzte Naturgebiete von Valencia<\/h2>\n<p>[\/et_pb_slide][\/et_pb_slider][\/et_pb_column][\/et_pb_row][\/et_pb_section][et_pb_section fb_built=&#8220;1&#8243; fullwidth=&#8220;on&#8220; admin_label=&#8220;breadcrumbs&#8220; _builder_version=&#8220;4.16&#8243; _module_preset=&#8220;default&#8220; locked=&#8220;off&#8220; collapsed=&#8220;off&#8220; global_colors_info=&#8220;{}&#8220;][et_pb_fullwidth_code _builder_version=&#8220;4.16&#8243; _module_preset=&#8220;default&#8220; global_colors_info=&#8220;{}&#8220;]    <div class=\"parent-migas\" style=\"background-color:#f2ad00;\"><div class=\"container-migas-plantilla\">\n    <!-- Breadcrumb NavXT 7.3.1 -->\n<span property=\"itemListElement\" typeof=\"ListItem\"><a property=\"item\" typeof=\"WebPage\" title=\"Gehe zu Valencia Turismo.\" href=\"https:\/\/turisme.dival.es\/de\/\" class=\"home\" aria-current=\"page\"><span property=\"name\">Valencia Turismo<\/span><\/a><meta property=\"position\" content=\"1\"><\/span>    <\/div><\/div>\n    [\/et_pb_fullwidth_code][\/et_pb_section][et_pb_section fb_built=&#8220;1&#8243; admin_label=&#8220;intro page&#8220; _builder_version=&#8220;4.16&#8243; _module_preset=&#8220;default&#8220; custom_margin=&#8220;||0px||false|false&#8220; custom_padding=&#8220;20px||0px||false|false&#8220; locked=&#8220;off&#8220; global_colors_info=&#8220;{}&#8220;][et_pb_row column_structure=&#8220;1_5,3_5,1_5&#8243; _builder_version=&#8220;4.16&#8243; _module_preset=&#8220;default&#8220; global_colors_info=&#8220;{}&#8220;][et_pb_column type=&#8220;1_5&#8243; _builder_version=&#8220;4.16&#8243; _module_preset=&#8220;default&#8220; global_colors_info=&#8220;{}&#8220;][\/et_pb_column][et_pb_column type=&#8220;3_5&#8243; _builder_version=&#8220;4.16&#8243; _module_preset=&#8220;default&#8220; global_colors_info=&#8220;{}&#8220;][et_pb_divider color=&#8220;RGBA(0,0,0,0)&#8220; admin_label=&#8220;Divider&#8220; _builder_version=&#8220;4.16&#8243; _module_preset=&#8220;default&#8220; background_color=&#8220;#9b861b&#8220; width=&#8220;70px&#8220; module_alignment=&#8220;center&#8220; height=&#8220;6px&#8220; locked=&#8220;off&#8220; global_colors_info=&#8220;{}&#8220;][\/et_pb_divider][et_pb_text admin_label=&#8220;Titulo&#8220; _builder_version=&#8220;4.16&#8243; _module_preset=&#8220;default&#8220; text_font_size=&#8220;18px&#8220; header_text_align=&#8220;center&#8220; header_font_size=&#8220;37px&#8220; text_orientation=&#8220;center&#8220; global_colors_info=&#8220;{}&#8220;]<\/p>\n<h1>Naturparks<\/h1>\n<p>[\/et_pb_text][et_pb_text _builder_version=&#8220;4.16&#8243; _module_preset=&#8220;default&#8220; text_font_size=&#8220;18px&#8220; header_text_align=&#8220;center&#8220; header_font_size=&#8220;37px&#8220; text_orientation=&#8220;center&#8220; global_colors_info=&#8220;{}&#8220;]<\/p>\n<p class=\"p1\">Zweifellos bietet der Besuch der Naturparks eine gro\u00dfartige Gelegenheit, mit der Natur in Kontakt zu sein oder Sport im Freien an Orten von au\u00dfergew\u00f6hnlicher Sch\u00f6nheit zu betreiben.<\/p>\n<p class=\"p2\">Entdecken Sie die Naturparks der Provinz Valencia!<\/p>\n<p>[\/et_pb_text][\/et_pb_column][et_pb_column type=&#8220;1_5&#8243; _builder_version=&#8220;4.16&#8243; _module_preset=&#8220;default&#8220; global_colors_info=&#8220;{}&#8220;][\/et_pb_column][\/et_pb_row][\/et_pb_section][et_pb_section fb_built=&#8220;1&#8243; _builder_version=&#8220;4.16&#8243; _module_preset=&#8220;default&#8220; custom_margin=&#8220;0px||||false|false&#8220; custom_padding=&#8220;0px||1%||false|false&#8220; global_colors_info=&#8220;{}&#8220;][et_pb_row _builder_version=&#8220;4.16&#8243; _module_preset=&#8220;default&#8220; global_colors_info=&#8220;{}&#8220;][et_pb_column type=&#8220;4_4&#8243; _builder_version=&#8220;4.16&#8243; _module_preset=&#8220;default&#8220; global_colors_info=&#8220;{}&#8220;][et_pb_code _builder_version=&#8220;4.16&#8243; _module_preset=&#8220;default&#8220; global_colors_info=&#8220;{}&#8220;]<div id=\"container_parques\"><div class=\"parque_nat\" style=\"background-image:url();\"><div class=\"parque_nat_title\">Parque Natural de la Sierra de Mariola<\/div><a href=\"https:\/\/turisme.dival.es\/de\/parque_natural\/parque-natural-de-la-sierra-de-mariola\/\"><div class=\"parque_nat_link\">Descubrir<\/div><\/a><\/div><div class=\"parque_nat\" style=\"background-image:url();\"><div class=\"parque_nat_title\">Parque Natural de la Marjal Pego-Oliva<\/div><a href=\"https:\/\/turisme.dival.es\/de\/parque_natural\/parque-natural-de-la-marjal-pego-oliva\/\"><div class=\"parque_nat_link\">Descubrir<\/div><\/a><\/div><div class=\"parque_nat\" style=\"background-image:url();\"><div class=\"parque_nat_title\">Naturpark La Puebla de San Miguel<\/div><a href=\"https:\/\/turisme.dival.es\/de\/parque_natural\/naturpark-la-puebla-de-san-miguel\/\"><div class=\"parque_nat_link\">Descubrir<\/div><\/a><\/div><div class=\"parque_nat\" style=\"background-image:url();\"><div class=\"parque_nat_title\">Naturpark Sierra de Calderona<\/div><a href=\"https:\/\/turisme.dival.es\/de\/parque_natural\/naturpark-sierra-de-calderona\/\"><div class=\"parque_nat_link\">Descubrir<\/div><\/a><\/div><\/div><div class=\"pagination-section\"><nav class=\"pagination\"><span aria-current=\"page\" class=\"page-numbers current\">1<\/span>\n<a class=\"page-numbers\" href=\"https:\/\/turisme.dival.es\/de\/wp-json\/wp\/v2\/pages\/131256\/page\/2\/\">2<\/a>\n<a class=\"next page-numbers\" href=\"https:\/\/turisme.dival.es\/de\/wp-json\/wp\/v2\/pages\/131256\/page\/2\/\">><\/a><\/div>[\/et_pb_code][\/et_pb_column][\/et_pb_row][\/et_pb_section]<\/p>\n","protected":false},"excerpt":{"rendered":"<p>[et_pb_section fb_built=&#8220;1&#8243; _builder_version=&#8220;4.16&#8243; custom_margin=&#8220;0px||0px||false|false&#8220; custom_padding=&#8220;0px||0px||false|false&#8220; global_colors_info=&#8220;{}&#8220;][et_pb_row _builder_version=&#8220;4.16&#8243; background_size=&#8220;initial&#8220; background_position=&#8220;top_left&#8220; background_repeat=&#8220;repeat&#8220; width=&#8220;100%&#8220; max_width=&#8220;100%&#8220; custom_margin=&#8220;0px||0px||false|false&#8220; custom_padding=&#8220;0px||0px||false|false&#8220; global_colors_info=&#8220;{}&#8220;][et_pb_column type=&#8220;4_4&#8243; _builder_version=&#8220;4.16&#8243; _module_preset=&#8220;default&#8220; global_colors_info=&#8220;{}&#8220;][et_pb_slider show_pagination=&#8220;off&#8220; _builder_version=&#8220;4.23.1&#8243; _module_preset=&#8220;default&#8220; background_image=&#8220;https:\/\/turisme.dival.es\/wp-content\/uploads\/2021\/10\/sunset-5257936_1920.jpeg&#8220; height=&#8220;400px&#8220; hover_enabled=&#8220;0&#8243; global_colors_info=&#8220;{}&#8220; sticky_enabled=&#8220;0&#8243;][et_pb_slide heading=&#8220;Naturlandschaften&#8220; _builder_version=&#8220;4.23.1&#8243; _module_preset=&#8220;default&#8220; header_text_color=&#8220;#FFFFFF&#8220; background_image=&#8220;https:\/\/turisme.dival.es\/wp-content\/uploads\/2021\/10\/sunset-5257936_1920.jpeg&#8220; background_enable_image=&#8220;on&#8220; parallax=&#8220;on&#8220; text_orientation=&#8220;center&#8220; hover_enabled=&#8220;0&#8243; global_colors_info=&#8220;{}&#8220; sticky_transition=&#8220;on&#8220; sticky_enabled=&#8220;0&#8243;] Gesch\u00fctzte Naturgebiete von Valencia [\/et_pb_slide][\/et_pb_slider][\/et_pb_column][\/et_pb_row][\/et_pb_section][et_pb_section fb_built=&#8220;1&#8243; fullwidth=&#8220;on&#8220; admin_label=&#8220;breadcrumbs&#8220; _builder_version=&#8220;4.16&#8243; _module_preset=&#8220;default&#8220; locked=&#8220;off&#8220; collapsed=&#8220;off&#8220; global_colors_info=&#8220;{}&#8220;][et_pb_fullwidth_code _builder_version=&#8220;4.16&#8243; _module_preset=&#8220;default&#8220; global_colors_info=&#8220;{}&#8220;][\/et_pb_fullwidth_code][\/et_pb_section][et_pb_section [&hellip;]<\/p>\n","protected":false},"author":1,"featured_media":0,"parent":131227,"menu_order":0,"comment_status":"closed","ping_status":"closed","template":"","meta":{"_acf_changed":false,"_et_pb_use_builder":"on","_et_pb_old_content":"","_et_gb_content_width":"","footnotes":""},"class_list":["post-131256","page","type-page","status-publish","hentry"],"acf":[],"yoast_head":"<!-- This site is optimized with the Yoast SEO plugin v23.0 - https:\/\/yoast.com\/wordpress\/plugins\/seo\/ -->\n<title>Naturparks in der Provinz Valencia!<\/title>\n<meta name=\"description\" content=\"Zweifellos bietet der Besuch der Naturparks eine gro\u00dfartige Gelegenheit, mit der Natur in Kontakt zu sein oder Sport im Freien an Orten von au\u00dfergew\u00f6hnlicher Sch\u00f6nheit zu betreiben. Entdecken Sie die Naturparks der Provinz Valencia!\" \/>\n<meta name=\"robots\" content=\"index, follow, max-snippet:-1, max-image-preview:large, max-video-preview:-1\" \/>\n<link rel=\"canonical\" href=\"https:\/\/turisme.dival.es\/planifica-tu-experiencia\/parques-naturales\/\" \/>\n<meta property=\"og:locale\" content=\"de_DE\" \/>\n<meta property=\"og:type\" content=\"article\" \/>\n<meta property=\"og:title\" content=\"Naturparks in der Provinz Valencia!\" \/>\n<meta property=\"og:description\" content=\"Zweifellos bietet der Besuch der Naturparks eine gro\u00dfartige Gelegenheit, mit der Natur in Kontakt zu sein oder Sport im Freien an Orten von au\u00dfergew\u00f6hnlicher Sch\u00f6nheit zu betreiben. Entdecken Sie die Naturparks der Provinz Valencia!\" \/>\n<meta property=\"og:url\" content=\"https:\/\/turisme.dival.es\/planifica-tu-experiencia\/parques-naturales\/\" \/>\n<meta property=\"og:site_name\" content=\"Valencia Turismo\" \/>\n<meta property=\"article:modified_time\" content=\"2024-05-05T21:38:24+00:00\" \/>\n<meta name=\"twitter:card\" content=\"summary_large_image\" \/>\n<meta name=\"twitter:label1\" content=\"Gesch\u00e4tzte Lesezeit\" \/>\n\t<meta name=\"twitter:data1\" content=\"2\u00a0Minuten\" \/>\n<script type=\"application\/ld+json\" class=\"yoast-schema-graph\">{\"@context\":\"https:\/\/schema.org\",\"@graph\":[{\"@type\":\"WebPage\",\"@id\":\"https:\/\/turisme.dival.es\/planifica-tu-experiencia\/parques-naturales\/\",\"url\":\"https:\/\/turisme.dival.es\/planifica-tu-experiencia\/parques-naturales\/\",\"name\":\"Naturparks in der Provinz Valencia!\",\"isPartOf\":{\"@id\":\"https:\/\/turisme.dival.es\/#website\"},\"datePublished\":\"2024-05-05T21:38:22+00:00\",\"dateModified\":\"2024-05-05T21:38:24+00:00\",\"description\":\"Zweifellos bietet der Besuch der Naturparks eine gro\u00dfartige Gelegenheit, mit der Natur in Kontakt zu sein oder Sport im Freien an Orten von au\u00dfergew\u00f6hnlicher Sch\u00f6nheit zu betreiben. Entdecken Sie die Naturparks der Provinz Valencia!\",\"breadcrumb\":{\"@id\":\"https:\/\/turisme.dival.es\/planifica-tu-experiencia\/parques-naturales\/#breadcrumb\"},\"inLanguage\":\"de\",\"potentialAction\":[{\"@type\":\"ReadAction\",\"target\":[\"https:\/\/turisme.dival.es\/planifica-tu-experiencia\/parques-naturales\/\"]}]},{\"@type\":\"BreadcrumbList\",\"@id\":\"https:\/\/turisme.dival.es\/planifica-tu-experiencia\/parques-naturales\/#breadcrumb\",\"itemListElement\":[{\"@type\":\"ListItem\",\"position\":1,\"name\":\"Planen Sie Ihr Erlebnis\",\"item\":\"https:\/\/turisme.dival.es\/planifica-tu-experiencia\/\"},{\"@type\":\"ListItem\",\"position\":2,\"name\":\"Naturparks\"}]},{\"@type\":\"WebSite\",\"@id\":\"https:\/\/turisme.dival.es\/#website\",\"url\":\"https:\/\/turisme.dival.es\/\",\"name\":\"valenciaturismo.com.mialias.net\",\"description\":\"\",\"potentialAction\":[{\"@type\":\"SearchAction\",\"target\":{\"@type\":\"EntryPoint\",\"urlTemplate\":\"https:\/\/turisme.dival.es\/?s={search_term_string}\"},\"query-input\":\"required name=search_term_string\"}],\"inLanguage\":\"de\"}]}<\/script>\n<!-- \/ Yoast SEO plugin. -->","yoast_head_json":{"title":"Naturparks in der Provinz Valencia!","description":"Zweifellos bietet der Besuch der Naturparks eine gro\u00dfartige Gelegenheit, mit der Natur in Kontakt zu sein oder Sport im Freien an Orten von au\u00dfergew\u00f6hnlicher Sch\u00f6nheit zu betreiben. Entdecken Sie die Naturparks der Provinz Valencia!","robots":{"index":"index","follow":"follow","max-snippet":"max-snippet:-1","max-image-preview":"max-image-preview:large","max-video-preview":"max-video-preview:-1"},"canonical":"https:\/\/turisme.dival.es\/planifica-tu-experiencia\/parques-naturales\/","og_locale":"de_DE","og_type":"article","og_title":"Naturparks in der Provinz Valencia!","og_description":"Zweifellos bietet der Besuch der Naturparks eine gro\u00dfartige Gelegenheit, mit der Natur in Kontakt zu sein oder Sport im Freien an Orten von au\u00dfergew\u00f6hnlicher Sch\u00f6nheit zu betreiben. Entdecken Sie die Naturparks der Provinz Valencia!","og_url":"https:\/\/turisme.dival.es\/planifica-tu-experiencia\/parques-naturales\/","og_site_name":"Valencia Turismo","article_modified_time":"2024-05-05T21:38:24+00:00","twitter_card":"summary_large_image","twitter_misc":{"Gesch\u00e4tzte Lesezeit":"2\u00a0Minuten"},"schema":{"@context":"https:\/\/schema.org","@graph":[{"@type":"WebPage","@id":"https:\/\/turisme.dival.es\/planifica-tu-experiencia\/parques-naturales\/","url":"https:\/\/turisme.dival.es\/planifica-tu-experiencia\/parques-naturales\/","name":"Naturparks in der Provinz Valencia!","isPartOf":{"@id":"https:\/\/turisme.dival.es\/#website"},"datePublished":"2024-05-05T21:38:22+00:00","dateModified":"2024-05-05T21:38:24+00:00","description":"Zweifellos bietet der Besuch der Naturparks eine gro\u00dfartige Gelegenheit, mit der Natur in Kontakt zu sein oder Sport im Freien an Orten von au\u00dfergew\u00f6hnlicher Sch\u00f6nheit zu betreiben. Entdecken Sie die Naturparks der Provinz Valencia!","breadcrumb":{"@id":"https:\/\/turisme.dival.es\/planifica-tu-experiencia\/parques-naturales\/#breadcrumb"},"inLanguage":"de","potentialAction":[{"@type":"ReadAction","target":["https:\/\/turisme.dival.es\/planifica-tu-experiencia\/parques-naturales\/"]}]},{"@type":"BreadcrumbList","@id":"https:\/\/turisme.dival.es\/planifica-tu-experiencia\/parques-naturales\/#breadcrumb","itemListElement":[{"@type":"ListItem","position":1,"name":"Planen Sie Ihr Erlebnis","item":"https:\/\/turisme.dival.es\/planifica-tu-experiencia\/"},{"@type":"ListItem","position":2,"name":"Naturparks"}]},{"@type":"WebSite","@id":"https:\/\/turisme.dival.es\/#website","url":"https:\/\/turisme.dival.es\/","name":"valenciaturismo.com.mialias.net","description":"","potentialAction":[{"@type":"SearchAction","target":{"@type":"EntryPoint","urlTemplate":"https:\/\/turisme.dival.es\/?s={search_term_string}"},"query-input":"required name=search_term_string"}],"inLanguage":"de"}]}},"_links":{"self":[{"href":"https:\/\/turisme.dival.es\/de\/wp-json\/wp\/v2\/pages\/131256","targetHints":{"allow":["GET"]}}],"collection":[{"href":"https:\/\/turisme.dival.es\/de\/wp-json\/wp\/v2\/pages"}],"about":[{"href":"https:\/\/turisme.dival.es\/de\/wp-json\/wp\/v2\/types\/page"}],"author":[{"embeddable":true,"href":"https:\/\/turisme.dival.es\/de\/wp-json\/wp\/v2\/users\/1"}],"replies":[{"embeddable":true,"href":"https:\/\/turisme.dival.es\/de\/wp-json\/wp\/v2\/comments?post=131256"}],"version-history":[{"count":2,"href":"https:\/\/turisme.dival.es\/de\/wp-json\/wp\/v2\/pages\/131256\/revisions"}],"predecessor-version":[{"id":131258,"href":"https:\/\/turisme.dival.es\/de\/wp-json\/wp\/v2\/pages\/131256\/revisions\/131258"}],"up":[{"embeddable":true,"href":"https:\/\/turisme.dival.es\/de\/wp-json\/wp\/v2\/pages\/131227"}],"wp:attachment":[{"href":"https:\/\/turisme.dival.es\/de\/wp-json\/wp\/v2\/media?parent=131256"}],"curies":[{"name":"wp","href":"https:\/\/api.w.org\/{rel}","templated":true}]}}