{"id":131230,"date":"2024-05-05T21:04:56","date_gmt":"2024-05-05T21:04:56","guid":{"rendered":"https:\/\/turisme.dival.es\/so-bewegen-sie-sich\/mit-oeffentlichen-verkehrsmitteln\/"},"modified":"2024-05-05T21:05:01","modified_gmt":"2024-05-05T21:05:01","slug":"mit-oeffentlichen-verkehrsmitteln","status":"publish","type":"page","link":"https:\/\/turisme.dival.es\/de\/so-bewegen-sie-sich\/mit-oeffentlichen-verkehrsmitteln\/","title":{"rendered":"Mit \u00f6ffentlichen Verkehrsmitteln"},"content":{"rendered":"<p>[et_pb_section fb_built=&#8220;1&#8243; _builder_version=&#8220;4.15&#8243; custom_margin=&#8220;0px||0px||false|false&#8220; custom_padding=&#8220;0px||0px||false|false&#8220; locked=&#8220;off&#8220; global_colors_info=&#8220;{}&#8220;][et_pb_row _builder_version=&#8220;4.15&#8243; background_size=&#8220;initial&#8220; background_position=&#8220;top_left&#8220; background_repeat=&#8220;repeat&#8220; width=&#8220;100%&#8220; max_width=&#8220;100%&#8220; custom_margin=&#8220;0px||0px||false|false&#8220; custom_padding=&#8220;0px||0px||false|false&#8220; global_colors_info=&#8220;{}&#8220;][et_pb_column type=&#8220;4_4&#8243; _builder_version=&#8220;4.15&#8243; _module_preset=&#8220;default&#8220; global_colors_info=&#8220;{}&#8220;][et_pb_slider show_pagination=&#8220;off&#8220; _builder_version=&#8220;4.15.1&#8243; _module_preset=&#8220;default&#8220; background_image=&#8220;https:\/\/turisme.dival.es\/wp-content\/uploads\/2021\/10\/sunset-5257936_1920.jpeg&#8220; height=&#8220;70vh&#8220; global_colors_info=&#8220;{}&#8220;][et_pb_slide heading=&#8220;Mit \u00f6ffentlichen Verkehrsmitteln&#8220; _builder_version=&#8220;4.15.1&#8243; _module_preset=&#8220;default&#8220; header_text_color=&#8220;#FFFFFF&#8220; background_image=&#8220;https:\/\/turisme.dival.es\/wp-content\/uploads\/2021\/10\/COMO-LLEGAR1920.jpg&#8220; background_enable_image=&#8220;on&#8220; text_orientation=&#8220;center&#8220; global_colors_info=&#8220;{}&#8220; sticky_transition=&#8220;on&#8220;][\/et_pb_slide][\/et_pb_slider][\/et_pb_column][\/et_pb_row][\/et_pb_section][et_pb_section fb_built=&#8220;1&#8243; _builder_version=&#8220;4.15&#8243; _module_preset=&#8220;default&#8220; locked=&#8220;off&#8220; global_colors_info=&#8220;{}&#8220;][et_pb_row column_structure=&#8220;1_5,3_5,1_5&#8243; _builder_version=&#8220;4.15&#8243; _module_preset=&#8220;default&#8220; locked=&#8220;off&#8220; global_colors_info=&#8220;{}&#8220;][et_pb_column type=&#8220;1_5&#8243; _builder_version=&#8220;4.15&#8243; _module_preset=&#8220;default&#8220; global_colors_info=&#8220;{}&#8220;][\/et_pb_column][et_pb_column type=&#8220;3_5&#8243; _builder_version=&#8220;4.15&#8243; _module_preset=&#8220;default&#8220; global_colors_info=&#8220;{}&#8220;][et_pb_divider color=&#8220;RGBA(0,0,0,0)&#8220; admin_label=&#8220;Divider&#8220; _builder_version=&#8220;4.15&#8243; _module_preset=&#8220;default&#8220; background_color=&#8220;#9b861b&#8220; width=&#8220;70px&#8220; module_alignment=&#8220;center&#8220; height=&#8220;6px&#8220; locked=&#8220;off&#8220; global_colors_info=&#8220;{}&#8220;][\/et_pb_divider][et_pb_text admin_label=&#8220;Titulo&#8220; _builder_version=&#8220;4.15.1&#8243; _module_preset=&#8220;default&#8220; text_font_size=&#8220;18px&#8220; header_text_align=&#8220;center&#8220; header_font_size=&#8220;37px&#8220; text_orientation=&#8220;center&#8220; global_colors_info=&#8220;{}&#8220;]<\/p>\n<h1 class=\"entry-title\">Mit \u00f6ffentlichen Verkehrsmitteln<\/h1>\n<p>[\/et_pb_text][\/et_pb_column][et_pb_column type=&#8220;1_5&#8243; _builder_version=&#8220;4.15&#8243; _module_preset=&#8220;default&#8220; global_colors_info=&#8220;{}&#8220;][\/et_pb_column][\/et_pb_row][et_pb_row column_structure=&#8220;1_2,1_2&#8243; _builder_version=&#8220;4.15&#8243; _module_preset=&#8220;default&#8220; global_colors_info=&#8220;{}&#8220;][et_pb_column type=&#8220;1_2&#8243; _builder_version=&#8220;4.15&#8243; _module_preset=&#8220;default&#8220; global_colors_info=&#8220;{}&#8220;][et_pb_text admin_label=&#8220;Titulo&#8220; _builder_version=&#8220;4.15.1&#8243; _module_preset=&#8220;default&#8220; text_font_size=&#8220;18px&#8220; header_text_align=&#8220;center&#8220; header_font_size=&#8220;37px&#8220; text_orientation=&#8220;center&#8220; global_colors_info=&#8220;{}&#8220;]<\/p>\n<h2 class=\"entry-title\">Mit der Metro:<\/h2>\n<p>[\/et_pb_text][et_pb_text admin_label=&#8220;Titulo&#8220; _builder_version=&#8220;4.15.1&#8243; _module_preset=&#8220;default&#8220; text_font_size=&#8220;18px&#8220; header_text_align=&#8220;center&#8220; header_font_size=&#8220;37px&#8220; text_orientation=&#8220;center&#8220; global_colors_info=&#8220;{}&#8220;]<\/p>\n<p>Das Metrovalencia-Netz deckt die Stadt Valencia und ihren Gro\u00dfraum ab und verbindet mit seinen 9 Linien (6 Metro- und 3 Stra\u00dfenbahnlinien) 36 Gemeinden. Weitere Informationen zu Fahrpl\u00e4nen und Strecken finden Sie auf der Website <a href=\"http:\/\/www.metrovalencia.es\" target=\"_blank\" rel=\"noopener\">http:\/\/www.metrovalencia.es<\/a><\/p>\n<p>[\/et_pb_text][\/et_pb_column][et_pb_column type=&#8220;1_2&#8243; _builder_version=&#8220;4.15&#8243; _module_preset=&#8220;default&#8220; global_colors_info=&#8220;{}&#8220;][et_pb_text admin_label=&#8220;Titulo&#8220; _builder_version=&#8220;4.15.1&#8243; _module_preset=&#8220;default&#8220; text_font_size=&#8220;18px&#8220; header_text_align=&#8220;center&#8220; header_font_size=&#8220;37px&#8220; text_orientation=&#8220;center&#8220; global_colors_info=&#8220;{}&#8220;]<\/p>\n<h2 class=\"entry-title\">Mit dem Bus:<\/h2>\n<p>[\/et_pb_text][et_pb_text admin_label=&#8220;Titulo&#8220; _builder_version=&#8220;4.15.1&#8243; _module_preset=&#8220;default&#8220; text_font_size=&#8220;18px&#8220; header_text_align=&#8220;center&#8220; header_font_size=&#8220;37px&#8220; text_orientation=&#8220;center&#8220; global_colors_info=&#8220;{}&#8220;]<\/p>\n<p>Mehrere Buslinien verbinden die wichtigsten Orte Valencias mit nationalen und internationalen Zielen. Neben Valencia haben viele touristische Ziele wie Sagunt, Gandia oder Cullera direkte Busverbindungen von Madrid, Barcelona oder Zaragoza. F\u00fcr weitere Informationen zu Fahrpl\u00e4nen und Strecken k\u00f6nnen Sie den Busbahnhof Valencia unter der Telefonnummer 96 346 62 66 kontaktieren. <a href=\"http:\/\/tarjetamobilis.es\/metrobus\/\" target=\"_blank\" rel=\"noopener\">http:\/\/tarjetamobilis.es\/metrobus\/<\/a><\/p>\n<p>[\/et_pb_text][\/et_pb_column][\/et_pb_row][et_pb_row column_structure=&#8220;1_2,1_2&#8243; _builder_version=&#8220;4.15&#8243; _module_preset=&#8220;default&#8220; global_colors_info=&#8220;{}&#8220;][et_pb_column type=&#8220;1_2&#8243; _builder_version=&#8220;4.15&#8243; _module_preset=&#8220;default&#8220; global_colors_info=&#8220;{}&#8220;][et_pb_text admin_label=&#8220;Titulo&#8220; _builder_version=&#8220;4.15.1&#8243; _module_preset=&#8220;default&#8220; text_font_size=&#8220;18px&#8220; header_text_align=&#8220;center&#8220; header_font_size=&#8220;37px&#8220; text_orientation=&#8220;center&#8220; global_colors_info=&#8220;{}&#8220;]<\/p>\n<h2 class=\"entry-title\">Mit dem Zug:<\/h2>\n<p>Valencia ist durch ein ausgedehntes Schienennetz mit den wichtigsten spanischen St\u00e4dten verbunden. T\u00e4glich verbinden mehrere Z\u00fcge Valencia mit Madrid, Barcelona, Alicante oder Sevilla. Der Hochgeschwindigkeitszug AVE hat die Fahrt nach Madrid auf 1 Stunde und 30 Minuten und nach Sevilla auf weniger als 4 Stunden reduziert. Weitere Informationen zu Fahrpl\u00e4nen und Strecken finden Sie unter <a href=\"http:\/\/www.renfe.com\" target=\"_blank\" rel=\"noopener\">http:\/\/www.renfe.com<\/a>\/ Dar\u00fcber hinaus verbinden die Cercan\u00edas (Vorortbahn-Z\u00fcge) die wichtigsten St\u00e4dte in der Provinz Valencia und den S\u00fcden von Castell\u00f3n. Weitere Informationen zu den Fahrpl\u00e4nen finden Sie unter <a href=\"http:\/\/www.renfe.com\/viajeros\/cercanias\/Val\u00e8ncia\/index.html\" target=\"_blank\" rel=\"noopener\">http:\/\/www.renfe.com\/viajeros\/cercanias\/Val\u00e8ncia\/index.html<\/a><\/p>\n<p>[\/et_pb_text][\/et_pb_column][et_pb_column type=&#8220;1_2&#8243; _builder_version=&#8220;4.15&#8243; _module_preset=&#8220;default&#8220; global_colors_info=&#8220;{}&#8220;][et_pb_text admin_label=&#8220;Titulo&#8220; _builder_version=&#8220;4.15.1&#8243; _module_preset=&#8220;default&#8220; text_font_size=&#8220;18px&#8220; header_text_align=&#8220;center&#8220; header_font_size=&#8220;37px&#8220; text_orientation=&#8220;center&#8220; global_colors_info=&#8220;{}&#8220;]<\/p>\n<h2 class=\"entry-title\">Mit dem Schiff<\/h2>\n<p>Zahlreiche ferries (F\u00e4hren) verbinden die Balearen (Mallorca, Ibiza, Menorca) mit Valencia. Weitere Informationen zu den Fahrpl\u00e4nen finden Sie unter: <a href=\"http:\/\/www.Val\u00e8nciaport.com\/es\/PASAJEROS\/ferries\/Paginas\/Horarios.asp\" target=\"_blank\" rel=\"noopener\">http:\/\/www.Val\u00e8nciaport.com\/es\/PASAJEROS\/ferries\/Paginas\/Horarios.asp<\/a>x Auch die Anzahl der Kreuzfahrtschiffe, die im Hafen von Valencia anlegen, hat in den letzten Jahren zugenommen. Wenn Sie an der Anmietung eines Liegeplatzes oder an weiteren Informationen \u00fcber die Dienstleistungen des Hafens interessiert sind: <a href=\"http:\/\/www.Val\u00e8nciaport.com\/es\/Paginas\/default.aspx\" target=\"_blank\" rel=\"noopener\">http:\/\/www.Val\u00e8nciaport.com\/es\/Paginas\/default.aspx<\/a><\/p>\n<p>[\/et_pb_text][\/et_pb_column][\/et_pb_row][\/et_pb_section]<\/p>\n","protected":false},"excerpt":{"rendered":"<p>Mit \u00f6ffentlichen VerkehrsmittelnMit der Metro:Das Metrovalencia-Netz deckt die Stadt Valencia und ihren Gro\u00dfraum ab und verbindet mit seinen 9 Linien (6 Metro- und 3 Stra\u00dfenbahnlinien) 36 Gemeinden. Weitere Informationen zu Fahrpl\u00e4nen und Strecken finden Sie auf der Website http:\/\/www.metrovalencia.esMit dem Bus:Mehrere Buslinien verbinden die wichtigsten Orte Valencias mit nationalen und internationalen Zielen. Neben Valencia haben [&hellip;]<\/p>\n","protected":false},"author":1,"featured_media":0,"parent":131158,"menu_order":0,"comment_status":"closed","ping_status":"closed","template":"","meta":{"_acf_changed":false,"_et_pb_use_builder":"on","_et_pb_old_content":"","_et_gb_content_width":"","footnotes":""},"class_list":["post-131230","page","type-page","status-publish","hentry"],"acf":[],"yoast_head":"<!-- This site is optimized with the Yoast SEO plugin v23.0 - https:\/\/yoast.com\/wordpress\/plugins\/seo\/ -->\n<title>Mit \u00f6ffentlichen Verkehrsmitteln &#060; Valencia Turismo<\/title>\n<meta name=\"robots\" content=\"index, follow, max-snippet:-1, max-image-preview:large, max-video-preview:-1\" \/>\n<link rel=\"canonical\" href=\"https:\/\/turisme.dival.es\/como-llegar\/en-transporte-publico\/\" \/>\n<meta property=\"og:locale\" content=\"de_DE\" \/>\n<meta property=\"og:type\" content=\"article\" \/>\n<meta property=\"og:title\" content=\"Mit \u00f6ffentlichen Verkehrsmitteln &#060; Valencia Turismo\" \/>\n<meta property=\"og:description\" content=\"Mit \u00f6ffentlichen VerkehrsmittelnMit der Metro:Das Metrovalencia-Netz deckt die Stadt Valencia und ihren Gro\u00dfraum ab und verbindet mit seinen 9 Linien (6 Metro- und 3 Stra\u00dfenbahnlinien) 36 Gemeinden. Weitere Informationen zu Fahrpl\u00e4nen und Strecken finden Sie auf der Website http:\/\/www.metrovalencia.esMit dem Bus:Mehrere Buslinien verbinden die wichtigsten Orte Valencias mit nationalen und internationalen Zielen. Neben Valencia haben [&hellip;]\" \/>\n<meta property=\"og:url\" content=\"https:\/\/turisme.dival.es\/como-llegar\/en-transporte-publico\/\" \/>\n<meta property=\"og:site_name\" content=\"Valencia Turismo\" \/>\n<meta property=\"article:modified_time\" content=\"2024-05-05T21:05:01+00:00\" \/>\n<meta name=\"twitter:card\" content=\"summary_large_image\" \/>\n<meta name=\"twitter:label1\" content=\"Gesch\u00e4tzte Lesezeit\" \/>\n\t<meta name=\"twitter:data1\" content=\"4\u00a0Minuten\" \/>\n<script type=\"application\/ld+json\" class=\"yoast-schema-graph\">{\"@context\":\"https:\/\/schema.org\",\"@graph\":[{\"@type\":\"WebPage\",\"@id\":\"https:\/\/turisme.dival.es\/como-llegar\/en-transporte-publico\/\",\"url\":\"https:\/\/turisme.dival.es\/como-llegar\/en-transporte-publico\/\",\"name\":\"Mit \u00f6ffentlichen Verkehrsmitteln &#060; Valencia Turismo\",\"isPartOf\":{\"@id\":\"https:\/\/turisme.dival.es\/#website\"},\"datePublished\":\"2024-05-05T21:04:56+00:00\",\"dateModified\":\"2024-05-05T21:05:01+00:00\",\"breadcrumb\":{\"@id\":\"https:\/\/turisme.dival.es\/como-llegar\/en-transporte-publico\/#breadcrumb\"},\"inLanguage\":\"de\",\"potentialAction\":[{\"@type\":\"ReadAction\",\"target\":[\"https:\/\/turisme.dival.es\/como-llegar\/en-transporte-publico\/\"]}]},{\"@type\":\"BreadcrumbList\",\"@id\":\"https:\/\/turisme.dival.es\/como-llegar\/en-transporte-publico\/#breadcrumb\",\"itemListElement\":[{\"@type\":\"ListItem\",\"position\":1,\"name\":\"So bewegen Sie sich\",\"item\":\"https:\/\/turisme.dival.es\/como-llegar\/\"},{\"@type\":\"ListItem\",\"position\":2,\"name\":\"Mit \u00f6ffentlichen Verkehrsmitteln\"}]},{\"@type\":\"WebSite\",\"@id\":\"https:\/\/turisme.dival.es\/#website\",\"url\":\"https:\/\/turisme.dival.es\/\",\"name\":\"valenciaturismo.com.mialias.net\",\"description\":\"\",\"potentialAction\":[{\"@type\":\"SearchAction\",\"target\":{\"@type\":\"EntryPoint\",\"urlTemplate\":\"https:\/\/turisme.dival.es\/?s={search_term_string}\"},\"query-input\":\"required name=search_term_string\"}],\"inLanguage\":\"de\"}]}<\/script>\n<!-- \/ Yoast SEO plugin. -->","yoast_head_json":{"title":"Mit \u00f6ffentlichen Verkehrsmitteln &#060; Valencia Turismo","robots":{"index":"index","follow":"follow","max-snippet":"max-snippet:-1","max-image-preview":"max-image-preview:large","max-video-preview":"max-video-preview:-1"},"canonical":"https:\/\/turisme.dival.es\/como-llegar\/en-transporte-publico\/","og_locale":"de_DE","og_type":"article","og_title":"Mit \u00f6ffentlichen Verkehrsmitteln &#060; Valencia Turismo","og_description":"Mit \u00f6ffentlichen VerkehrsmittelnMit der Metro:Das Metrovalencia-Netz deckt die Stadt Valencia und ihren Gro\u00dfraum ab und verbindet mit seinen 9 Linien (6 Metro- und 3 Stra\u00dfenbahnlinien) 36 Gemeinden. Weitere Informationen zu Fahrpl\u00e4nen und Strecken finden Sie auf der Website http:\/\/www.metrovalencia.esMit dem Bus:Mehrere Buslinien verbinden die wichtigsten Orte Valencias mit nationalen und internationalen Zielen. Neben Valencia haben [&hellip;]","og_url":"https:\/\/turisme.dival.es\/como-llegar\/en-transporte-publico\/","og_site_name":"Valencia Turismo","article_modified_time":"2024-05-05T21:05:01+00:00","twitter_card":"summary_large_image","twitter_misc":{"Gesch\u00e4tzte Lesezeit":"4\u00a0Minuten"},"schema":{"@context":"https:\/\/schema.org","@graph":[{"@type":"WebPage","@id":"https:\/\/turisme.dival.es\/como-llegar\/en-transporte-publico\/","url":"https:\/\/turisme.dival.es\/como-llegar\/en-transporte-publico\/","name":"Mit \u00f6ffentlichen Verkehrsmitteln &#060; Valencia Turismo","isPartOf":{"@id":"https:\/\/turisme.dival.es\/#website"},"datePublished":"2024-05-05T21:04:56+00:00","dateModified":"2024-05-05T21:05:01+00:00","breadcrumb":{"@id":"https:\/\/turisme.dival.es\/como-llegar\/en-transporte-publico\/#breadcrumb"},"inLanguage":"de","potentialAction":[{"@type":"ReadAction","target":["https:\/\/turisme.dival.es\/como-llegar\/en-transporte-publico\/"]}]},{"@type":"BreadcrumbList","@id":"https:\/\/turisme.dival.es\/como-llegar\/en-transporte-publico\/#breadcrumb","itemListElement":[{"@type":"ListItem","position":1,"name":"So bewegen Sie sich","item":"https:\/\/turisme.dival.es\/como-llegar\/"},{"@type":"ListItem","position":2,"name":"Mit \u00f6ffentlichen Verkehrsmitteln"}]},{"@type":"WebSite","@id":"https:\/\/turisme.dival.es\/#website","url":"https:\/\/turisme.dival.es\/","name":"valenciaturismo.com.mialias.net","description":"","potentialAction":[{"@type":"SearchAction","target":{"@type":"EntryPoint","urlTemplate":"https:\/\/turisme.dival.es\/?s={search_term_string}"},"query-input":"required name=search_term_string"}],"inLanguage":"de"}]}},"_links":{"self":[{"href":"https:\/\/turisme.dival.es\/de\/wp-json\/wp\/v2\/pages\/131230","targetHints":{"allow":["GET"]}}],"collection":[{"href":"https:\/\/turisme.dival.es\/de\/wp-json\/wp\/v2\/pages"}],"about":[{"href":"https:\/\/turisme.dival.es\/de\/wp-json\/wp\/v2\/types\/page"}],"author":[{"embeddable":true,"href":"https:\/\/turisme.dival.es\/de\/wp-json\/wp\/v2\/users\/1"}],"replies":[{"embeddable":true,"href":"https:\/\/turisme.dival.es\/de\/wp-json\/wp\/v2\/comments?post=131230"}],"version-history":[{"count":2,"href":"https:\/\/turisme.dival.es\/de\/wp-json\/wp\/v2\/pages\/131230\/revisions"}],"predecessor-version":[{"id":131232,"href":"https:\/\/turisme.dival.es\/de\/wp-json\/wp\/v2\/pages\/131230\/revisions\/131232"}],"up":[{"embeddable":true,"href":"https:\/\/turisme.dival.es\/de\/wp-json\/wp\/v2\/pages\/131158"}],"wp:attachment":[{"href":"https:\/\/turisme.dival.es\/de\/wp-json\/wp\/v2\/media?parent=131230"}],"curies":[{"name":"wp","href":"https:\/\/api.w.org\/{rel}","templated":true}]}}