{"id":131227,"date":"2024-05-05T20:59:29","date_gmt":"2024-05-05T20:59:29","guid":{"rendered":"https:\/\/turisme.dival.es\/planen-sie-ihr-erlebnis\/"},"modified":"2024-05-05T20:59:33","modified_gmt":"2024-05-05T20:59:33","slug":"planen-sie-ihr-erlebnis","status":"publish","type":"page","link":"https:\/\/turisme.dival.es\/de\/planen-sie-ihr-erlebnis\/","title":{"rendered":"Planen Sie Ihr Erlebnis"},"content":{"rendered":"<p>[et_pb_section fb_built=&#8220;1&#8243; _builder_version=&#8220;4.15&#8243; custom_margin=&#8220;0px||0px||false|false&#8220; custom_padding=&#8220;0px||0px||false|false&#8220; global_colors_info=&#8220;{}&#8220;][et_pb_row _builder_version=&#8220;4.15&#8243; background_size=&#8220;initial&#8220; background_position=&#8220;top_left&#8220; background_repeat=&#8220;repeat&#8220; width=&#8220;100%&#8220; max_width=&#8220;100%&#8220; custom_margin=&#8220;0px||0px||false|false&#8220; custom_padding=&#8220;0px||0px||false|false&#8220; global_colors_info=&#8220;{}&#8220;][et_pb_column type=&#8220;4_4&#8243; _builder_version=&#8220;4.15&#8243; custom_padding=&#8220;|||&#8220; global_colors_info=&#8220;{}&#8220; custom_padding__hover=&#8220;|||&#8220;][et_pb_slider _builder_version=&#8220;4.15&#8243; _module_preset=&#8220;default&#8220; min_height=&#8220;300px&#8220; global_colors_info=&#8220;{}&#8220;][et_pb_slide heading=&#8220;Planen Sie Ihr Erlebnis&#8220; _builder_version=&#8220;4.15&#8243; _module_preset=&#8220;default&#8220; background_image=&#8220;https:\/\/turisme.dival.es\/wp-content\/uploads\/2021\/07\/valencia-Oceanografic.jpg&#8220; background_enable_image=&#8220;on&#8220; global_colors_info=&#8220;{}&#8220; sticky_transition=&#8220;on&#8220;]<\/p>\n<p>Kommen Sie nach Valencia und genie\u00dfen Sie Tausende von Etagen. Du Kommst?<\/p>\n<p>[\/et_pb_slide][\/et_pb_slider][\/et_pb_column][\/et_pb_row][\/et_pb_section][et_pb_section fb_built=&#8220;1&#8243; fullwidth=&#8220;on&#8220; _builder_version=&#8220;4.15&#8243; _module_preset=&#8220;default&#8220; global_colors_info=&#8220;{}&#8220;][et_pb_fullwidth_code _builder_version=&#8220;4.15&#8243; _module_preset=&#8220;default&#8220; global_colors_info=&#8220;{}&#8220;]    <div class=\"parent-migas\" style=\"background-color:#f2ad00;\"><div class=\"container-migas-plantilla\">\n    <!-- Breadcrumb NavXT 7.3.1 -->\n<span property=\"itemListElement\" typeof=\"ListItem\"><a property=\"item\" typeof=\"WebPage\" title=\"Gehe zu Valencia Turismo.\" href=\"https:\/\/turisme.dival.es\/de\/\" class=\"home\" aria-current=\"page\"><span property=\"name\">Valencia Turismo<\/span><\/a><meta property=\"position\" content=\"1\"><\/span>    <\/div><\/div>\n    [\/et_pb_fullwidth_code][\/et_pb_section][et_pb_section fb_built=&#8220;1&#8243; disabled_on=&#8220;off|off|off&#8220; _builder_version=&#8220;4.15&#8243; _module_preset=&#8220;default&#8220; custom_padding=&#8220;20px||||false|false&#8220; global_colors_info=&#8220;{}&#8220;][et_pb_row column_structure=&#8220;1_5,3_5,1_5&#8243; _builder_version=&#8220;4.15&#8243; _module_preset=&#8220;default&#8220; global_colors_info=&#8220;{}&#8220;][et_pb_column type=&#8220;1_5&#8243; _builder_version=&#8220;4.15&#8243; _module_preset=&#8220;default&#8220; global_colors_info=&#8220;{}&#8220;][\/et_pb_column][et_pb_column type=&#8220;3_5&#8243; _builder_version=&#8220;4.15&#8243; _module_preset=&#8220;default&#8220; global_colors_info=&#8220;{}&#8220;][et_pb_divider color=&#8220;RGBA(0,0,0,0)&#8220; admin_label=&#8220;Divider&#8220; _builder_version=&#8220;4.15&#8243; _module_preset=&#8220;default&#8220; background_color=&#8220;#E09900&#8243; width=&#8220;70px&#8220; module_alignment=&#8220;center&#8220; height=&#8220;6px&#8220; locked=&#8220;off&#8220; global_colors_info=&#8220;{}&#8220;][\/et_pb_divider][et_pb_text admin_label=&#8220;Titulo&#8220; _builder_version=&#8220;4.15&#8243; _module_preset=&#8220;default&#8220; text_font_size=&#8220;18px&#8220; header_text_align=&#8220;center&#8220; header_font_size=&#8220;37px&#8220; text_orientation=&#8220;center&#8220; global_colors_info=&#8220;{}&#8220;]<\/p>\n<h1>Planen Sie Ihren Urlaub<\/h1>\n<p>[\/et_pb_text][et_pb_text _builder_version=&#8220;4.15&#8243; _module_preset=&#8220;default&#8220; text_font_size=&#8220;18px&#8220; header_text_align=&#8220;center&#8220; header_font_size=&#8220;37px&#8220; text_orientation=&#8220;center&#8220; global_colors_info=&#8220;{}&#8220;]Hier k\u00f6nnen Sie Ihren Urlaub planen, Sie finden alles, was Sie brauchen, um nach Valencia zu kommen und einen wunderbaren Aufenthalt zu genie\u00dfen: Unterk\u00fcnfte aller Art, Hotels, Pensionen, Hostels, Bauernh\u00e4user oder Campingpl\u00e4tze, wo Sie sich ausruhen und schlafen k\u00f6nnen; Restaurants, in denen Sie unsere Gastronomie genie\u00dfen k\u00f6nnen.[\/et_pb_text][\/et_pb_column][et_pb_column type=&#8220;1_5&#8243; _builder_version=&#8220;4.15&#8243; _module_preset=&#8220;default&#8220; global_colors_info=&#8220;{}&#8220;][\/et_pb_column][\/et_pb_row][et_pb_row column_structure=&#8220;1_3,1_3,1_3&#8243; use_custom_gutter=&#8220;on&#8220; gutter_width=&#8220;2&#8243; make_equal=&#8220;on&#8220; _builder_version=&#8220;4.15&#8243; _module_preset=&#8220;default&#8220; custom_padding=&#8220;||0px||false|false&#8220; global_colors_info=&#8220;{}&#8220;][et_pb_column type=&#8220;1_3&#8243; _builder_version=&#8220;4.15&#8243; _module_preset=&#8220;default&#8220; global_colors_info=&#8220;{}&#8220;][et_pb_text admin_label=&#8220;D\u00f3nde dormir&#8220; module_class=&#8220;section_planifica&#8220; _builder_version=&#8220;4.15.1&#8243; _module_preset=&#8220;default&#8220; header_3_text_align=&#8220;center&#8220; header_3_text_color=&#8220;#FFFFFF&#8220; header_3_font_size=&#8220;37px&#8220; background_image=&#8220;https:\/\/turisme.dival.es\/wp-content\/uploads\/2022\/01\/PT_160316_1766_HR-scaled.jpg&#8220; link_option_url=&#8220;https:\/\/turisme.dival.es\/de\/32-unschlagbare-attraktionen\/&#8220; hover_enabled=&#8220;0&#8243; global_colors_info=&#8220;{}&#8220; sticky_enabled=&#8220;0&#8243; title_text=&#8220;Falles 2016 \/ Fallas 2016&#8243;]<\/p>\n<h3>Die Seele Valencias<\/h3>\n<p>[\/et_pb_text][\/et_pb_column][et_pb_column type=&#8220;1_3&#8243; _builder_version=&#8220;4.15&#8243; _module_preset=&#8220;default&#8220; global_colors_info=&#8220;{}&#8220;][et_pb_text admin_label=&#8220;D\u00f3nde comer&#8220; module_class=&#8220;section_planifica&#8220; _builder_version=&#8220;4.15.1&#8243; _module_preset=&#8220;default&#8220; header_3_text_align=&#8220;center&#8220; header_3_text_color=&#8220;#FFFFFF&#8220; header_3_font_size=&#8220;37px&#8220; background_image=&#8220;https:\/\/turisme.dival.es\/wp-content\/uploads\/2022\/01\/PT_160317_3262_HR-2-scaled.jpg&#8220; link_option_url=&#8220;https:\/\/turisme.dival.es\/it\/gastronomia-valenciana\/&#8220; hover_enabled=&#8220;0&#8243; global_colors_info=&#8220;{}&#8220; title_text=&#8220;Falles 2016 \/ Fallas 2016&#8243; sticky_enabled=&#8220;0&#8243;]<\/p>\n<h3>Valencianische Gastronomie<\/h3>\n<p>[\/et_pb_text][\/et_pb_column][et_pb_column type=&#8220;1_3&#8243; _builder_version=&#8220;4.15&#8243; _module_preset=&#8220;default&#8220; global_colors_info=&#8220;{}&#8220;][et_pb_text admin_label=&#8220;Eventos&#8220; module_class=&#8220;section_planifica&#8220; _builder_version=&#8220;4.15.1&#8243; _module_preset=&#8220;default&#8220; header_3_text_align=&#8220;center&#8220; header_3_text_color=&#8220;#FFFFFF&#8220; header_3_font_size=&#8220;37px&#8220; background_image=&#8220;https:\/\/turisme.dival.es\/wp-content\/uploads\/2022\/01\/fiestas_en_pueblos_de_valencia.jpg&#8220; hover_enabled=&#8220;0&#8243; global_colors_info=&#8220;{}&#8220; link_option_url=&#8220;https:\/\/turisme.dival.es\/it\/festivita\/&#8220; title_text=&#8220;fiestas_en_pueblos_de_valencia&#8220; sticky_enabled=&#8220;0&#8243;]<\/p>\n<h3>Veranstaltungen<\/h3>\n<p>[\/et_pb_text][\/et_pb_column][\/et_pb_row][et_pb_row column_structure=&#8220;1_3,1_3,1_3&#8243; use_custom_gutter=&#8220;on&#8220; gutter_width=&#8220;2&#8243; make_equal=&#8220;on&#8220; _builder_version=&#8220;4.15&#8243; _module_preset=&#8220;default&#8220; global_colors_info=&#8220;{}&#8220;][et_pb_column type=&#8220;1_3&#8243; _builder_version=&#8220;4.15&#8243; _module_preset=&#8220;default&#8220; global_colors_info=&#8220;{}&#8220;][et_pb_text admin_label=&#8220;Qu\u00e9 ver&#8220; module_class=&#8220;section_planifica&#8220; _builder_version=&#8220;4.15.1&#8243; _module_preset=&#8220;default&#8220; header_3_text_align=&#8220;center&#8220; header_3_text_color=&#8220;#FFFFFF&#8220; header_3_font_size=&#8220;37px&#8220; background_image=&#8220;https:\/\/turisme.dival.es\/wp-content\/uploads\/2022\/01\/Parque-Natural-Marjal-Pego-Oliva.jpg&#8220; hover_enabled=&#8220;0&#8243; global_colors_info=&#8220;{}&#8220; link_option_url=&#8220;https:\/\/turisme.dival.es\/it\/pianifica-la-tua-esperienza\/parchi-naturali\/&#8220; title_text=&#8220;Parque-Natural-Marjal-Pego-Oliva&#8220; sticky_enabled=&#8220;0&#8243;]<\/p>\n<h3>Naturparks<\/h3>\n<p>[\/et_pb_text][\/et_pb_column][et_pb_column type=&#8220;1_3&#8243; _builder_version=&#8220;4.15&#8243; _module_preset=&#8220;default&#8220; global_colors_info=&#8220;{}&#8220;][et_pb_text admin_label=&#8220;Qu\u00e9 hacer&#8220; module_class=&#8220;section_planifica&#8220; _builder_version=&#8220;4.15.1&#8243; _module_preset=&#8220;default&#8220; header_3_text_align=&#8220;center&#8220; header_3_text_color=&#8220;#FFFFFF&#8220; header_3_font_size=&#8220;37px&#8220; background_image=&#8220;https:\/\/turisme.dival.es\/wp-content\/uploads\/2021\/09\/castillo-bunol-1.jpg&#8220; hover_enabled=&#8220;0&#8243; global_colors_info=&#8220;{}&#8220; link_option_url=&#8220;https:\/\/turisme.dival.es\/it\/musei-e-monumenti\/&#8220; title_text=&#8220;castillo-bunol&#8220; sticky_enabled=&#8220;0&#8243;]<\/p>\n<h3>Museen und Denkm\u00e4ler<\/h3>\n<p>[\/et_pb_text][\/et_pb_column][et_pb_column type=&#8220;1_3&#8243; _builder_version=&#8220;4.15&#8243; _module_preset=&#8220;default&#8220; global_colors_info=&#8220;{}&#8220;][et_pb_text admin_label=&#8220;C\u00f3mo llegar&#8220; module_class=&#8220;section_planifica&#8220; _builder_version=&#8220;4.15.1&#8243; _module_preset=&#8220;default&#8220; header_3_text_align=&#8220;center&#8220; header_3_text_color=&#8220;#FFFFFF&#8220; header_3_font_size=&#8220;37px&#8220; background_image=&#8220;https:\/\/turisme.dival.es\/wp-content\/uploads\/2021\/07\/como_llegar.jpg&#8220; hover_enabled=&#8220;0&#8243; global_colors_info=&#8220;{}&#8220; link_option_url=&#8220;https:\/\/turisme.dival.es\/de\/so-bewegen-sie-sich\/&#8220; sticky_enabled=&#8220;0&#8243;]<\/p>\n<h3>Wie kommt man<\/h3>\n<p>[\/et_pb_text][\/et_pb_column][\/et_pb_row][\/et_pb_section][et_pb_section fb_built=&#8220;1&#8243; _builder_version=&#8220;4.15&#8243; _module_preset=&#8220;default&#8220; background_image=&#8220;https:\/\/turisme.dival.es\/wp-content\/uploads\/2022\/01\/sunset-358553_1920.jpeg&#8220; global_colors_info=&#8220;{}&#8220;][et_pb_row _builder_version=&#8220;4.15&#8243; _module_preset=&#8220;default&#8220; custom_padding=&#8220;8%||8%||true|false&#8220; global_colors_info=&#8220;{}&#8220;][et_pb_column type=&#8220;4_4&#8243; _builder_version=&#8220;4.15&#8243; _module_preset=&#8220;default&#8220; global_colors_info=&#8220;{}&#8220;][et_pb_text _builder_version=&#8220;4.15&#8243; _module_preset=&#8220;default&#8220; header_text_align=&#8220;center&#8220; header_2_text_align=&#8220;center&#8220; header_2_text_color=&#8220;#FFFFFF&#8220; header_2_font_size=&#8220;75px&#8220; global_colors_info=&#8220;{}&#8220;]<\/p>\n<h2>Entdecken Sie unsere Community<\/h2>\n<p>[\/et_pb_text][et_pb_text _builder_version=&#8220;4.15&#8243; _module_preset=&#8220;default&#8220; text_text_color=&#8220;#FFFFFF&#8220; text_font_size=&#8220;18px&#8220; text_orientation=&#8220;center&#8220; hover_enabled=&#8220;0&#8243; global_colors_info=&#8220;{}&#8220; sticky_enabled=&#8220;0&#8243;]<\/p>\n<p>Wir bieten Ihnen mehrere Pl\u00e4ne an<\/p>\n<p>[\/et_pb_text][et_pb_button _builder_version=&#8220;4.15.1&#8243; _module_preset=&#8220;default&#8220; button_text=&#8220;Praktische Information&#8220; button_url=&#8220;https:\/\/turisme.dival.es\/it\/informazioni-pratiche\/&#8220; hover_enabled=&#8220;0&#8243; sticky_enabled=&#8220;0&#8243; button_alignment=&#8220;center&#8220;][\/et_pb_button][\/et_pb_column][\/et_pb_row][\/et_pb_section][et_pb_section fb_built=&#8220;1&#8243; _builder_version=&#8220;4.15.1&#8243; _module_preset=&#8220;default&#8220; hover_enabled=&#8220;0&#8243; global_colors_info=&#8220;{}&#8220; disabled_on=&#8220;off|off|off&#8220; custom_margin=&#8220;||0px||false|false&#8220; custom_padding=&#8220;||0px||false|false&#8220; sticky_enabled=&#8220;0&#8243;][et_pb_row _builder_version=&#8220;4.15&#8243; _module_preset=&#8220;default&#8220; hover_enabled=&#8220;0&#8243; global_colors_info=&#8220;{}&#8220; sticky_enabled=&#8220;0&#8243;][et_pb_column type=&#8220;4_4&#8243; _builder_version=&#8220;4.15&#8243; _module_preset=&#8220;default&#8220; global_colors_info=&#8220;{}&#8220;][\/et_pb_column][\/et_pb_row][\/et_pb_section][et_pb_section fb_built=&#8220;1&#8243; disabled_on=&#8220;on|on|on&#8220; _builder_version=&#8220;4.15&#8243; _module_preset=&#8220;default&#8220; disabled=&#8220;on&#8220; global_colors_info=&#8220;{}&#8220;][et_pb_row _builder_version=&#8220;4.15&#8243; _module_preset=&#8220;default&#8220; global_colors_info=&#8220;{}&#8220;][et_pb_column type=&#8220;4_4&#8243; _builder_version=&#8220;4.15&#8243; _module_preset=&#8220;default&#8220; global_colors_info=&#8220;{}&#8220;][et_pb_text _builder_version=&#8220;4.15&#8243; _module_preset=&#8220;default&#8220; header_3_font=&#8220;|600|||||||&#8220; header_3_font_size=&#8220;33px&#8220; global_colors_info=&#8220;{}&#8220;]<\/p>\n<h3>Informationen von Interesse<\/h3>\n<p>[\/et_pb_text][\/et_pb_column][\/et_pb_row][et_pb_row column_structure=&#8220;1_3,1_3,1_3&#8243; use_custom_gutter=&#8220;on&#8220; gutter_width=&#8220;2&#8243; make_equal=&#8220;on&#8220; _builder_version=&#8220;4.15&#8243; _module_preset=&#8220;default&#8220; global_colors_info=&#8220;{}&#8220;][et_pb_column type=&#8220;1_3&#8243; _builder_version=&#8220;4.15&#8243; _module_preset=&#8220;default&#8220; global_colors_info=&#8220;{}&#8220;][et_pb_text admin_label=&#8220;Oficinas de turismo&#8220; module_class=&#8220;section_planifica&#8220; _builder_version=&#8220;4.15&#8243; _module_preset=&#8220;default&#8220; header_3_text_align=&#8220;center&#8220; header_3_text_color=&#8220;#FFFFFF&#8220; header_3_font_size=&#8220;37px&#8220; background_image=&#8220;https:\/\/turisme.dival.es\/wp-content\/uploads\/2021\/07\/oficina_de_turismo.jpg&#8220; global_colors_info=&#8220;{}&#8220;]<\/p>\n<h3>Tourismusb\u00fcros<\/h3>\n<p>[\/et_pb_text][\/et_pb_column][et_pb_column type=&#8220;1_3&#8243; _builder_version=&#8220;4.15&#8243; _module_preset=&#8220;default&#8220; global_colors_info=&#8220;{}&#8220;][et_pb_text admin_label=&#8220;Agencias  de viaje&#8220; module_class=&#8220;section_planifica&#8220; _builder_version=&#8220;4.15&#8243; _module_preset=&#8220;default&#8220; header_3_text_align=&#8220;center&#8220; header_3_text_color=&#8220;#FFFFFF&#8220; header_3_font_size=&#8220;37px&#8220; background_image=&#8220;https:\/\/turisme.dival.es\/wp-content\/uploads\/2021\/07\/Agencias_de_viaje.jpg&#8220; global_colors_info=&#8220;{}&#8220;]<\/p>\n<h3>Reiseagenturen<\/h3>\n<p>[\/et_pb_text][\/et_pb_column][et_pb_column type=&#8220;1_3&#8243; _builder_version=&#8220;4.15&#8243; _module_preset=&#8220;default&#8220; global_colors_info=&#8220;{}&#8220;][et_pb_text admin_label=&#8220;App\u00b4s&#8220; module_class=&#8220;section_planifica&#8220; _builder_version=&#8220;4.15&#8243; _module_preset=&#8220;default&#8220; header_3_text_align=&#8220;center&#8220; header_3_text_color=&#8220;#FFFFFF&#8220; header_3_font_size=&#8220;37px&#8220; background_image=&#8220;https:\/\/turisme.dival.es\/wp-content\/uploads\/2021\/07\/Apps.jpg&#8220; global_colors_info=&#8220;{}&#8220;]<\/p>\n<h3>App\u00b4s<\/h3>\n<p>[\/et_pb_text][\/et_pb_column][\/et_pb_row][\/et_pb_section]<\/p>\n","protected":false},"excerpt":{"rendered":"<p>Kommen Sie nach Valencia und genie\u00dfen Sie Tausende von Etagen. Du Kommst?    <div class=\"parent-migas\" style=\"background-color:#f2ad00;\"><div class=\"container-migas-plantilla\">\n    <!-- Breadcrumb NavXT 7.3.1 -->\n<span property=\"itemListElement\" typeof=\"ListItem\"><a property=\"item\" typeof=\"WebPage\" title=\"Gehe zu Valencia Turismo.\" href=\"https:\/\/turisme.dival.es\/de\/\" class=\"home\" aria-current=\"page\"><span property=\"name\">Valencia Turismo<\/span><\/a><meta property=\"position\" content=\"1\"><\/span>    <\/div><\/div>\n    Planen Sie Ihren UrlaubHier k\u00f6nnen Sie Ihren Urlaub planen, Sie finden alles, was Sie brauchen, um nach Valencia zu kommen und einen wunderbaren Aufenthalt zu genie\u00dfen: Unterk\u00fcnfte aller Art, Hotels, Pensionen, Hostels, Bauernh\u00e4user oder Campingpl\u00e4tze, wo Sie sich ausruhen und schlafen k\u00f6nnen; Restaurants, in [&hellip;]<\/p>\n","protected":false},"author":1,"featured_media":0,"parent":0,"menu_order":0,"comment_status":"closed","ping_status":"closed","template":"","meta":{"_acf_changed":false,"_et_pb_use_builder":"on","_et_pb_old_content":"","_et_gb_content_width":"","footnotes":""},"class_list":["post-131227","page","type-page","status-publish","hentry"],"acf":[],"yoast_head":"<!-- This site is optimized with the Yoast SEO plugin v23.0 - https:\/\/yoast.com\/wordpress\/plugins\/seo\/ -->\n<title>Planen Sie Ihr Erlebnis in Valencia | Valencia Tourismus<\/title>\n<meta name=\"description\" content=\"Kommen Sie nach Valencia, genie\u00dfen Sie verschiedene Pl\u00e4ne und Erlebnisse, haben Sie Spa\u00df, lernen Sie unsere Provinz kennen und verpassen Sie nichts.\" \/>\n<meta name=\"robots\" content=\"index, follow, max-snippet:-1, max-image-preview:large, max-video-preview:-1\" \/>\n<link rel=\"canonical\" href=\"https:\/\/turisme.dival.es\/planifica-tu-experiencia\/\" \/>\n<meta property=\"og:locale\" content=\"de_DE\" \/>\n<meta property=\"og:type\" content=\"article\" \/>\n<meta property=\"og:title\" content=\"Planen Sie Ihr Erlebnis in Valencia | Valencia Tourismus\" \/>\n<meta property=\"og:description\" content=\"Kommen Sie nach Valencia, genie\u00dfen Sie verschiedene Pl\u00e4ne und Erlebnisse, haben Sie Spa\u00df, lernen Sie unsere Provinz kennen und verpassen Sie nichts.\" \/>\n<meta property=\"og:url\" content=\"https:\/\/turisme.dival.es\/planifica-tu-experiencia\/\" \/>\n<meta property=\"og:site_name\" content=\"Valencia Turismo\" \/>\n<meta property=\"article:modified_time\" content=\"2024-05-05T20:59:33+00:00\" \/>\n<meta name=\"twitter:card\" content=\"summary_large_image\" \/>\n<meta name=\"twitter:label1\" content=\"Gesch\u00e4tzte Lesezeit\" \/>\n\t<meta name=\"twitter:data1\" content=\"7\u00a0Minuten\" \/>\n<script type=\"application\/ld+json\" class=\"yoast-schema-graph\">{\"@context\":\"https:\/\/schema.org\",\"@graph\":[{\"@type\":\"WebPage\",\"@id\":\"https:\/\/turisme.dival.es\/planifica-tu-experiencia\/\",\"url\":\"https:\/\/turisme.dival.es\/planifica-tu-experiencia\/\",\"name\":\"Planen Sie Ihr Erlebnis in Valencia | Valencia Tourismus\",\"isPartOf\":{\"@id\":\"https:\/\/turisme.dival.es\/#website\"},\"datePublished\":\"2024-05-05T20:59:29+00:00\",\"dateModified\":\"2024-05-05T20:59:33+00:00\",\"description\":\"Kommen Sie nach Valencia, genie\u00dfen Sie verschiedene Pl\u00e4ne und Erlebnisse, haben Sie Spa\u00df, lernen Sie unsere Provinz kennen und verpassen Sie nichts.\",\"inLanguage\":\"de\",\"potentialAction\":[{\"@type\":\"ReadAction\",\"target\":[\"https:\/\/turisme.dival.es\/planifica-tu-experiencia\/\"]}]},{\"@type\":\"WebSite\",\"@id\":\"https:\/\/turisme.dival.es\/#website\",\"url\":\"https:\/\/turisme.dival.es\/\",\"name\":\"valenciaturismo.com.mialias.net\",\"description\":\"\",\"potentialAction\":[{\"@type\":\"SearchAction\",\"target\":{\"@type\":\"EntryPoint\",\"urlTemplate\":\"https:\/\/turisme.dival.es\/?s={search_term_string}\"},\"query-input\":\"required name=search_term_string\"}],\"inLanguage\":\"de\"}]}<\/script>\n<!-- \/ Yoast SEO plugin. -->","yoast_head_json":{"title":"Planen Sie Ihr Erlebnis in Valencia | Valencia Tourismus","description":"Kommen Sie nach Valencia, genie\u00dfen Sie verschiedene Pl\u00e4ne und Erlebnisse, haben Sie Spa\u00df, lernen Sie unsere Provinz kennen und verpassen Sie nichts.","robots":{"index":"index","follow":"follow","max-snippet":"max-snippet:-1","max-image-preview":"max-image-preview:large","max-video-preview":"max-video-preview:-1"},"canonical":"https:\/\/turisme.dival.es\/planifica-tu-experiencia\/","og_locale":"de_DE","og_type":"article","og_title":"Planen Sie Ihr Erlebnis in Valencia | Valencia Tourismus","og_description":"Kommen Sie nach Valencia, genie\u00dfen Sie verschiedene Pl\u00e4ne und Erlebnisse, haben Sie Spa\u00df, lernen Sie unsere Provinz kennen und verpassen Sie nichts.","og_url":"https:\/\/turisme.dival.es\/planifica-tu-experiencia\/","og_site_name":"Valencia Turismo","article_modified_time":"2024-05-05T20:59:33+00:00","twitter_card":"summary_large_image","twitter_misc":{"Gesch\u00e4tzte Lesezeit":"7\u00a0Minuten"},"schema":{"@context":"https:\/\/schema.org","@graph":[{"@type":"WebPage","@id":"https:\/\/turisme.dival.es\/planifica-tu-experiencia\/","url":"https:\/\/turisme.dival.es\/planifica-tu-experiencia\/","name":"Planen Sie Ihr Erlebnis in Valencia | Valencia Tourismus","isPartOf":{"@id":"https:\/\/turisme.dival.es\/#website"},"datePublished":"2024-05-05T20:59:29+00:00","dateModified":"2024-05-05T20:59:33+00:00","description":"Kommen Sie nach Valencia, genie\u00dfen Sie verschiedene Pl\u00e4ne und Erlebnisse, haben Sie Spa\u00df, lernen Sie unsere Provinz kennen und verpassen Sie nichts.","inLanguage":"de","potentialAction":[{"@type":"ReadAction","target":["https:\/\/turisme.dival.es\/planifica-tu-experiencia\/"]}]},{"@type":"WebSite","@id":"https:\/\/turisme.dival.es\/#website","url":"https:\/\/turisme.dival.es\/","name":"valenciaturismo.com.mialias.net","description":"","potentialAction":[{"@type":"SearchAction","target":{"@type":"EntryPoint","urlTemplate":"https:\/\/turisme.dival.es\/?s={search_term_string}"},"query-input":"required name=search_term_string"}],"inLanguage":"de"}]}},"_links":{"self":[{"href":"https:\/\/turisme.dival.es\/de\/wp-json\/wp\/v2\/pages\/131227","targetHints":{"allow":["GET"]}}],"collection":[{"href":"https:\/\/turisme.dival.es\/de\/wp-json\/wp\/v2\/pages"}],"about":[{"href":"https:\/\/turisme.dival.es\/de\/wp-json\/wp\/v2\/types\/page"}],"author":[{"embeddable":true,"href":"https:\/\/turisme.dival.es\/de\/wp-json\/wp\/v2\/users\/1"}],"replies":[{"embeddable":true,"href":"https:\/\/turisme.dival.es\/de\/wp-json\/wp\/v2\/comments?post=131227"}],"version-history":[{"count":2,"href":"https:\/\/turisme.dival.es\/de\/wp-json\/wp\/v2\/pages\/131227\/revisions"}],"predecessor-version":[{"id":131229,"href":"https:\/\/turisme.dival.es\/de\/wp-json\/wp\/v2\/pages\/131227\/revisions\/131229"}],"wp:attachment":[{"href":"https:\/\/turisme.dival.es\/de\/wp-json\/wp\/v2\/media?parent=131227"}],"curies":[{"name":"wp","href":"https:\/\/api.w.org\/{rel}","templated":true}]}}