{"id":131158,"date":"2024-05-05T17:17:53","date_gmt":"2024-05-05T17:17:53","guid":{"rendered":"https:\/\/turisme.dival.es\/so-bewegen-sie-sich\/"},"modified":"2024-05-05T17:17:57","modified_gmt":"2024-05-05T17:17:57","slug":"so-bewegen-sie-sich","status":"publish","type":"page","link":"https:\/\/turisme.dival.es\/de\/so-bewegen-sie-sich\/","title":{"rendered":"So bewegen Sie sich"},"content":{"rendered":"<p>[et_pb_section fb_built=&#8220;1&#8243; _builder_version=&#8220;4.15&#8243; custom_margin=&#8220;0px||0px||false|false&#8220; custom_padding=&#8220;0px||0px||false|false&#8220; locked=&#8220;off&#8220; global_colors_info=&#8220;{}&#8220;][et_pb_row _builder_version=&#8220;4.15&#8243; background_size=&#8220;initial&#8220; background_position=&#8220;top_left&#8220; background_repeat=&#8220;repeat&#8220; width=&#8220;100%&#8220; max_width=&#8220;100%&#8220; custom_margin=&#8220;0px||0px||false|false&#8220; custom_padding=&#8220;0px||0px||false|false&#8220; global_colors_info=&#8220;{}&#8220;][et_pb_column type=&#8220;4_4&#8243; _builder_version=&#8220;4.15&#8243; _module_preset=&#8220;default&#8220; global_colors_info=&#8220;{}&#8220;][et_pb_slider show_pagination=&#8220;off&#8220; _builder_version=&#8220;4.15.1&#8243; _module_preset=&#8220;default&#8220; min_height=&#8220;300px&#8220; global_colors_info=&#8220;{}&#8220;][et_pb_slide heading=&#8220;So bewegen Sie sich&#8220; _builder_version=&#8220;4.15.1&#8243; _module_preset=&#8220;default&#8220; body_font=&#8220;|||on|||||&#8220; background_image=&#8220;https:\/\/turisme.dival.es\/wp-content\/uploads\/2021\/10\/COMO-LLEGAR1920.jpg&#8220; background_enable_image=&#8220;on&#8220; global_colors_info=&#8220;{}&#8220; sticky_transition=&#8220;on&#8220;]Die Anreise nach Valencia ist einfach, w\u00e4hlen Sie das beste Transportmittel[\/et_pb_slide][\/et_pb_slider][\/et_pb_column][\/et_pb_row][\/et_pb_section][et_pb_section fb_built=&#8220;1&#8243; admin_label=&#8220;intro page&#8220; _builder_version=&#8220;4.15&#8243; _module_preset=&#8220;default&#8220; custom_margin=&#8220;||0px||false|false&#8220; custom_padding=&#8220;20px||0px||false|false&#8220; locked=&#8220;off&#8220; global_colors_info=&#8220;{}&#8220;][et_pb_row column_structure=&#8220;1_5,3_5,1_5&#8243; _builder_version=&#8220;4.15&#8243; _module_preset=&#8220;default&#8220; global_colors_info=&#8220;{}&#8220;][et_pb_column type=&#8220;1_5&#8243; _builder_version=&#8220;4.15&#8243; _module_preset=&#8220;default&#8220; global_colors_info=&#8220;{}&#8220;][\/et_pb_column][et_pb_column type=&#8220;3_5&#8243; _builder_version=&#8220;4.15&#8243; _module_preset=&#8220;default&#8220; global_colors_info=&#8220;{}&#8220;][et_pb_divider color=&#8220;RGBA(0,0,0,0)&#8220; admin_label=&#8220;Divider&#8220; _builder_version=&#8220;4.15&#8243; _module_preset=&#8220;default&#8220; background_color=&#8220;#9b861b&#8220; width=&#8220;70px&#8220; module_alignment=&#8220;center&#8220; height=&#8220;6px&#8220; locked=&#8220;off&#8220; global_colors_info=&#8220;{}&#8220;][\/et_pb_divider][et_pb_text admin_label=&#8220;Titulo&#8220; _builder_version=&#8220;4.15.1&#8243; _module_preset=&#8220;default&#8220; text_font_size=&#8220;18px&#8220; header_text_align=&#8220;center&#8220; header_font_size=&#8220;37px&#8220; text_orientation=&#8220;center&#8220; global_colors_info=&#8220;{}&#8220;]<\/p>\n<h1>Wie kommt man<\/h1>\n<p>[\/et_pb_text][et_pb_text _builder_version=&#8220;4.15.1&#8243; _module_preset=&#8220;default&#8220; text_font_size=&#8220;18px&#8220; header_text_align=&#8220;center&#8220; header_font_size=&#8220;37px&#8220; text_orientation=&#8220;center&#8220; global_colors_info=&#8220;{}&#8220;]<\/p>\n<p>Als drittgr\u00f6\u00dfte Stadt Spaniens verf\u00fcgt Valencia \u00fcber eine gute Infrastruktur und Verkehrsanbindung, die einen m\u00fchelosen Zugang zur Hauptstadt und ihren wichtigsten Gemeinden erm\u00f6glichen. Dar\u00fcber hinaus verf\u00fcgt die Provinz \u00fcber ein Nahverkehrsnetz (Bahn und Bus), das die meisten Gemeinden bequem und unkompliziert miteinander verbindet. <a href=\"https:\/\/www.google.es\/maps\/@39.4755174,-0.3654215,15z\" target=\"_blank\" rel=\"noopener\">https:\/\/www.google.es\/maps\/@39.4755174,-0.3654215,15z<\/a><\/p>\n<p>[\/et_pb_text][\/et_pb_column][et_pb_column type=&#8220;1_5&#8243; _builder_version=&#8220;4.15&#8243; _module_preset=&#8220;default&#8220; global_colors_info=&#8220;{}&#8220;][\/et_pb_column][\/et_pb_row][\/et_pb_section][et_pb_section fb_built=&#8220;1&#8243; _builder_version=&#8220;4.15&#8243; _module_preset=&#8220;default&#8220; locked=&#8220;off&#8220; global_colors_info=&#8220;{}&#8220;][et_pb_row column_structure=&#8220;1_3,1_3,1_3&#8243; use_custom_gutter=&#8220;on&#8220; gutter_width=&#8220;2&#8243; make_equal=&#8220;on&#8220; _builder_version=&#8220;4.15&#8243; _module_preset=&#8220;default&#8220; custom_padding=&#8220;||0px||false|false&#8220; locked=&#8220;off&#8220; global_colors_info=&#8220;{}&#8220;][et_pb_column type=&#8220;1_3&#8243; _builder_version=&#8220;4.15&#8243; _module_preset=&#8220;default&#8220; global_colors_info=&#8220;{}&#8220;][et_pb_text admin_label=&#8220;Por carretera&#8220; module_class=&#8220;section_planifica&#8220; _builder_version=&#8220;4.15.1&#8243; _module_preset=&#8220;default&#8220; header_3_text_align=&#8220;center&#8220; header_3_text_color=&#8220;#FFFFFF&#8220; header_3_font_size=&#8220;32px&#8220; background_image=&#8220;https:\/\/turisme.dival.es\/wp-content\/uploads\/2021\/10\/sky-3087767_1920.jpeg&#8220; link_option_url=&#8220;https:\/\/turisme.dival.es\/it\/come-muoversi\/in-macchina\/&#8220; link_option_url_new_window=&#8220;on&#8220; global_colors_info=&#8220;{}&#8220; background__hover_enabled=&#8220;on|hover&#8220; background_color__hover=&#8220;rgba(0,0,0,0.3)&#8220; background_enable_color__hover=&#8220;on&#8220;]<\/p>\n<h3>Mit dem Auto:<\/h3>\n<p>[\/et_pb_text][\/et_pb_column][et_pb_column type=&#8220;1_3&#8243; _builder_version=&#8220;4.15&#8243; _module_preset=&#8220;default&#8220; global_colors_info=&#8220;{}&#8220;][et_pb_text admin_label=&#8220;Por tren&#8220; module_class=&#8220;section_planifica&#8220; _builder_version=&#8220;4.15.1&#8243; _module_preset=&#8220;default&#8220; header_3_text_align=&#8220;center&#8220; header_3_text_color=&#8220;#FFFFFF&#8220; header_3_font_size=&#8220;32px&#8220; background_image=&#8220;https:\/\/turisme.dival.es\/wp-content\/uploads\/2021\/10\/estaciondelnortevalencia.jpeg&#8220; link_option_url=&#8220;https:\/\/turisme.dival.es\/it\/come-muoversi\/con-i-mezzi-pubblici\/&#8220; link_option_url_new_window=&#8220;on&#8220; hover_enabled=&#8220;0&#8243; global_colors_info=&#8220;{}&#8220; background__hover_enabled=&#8220;on|hover&#8220; background_color__hover=&#8220;rgba(0,0,0,0.2)&#8220; background_enable_color__hover=&#8220;on&#8220; sticky_enabled=&#8220;0&#8243;]<\/p>\n<h3>Mit \u00f6ffentlichen Verkehrsmitteln<\/h3>\n<p>[\/et_pb_text][\/et_pb_column][et_pb_column type=&#8220;1_3&#8243; _builder_version=&#8220;4.15&#8243; _module_preset=&#8220;default&#8220; global_colors_info=&#8220;{}&#8220;][et_pb_text admin_label=&#8220;Por avi\u00f3n&#8220; module_class=&#8220;section_planifica&#8220; _builder_version=&#8220;4.15.1&#8243; _module_preset=&#8220;default&#8220; header_3_text_align=&#8220;center&#8220; header_3_text_color=&#8220;#FFFFFF&#8220; header_3_font_size=&#8220;32px&#8220; background_image=&#8220;https:\/\/turisme.dival.es\/wp-content\/uploads\/2021\/10\/aeropuerto-manises-valencia.jpeg&#8220; link_option_url=&#8220;https:\/\/turisme.dival.es\/it\/in-aereo\/&#8220; global_colors_info=&#8220;{}&#8220; background__hover_enabled=&#8220;on|hover&#8220; background_color__hover=&#8220;rgba(0,0,0,0.2)&#8220; background_enable_color__hover=&#8220;on&#8220;]<\/p>\n<h3>Mit dem Flugzeug:<\/h3>\n<p>[\/et_pb_text][\/et_pb_column][\/et_pb_row][\/et_pb_section]<\/p>\n","protected":false},"excerpt":{"rendered":"<p>Die Anreise nach Valencia ist einfach, w\u00e4hlen Sie das beste TransportmittelWie kommt manAls drittgr\u00f6\u00dfte Stadt Spaniens verf\u00fcgt Valencia \u00fcber eine gute Infrastruktur und Verkehrsanbindung, die einen m\u00fchelosen Zugang zur Hauptstadt und ihren wichtigsten Gemeinden erm\u00f6glichen. Dar\u00fcber hinaus verf\u00fcgt die Provinz \u00fcber ein Nahverkehrsnetz (Bahn und Bus), das die meisten Gemeinden bequem und unkompliziert miteinander verbindet. [&hellip;]<\/p>\n","protected":false},"author":1,"featured_media":0,"parent":0,"menu_order":0,"comment_status":"closed","ping_status":"closed","template":"","meta":{"_acf_changed":false,"_et_pb_use_builder":"on","_et_pb_old_content":"","_et_gb_content_width":"","footnotes":""},"class_list":["post-131158","page","type-page","status-publish","hentry"],"acf":[],"yoast_head":"<!-- This site is optimized with the Yoast SEO plugin v23.0 - https:\/\/yoast.com\/wordpress\/plugins\/seo\/ -->\n<title>So bewegen Sie sich &#060; Valencia Turismo<\/title>\n<meta name=\"robots\" content=\"index, follow, max-snippet:-1, max-image-preview:large, max-video-preview:-1\" \/>\n<link rel=\"canonical\" href=\"https:\/\/turisme.dival.es\/como-llegar\/\" \/>\n<meta property=\"og:locale\" content=\"de_DE\" \/>\n<meta property=\"og:type\" content=\"article\" \/>\n<meta property=\"og:title\" content=\"So bewegen Sie sich &#060; Valencia Turismo\" \/>\n<meta property=\"og:description\" content=\"Die Anreise nach Valencia ist einfach, w\u00e4hlen Sie das beste TransportmittelWie kommt manAls drittgr\u00f6\u00dfte Stadt Spaniens verf\u00fcgt Valencia \u00fcber eine gute Infrastruktur und Verkehrsanbindung, die einen m\u00fchelosen Zugang zur Hauptstadt und ihren wichtigsten Gemeinden erm\u00f6glichen. Dar\u00fcber hinaus verf\u00fcgt die Provinz \u00fcber ein Nahverkehrsnetz (Bahn und Bus), das die meisten Gemeinden bequem und unkompliziert miteinander verbindet. [&hellip;]\" \/>\n<meta property=\"og:url\" content=\"https:\/\/turisme.dival.es\/como-llegar\/\" \/>\n<meta property=\"og:site_name\" content=\"Valencia Turismo\" \/>\n<meta property=\"article:modified_time\" content=\"2024-05-05T17:17:57+00:00\" \/>\n<meta name=\"twitter:card\" content=\"summary_large_image\" \/>\n<meta name=\"twitter:label1\" content=\"Gesch\u00e4tzte Lesezeit\" \/>\n\t<meta name=\"twitter:data1\" content=\"4\u00a0Minuten\" \/>\n<script type=\"application\/ld+json\" class=\"yoast-schema-graph\">{\"@context\":\"https:\/\/schema.org\",\"@graph\":[{\"@type\":\"WebPage\",\"@id\":\"https:\/\/turisme.dival.es\/como-llegar\/\",\"url\":\"https:\/\/turisme.dival.es\/como-llegar\/\",\"name\":\"So bewegen Sie sich &#060; Valencia Turismo\",\"isPartOf\":{\"@id\":\"https:\/\/turisme.dival.es\/#website\"},\"datePublished\":\"2024-05-05T17:17:53+00:00\",\"dateModified\":\"2024-05-05T17:17:57+00:00\",\"inLanguage\":\"de\",\"potentialAction\":[{\"@type\":\"ReadAction\",\"target\":[\"https:\/\/turisme.dival.es\/como-llegar\/\"]}]},{\"@type\":\"WebSite\",\"@id\":\"https:\/\/turisme.dival.es\/#website\",\"url\":\"https:\/\/turisme.dival.es\/\",\"name\":\"valenciaturismo.com.mialias.net\",\"description\":\"\",\"potentialAction\":[{\"@type\":\"SearchAction\",\"target\":{\"@type\":\"EntryPoint\",\"urlTemplate\":\"https:\/\/turisme.dival.es\/?s={search_term_string}\"},\"query-input\":\"required name=search_term_string\"}],\"inLanguage\":\"de\"}]}<\/script>\n<!-- \/ Yoast SEO plugin. -->","yoast_head_json":{"title":"So bewegen Sie sich &#060; Valencia Turismo","robots":{"index":"index","follow":"follow","max-snippet":"max-snippet:-1","max-image-preview":"max-image-preview:large","max-video-preview":"max-video-preview:-1"},"canonical":"https:\/\/turisme.dival.es\/como-llegar\/","og_locale":"de_DE","og_type":"article","og_title":"So bewegen Sie sich &#060; Valencia Turismo","og_description":"Die Anreise nach Valencia ist einfach, w\u00e4hlen Sie das beste TransportmittelWie kommt manAls drittgr\u00f6\u00dfte Stadt Spaniens verf\u00fcgt Valencia \u00fcber eine gute Infrastruktur und Verkehrsanbindung, die einen m\u00fchelosen Zugang zur Hauptstadt und ihren wichtigsten Gemeinden erm\u00f6glichen. Dar\u00fcber hinaus verf\u00fcgt die Provinz \u00fcber ein Nahverkehrsnetz (Bahn und Bus), das die meisten Gemeinden bequem und unkompliziert miteinander verbindet. [&hellip;]","og_url":"https:\/\/turisme.dival.es\/como-llegar\/","og_site_name":"Valencia Turismo","article_modified_time":"2024-05-05T17:17:57+00:00","twitter_card":"summary_large_image","twitter_misc":{"Gesch\u00e4tzte Lesezeit":"4\u00a0Minuten"},"schema":{"@context":"https:\/\/schema.org","@graph":[{"@type":"WebPage","@id":"https:\/\/turisme.dival.es\/como-llegar\/","url":"https:\/\/turisme.dival.es\/como-llegar\/","name":"So bewegen Sie sich &#060; Valencia Turismo","isPartOf":{"@id":"https:\/\/turisme.dival.es\/#website"},"datePublished":"2024-05-05T17:17:53+00:00","dateModified":"2024-05-05T17:17:57+00:00","inLanguage":"de","potentialAction":[{"@type":"ReadAction","target":["https:\/\/turisme.dival.es\/como-llegar\/"]}]},{"@type":"WebSite","@id":"https:\/\/turisme.dival.es\/#website","url":"https:\/\/turisme.dival.es\/","name":"valenciaturismo.com.mialias.net","description":"","potentialAction":[{"@type":"SearchAction","target":{"@type":"EntryPoint","urlTemplate":"https:\/\/turisme.dival.es\/?s={search_term_string}"},"query-input":"required name=search_term_string"}],"inLanguage":"de"}]}},"_links":{"self":[{"href":"https:\/\/turisme.dival.es\/de\/wp-json\/wp\/v2\/pages\/131158","targetHints":{"allow":["GET"]}}],"collection":[{"href":"https:\/\/turisme.dival.es\/de\/wp-json\/wp\/v2\/pages"}],"about":[{"href":"https:\/\/turisme.dival.es\/de\/wp-json\/wp\/v2\/types\/page"}],"author":[{"embeddable":true,"href":"https:\/\/turisme.dival.es\/de\/wp-json\/wp\/v2\/users\/1"}],"replies":[{"embeddable":true,"href":"https:\/\/turisme.dival.es\/de\/wp-json\/wp\/v2\/comments?post=131158"}],"version-history":[{"count":2,"href":"https:\/\/turisme.dival.es\/de\/wp-json\/wp\/v2\/pages\/131158\/revisions"}],"predecessor-version":[{"id":131164,"href":"https:\/\/turisme.dival.es\/de\/wp-json\/wp\/v2\/pages\/131158\/revisions\/131164"}],"wp:attachment":[{"href":"https:\/\/turisme.dival.es\/de\/wp-json\/wp\/v2\/media?parent=131158"}],"curies":[{"name":"wp","href":"https:\/\/api.w.org\/{rel}","templated":true}]}}