{"id":67611,"date":"2021-08-13T10:13:19","date_gmt":"2021-08-13T10:13:19","guid":{"rendered":"https:\/\/turisme.dival.es\/planifica-la-teua-experiencia\/gastronomia\/"},"modified":"2022-05-24T09:09:26","modified_gmt":"2022-05-24T09:09:26","slug":"gastronomia","status":"publish","type":"page","link":"https:\/\/turisme.dival.es\/ca\/planifica-la-teua-experiencia\/gastronomia\/","title":{"rendered":"Gastronomia"},"content":{"rendered":"<p>[et_pb_section fb_built=&#8221;1&#8243; _builder_version=&#8221;4.15&#8243; custom_padding=&#8221;0px||0px||true|false&#8221; global_colors_info=&#8221;{}&#8221;][et_pb_row _builder_version=&#8221;4.15&#8243; background_size=&#8221;initial&#8221; background_position=&#8221;top_left&#8221; background_repeat=&#8221;repeat&#8221; width=&#8221;100%&#8221; max_width=&#8221;100%&#8221; custom_padding=&#8221;0px||0px||true|false&#8221; global_colors_info=&#8221;{}&#8221;][et_pb_column type=&#8221;4_4&#8243; _builder_version=&#8221;4.15&#8243; _module_preset=&#8221;default&#8221; global_colors_info=&#8221;{}&#8221;][et_pb_slider show_pagination=&#8221;off&#8221; _builder_version=&#8221;4.15.1&#8243; _module_preset=&#8221;default&#8221; height=&#8221;300px&#8221; hover_enabled=&#8221;0&#8243; global_colors_info=&#8221;{}&#8221; sticky_enabled=&#8221;0&#8243;][et_pb_slide _builder_version=&#8221;4.15.1&#8243; _module_preset=&#8221;default&#8221; hover_enabled=&#8221;0&#8243; global_colors_info=&#8221;{}&#8221; sticky_transition=&#8221;on&#8221; title_text=&#8221;menu-rice-foodie-lifestyle-arroz&#8221; background_image=&#8221;https:\/\/turisme.dival.es\/wp-content\/uploads\/2022\/01\/menu-rice-foodie-lifestyle-arroz-scaled.jpeg&#8221; background_enable_image=&#8221;on&#8221; sticky_enabled=&#8221;0&#8243;][\/et_pb_slide][\/et_pb_slider][\/et_pb_column][\/et_pb_row][\/et_pb_section][et_pb_section fb_built=&#8221;1&#8243; fullwidth=&#8221;on&#8221; admin_label=&#8221;breadcrumbs&#8221; _builder_version=&#8221;4.15&#8243; _module_preset=&#8221;default&#8221; locked=&#8221;off&#8221; collapsed=&#8221;off&#8221; global_colors_info=&#8221;{}&#8221;][et_pb_fullwidth_code _builder_version=&#8221;4.15&#8243; _module_preset=&#8221;default&#8221; global_colors_info=&#8221;{}&#8221;]    <div class=\"parent-migas\" style=\"background-color:#f2ad00;\"><div class=\"container-migas-plantilla\">\n    <!-- Breadcrumb NavXT 7.3.1 -->\n<span property=\"itemListElement\" typeof=\"ListItem\"><a property=\"item\" typeof=\"WebPage\" title=\"Go to Valencia Turismo.\" href=\"https:\/\/turisme.dival.es\/ca\/\" class=\"home\" aria-current=\"page\"><span property=\"name\">Valencia Turismo<\/span><\/a><meta property=\"position\" content=\"1\"><\/span>    <\/div><\/div>\n    [\/et_pb_fullwidth_code][\/et_pb_section][et_pb_section fb_built=&#8221;1&#8243; admin_label=&#8221;intro page&#8221; _builder_version=&#8221;4.15&#8243; _module_preset=&#8221;default&#8221; custom_margin=&#8221;||0px||false|false&#8221; custom_padding=&#8221;20px||0px||false|false&#8221; locked=&#8221;off&#8221; global_colors_info=&#8221;{}&#8221;][et_pb_row column_structure=&#8221;1_5,3_5,1_5&#8243; _builder_version=&#8221;4.15&#8243; _module_preset=&#8221;default&#8221; global_colors_info=&#8221;{}&#8221;][et_pb_column type=&#8221;1_5&#8243; _builder_version=&#8221;4.15&#8243; _module_preset=&#8221;default&#8221; global_colors_info=&#8221;{}&#8221;][\/et_pb_column][et_pb_column type=&#8221;3_5&#8243; _builder_version=&#8221;4.15&#8243; _module_preset=&#8221;default&#8221; global_colors_info=&#8221;{}&#8221;][et_pb_divider color=&#8221;RGBA(0,0,0,0)&#8221; admin_label=&#8221;Divider&#8221; _builder_version=&#8221;4.15&#8243; _module_preset=&#8221;default&#8221; background_color=&#8221;#E09900&#8243; width=&#8221;70px&#8221; module_alignment=&#8221;center&#8221; height=&#8221;6px&#8221; locked=&#8221;off&#8221; global_colors_info=&#8221;{}&#8221;][\/et_pb_divider][et_pb_text admin_label=&#8221;Titulo&#8221; _builder_version=&#8221;4.15&#8243; _module_preset=&#8221;default&#8221; text_font_size=&#8221;18px&#8221; header_text_align=&#8221;center&#8221; header_font_size=&#8221;37px&#8221; text_orientation=&#8221;center&#8221; global_colors_info=&#8221;{}&#8221;]<\/p>\n<h1>Gastronomia<\/h1>\n<p>[\/et_pb_text][et_pb_text _builder_version=&#8221;4.15.1&#8243; _module_preset=&#8221;default&#8221; text_font_size=&#8221;18px&#8221; header_text_align=&#8221;center&#8221; header_font_size=&#8221;37px&#8221; text_orientation=&#8221;center&#8221; global_colors_info=&#8221;{}&#8221;]<\/p>\n<p>L&#8217;experi\u00e8ncies en gastronomia sens dubte s\u00f3n una de les m\u00e9s buscades en els nostres visitant. La gastronomia valenciana, com a base principal sens dubte, la dieta mediterr\u00e0nia. A la prov\u00edncia de Val\u00e8ncia podem estar orgullosos dels nostres productes, ens sol el tan fam\u00f3s arr\u00f2s sin\u00f3 molts altres que podr\u00e0s descobrir en aquestes experi\u00e8ncies gastron\u00f2miques.<\/p>\n<p>I no ens oblidem dels nostres vins, de gran fama i qualitat, podr\u00e0s visitar les vinyes i gaudir dels seus caldos mentre a l&#8217;una gaudeixes de la nostra gastronomia.<\/p>\n<p>[\/et_pb_text][\/et_pb_column][et_pb_column type=&#8221;1_5&#8243; _builder_version=&#8221;4.15&#8243; _module_preset=&#8221;default&#8221; global_colors_info=&#8221;{}&#8221;][\/et_pb_column][\/et_pb_row][\/et_pb_section][et_pb_section fb_built=&#8221;1&#8243; _builder_version=&#8221;4.15&#8243; _module_preset=&#8221;default&#8221; global_colors_info=&#8221;{}&#8221;][et_pb_row _builder_version=&#8221;4.15&#8243; _module_preset=&#8221;default&#8221; global_colors_info=&#8221;{}&#8221;][et_pb_column type=&#8221;4_4&#8243; _builder_version=&#8221;4.15&#8243; _module_preset=&#8221;default&#8221; global_colors_info=&#8221;{}&#8221;][et_pb_code _builder_version=&#8221;4.15.1&#8243; _module_preset=&#8221;default&#8221; global_colors_info=&#8221;{}&#8221;][\/et_pb_code][\/et_pb_column][\/et_pb_row][\/et_pb_section]<\/p>\n","protected":false},"excerpt":{"rendered":"<p>    <div class=\"parent-migas\" style=\"background-color:#f2ad00;\"><div class=\"container-migas-plantilla\">\n    <!-- Breadcrumb NavXT 7.3.1 -->\n<span property=\"itemListElement\" typeof=\"ListItem\"><a property=\"item\" typeof=\"WebPage\" title=\"Go to Valencia Turismo.\" href=\"https:\/\/turisme.dival.es\/ca\/\" class=\"home\" aria-current=\"page\"><span property=\"name\">Valencia Turismo<\/span><\/a><meta property=\"position\" content=\"1\"><\/span>    <\/div><\/div>\n    GastronomiaL&#8217;experi\u00e8ncies en gastronomia sens dubte s\u00f3n una de les m\u00e9s buscades en els nostres visitant. La gastronomia valenciana, com a base principal sens dubte, la dieta mediterr\u00e0nia. A la prov\u00edncia de Val\u00e8ncia podem estar orgullosos dels nostres productes, ens sol el tan fam\u00f3s arr\u00f2s sin\u00f3 molts altres que podr\u00e0s descobrir en aquestes experi\u00e8ncies gastron\u00f2miques. I [&hellip;]<\/p>\n","protected":false},"author":1,"featured_media":0,"parent":65930,"menu_order":0,"comment_status":"closed","ping_status":"closed","template":"","meta":{"_acf_changed":false,"_et_pb_use_builder":"on","_et_pb_old_content":"","_et_gb_content_width":"","footnotes":""},"class_list":["post-67611","page","type-page","status-publish","hentry"],"acf":[],"yoast_head":"<!-- This site is optimized with the Yoast SEO plugin v23.0 - https:\/\/yoast.com\/wordpress\/plugins\/seo\/ -->\n<title>Gastronomia &#060; Valencia Turismo<\/title>\n<meta name=\"robots\" content=\"index, follow, max-snippet:-1, max-image-preview:large, max-video-preview:-1\" \/>\n<link rel=\"canonical\" href=\"https:\/\/turisme.dival.es\/ca\/planifica-la-teua-experiencia\/gastronomia\/\" \/>\n<meta property=\"og:locale\" content=\"en_US\" \/>\n<meta property=\"og:type\" content=\"article\" \/>\n<meta property=\"og:title\" content=\"Gastronomia &#060; Valencia Turismo\" \/>\n<meta property=\"og:description\" content=\"GastronomiaL&#039;experi\u00e8ncies en gastronomia sens dubte s\u00f3n una de les m\u00e9s buscades en els nostres visitant. La gastronomia valenciana, com a base principal sens dubte, la dieta mediterr\u00e0nia. A la prov\u00edncia de Val\u00e8ncia podem estar orgullosos dels nostres productes, ens sol el tan fam\u00f3s arr\u00f2s sin\u00f3 molts altres que podr\u00e0s descobrir en aquestes experi\u00e8ncies gastron\u00f2miques. I [&hellip;]\" \/>\n<meta property=\"og:url\" content=\"https:\/\/turisme.dival.es\/ca\/planifica-la-teua-experiencia\/gastronomia\/\" \/>\n<meta property=\"og:site_name\" content=\"Valencia Turismo\" \/>\n<meta property=\"article:modified_time\" content=\"2022-05-24T09:09:26+00:00\" \/>\n<meta name=\"twitter:card\" content=\"summary_large_image\" \/>\n<meta name=\"twitter:label1\" content=\"Est. reading time\" \/>\n\t<meta name=\"twitter:data1\" content=\"1 minute\" \/>\n<script type=\"application\/ld+json\" class=\"yoast-schema-graph\">{\"@context\":\"https:\/\/schema.org\",\"@graph\":[{\"@type\":\"WebPage\",\"@id\":\"https:\/\/turisme.dival.es\/ca\/planifica-la-teua-experiencia\/gastronomia\/\",\"url\":\"https:\/\/turisme.dival.es\/ca\/planifica-la-teua-experiencia\/gastronomia\/\",\"name\":\"Gastronomia &#060; Valencia Turismo\",\"isPartOf\":{\"@id\":\"https:\/\/turisme.dival.es\/#website\"},\"datePublished\":\"2021-08-13T10:13:19+00:00\",\"dateModified\":\"2022-05-24T09:09:26+00:00\",\"breadcrumb\":{\"@id\":\"https:\/\/turisme.dival.es\/ca\/planifica-la-teua-experiencia\/gastronomia\/#breadcrumb\"},\"inLanguage\":\"vl\",\"potentialAction\":[{\"@type\":\"ReadAction\",\"target\":[\"https:\/\/turisme.dival.es\/ca\/planifica-la-teua-experiencia\/gastronomia\/\"]}]},{\"@type\":\"BreadcrumbList\",\"@id\":\"https:\/\/turisme.dival.es\/ca\/planifica-la-teua-experiencia\/gastronomia\/#breadcrumb\",\"itemListElement\":[{\"@type\":\"ListItem\",\"position\":1,\"name\":\"Planifica la teua experi\u00e8ncia\",\"item\":\"https:\/\/turisme.dival.es\/ca\/planifica-la-teua-experiencia\/\"},{\"@type\":\"ListItem\",\"position\":2,\"name\":\"Gastronomia\"}]},{\"@type\":\"WebSite\",\"@id\":\"https:\/\/turisme.dival.es\/#website\",\"url\":\"https:\/\/turisme.dival.es\/\",\"name\":\"valenciaturismo.com.mialias.net\",\"description\":\"\",\"potentialAction\":[{\"@type\":\"SearchAction\",\"target\":{\"@type\":\"EntryPoint\",\"urlTemplate\":\"https:\/\/turisme.dival.es\/?s={search_term_string}\"},\"query-input\":\"required name=search_term_string\"}],\"inLanguage\":\"vl\"}]}<\/script>\n<!-- \/ Yoast SEO plugin. -->","yoast_head_json":{"title":"Gastronomia &#060; Valencia Turismo","robots":{"index":"index","follow":"follow","max-snippet":"max-snippet:-1","max-image-preview":"max-image-preview:large","max-video-preview":"max-video-preview:-1"},"canonical":"https:\/\/turisme.dival.es\/ca\/planifica-la-teua-experiencia\/gastronomia\/","og_locale":"en_US","og_type":"article","og_title":"Gastronomia &#060; Valencia Turismo","og_description":"GastronomiaL'experi\u00e8ncies en gastronomia sens dubte s\u00f3n una de les m\u00e9s buscades en els nostres visitant. La gastronomia valenciana, com a base principal sens dubte, la dieta mediterr\u00e0nia. A la prov\u00edncia de Val\u00e8ncia podem estar orgullosos dels nostres productes, ens sol el tan fam\u00f3s arr\u00f2s sin\u00f3 molts altres que podr\u00e0s descobrir en aquestes experi\u00e8ncies gastron\u00f2miques. I [&hellip;]","og_url":"https:\/\/turisme.dival.es\/ca\/planifica-la-teua-experiencia\/gastronomia\/","og_site_name":"Valencia Turismo","article_modified_time":"2022-05-24T09:09:26+00:00","twitter_card":"summary_large_image","twitter_misc":{"Est. reading time":"1 minute"},"schema":{"@context":"https:\/\/schema.org","@graph":[{"@type":"WebPage","@id":"https:\/\/turisme.dival.es\/ca\/planifica-la-teua-experiencia\/gastronomia\/","url":"https:\/\/turisme.dival.es\/ca\/planifica-la-teua-experiencia\/gastronomia\/","name":"Gastronomia &#060; Valencia Turismo","isPartOf":{"@id":"https:\/\/turisme.dival.es\/#website"},"datePublished":"2021-08-13T10:13:19+00:00","dateModified":"2022-05-24T09:09:26+00:00","breadcrumb":{"@id":"https:\/\/turisme.dival.es\/ca\/planifica-la-teua-experiencia\/gastronomia\/#breadcrumb"},"inLanguage":"vl","potentialAction":[{"@type":"ReadAction","target":["https:\/\/turisme.dival.es\/ca\/planifica-la-teua-experiencia\/gastronomia\/"]}]},{"@type":"BreadcrumbList","@id":"https:\/\/turisme.dival.es\/ca\/planifica-la-teua-experiencia\/gastronomia\/#breadcrumb","itemListElement":[{"@type":"ListItem","position":1,"name":"Planifica la teua experi\u00e8ncia","item":"https:\/\/turisme.dival.es\/ca\/planifica-la-teua-experiencia\/"},{"@type":"ListItem","position":2,"name":"Gastronomia"}]},{"@type":"WebSite","@id":"https:\/\/turisme.dival.es\/#website","url":"https:\/\/turisme.dival.es\/","name":"valenciaturismo.com.mialias.net","description":"","potentialAction":[{"@type":"SearchAction","target":{"@type":"EntryPoint","urlTemplate":"https:\/\/turisme.dival.es\/?s={search_term_string}"},"query-input":"required name=search_term_string"}],"inLanguage":"vl"}]}},"_links":{"self":[{"href":"https:\/\/turisme.dival.es\/ca\/wp-json\/wp\/v2\/pages\/67611","targetHints":{"allow":["GET"]}}],"collection":[{"href":"https:\/\/turisme.dival.es\/ca\/wp-json\/wp\/v2\/pages"}],"about":[{"href":"https:\/\/turisme.dival.es\/ca\/wp-json\/wp\/v2\/types\/page"}],"author":[{"embeddable":true,"href":"https:\/\/turisme.dival.es\/ca\/wp-json\/wp\/v2\/users\/1"}],"replies":[{"embeddable":true,"href":"https:\/\/turisme.dival.es\/ca\/wp-json\/wp\/v2\/comments?post=67611"}],"version-history":[{"count":6,"href":"https:\/\/turisme.dival.es\/ca\/wp-json\/wp\/v2\/pages\/67611\/revisions"}],"predecessor-version":[{"id":82090,"href":"https:\/\/turisme.dival.es\/ca\/wp-json\/wp\/v2\/pages\/67611\/revisions\/82090"}],"up":[{"embeddable":true,"href":"https:\/\/turisme.dival.es\/ca\/wp-json\/wp\/v2\/pages\/65930"}],"wp:attachment":[{"href":"https:\/\/turisme.dival.es\/ca\/wp-json\/wp\/v2\/media?parent=67611"}],"curies":[{"name":"wp","href":"https:\/\/api.w.org\/{rel}","templated":true}]}}