{"id":66713,"date":"2021-08-11T11:56:58","date_gmt":"2021-08-11T11:56:58","guid":{"rendered":"https:\/\/turisme.dival.es\/planifica-la-teua-experiencia\/las-mejores-playas-de-valencia\/"},"modified":"2022-05-24T08:15:49","modified_gmt":"2022-05-24T08:15:49","slug":"platges","status":"publish","type":"page","link":"https:\/\/turisme.dival.es\/ca\/planifica-la-teua-experiencia\/platges\/","title":{"rendered":"Platges"},"content":{"rendered":"<p>[et_pb_section fb_built=&#8221;1&#8243; _builder_version=&#8221;4.15&#8243; custom_margin=&#8221;0px||0px||false|false&#8221; custom_padding=&#8221;0px||0px||false|false&#8221; global_colors_info=&#8221;{}&#8221;][et_pb_row _builder_version=&#8221;4.15&#8243; background_size=&#8221;initial&#8221; background_position=&#8221;top_left&#8221; background_repeat=&#8221;repeat&#8221; width=&#8221;100%&#8221; max_width=&#8221;100%&#8221; custom_margin=&#8221;0px||0px||false|false&#8221; custom_padding=&#8221;0px||0px||false|false&#8221; global_colors_info=&#8221;{}&#8221;][et_pb_column type=&#8221;4_4&#8243; _builder_version=&#8221;4.15&#8243; custom_padding=&#8221;|||&#8221; global_colors_info=&#8221;{}&#8221; custom_padding__hover=&#8221;|||&#8221;][et_pb_slider _builder_version=&#8221;4.15&#8243; _module_preset=&#8221;default&#8221; min_height=&#8221;75vh&#8221; global_colors_info=&#8221;{}&#8221;][et_pb_slide heading=&#8221;Platges&#8221; _builder_version=&#8221;4.15&#8243; _module_preset=&#8221;default&#8221; background_image=&#8221;https:\/\/turisme.dival.es\/wp-content\/uploads\/2021\/08\/playas.jpg&#8221; background_enable_image=&#8221;on&#8221; global_colors_info=&#8221;{}&#8221; sticky_transition=&#8221;on&#8221;]<\/p>\n<p>DISFRUTA DE LA M\u00c0GICA LLUM DEL MEDITERRANI<\/p>\n<p>[\/et_pb_slide][\/et_pb_slider][\/et_pb_column][\/et_pb_row][\/et_pb_section][et_pb_section fb_built=&#8221;1&#8243; fullwidth=&#8221;on&#8221; _builder_version=&#8221;4.15&#8243; _module_preset=&#8221;default&#8221; global_colors_info=&#8221;{}&#8221;][et_pb_fullwidth_code _builder_version=&#8221;4.15&#8243; _module_preset=&#8221;default&#8221; global_colors_info=&#8221;{}&#8221;]    <div class=\"parent-migas\" style=\"background-color:#f2ad00;\"><div class=\"container-migas-plantilla\">\n    <!-- Breadcrumb NavXT 7.3.1 -->\n<span property=\"itemListElement\" typeof=\"ListItem\"><a property=\"item\" typeof=\"WebPage\" title=\"Go to Valencia Turismo.\" href=\"https:\/\/turisme.dival.es\/ca\/\" class=\"home\" aria-current=\"page\"><span property=\"name\">Valencia Turismo<\/span><\/a><meta property=\"position\" content=\"1\"><\/span>    <\/div><\/div>\n    [\/et_pb_fullwidth_code][\/et_pb_section][et_pb_section fb_built=&#8221;1&#8243; _builder_version=&#8221;4.15&#8243; _module_preset=&#8221;default&#8221; custom_padding=&#8221;20px||20px||true|false&#8221; global_colors_info=&#8221;{}&#8221;][et_pb_row column_structure=&#8221;1_5,3_5,1_5&#8243; _builder_version=&#8221;4.15&#8243; _module_preset=&#8221;default&#8221; global_colors_info=&#8221;{}&#8221;][et_pb_column type=&#8221;1_5&#8243; _builder_version=&#8221;4.15&#8243; _module_preset=&#8221;default&#8221; global_colors_info=&#8221;{}&#8221;][\/et_pb_column][et_pb_column type=&#8221;3_5&#8243; _builder_version=&#8221;4.15&#8243; _module_preset=&#8221;default&#8221; global_colors_info=&#8221;{}&#8221;][et_pb_divider color=&#8221;RGBA(0,0,0,0)&#8221; admin_label=&#8221;Divider&#8221; _builder_version=&#8221;4.15&#8243; _module_preset=&#8221;default&#8221; background_color=&#8221;#E09900&#8243; width=&#8221;70px&#8221; module_alignment=&#8221;center&#8221; height=&#8221;6px&#8221; locked=&#8221;off&#8221; global_colors_info=&#8221;{}&#8221;][\/et_pb_divider][et_pb_text admin_label=&#8221;Titulo&#8221; _builder_version=&#8221;4.15&#8243; _module_preset=&#8221;default&#8221; text_font_size=&#8221;18px&#8221; header_text_align=&#8221;center&#8221; header_font_size=&#8221;37px&#8221; text_orientation=&#8221;center&#8221; global_colors_info=&#8221;{}&#8221;]<\/p>\n<h1>Platges<\/h1>\n<p>[\/et_pb_text][et_pb_text _builder_version=&#8221;4.15&#8243; _module_preset=&#8221;default&#8221; text_font_size=&#8221;18px&#8221; header_text_align=&#8221;center&#8221; header_font_size=&#8221;37px&#8221; text_orientation=&#8221;center&#8221; global_colors_info=&#8221;{}&#8221;]<\/p>\n<p>Les caracter\u00edstiques de la conca mediterr\u00e0nia unides a la llum brillant i especial de la zona, amb gran quantitat d&#8217;hores de sol i un blau intens en el seu cel, permeten disfrutar en la prov\u00edncia de Val\u00e8ncia d&#8217;unes meravelloses platges, dotades amb els servicis m\u00e9s moderns i amb una espl\u00e8ndida qualitat.<\/p>\n<p>[\/et_pb_text][\/et_pb_column][et_pb_column type=&#8221;1_5&#8243; _builder_version=&#8221;4.15&#8243; _module_preset=&#8221;default&#8221; global_colors_info=&#8221;{}&#8221;][\/et_pb_column][\/et_pb_row][\/et_pb_section][et_pb_section fb_built=&#8221;1&#8243; _builder_version=&#8221;4.15&#8243; _module_preset=&#8221;default&#8221; custom_padding=&#8221;0px||||false|false&#8221; global_colors_info=&#8221;{}&#8221;][et_pb_row _builder_version=&#8221;4.15&#8243; _module_preset=&#8221;default&#8221; global_colors_info=&#8221;{}&#8221;][et_pb_column type=&#8221;4_4&#8243; _builder_version=&#8221;4.15&#8243; _module_preset=&#8221;default&#8221; global_colors_info=&#8221;{}&#8221;][et_pb_code _builder_version=&#8221;4.15.1&#8243; _module_preset=&#8221;default&#8221; hover_enabled=&#8221;0&#8243; global_colors_info=&#8221;{}&#8221; sticky_enabled=&#8221;0&#8243;]<div id=\"container_post_types_two\" class=\"three_col\"><div class=\"post_type_two\" style=\"background-image:url(https:\/\/turisme.dival.es\/wp-content\/uploads\/2022\/05\/AIGUA-MORTA-PORTADAeb.jpg);\"><a href=\"https:\/\/turisme.dival.es\/ca\/playa\/aigua-morta\/\"><div class=\"post_type_two_text\"><div class=\"post_type_tipo_two\">PLATJA<span class=\"post_type_line\"><\/span><\/div><div class=\"post_type_title_two\">Aigua Morta<\/div><div class=\"post_type_link_two\">+ M\u00e9s informaci\u00f3<\/div><\/a><\/div><\/div><div class=\"post_type_two\" style=\"background-image:url(https:\/\/turisme.dival.es\/wp-content\/uploads\/2021\/09\/Bellreguard_0005-1-756x336-1.jpg);\"><a href=\"https:\/\/turisme.dival.es\/ca\/playa\/bellreguard\/\"><div class=\"post_type_two_text\"><div class=\"post_type_tipo_two\">PLATJA<span class=\"post_type_line\"><\/span><\/div><div class=\"post_type_title_two\">Bellreguard<\/div><div class=\"post_type_link_two\">+ M\u00e9s informaci\u00f3<\/div><\/a><\/div><\/div><div class=\"post_type_two\" style=\"background-image:url(https:\/\/turisme.dival.es\/wp-content\/uploads\/2021\/09\/DAIMUS_0007-756x336-1.jpg);\"><a href=\"https:\/\/turisme.dival.es\/ca\/playa\/daimus\/\"><div class=\"post_type_two_text\"><div class=\"post_type_tipo_two\">PLATJA<span class=\"post_type_line\"><\/span><\/div><div class=\"post_type_title_two\">Daim\u00fas<\/div><div class=\"post_type_link_two\">+ M\u00e9s informaci\u00f3<\/div><\/a><\/div><\/div><div class=\"post_type_two\" style=\"background-image:url(https:\/\/turisme.dival.es\/wp-content\/uploads\/2021\/09\/Guardamar_de_la_Safor_0026-756x336-1.jpg);\"><a href=\"https:\/\/turisme.dival.es\/ca\/playa\/guardamar-de-la-safor\/\"><div class=\"post_type_two_text\"><div class=\"post_type_tipo_two\">PLATJA<span class=\"post_type_line\"><\/span><\/div><div class=\"post_type_title_two\">Guardamar de la Safor<\/div><div class=\"post_type_link_two\">+ M\u00e9s informaci\u00f3<\/div><\/a><\/div><\/div><div class=\"post_type_two\" style=\"background-image:url(https:\/\/turisme.dival.es\/wp-content\/uploads\/2022\/05\/PORTADA-LES-DEVESESeb.jpg);\"><a href=\"https:\/\/turisme.dival.es\/ca\/playa\/les-deveses\/\"><div class=\"post_type_two_text\"><div class=\"post_type_tipo_two\">PLATJA<span class=\"post_type_line\"><\/span><\/div><div class=\"post_type_title_two\">Les Deveses<\/div><div class=\"post_type_link_two\">+ M\u00e9s informaci\u00f3<\/div><\/a><\/div><\/div><div class=\"post_type_two\" style=\"background-image:url(https:\/\/turisme.dival.es\/wp-content\/uploads\/2021\/09\/playa.png);\"><a href=\"https:\/\/turisme.dival.es\/ca\/playa\/playa-de-massalfassar\/\"><div class=\"post_type_two_text\"><div class=\"post_type_tipo_two\">PLATJA<span class=\"post_type_line\"><\/span><\/div><div class=\"post_type_title_two\">Massalfassar<\/div><div class=\"post_type_link_two\">+ M\u00e9s informaci\u00f3<\/div><\/a><\/div><\/div><div class=\"post_type_two\" style=\"background-image:url(https:\/\/turisme.dival.es\/wp-content\/uploads\/2021\/09\/massamagrell_1-756x336-1.png);\"><a href=\"https:\/\/turisme.dival.es\/ca\/playa\/massamagrell\/\"><div class=\"post_type_two_text\"><div class=\"post_type_tipo_two\">PLATJA<span class=\"post_type_line\"><\/span><\/div><div class=\"post_type_title_two\">Massamagrell<\/div><div class=\"post_type_link_two\">+ M\u00e9s informaci\u00f3<\/div><\/a><\/div><\/div><div class=\"post_type_two\" style=\"background-image:url(https:\/\/turisme.dival.es\/wp-content\/uploads\/2021\/09\/Meliana.jpg);\"><a href=\"https:\/\/turisme.dival.es\/ca\/playa\/meliana\/\"><div class=\"post_type_two_text\"><div class=\"post_type_tipo_two\">PLATJA<span class=\"post_type_line\"><\/span><\/div><div class=\"post_type_title_two\">Meliana<\/div><div class=\"post_type_link_two\">+ M\u00e9s informaci\u00f3<\/div><\/a><\/div><\/div><div class=\"post_type_two\" style=\"background-image:url(https:\/\/turisme.dival.es\/wp-content\/uploads\/2021\/09\/PT_MIRAMAR_vb_0009-756x336-1.jpg);\"><a href=\"https:\/\/turisme.dival.es\/ca\/playa\/miramar\/\"><div class=\"post_type_two_text\"><div class=\"post_type_tipo_two\">PLATJA<span class=\"post_type_line\"><\/span><\/div><div class=\"post_type_title_two\">Miramar<\/div><div class=\"post_type_link_two\">+ M\u00e9s informaci\u00f3<\/div><\/a><\/div><\/div><div class=\"post_type_two\" style=\"background-image:url(https:\/\/turisme.dival.es\/wp-content\/uploads\/2021\/09\/foto-PORTADA-PLAYAS-756x336-1.jpg);\"><a href=\"https:\/\/turisme.dival.es\/ca\/playa\/oliva\/\"><div class=\"post_type_two_text\"><div class=\"post_type_tipo_two\">PLATJA<span class=\"post_type_line\"><\/span><\/div><div class=\"post_type_title_two\">Oliva<\/div><div class=\"post_type_link_two\">+ M\u00e9s informaci\u00f3<\/div><\/a><\/div><\/div><div class=\"post_type_two\" style=\"background-image:url(https:\/\/turisme.dival.es\/wp-content\/uploads\/2022\/05\/Aigua-Blanca-1web.jpg);\"><a href=\"https:\/\/turisme.dival.es\/ca\/playa\/platja-daigua-blanca\/\"><div class=\"post_type_two_text\"><div class=\"post_type_tipo_two\">PLATJA<span class=\"post_type_line\"><\/span><\/div><div class=\"post_type_title_two\">Platja d&#8217;Aigua Blanca<\/div><div class=\"post_type_link_two\">+ M\u00e9s informaci\u00f3<\/div><\/a><\/div><\/div><div class=\"post_type_two\" style=\"background-image:url(https:\/\/turisme.dival.es\/wp-content\/uploads\/2021\/09\/mareny_Sueca_0038-756x336-1.jpg);\"><a href=\"https:\/\/turisme.dival.es\/ca\/playa\/playa-de-bega-de-mar\/\"><div class=\"post_type_two_text\"><div class=\"post_type_tipo_two\">PLATJA<span class=\"post_type_line\"><\/span><\/div><div class=\"post_type_title_two\">Platja de Bega de Mar<\/div><div class=\"post_type_link_two\">+ M\u00e9s informaci\u00f3<\/div><\/a><\/div><\/div><\/div><div class=\"pagination-section\"><nav class=\"pagination\"><span aria-current=\"page\" class=\"page-numbers current\">1<\/span>\n<span class=\"page-numbers dots\">&hellip;<\/span>\n<a class=\"page-numbers\" href=\"https:\/\/turisme.dival.es\/ca\/wp-json\/wp\/v2\/pages\/66713\/page\/5\/\">5<\/a>\n<a class=\"next page-numbers\" href=\"https:\/\/turisme.dival.es\/ca\/wp-json\/wp\/v2\/pages\/66713\/page\/2\/\">><\/a>[\/et_pb_code][\/et_pb_column][\/et_pb_row][\/et_pb_section]<\/p>\n","protected":false},"excerpt":{"rendered":"<p>[et_pb_section fb_built=&#8221;1&#8243; _builder_version=&#8221;4.15&#8243; custom_margin=&#8221;0px||0px||false|false&#8221; custom_padding=&#8221;0px||0px||false|false&#8221; global_colors_info=&#8221;{}&#8221;][et_pb_row _builder_version=&#8221;4.15&#8243; background_size=&#8221;initial&#8221; background_position=&#8221;top_left&#8221; background_repeat=&#8221;repeat&#8221; width=&#8221;100%&#8221; max_width=&#8221;100%&#8221; custom_margin=&#8221;0px||0px||false|false&#8221; custom_padding=&#8221;0px||0px||false|false&#8221; global_colors_info=&#8221;{}&#8221;][et_pb_column type=&#8221;4_4&#8243; _builder_version=&#8221;4.15&#8243; custom_padding=&#8221;|||&#8221; global_colors_info=&#8221;{}&#8221; custom_padding__hover=&#8221;|||&#8221;][et_pb_slider _builder_version=&#8221;4.15&#8243; _module_preset=&#8221;default&#8221; min_height=&#8221;75vh&#8221; global_colors_info=&#8221;{}&#8221;][et_pb_slide heading=&#8221;Platges&#8221; _builder_version=&#8221;4.15&#8243; _module_preset=&#8221;default&#8221; background_image=&#8221;https:\/\/turisme.dival.es\/wp-content\/uploads\/2021\/08\/playas.jpg&#8221; background_enable_image=&#8221;on&#8221; global_colors_info=&#8221;{}&#8221; sticky_transition=&#8221;on&#8221;] DISFRUTA DE LA M\u00c0GICA LLUM DEL MEDITERRANI [\/et_pb_slide][\/et_pb_slider][\/et_pb_column][\/et_pb_row][\/et_pb_section][et_pb_section fb_built=&#8221;1&#8243; fullwidth=&#8221;on&#8221; _builder_version=&#8221;4.15&#8243; _module_preset=&#8221;default&#8221; global_colors_info=&#8221;{}&#8221;][et_pb_fullwidth_code _builder_version=&#8221;4.15&#8243; _module_preset=&#8221;default&#8221; global_colors_info=&#8221;{}&#8221;][\/et_pb_fullwidth_code][\/et_pb_section][et_pb_section fb_built=&#8221;1&#8243; _builder_version=&#8221;4.15&#8243; _module_preset=&#8221;default&#8221; custom_padding=&#8221;20px||20px||true|false&#8221; global_colors_info=&#8221;{}&#8221;][et_pb_row column_structure=&#8221;1_5,3_5,1_5&#8243; _builder_version=&#8221;4.15&#8243; _module_preset=&#8221;default&#8221; [&hellip;]<\/p>\n","protected":false},"author":1,"featured_media":0,"parent":65930,"menu_order":0,"comment_status":"closed","ping_status":"closed","template":"","meta":{"_acf_changed":false,"_et_pb_use_builder":"on","_et_pb_old_content":"<!-- wp:divi\/placeholder \/-->","_et_gb_content_width":"","footnotes":""},"class_list":["post-66713","page","type-page","status-publish","hentry"],"acf":[],"yoast_head":"<!-- This site is optimized with the Yoast SEO plugin v23.0 - https:\/\/yoast.com\/wordpress\/plugins\/seo\/ -->\n<title>Les millors platges de Val\u00e8ncia<\/title>\n<meta name=\"description\" content=\"Les caracter\u00edstiques de la conca mediterr\u00e0nia unides a la llum brillant i especial de la zona, amb gran quantitat d&#039;hores de sol i un blau intens al cel, permeten disfrutar a la prov\u00edncia de Val\u00e8ncia d&#039;unes meravelloses platges, dotades amb els serveis m\u00e9s moderns i amb una espl\u00e8ndida qualitat.\" \/>\n<meta name=\"robots\" content=\"index, follow, max-snippet:-1, max-image-preview:large, max-video-preview:-1\" \/>\n<link rel=\"canonical\" href=\"https:\/\/turisme.dival.es\/ca\/planifica-la-teua-experiencia\/platges\/\" \/>\n<meta property=\"og:locale\" content=\"en_US\" \/>\n<meta property=\"og:type\" content=\"article\" \/>\n<meta property=\"og:title\" content=\"Les millors platges de Val\u00e8ncia\" \/>\n<meta property=\"og:description\" content=\"Les caracter\u00edstiques de la conca mediterr\u00e0nia unides a la llum brillant i especial de la zona, amb gran quantitat d&#039;hores de sol i un blau intens al cel, permeten disfrutar a la prov\u00edncia de Val\u00e8ncia d&#039;unes meravelloses platges, dotades amb els serveis m\u00e9s moderns i amb una espl\u00e8ndida qualitat.\" \/>\n<meta property=\"og:url\" content=\"https:\/\/turisme.dival.es\/ca\/planifica-la-teua-experiencia\/platges\/\" \/>\n<meta property=\"og:site_name\" content=\"Valencia Turismo\" \/>\n<meta property=\"article:modified_time\" content=\"2022-05-24T08:15:49+00:00\" \/>\n<meta name=\"twitter:card\" content=\"summary_large_image\" \/>\n<script type=\"application\/ld+json\" class=\"yoast-schema-graph\">{\"@context\":\"https:\/\/schema.org\",\"@graph\":[{\"@type\":\"WebPage\",\"@id\":\"https:\/\/turisme.dival.es\/ca\/planifica-la-teua-experiencia\/platges\/\",\"url\":\"https:\/\/turisme.dival.es\/ca\/planifica-la-teua-experiencia\/platges\/\",\"name\":\"Les millors platges de Val\u00e8ncia\",\"isPartOf\":{\"@id\":\"https:\/\/turisme.dival.es\/#website\"},\"datePublished\":\"2021-08-11T11:56:58+00:00\",\"dateModified\":\"2022-05-24T08:15:49+00:00\",\"description\":\"Les caracter\u00edstiques de la conca mediterr\u00e0nia unides a la llum brillant i especial de la zona, amb gran quantitat d'hores de sol i un blau intens al cel, permeten disfrutar a la prov\u00edncia de Val\u00e8ncia d'unes meravelloses platges, dotades amb els serveis m\u00e9s moderns i amb una espl\u00e8ndida qualitat.\",\"breadcrumb\":{\"@id\":\"https:\/\/turisme.dival.es\/ca\/planifica-la-teua-experiencia\/platges\/#breadcrumb\"},\"inLanguage\":\"vl\",\"potentialAction\":[{\"@type\":\"ReadAction\",\"target\":[\"https:\/\/turisme.dival.es\/ca\/planifica-la-teua-experiencia\/platges\/\"]}]},{\"@type\":\"BreadcrumbList\",\"@id\":\"https:\/\/turisme.dival.es\/ca\/planifica-la-teua-experiencia\/platges\/#breadcrumb\",\"itemListElement\":[{\"@type\":\"ListItem\",\"position\":1,\"name\":\"Planifica la teua experi\u00e8ncia\",\"item\":\"https:\/\/turisme.dival.es\/ca\/planifica-la-teua-experiencia\/\"},{\"@type\":\"ListItem\",\"position\":2,\"name\":\"Platges\"}]},{\"@type\":\"WebSite\",\"@id\":\"https:\/\/turisme.dival.es\/#website\",\"url\":\"https:\/\/turisme.dival.es\/\",\"name\":\"valenciaturismo.com.mialias.net\",\"description\":\"\",\"potentialAction\":[{\"@type\":\"SearchAction\",\"target\":{\"@type\":\"EntryPoint\",\"urlTemplate\":\"https:\/\/turisme.dival.es\/?s={search_term_string}\"},\"query-input\":\"required name=search_term_string\"}],\"inLanguage\":\"vl\"}]}<\/script>\n<!-- \/ Yoast SEO plugin. -->","yoast_head_json":{"title":"Les millors platges de Val\u00e8ncia","description":"Les caracter\u00edstiques de la conca mediterr\u00e0nia unides a la llum brillant i especial de la zona, amb gran quantitat d'hores de sol i un blau intens al cel, permeten disfrutar a la prov\u00edncia de Val\u00e8ncia d'unes meravelloses platges, dotades amb els serveis m\u00e9s moderns i amb una espl\u00e8ndida qualitat.","robots":{"index":"index","follow":"follow","max-snippet":"max-snippet:-1","max-image-preview":"max-image-preview:large","max-video-preview":"max-video-preview:-1"},"canonical":"https:\/\/turisme.dival.es\/ca\/planifica-la-teua-experiencia\/platges\/","og_locale":"en_US","og_type":"article","og_title":"Les millors platges de Val\u00e8ncia","og_description":"Les caracter\u00edstiques de la conca mediterr\u00e0nia unides a la llum brillant i especial de la zona, amb gran quantitat d'hores de sol i un blau intens al cel, permeten disfrutar a la prov\u00edncia de Val\u00e8ncia d'unes meravelloses platges, dotades amb els serveis m\u00e9s moderns i amb una espl\u00e8ndida qualitat.","og_url":"https:\/\/turisme.dival.es\/ca\/planifica-la-teua-experiencia\/platges\/","og_site_name":"Valencia Turismo","article_modified_time":"2022-05-24T08:15:49+00:00","twitter_card":"summary_large_image","schema":{"@context":"https:\/\/schema.org","@graph":[{"@type":"WebPage","@id":"https:\/\/turisme.dival.es\/ca\/planifica-la-teua-experiencia\/platges\/","url":"https:\/\/turisme.dival.es\/ca\/planifica-la-teua-experiencia\/platges\/","name":"Les millors platges de Val\u00e8ncia","isPartOf":{"@id":"https:\/\/turisme.dival.es\/#website"},"datePublished":"2021-08-11T11:56:58+00:00","dateModified":"2022-05-24T08:15:49+00:00","description":"Les caracter\u00edstiques de la conca mediterr\u00e0nia unides a la llum brillant i especial de la zona, amb gran quantitat d'hores de sol i un blau intens al cel, permeten disfrutar a la prov\u00edncia de Val\u00e8ncia d'unes meravelloses platges, dotades amb els serveis m\u00e9s moderns i amb una espl\u00e8ndida qualitat.","breadcrumb":{"@id":"https:\/\/turisme.dival.es\/ca\/planifica-la-teua-experiencia\/platges\/#breadcrumb"},"inLanguage":"vl","potentialAction":[{"@type":"ReadAction","target":["https:\/\/turisme.dival.es\/ca\/planifica-la-teua-experiencia\/platges\/"]}]},{"@type":"BreadcrumbList","@id":"https:\/\/turisme.dival.es\/ca\/planifica-la-teua-experiencia\/platges\/#breadcrumb","itemListElement":[{"@type":"ListItem","position":1,"name":"Planifica la teua experi\u00e8ncia","item":"https:\/\/turisme.dival.es\/ca\/planifica-la-teua-experiencia\/"},{"@type":"ListItem","position":2,"name":"Platges"}]},{"@type":"WebSite","@id":"https:\/\/turisme.dival.es\/#website","url":"https:\/\/turisme.dival.es\/","name":"valenciaturismo.com.mialias.net","description":"","potentialAction":[{"@type":"SearchAction","target":{"@type":"EntryPoint","urlTemplate":"https:\/\/turisme.dival.es\/?s={search_term_string}"},"query-input":"required name=search_term_string"}],"inLanguage":"vl"}]}},"_links":{"self":[{"href":"https:\/\/turisme.dival.es\/ca\/wp-json\/wp\/v2\/pages\/66713","targetHints":{"allow":["GET"]}}],"collection":[{"href":"https:\/\/turisme.dival.es\/ca\/wp-json\/wp\/v2\/pages"}],"about":[{"href":"https:\/\/turisme.dival.es\/ca\/wp-json\/wp\/v2\/types\/page"}],"author":[{"embeddable":true,"href":"https:\/\/turisme.dival.es\/ca\/wp-json\/wp\/v2\/users\/1"}],"replies":[{"embeddable":true,"href":"https:\/\/turisme.dival.es\/ca\/wp-json\/wp\/v2\/comments?post=66713"}],"version-history":[{"count":15,"href":"https:\/\/turisme.dival.es\/ca\/wp-json\/wp\/v2\/pages\/66713\/revisions"}],"predecessor-version":[{"id":82001,"href":"https:\/\/turisme.dival.es\/ca\/wp-json\/wp\/v2\/pages\/66713\/revisions\/82001"}],"up":[{"embeddable":true,"href":"https:\/\/turisme.dival.es\/ca\/wp-json\/wp\/v2\/pages\/65930"}],"wp:attachment":[{"href":"https:\/\/turisme.dival.es\/ca\/wp-json\/wp\/v2\/media?parent=66713"}],"curies":[{"name":"wp","href":"https:\/\/api.w.org\/{rel}","templated":true}]}}