{"id":66295,"date":"2022-01-14T15:57:26","date_gmt":"2022-01-14T15:57:26","guid":{"rendered":"https:\/\/turisme.dival.es\/?page_id=66295"},"modified":"2022-04-13T11:06:29","modified_gmt":"2022-04-13T11:06:29","slug":"rutes","status":"publish","type":"page","link":"https:\/\/turisme.dival.es\/ca\/planifica-la-teua-experiencia\/rutes\/","title":{"rendered":"Rutes"},"content":{"rendered":"<p>[et_pb_section fb_built=&#8221;1&#8243; _builder_version=&#8221;4.15&#8243; custom_margin=&#8221;0px||0px||false|false&#8221; custom_padding=&#8221;0px||0px||false|false&#8221; global_colors_info=&#8221;{}&#8221;][et_pb_row _builder_version=&#8221;4.15&#8243; background_size=&#8221;initial&#8221; background_position=&#8221;top_left&#8221; background_repeat=&#8221;repeat&#8221; width=&#8221;100%&#8221; max_width=&#8221;100%&#8221; custom_margin=&#8221;0px||0px||false|false&#8221; custom_padding=&#8221;0px||0px||false|false&#8221; global_colors_info=&#8221;{}&#8221;][et_pb_column type=&#8221;4_4&#8243; _builder_version=&#8221;4.15&#8243; custom_padding=&#8221;|||&#8221; global_colors_info=&#8221;{}&#8221; custom_padding__hover=&#8221;|||&#8221;][et_pb_slider _builder_version=&#8221;4.15&#8243; _module_preset=&#8221;default&#8221; min_height=&#8221;75vh&#8221; global_colors_info=&#8221;{}&#8221;][et_pb_slide heading=&#8221;Rutes&#8221; _builder_version=&#8221;4.15&#8243; _module_preset=&#8221;default&#8221; background_image=&#8221;https:\/\/turisme.dival.es\/wp-content\/uploads\/2021\/08\/PLANIFICA-TU-EXPERIENCIA.jpg&#8221; background_enable_image=&#8221;on&#8221; global_colors_info=&#8221;{}&#8221; sticky_transition=&#8221;on&#8221;]ET PROPOSEM LES MILLORS RUTES PERQU\u00c8 DISFRUTES DE LA NOSTRA COMUNITAT[\/et_pb_slide][\/et_pb_slider][\/et_pb_column][\/et_pb_row][\/et_pb_section][et_pb_section fb_built=&#8221;1&#8243; fullwidth=&#8221;on&#8221; _builder_version=&#8221;4.15&#8243; _module_preset=&#8221;default&#8221; global_colors_info=&#8221;{}&#8221;][et_pb_fullwidth_code _builder_version=&#8221;4.15&#8243; _module_preset=&#8221;default&#8221; global_colors_info=&#8221;{}&#8221;]    <div class=\"parent-migas\" style=\"background-color:#f2ad00;\"><div class=\"container-migas-plantilla\">\n    <!-- Breadcrumb NavXT 7.3.1 -->\n<span property=\"itemListElement\" typeof=\"ListItem\"><a property=\"item\" typeof=\"WebPage\" title=\"Go to Valencia Turismo.\" href=\"https:\/\/turisme.dival.es\/ca\/\" class=\"home\" aria-current=\"page\"><span property=\"name\">Valencia Turismo<\/span><\/a><meta property=\"position\" content=\"1\"><\/span>    <\/div><\/div>\n    [\/et_pb_fullwidth_code][\/et_pb_section][et_pb_section fb_built=&#8221;1&#8243; _builder_version=&#8221;4.15&#8243; _module_preset=&#8221;default&#8221; custom_padding=&#8221;20px||20px||true|false&#8221; global_colors_info=&#8221;{}&#8221;][et_pb_row column_structure=&#8221;1_5,3_5,1_5&#8243; _builder_version=&#8221;4.15&#8243; _module_preset=&#8221;default&#8221; global_colors_info=&#8221;{}&#8221;][et_pb_column type=&#8221;1_5&#8243; _builder_version=&#8221;4.15&#8243; _module_preset=&#8221;default&#8221; global_colors_info=&#8221;{}&#8221;][\/et_pb_column][et_pb_column type=&#8221;3_5&#8243; _builder_version=&#8221;4.15&#8243; _module_preset=&#8221;default&#8221; global_colors_info=&#8221;{}&#8221;][et_pb_divider color=&#8221;RGBA(0,0,0,0)&#8221; admin_label=&#8221;Divider&#8221; _builder_version=&#8221;4.15&#8243; _module_preset=&#8221;default&#8221; background_color=&#8221;#E09900&#8243; width=&#8221;70px&#8221; module_alignment=&#8221;center&#8221; height=&#8221;6px&#8221; locked=&#8221;off&#8221; global_colors_info=&#8221;{}&#8221;][\/et_pb_divider][et_pb_text admin_label=&#8221;Titulo&#8221; _builder_version=&#8221;4.15&#8243; _module_preset=&#8221;default&#8221; text_font_size=&#8221;18px&#8221; header_text_align=&#8221;center&#8221; header_font_size=&#8221;37px&#8221; text_orientation=&#8221;center&#8221; global_colors_info=&#8221;{}&#8221;]<\/p>\n<h1>Rutes<\/h1>\n<p>[\/et_pb_text][et_pb_text _builder_version=&#8221;4.15.1&#8243; _module_preset=&#8221;default&#8221; text_font_size=&#8221;18px&#8221; header_text_align=&#8221;center&#8221; header_font_size=&#8221;37px&#8221; text_orientation=&#8221;center&#8221; hover_enabled=&#8221;0&#8243; global_colors_info=&#8221;{}&#8221; sticky_enabled=&#8221;0&#8243;]En aquesta secci\u00f3 trobar\u00e0s una selecci\u00f3 de xicotetes rutes tur\u00edstiques per la prov\u00edncia de Val\u00e8ncia.<\/p>\n<p>Podr\u00e0s triar entre diferents opcions, des de viatjar fins a l&#8217;\u00e8poca del Cid Campeador, degustar els millors vins de Val\u00e8ncia entre vinyes, a internar-te entre les parets d&#8217;un majestu\u00f3s monestir. Gaudeix d&#8217;aquests xicotets trajectes que t&#8217;hem preparat.[\/et_pb_text][\/et_pb_column][et_pb_column type=&#8221;1_5&#8243; _builder_version=&#8221;4.15&#8243; _module_preset=&#8221;default&#8221; global_colors_info=&#8221;{}&#8221;][\/et_pb_column][\/et_pb_row][\/et_pb_section][et_pb_section fb_built=&#8221;1&#8243; _builder_version=&#8221;4.15&#8243; _module_preset=&#8221;default&#8221; custom_padding=&#8221;0px||||false|false&#8221; global_colors_info=&#8221;{}&#8221;][et_pb_row _builder_version=&#8221;4.15&#8243; _module_preset=&#8221;default&#8221; global_colors_info=&#8221;{}&#8221;][et_pb_column type=&#8221;4_4&#8243; _builder_version=&#8221;4.15&#8243; _module_preset=&#8221;default&#8221; global_colors_info=&#8221;{}&#8221;][et_pb_code _builder_version=&#8221;4.15&#8243; _module_preset=&#8221;default&#8221; global_colors_info=&#8221;{}&#8221;]<div id=\"container_post_types_two\" class=\"two_col\"><div class=\"post_type_two\" style=\"background-image:url(https:\/\/turisme.dival.es\/wp-content\/uploads\/2021\/08\/camino-del-cid.jpeg);\"><a href=\"https:\/\/turisme.dival.es\/ca\/rutes\/el-cami-del-cid\/\"><div class=\"post_type_two_text\"><div class=\"post_type_tipo_two\">RUTA<span class=\"post_type_line\"><\/span><\/div><div class=\"post_type_title_two\">El Cam\u00ed del Cid<\/div><div class=\"post_type_link_two\">+ M\u00e9s informaci\u00f3<\/div><\/a><\/div><\/div><div class=\"post_type_two\" style=\"background-image:url(https:\/\/turisme.dival.es\/wp-content\/uploads\/2021\/08\/Grupo-27-1.jpg);\"><a href=\"https:\/\/turisme.dival.es\/ca\/rutes\/la-ruta-del-vi-de-la-do-utiel-requena\/\"><div class=\"post_type_two_text\"><div class=\"post_type_tipo_two\">RUTA<span class=\"post_type_line\"><\/span><\/div><div class=\"post_type_title_two\">La Ruta del Vi de la DO Utiel-Requena<\/div><div class=\"post_type_link_two\">+ M\u00e9s informaci\u00f3<\/div><\/a><\/div><\/div><div class=\"post_type_two\" style=\"background-image:url(https:\/\/turisme.dival.es\/wp-content\/uploads\/2021\/08\/Catedral_Valencia_7H9A0558.jpeg);\"><a href=\"https:\/\/turisme.dival.es\/ca\/rutes\/ruta-del-grial\/\"><div class=\"post_type_two_text\"><div class=\"post_type_tipo_two\">RUTA<span class=\"post_type_line\"><\/span><\/div><div class=\"post_type_title_two\">Ruta del Grial<\/div><div class=\"post_type_link_two\">+ M\u00e9s informaci\u00f3<\/div><\/a><\/div><\/div><\/div><div class=\"pagination-section\">[\/et_pb_code][\/et_pb_column][\/et_pb_row][\/et_pb_section]<\/p>\n","protected":false},"excerpt":{"rendered":"<p>[et_pb_section fb_built=&#8221;1&#8243; _builder_version=&#8221;4.15&#8243; custom_margin=&#8221;0px||0px||false|false&#8221; custom_padding=&#8221;0px||0px||false|false&#8221; global_colors_info=&#8221;{}&#8221;][et_pb_row _builder_version=&#8221;4.15&#8243; background_size=&#8221;initial&#8221; background_position=&#8221;top_left&#8221; background_repeat=&#8221;repeat&#8221; width=&#8221;100%&#8221; max_width=&#8221;100%&#8221; custom_margin=&#8221;0px||0px||false|false&#8221; custom_padding=&#8221;0px||0px||false|false&#8221; global_colors_info=&#8221;{}&#8221;][et_pb_column type=&#8221;4_4&#8243; _builder_version=&#8221;4.15&#8243; custom_padding=&#8221;|||&#8221; global_colors_info=&#8221;{}&#8221; custom_padding__hover=&#8221;|||&#8221;][et_pb_slider _builder_version=&#8221;4.15&#8243; _module_preset=&#8221;default&#8221; min_height=&#8221;75vh&#8221; global_colors_info=&#8221;{}&#8221;][et_pb_slide heading=&#8221;Rutes&#8221; _builder_version=&#8221;4.15&#8243; _module_preset=&#8221;default&#8221; background_image=&#8221;https:\/\/turisme.dival.es\/wp-content\/uploads\/2021\/08\/PLANIFICA-TU-EXPERIENCIA.jpg&#8221; background_enable_image=&#8221;on&#8221; global_colors_info=&#8221;{}&#8221; sticky_transition=&#8221;on&#8221;]ET PROPOSEM LES MILLORS RUTES PERQU\u00c8 DISFRUTES DE LA NOSTRA COMUNITAT[\/et_pb_slide][\/et_pb_slider][\/et_pb_column][\/et_pb_row][\/et_pb_section][et_pb_section fb_built=&#8221;1&#8243; fullwidth=&#8221;on&#8221; _builder_version=&#8221;4.15&#8243; _module_preset=&#8221;default&#8221; global_colors_info=&#8221;{}&#8221;][et_pb_fullwidth_code _builder_version=&#8221;4.15&#8243; _module_preset=&#8221;default&#8221; global_colors_info=&#8221;{}&#8221;][\/et_pb_fullwidth_code][\/et_pb_section][et_pb_section fb_built=&#8221;1&#8243; _builder_version=&#8221;4.15&#8243; _module_preset=&#8221;default&#8221; custom_padding=&#8221;20px||20px||true|false&#8221; global_colors_info=&#8221;{}&#8221;][et_pb_row column_structure=&#8221;1_5,3_5,1_5&#8243; [&hellip;]<\/p>\n","protected":false},"author":1,"featured_media":0,"parent":65930,"menu_order":0,"comment_status":"closed","ping_status":"closed","template":"","meta":{"_acf_changed":false,"_et_pb_use_builder":"on","_et_pb_old_content":"<p>[et_pb_section fb_built=\"1\" _builder_version=\"4.9.7\" custom_margin=\"0px||0px||false|false\" custom_padding=\"0px||0px||false|false\" global_colors_info=\"{}\"][et_pb_row _builder_version=\"4.9.7\" background_size=\"initial\" background_position=\"top_left\" background_repeat=\"repeat\" width=\"100%\" max_width=\"100%\" custom_margin=\"0px||0px||false|false\" custom_padding=\"0px||0px||false|false\" global_colors_info=\"{}\"][et_pb_column type=\"4_4\" _builder_version=\"3.25\" custom_padding=\"|||\" global_colors_info=\"{}\" custom_padding__hover=\"|||\"][et_pb_slider _builder_version=\"4.9.11\" _module_preset=\"default\" min_height=\"75vh\" global_colors_info=\"{}\"][et_pb_slide heading=\"Rutas\" _builder_version=\"4.9.11\" _module_preset=\"default\" background_image=\"https:\/\/turisme.dival.es\/wp-content\/uploads\/2021\/08\/PLANIFICA-TU-EXPERIENCIA.jpg\" background_enable_image=\"on\" global_colors_info=\"{}\" sticky_transition=\"on\"]TE PROPONEMOS LAS MEJORES RUTAS PARA QUE DISFRUTES DE NUESTRA COMUNIDAD[\/et_pb_slide][\/et_pb_slider][\/et_pb_column][\/et_pb_row][\/et_pb_section][et_pb_section fb_built=\"1\" fullwidth=\"on\" _builder_version=\"4.9.7\" _module_preset=\"default\" global_colors_info=\"{}\"][et_pb_fullwidth_code _builder_version=\"4.9.10\" _module_preset=\"default\" global_colors_info=\"{}\"][breadcrumbs][\/et_pb_fullwidth_code][\/et_pb_section][et_pb_section fb_built=\"1\" _builder_version=\"4.9.10\" _module_preset=\"default\" custom_padding=\"20px||20px||true|false\" global_colors_info=\"{}\"][et_pb_row column_structure=\"1_5,3_5,1_5\" _builder_version=\"4.9.7\" _module_preset=\"default\" global_colors_info=\"{}\"][et_pb_column type=\"1_5\" _builder_version=\"4.9.7\" _module_preset=\"default\" global_colors_info=\"{}\"][\/et_pb_column][et_pb_column type=\"3_5\" _builder_version=\"4.9.7\" _module_preset=\"default\" global_colors_info=\"{}\"][et_pb_divider color=\"RGBA(0,0,0,0)\" admin_label=\"Divider\" _builder_version=\"4.9.7\" _module_preset=\"default\" background_color=\"#E09900\" width=\"70px\" module_alignment=\"center\" height=\"6px\" locked=\"off\" global_colors_info=\"{}\"][\/et_pb_divider][et_pb_text admin_label=\"Titulo\" _builder_version=\"4.9.10\" _module_preset=\"default\" text_font_size=\"18px\" header_text_align=\"center\" header_font_size=\"37px\" text_orientation=\"center\" global_colors_info=\"{}\"]<\/p><h1>Rutas<\/h1><p>[\/et_pb_text][et_pb_text _builder_version=\"4.9.7\" _module_preset=\"default\" text_font_size=\"18px\" header_text_align=\"center\" header_font_size=\"37px\" text_orientation=\"center\" global_colors_info=\"{}\"]<\/p><p>Lorem ipsum dolor sit amet, consectetur adipiscing elit, sed do eiusmod tempor incididunt ut labore et dolore magna aliqua. Ut enim ad minim veniam, quis nostrud exercitation ullamco laboris nisi ut aliquip ex ea commodo consequat.<\/p><p>Duis aute irure dolor in reprehenderit in voluptate velit esse cillum dolore eu fugiat nulla pariatur. Excepteur sint occaecat cupidatat non proident, sunt in culpa qui officia deserunt mollit anim id est laborum.<\/p><p>[\/et_pb_text][\/et_pb_column][et_pb_column type=\"1_5\" _builder_version=\"4.9.7\" _module_preset=\"default\" global_colors_info=\"{}\"][\/et_pb_column][\/et_pb_row][\/et_pb_section][et_pb_section fb_built=\"1\" _builder_version=\"4.9.10\" _module_preset=\"default\" custom_padding=\"0px||||false|false\" global_colors_info=\"{}\"][et_pb_row _builder_version=\"4.9.10\" _module_preset=\"default\" global_colors_info=\"{}\"][et_pb_column type=\"4_4\" _builder_version=\"4.9.10\" _module_preset=\"default\" global_colors_info=\"{}\"][et_pb_code _builder_version=\"4.9.10\" _module_preset=\"default\" global_colors_info=\"{}\"][mostrar_post_types_two tipo=\"ruta\"][\/et_pb_code][\/et_pb_column][\/et_pb_row][\/et_pb_section]<\/p>","_et_gb_content_width":"","footnotes":""},"class_list":["post-66295","page","type-page","status-publish","hentry"],"acf":[],"yoast_head":"<!-- This site is optimized with the Yoast SEO plugin v23.0 - https:\/\/yoast.com\/wordpress\/plugins\/seo\/ -->\n<title>Rutes &#060; Valencia Turismo<\/title>\n<meta name=\"robots\" content=\"index, follow, max-snippet:-1, max-image-preview:large, max-video-preview:-1\" \/>\n<link rel=\"canonical\" href=\"https:\/\/turisme.dival.es\/ca\/planifica-la-teua-experiencia\/rutes\/\" \/>\n<meta property=\"og:locale\" content=\"en_US\" \/>\n<meta property=\"og:type\" content=\"article\" \/>\n<meta property=\"og:title\" content=\"Rutes &#060; Valencia Turismo\" \/>\n<meta property=\"og:description\" content=\"[et_pb_section fb_built=&#8221;1&#8243; _builder_version=&#8221;4.15&#8243; custom_margin=&#8221;0px||0px||false|false&#8221; custom_padding=&#8221;0px||0px||false|false&#8221; global_colors_info=&#8221;{}&#8221;][et_pb_row _builder_version=&#8221;4.15&#8243; background_size=&#8221;initial&#8221; background_position=&#8221;top_left&#8221; background_repeat=&#8221;repeat&#8221; width=&#8221;100%&#8221; max_width=&#8221;100%&#8221; custom_margin=&#8221;0px||0px||false|false&#8221; custom_padding=&#8221;0px||0px||false|false&#8221; global_colors_info=&#8221;{}&#8221;][et_pb_column type=&#8221;4_4&#8243; _builder_version=&#8221;4.15&#8243; custom_padding=&#8221;|||&#8221; global_colors_info=&#8221;{}&#8221; custom_padding__hover=&#8221;|||&#8221;][et_pb_slider _builder_version=&#8221;4.15&#8243; _module_preset=&#8221;default&#8221; min_height=&#8221;75vh&#8221; global_colors_info=&#8221;{}&#8221;][et_pb_slide heading=&#8221;Rutes&#8221; _builder_version=&#8221;4.15&#8243; _module_preset=&#8221;default&#8221; background_image=&#8221;https:\/\/turisme.dival.es\/wp-content\/uploads\/2021\/08\/PLANIFICA-TU-EXPERIENCIA.jpg&#8221; background_enable_image=&#8221;on&#8221; global_colors_info=&#8221;{}&#8221; sticky_transition=&#8221;on&#8221;]ET PROPOSEM LES MILLORS RUTES PERQU\u00c8 DISFRUTES DE LA NOSTRA COMUNITAT[\/et_pb_slide][\/et_pb_slider][\/et_pb_column][\/et_pb_row][\/et_pb_section][et_pb_section fb_built=&#8221;1&#8243; fullwidth=&#8221;on&#8221; _builder_version=&#8221;4.15&#8243; _module_preset=&#8221;default&#8221; global_colors_info=&#8221;{}&#8221;][et_pb_fullwidth_code _builder_version=&#8221;4.15&#8243; _module_preset=&#8221;default&#8221; global_colors_info=&#8221;{}&#8221;][\/et_pb_fullwidth_code][\/et_pb_section][et_pb_section fb_built=&#8221;1&#8243; _builder_version=&#8221;4.15&#8243; _module_preset=&#8221;default&#8221; custom_padding=&#8221;20px||20px||true|false&#8221; global_colors_info=&#8221;{}&#8221;][et_pb_row column_structure=&#8221;1_5,3_5,1_5&#8243; [&hellip;]\" \/>\n<meta property=\"og:url\" content=\"https:\/\/turisme.dival.es\/ca\/planifica-la-teua-experiencia\/rutes\/\" \/>\n<meta property=\"og:site_name\" content=\"Valencia Turismo\" \/>\n<meta property=\"article:modified_time\" content=\"2022-04-13T11:06:29+00:00\" \/>\n<meta name=\"twitter:card\" content=\"summary_large_image\" \/>\n<meta name=\"twitter:label1\" content=\"Est. reading time\" \/>\n\t<meta name=\"twitter:data1\" content=\"1 minute\" \/>\n<script type=\"application\/ld+json\" class=\"yoast-schema-graph\">{\"@context\":\"https:\/\/schema.org\",\"@graph\":[{\"@type\":\"WebPage\",\"@id\":\"https:\/\/turisme.dival.es\/ca\/planifica-la-teua-experiencia\/rutes\/\",\"url\":\"https:\/\/turisme.dival.es\/ca\/planifica-la-teua-experiencia\/rutes\/\",\"name\":\"Rutes &#060; Valencia Turismo\",\"isPartOf\":{\"@id\":\"https:\/\/turisme.dival.es\/#website\"},\"datePublished\":\"2022-01-14T15:57:26+00:00\",\"dateModified\":\"2022-04-13T11:06:29+00:00\",\"breadcrumb\":{\"@id\":\"https:\/\/turisme.dival.es\/ca\/planifica-la-teua-experiencia\/rutes\/#breadcrumb\"},\"inLanguage\":\"vl\",\"potentialAction\":[{\"@type\":\"ReadAction\",\"target\":[\"https:\/\/turisme.dival.es\/ca\/planifica-la-teua-experiencia\/rutes\/\"]}]},{\"@type\":\"BreadcrumbList\",\"@id\":\"https:\/\/turisme.dival.es\/ca\/planifica-la-teua-experiencia\/rutes\/#breadcrumb\",\"itemListElement\":[{\"@type\":\"ListItem\",\"position\":1,\"name\":\"Planifica la teua experi\u00e8ncia\",\"item\":\"https:\/\/turisme.dival.es\/ca\/planifica-la-teua-experiencia\/\"},{\"@type\":\"ListItem\",\"position\":2,\"name\":\"Rutes\"}]},{\"@type\":\"WebSite\",\"@id\":\"https:\/\/turisme.dival.es\/#website\",\"url\":\"https:\/\/turisme.dival.es\/\",\"name\":\"valenciaturismo.com.mialias.net\",\"description\":\"\",\"potentialAction\":[{\"@type\":\"SearchAction\",\"target\":{\"@type\":\"EntryPoint\",\"urlTemplate\":\"https:\/\/turisme.dival.es\/?s={search_term_string}\"},\"query-input\":\"required name=search_term_string\"}],\"inLanguage\":\"vl\"}]}<\/script>\n<!-- \/ Yoast SEO plugin. -->","yoast_head_json":{"title":"Rutes &#060; Valencia Turismo","robots":{"index":"index","follow":"follow","max-snippet":"max-snippet:-1","max-image-preview":"max-image-preview:large","max-video-preview":"max-video-preview:-1"},"canonical":"https:\/\/turisme.dival.es\/ca\/planifica-la-teua-experiencia\/rutes\/","og_locale":"en_US","og_type":"article","og_title":"Rutes &#060; Valencia Turismo","og_description":"[et_pb_section fb_built=&#8221;1&#8243; _builder_version=&#8221;4.15&#8243; custom_margin=&#8221;0px||0px||false|false&#8221; custom_padding=&#8221;0px||0px||false|false&#8221; global_colors_info=&#8221;{}&#8221;][et_pb_row _builder_version=&#8221;4.15&#8243; background_size=&#8221;initial&#8221; background_position=&#8221;top_left&#8221; background_repeat=&#8221;repeat&#8221; width=&#8221;100%&#8221; max_width=&#8221;100%&#8221; custom_margin=&#8221;0px||0px||false|false&#8221; custom_padding=&#8221;0px||0px||false|false&#8221; global_colors_info=&#8221;{}&#8221;][et_pb_column type=&#8221;4_4&#8243; _builder_version=&#8221;4.15&#8243; custom_padding=&#8221;|||&#8221; global_colors_info=&#8221;{}&#8221; custom_padding__hover=&#8221;|||&#8221;][et_pb_slider _builder_version=&#8221;4.15&#8243; _module_preset=&#8221;default&#8221; min_height=&#8221;75vh&#8221; global_colors_info=&#8221;{}&#8221;][et_pb_slide heading=&#8221;Rutes&#8221; _builder_version=&#8221;4.15&#8243; _module_preset=&#8221;default&#8221; background_image=&#8221;https:\/\/turisme.dival.es\/wp-content\/uploads\/2021\/08\/PLANIFICA-TU-EXPERIENCIA.jpg&#8221; background_enable_image=&#8221;on&#8221; global_colors_info=&#8221;{}&#8221; sticky_transition=&#8221;on&#8221;]ET PROPOSEM LES MILLORS RUTES PERQU\u00c8 DISFRUTES DE LA NOSTRA COMUNITAT[\/et_pb_slide][\/et_pb_slider][\/et_pb_column][\/et_pb_row][\/et_pb_section][et_pb_section fb_built=&#8221;1&#8243; fullwidth=&#8221;on&#8221; _builder_version=&#8221;4.15&#8243; _module_preset=&#8221;default&#8221; global_colors_info=&#8221;{}&#8221;][et_pb_fullwidth_code _builder_version=&#8221;4.15&#8243; _module_preset=&#8221;default&#8221; global_colors_info=&#8221;{}&#8221;][\/et_pb_fullwidth_code][\/et_pb_section][et_pb_section fb_built=&#8221;1&#8243; _builder_version=&#8221;4.15&#8243; _module_preset=&#8221;default&#8221; custom_padding=&#8221;20px||20px||true|false&#8221; global_colors_info=&#8221;{}&#8221;][et_pb_row column_structure=&#8221;1_5,3_5,1_5&#8243; [&hellip;]","og_url":"https:\/\/turisme.dival.es\/ca\/planifica-la-teua-experiencia\/rutes\/","og_site_name":"Valencia Turismo","article_modified_time":"2022-04-13T11:06:29+00:00","twitter_card":"summary_large_image","twitter_misc":{"Est. reading time":"1 minute"},"schema":{"@context":"https:\/\/schema.org","@graph":[{"@type":"WebPage","@id":"https:\/\/turisme.dival.es\/ca\/planifica-la-teua-experiencia\/rutes\/","url":"https:\/\/turisme.dival.es\/ca\/planifica-la-teua-experiencia\/rutes\/","name":"Rutes &#060; Valencia Turismo","isPartOf":{"@id":"https:\/\/turisme.dival.es\/#website"},"datePublished":"2022-01-14T15:57:26+00:00","dateModified":"2022-04-13T11:06:29+00:00","breadcrumb":{"@id":"https:\/\/turisme.dival.es\/ca\/planifica-la-teua-experiencia\/rutes\/#breadcrumb"},"inLanguage":"vl","potentialAction":[{"@type":"ReadAction","target":["https:\/\/turisme.dival.es\/ca\/planifica-la-teua-experiencia\/rutes\/"]}]},{"@type":"BreadcrumbList","@id":"https:\/\/turisme.dival.es\/ca\/planifica-la-teua-experiencia\/rutes\/#breadcrumb","itemListElement":[{"@type":"ListItem","position":1,"name":"Planifica la teua experi\u00e8ncia","item":"https:\/\/turisme.dival.es\/ca\/planifica-la-teua-experiencia\/"},{"@type":"ListItem","position":2,"name":"Rutes"}]},{"@type":"WebSite","@id":"https:\/\/turisme.dival.es\/#website","url":"https:\/\/turisme.dival.es\/","name":"valenciaturismo.com.mialias.net","description":"","potentialAction":[{"@type":"SearchAction","target":{"@type":"EntryPoint","urlTemplate":"https:\/\/turisme.dival.es\/?s={search_term_string}"},"query-input":"required name=search_term_string"}],"inLanguage":"vl"}]}},"_links":{"self":[{"href":"https:\/\/turisme.dival.es\/ca\/wp-json\/wp\/v2\/pages\/66295","targetHints":{"allow":["GET"]}}],"collection":[{"href":"https:\/\/turisme.dival.es\/ca\/wp-json\/wp\/v2\/pages"}],"about":[{"href":"https:\/\/turisme.dival.es\/ca\/wp-json\/wp\/v2\/types\/page"}],"author":[{"embeddable":true,"href":"https:\/\/turisme.dival.es\/ca\/wp-json\/wp\/v2\/users\/1"}],"replies":[{"embeddable":true,"href":"https:\/\/turisme.dival.es\/ca\/wp-json\/wp\/v2\/comments?post=66295"}],"version-history":[{"count":6,"href":"https:\/\/turisme.dival.es\/ca\/wp-json\/wp\/v2\/pages\/66295\/revisions"}],"predecessor-version":[{"id":77470,"href":"https:\/\/turisme.dival.es\/ca\/wp-json\/wp\/v2\/pages\/66295\/revisions\/77470"}],"up":[{"embeddable":true,"href":"https:\/\/turisme.dival.es\/ca\/wp-json\/wp\/v2\/pages\/65930"}],"wp:attachment":[{"href":"https:\/\/turisme.dival.es\/ca\/wp-json\/wp\/v2\/media?parent=66295"}],"curies":[{"name":"wp","href":"https:\/\/api.w.org\/{rel}","templated":true}]}}