{"id":65964,"date":"2021-08-06T11:39:24","date_gmt":"2021-08-06T11:39:24","guid":{"rendered":"https:\/\/turisme.dival.es\/planifica-tu-experiencia\/campos-de-golf\/"},"modified":"2022-05-24T08:13:53","modified_gmt":"2022-05-24T08:13:53","slug":"camps-de-golf","status":"publish","type":"page","link":"https:\/\/turisme.dival.es\/ca\/planifica-la-teua-experiencia\/camps-de-golf\/","title":{"rendered":"Camps de golf"},"content":{"rendered":"<p>[et_pb_section fb_built=&#8221;1&#8243; _builder_version=&#8221;4.15&#8243; custom_margin=&#8221;0px||0px||false|false&#8221; custom_padding=&#8221;0px||0px||false|false&#8221; global_colors_info=&#8221;{}&#8221;][et_pb_row _builder_version=&#8221;4.15&#8243; background_size=&#8221;initial&#8221; background_position=&#8221;top_left&#8221; background_repeat=&#8221;repeat&#8221; width=&#8221;100%&#8221; max_width=&#8221;100%&#8221; custom_margin=&#8221;0px||0px||true|false&#8221; custom_padding=&#8221;0px||0px||true|false&#8221; global_colors_info=&#8221;{}&#8221;][et_pb_column type=&#8221;4_4&#8243; _builder_version=&#8221;4.15&#8243; _module_preset=&#8221;default&#8221; global_colors_info=&#8221;{}&#8221;][et_pb_slider show_pagination=&#8221;off&#8221; _builder_version=&#8221;4.15&#8243; _module_preset=&#8221;default&#8221; height=&#8221;70vh&#8221; global_colors_info=&#8221;{}&#8221;][et_pb_slide heading=&#8221;Camps de golf&#8221; _builder_version=&#8221;4.15&#8243; _module_preset=&#8221;default&#8221; background_image=&#8221;https:\/\/turisme.dival.es\/wp-content\/uploads\/2021\/10\/slider-seccion-golf3.jpeg&#8221; background_enable_image=&#8221;on&#8221; global_colors_info=&#8221;{}&#8221; sticky_transition=&#8221;on&#8221;]<\/p>\n<h2>Els millors camps de golf de Val\u00e8ncia<\/h2>\n<p>[\/et_pb_slide][\/et_pb_slider][\/et_pb_column][\/et_pb_row][\/et_pb_section][et_pb_section fb_built=&#8221;1&#8243; fullwidth=&#8221;on&#8221; admin_label=&#8221;breadcrumbs&#8221; _builder_version=&#8221;4.15&#8243; _module_preset=&#8221;default&#8221; locked=&#8221;off&#8221; collapsed=&#8221;off&#8221; global_colors_info=&#8221;{}&#8221;][et_pb_fullwidth_code _builder_version=&#8221;4.15&#8243; _module_preset=&#8221;default&#8221; global_colors_info=&#8221;{}&#8221;]    <div class=\"parent-migas\" style=\"background-color:#f2ad00;\"><div class=\"container-migas-plantilla\">\n    <!-- Breadcrumb NavXT 7.3.1 -->\n<span property=\"itemListElement\" typeof=\"ListItem\"><a property=\"item\" typeof=\"WebPage\" title=\"Go to Valencia Turismo.\" href=\"https:\/\/turisme.dival.es\/ca\/\" class=\"home\" aria-current=\"page\"><span property=\"name\">Valencia Turismo<\/span><\/a><meta property=\"position\" content=\"1\"><\/span>    <\/div><\/div>\n    [\/et_pb_fullwidth_code][\/et_pb_section][et_pb_section fb_built=&#8221;1&#8243; admin_label=&#8221;intro page&#8221; _builder_version=&#8221;4.15&#8243; _module_preset=&#8221;default&#8221; custom_margin=&#8221;||0px||false|false&#8221; custom_padding=&#8221;20px||0px||false|false&#8221; locked=&#8221;off&#8221; global_colors_info=&#8221;{}&#8221;][et_pb_row column_structure=&#8221;1_5,3_5,1_5&#8243; _builder_version=&#8221;4.15&#8243; _module_preset=&#8221;default&#8221; global_colors_info=&#8221;{}&#8221;][et_pb_column type=&#8221;1_5&#8243; _builder_version=&#8221;4.15&#8243; _module_preset=&#8221;default&#8221; global_colors_info=&#8221;{}&#8221;][\/et_pb_column][et_pb_column type=&#8221;3_5&#8243; _builder_version=&#8221;4.15&#8243; _module_preset=&#8221;default&#8221; global_colors_info=&#8221;{}&#8221;][et_pb_divider color=&#8221;RGBA(0,0,0,0)&#8221; admin_label=&#8221;Divider&#8221; _builder_version=&#8221;4.15&#8243; _module_preset=&#8221;default&#8221; background_color=&#8221;#E09900&#8243; width=&#8221;70px&#8221; module_alignment=&#8221;center&#8221; height=&#8221;6px&#8221; locked=&#8221;off&#8221; global_colors_info=&#8221;{}&#8221;][\/et_pb_divider][et_pb_text admin_label=&#8221;Titulo&#8221; _builder_version=&#8221;4.15&#8243; _module_preset=&#8221;default&#8221; text_font_size=&#8221;18px&#8221; header_text_align=&#8221;center&#8221; header_font_size=&#8221;37px&#8221; text_orientation=&#8221;center&#8221; global_colors_info=&#8221;{}&#8221;]<\/p>\n<h1>Camps de Golf<\/h1>\n<p>[\/et_pb_text][et_pb_text _builder_version=&#8221;4.15.1&#8243; _module_preset=&#8221;default&#8221; text_font_size=&#8221;18px&#8221; header_text_align=&#8221;center&#8221; header_font_size=&#8221;37px&#8221; text_orientation=&#8221;center&#8221; global_colors_info=&#8221;{}&#8221;]A Val\u00e8ncia podr\u00e0s gaudir jugant al golf els dotze mesos de l&#8217;any, una climatologia privilegiada dotant als nostres camps d&#8217;una qualitat de gran reputaci\u00f3 estant situats en zones privilegiades, podr\u00e0s jugar al golf i gaudir d&#8217;unes magn\u00edfiques vistes al Mediterrani.<\/p>\n<p>Durant tot l&#8217;any podr\u00e0s gaudir de diferents tornejos o simplement practicar els teus colps, a continuaci\u00f3 et vam mostrar els millors camps de golf de la comunitat valenciana, veuen a gaudir del teu esport favorit entre pins, alzines, oliveres i garroferes o sota la suau brisa del Mediterrani.<br \/>\n Neteja[\/et_pb_text][\/et_pb_column][et_pb_column type=&#8221;1_5&#8243; _builder_version=&#8221;4.15&#8243; _module_preset=&#8221;default&#8221; global_colors_info=&#8221;{}&#8221;][\/et_pb_column][\/et_pb_row][\/et_pb_section][et_pb_section fb_built=&#8221;1&#8243; admin_label=&#8221;post types&#8221; _builder_version=&#8221;4.15&#8243; _module_preset=&#8221;default&#8221; global_colors_info=&#8221;{}&#8221;][et_pb_row _builder_version=&#8221;4.15&#8243; _module_preset=&#8221;default&#8221; global_colors_info=&#8221;{}&#8221;][et_pb_column type=&#8221;4_4&#8243; _builder_version=&#8221;4.15&#8243; _module_preset=&#8221;default&#8221; global_colors_info=&#8221;{}&#8221;][et_pb_code _builder_version=&#8221;4.15.1&#8243; _module_preset=&#8221;default&#8221; hover_enabled=&#8221;0&#8243; global_colors_info=&#8221;{}&#8221; sticky_enabled=&#8221;0&#8243;]<div id=\"container_post_types\" class=\"three_col\"><div class=\"post_type\" style=\"background-image:url(https:\/\/turisme.dival.es\/wp-content\/uploads\/2021\/09\/masia-de-las-estrellas-12-756x336-1.jpg);\"><a  class=\"post_type_link\" href=\"https:\/\/turisme.dival.es\/ca\/campo_de_golf\/pitch-and-putt-masia-de-las-estrellas\/\"><div class=\"container_post_type_data\"><div class=\"post_type_title\">Pitch and Putt Mas\u00eda de las Estrellas<\/div><div>Descobrir<\/div><\/div><\/a><\/div><div class=\"post_type\" style=\"background-image:url(https:\/\/turisme.dival.es\/wp-content\/uploads\/2021\/09\/golfcofrentes4-756x336-1.jpg);\"><a  class=\"post_type_link\" href=\"https:\/\/turisme.dival.es\/ca\/campo_de_golf\/pitch-and-putt-cofrentes-golf\/\"><div class=\"container_post_type_data\"><div class=\"post_type_title\">Pitch and Putt Cofrentes Golf<\/div><div>Descobrir<\/div><\/div><\/a><\/div><div class=\"post_type\" style=\"background-image:url(https:\/\/turisme.dival.es\/wp-content\/uploads\/2021\/09\/lagalianagolf12-756x336-1.jpg);\"><a  class=\"post_type_link\" href=\"https:\/\/turisme.dival.es\/ca\/campo_de_golf\/la-galiana-golf\/\"><div class=\"container_post_type_data\"><div class=\"post_type_title\">La Galiana Golf<\/div><div>Descobrir<\/div><\/div><\/a><\/div><div class=\"post_type\" style=\"background-image:url(https:\/\/turisme.dival.es\/wp-content\/uploads\/2021\/09\/foressosgolf22-756x336-1.jpg);\"><a  class=\"post_type_link\" href=\"https:\/\/turisme.dival.es\/ca\/campo_de_golf\/foressos-golf\/\"><div class=\"container_post_type_data\"><div class=\"post_type_title\">Foressos Golf<\/div><div>Descobrir<\/div><\/div><\/a><\/div><div class=\"post_type\" style=\"background-image:url(https:\/\/turisme.dival.es\/wp-content\/uploads\/2021\/09\/elbosque32-756x336-1.jpg);\"><a  class=\"post_type_link\" href=\"https:\/\/turisme.dival.es\/ca\/campo_de_golf\/el-bosque\/\"><div class=\"container_post_type_data\"><div class=\"post_type_title\">El Bosque<\/div><div>Descobrir<\/div><\/div><\/a><\/div><div class=\"post_type\" style=\"background-image:url(https:\/\/turisme.dival.es\/wp-content\/uploads\/2021\/09\/olivanova12-756x336-1.jpg);\"><a  class=\"post_type_link\" href=\"https:\/\/turisme.dival.es\/ca\/campo_de_golf\/club-de-golf-oliva-nova\/\"><div class=\"container_post_type_data\"><div class=\"post_type_title\">Club de Golf Oliva Nova<\/div><div>Descobrir<\/div><\/div><\/a><\/div><div class=\"post_type\" style=\"background-image:url(https:\/\/turisme.dival.es\/wp-content\/uploads\/2021\/09\/manises22-756x336-1.jpg);\"><a  class=\"post_type_link\" href=\"https:\/\/turisme.dival.es\/ca\/campo_de_golf\/club-de-golf-manises\/\"><div class=\"container_post_type_data\"><div class=\"post_type_title\">Club de Golf Manises<\/div><div>Descobrir<\/div><\/div><\/a><\/div><div class=\"post_type\" style=\"background-image:url(https:\/\/turisme.dival.es\/wp-content\/uploads\/2021\/09\/escorpion22-756x336-1.jpg);\"><a  class=\"post_type_link\" href=\"https:\/\/turisme.dival.es\/ca\/campo_de_golf\/club-de-golf-escorpion\/\"><div class=\"container_post_type_data\"><div class=\"post_type_title\">Club de Golf Escorpi\u00f3n<\/div><div>Descobrir<\/div><\/div><\/a><\/div><div class=\"post_type\" style=\"background-image:url(https:\/\/turisme.dival.es\/wp-content\/uploads\/2021\/09\/eltejo12-756x336-1.jpg);\"><a  class=\"post_type_link\" href=\"https:\/\/turisme.dival.es\/ca\/campo_de_golf\/campo-de-golf-el-tejo\/\"><div class=\"container_post_type_data\"><div class=\"post_type_title\">Campo de Golf El Tejo<\/div><div>Descobrir<\/div><\/div><\/a><\/div><div class=\"post_type\" style=\"background-image:url(https:\/\/turisme.dival.es\/wp-content\/uploads\/2021\/08\/FONDO-GOLF.jpg);\"><a  class=\"post_type_link\" href=\"https:\/\/turisme.dival.es\/ca\/campo_de_golf\/club-de-golf-el-saler\/\"><div class=\"container_post_type_data\"><div class=\"post_type_title\">Club de Golf el Saler<\/div><div>Descobrir<\/div><\/div><\/a><\/div><\/div><div class=\"pagination-section\">[\/et_pb_code][\/et_pb_column][\/et_pb_row][\/et_pb_section]<\/p>\n","protected":false},"excerpt":{"rendered":"<p>[et_pb_section fb_built=&#8221;1&#8243; _builder_version=&#8221;4.15&#8243; custom_margin=&#8221;0px||0px||false|false&#8221; custom_padding=&#8221;0px||0px||false|false&#8221; global_colors_info=&#8221;{}&#8221;][et_pb_row _builder_version=&#8221;4.15&#8243; background_size=&#8221;initial&#8221; background_position=&#8221;top_left&#8221; background_repeat=&#8221;repeat&#8221; width=&#8221;100%&#8221; max_width=&#8221;100%&#8221; custom_margin=&#8221;0px||0px||true|false&#8221; custom_padding=&#8221;0px||0px||true|false&#8221; global_colors_info=&#8221;{}&#8221;][et_pb_column type=&#8221;4_4&#8243; _builder_version=&#8221;4.15&#8243; _module_preset=&#8221;default&#8221; global_colors_info=&#8221;{}&#8221;][et_pb_slider show_pagination=&#8221;off&#8221; _builder_version=&#8221;4.15&#8243; _module_preset=&#8221;default&#8221; height=&#8221;70vh&#8221; global_colors_info=&#8221;{}&#8221;][et_pb_slide heading=&#8221;Camps de golf&#8221; _builder_version=&#8221;4.15&#8243; _module_preset=&#8221;default&#8221; background_image=&#8221;https:\/\/turisme.dival.es\/wp-content\/uploads\/2021\/10\/slider-seccion-golf3.jpeg&#8221; background_enable_image=&#8221;on&#8221; global_colors_info=&#8221;{}&#8221; sticky_transition=&#8221;on&#8221;] Els millors camps de golf de Val\u00e8ncia [\/et_pb_slide][\/et_pb_slider][\/et_pb_column][\/et_pb_row][\/et_pb_section][et_pb_section fb_built=&#8221;1&#8243; fullwidth=&#8221;on&#8221; admin_label=&#8221;breadcrumbs&#8221; _builder_version=&#8221;4.15&#8243; _module_preset=&#8221;default&#8221; locked=&#8221;off&#8221; collapsed=&#8221;off&#8221; global_colors_info=&#8221;{}&#8221;][et_pb_fullwidth_code _builder_version=&#8221;4.15&#8243; _module_preset=&#8221;default&#8221; global_colors_info=&#8221;{}&#8221;][\/et_pb_fullwidth_code][\/et_pb_section][et_pb_section fb_built=&#8221;1&#8243; admin_label=&#8221;intro page&#8221; [&hellip;]<\/p>\n","protected":false},"author":1,"featured_media":0,"parent":65930,"menu_order":0,"comment_status":"closed","ping_status":"closed","template":"","meta":{"_acf_changed":false,"_et_pb_use_builder":"on","_et_pb_old_content":"","_et_gb_content_width":"","footnotes":""},"class_list":["post-65964","page","type-page","status-publish","hentry"],"acf":[],"yoast_head":"<!-- This site is optimized with the Yoast SEO plugin v23.0 - https:\/\/yoast.com\/wordpress\/plugins\/seo\/ -->\n<title>Camps de golf &#060; Valencia Turismo<\/title>\n<meta name=\"robots\" content=\"index, follow, max-snippet:-1, max-image-preview:large, max-video-preview:-1\" \/>\n<link rel=\"canonical\" href=\"https:\/\/turisme.dival.es\/ca\/planifica-la-teua-experiencia\/camps-de-golf\/\" \/>\n<meta property=\"og:locale\" content=\"en_US\" \/>\n<meta property=\"og:type\" content=\"article\" \/>\n<meta property=\"og:title\" content=\"Camps de golf &#060; Valencia Turismo\" \/>\n<meta property=\"og:description\" content=\"[et_pb_section fb_built=&#8221;1&#8243; _builder_version=&#8221;4.15&#8243; custom_margin=&#8221;0px||0px||false|false&#8221; custom_padding=&#8221;0px||0px||false|false&#8221; global_colors_info=&#8221;{}&#8221;][et_pb_row _builder_version=&#8221;4.15&#8243; background_size=&#8221;initial&#8221; background_position=&#8221;top_left&#8221; background_repeat=&#8221;repeat&#8221; width=&#8221;100%&#8221; max_width=&#8221;100%&#8221; custom_margin=&#8221;0px||0px||true|false&#8221; custom_padding=&#8221;0px||0px||true|false&#8221; global_colors_info=&#8221;{}&#8221;][et_pb_column type=&#8221;4_4&#8243; _builder_version=&#8221;4.15&#8243; _module_preset=&#8221;default&#8221; global_colors_info=&#8221;{}&#8221;][et_pb_slider show_pagination=&#8221;off&#8221; _builder_version=&#8221;4.15&#8243; _module_preset=&#8221;default&#8221; height=&#8221;70vh&#8221; global_colors_info=&#8221;{}&#8221;][et_pb_slide heading=&#8221;Camps de golf&#8221; _builder_version=&#8221;4.15&#8243; _module_preset=&#8221;default&#8221; background_image=&#8221;https:\/\/turisme.dival.es\/wp-content\/uploads\/2021\/10\/slider-seccion-golf3.jpeg&#8221; background_enable_image=&#8221;on&#8221; global_colors_info=&#8221;{}&#8221; sticky_transition=&#8221;on&#8221;] Els millors camps de golf de Val\u00e8ncia [\/et_pb_slide][\/et_pb_slider][\/et_pb_column][\/et_pb_row][\/et_pb_section][et_pb_section fb_built=&#8221;1&#8243; fullwidth=&#8221;on&#8221; admin_label=&#8221;breadcrumbs&#8221; _builder_version=&#8221;4.15&#8243; _module_preset=&#8221;default&#8221; locked=&#8221;off&#8221; collapsed=&#8221;off&#8221; global_colors_info=&#8221;{}&#8221;][et_pb_fullwidth_code _builder_version=&#8221;4.15&#8243; _module_preset=&#8221;default&#8221; global_colors_info=&#8221;{}&#8221;][\/et_pb_fullwidth_code][\/et_pb_section][et_pb_section fb_built=&#8221;1&#8243; admin_label=&#8221;intro page&#8221; [&hellip;]\" \/>\n<meta property=\"og:url\" content=\"https:\/\/turisme.dival.es\/ca\/planifica-la-teua-experiencia\/camps-de-golf\/\" \/>\n<meta property=\"og:site_name\" content=\"Valencia Turismo\" \/>\n<meta property=\"article:modified_time\" content=\"2022-05-24T08:13:53+00:00\" \/>\n<meta name=\"twitter:card\" content=\"summary_large_image\" \/>\n<meta name=\"twitter:label1\" content=\"Est. reading time\" \/>\n\t<meta name=\"twitter:data1\" content=\"1 minute\" \/>\n<script type=\"application\/ld+json\" class=\"yoast-schema-graph\">{\"@context\":\"https:\/\/schema.org\",\"@graph\":[{\"@type\":\"WebPage\",\"@id\":\"https:\/\/turisme.dival.es\/ca\/planifica-la-teua-experiencia\/camps-de-golf\/\",\"url\":\"https:\/\/turisme.dival.es\/ca\/planifica-la-teua-experiencia\/camps-de-golf\/\",\"name\":\"Camps de golf &#060; Valencia Turismo\",\"isPartOf\":{\"@id\":\"https:\/\/turisme.dival.es\/#website\"},\"datePublished\":\"2021-08-06T11:39:24+00:00\",\"dateModified\":\"2022-05-24T08:13:53+00:00\",\"breadcrumb\":{\"@id\":\"https:\/\/turisme.dival.es\/ca\/planifica-la-teua-experiencia\/camps-de-golf\/#breadcrumb\"},\"inLanguage\":\"vl\",\"potentialAction\":[{\"@type\":\"ReadAction\",\"target\":[\"https:\/\/turisme.dival.es\/ca\/planifica-la-teua-experiencia\/camps-de-golf\/\"]}]},{\"@type\":\"BreadcrumbList\",\"@id\":\"https:\/\/turisme.dival.es\/ca\/planifica-la-teua-experiencia\/camps-de-golf\/#breadcrumb\",\"itemListElement\":[{\"@type\":\"ListItem\",\"position\":1,\"name\":\"Planifica la teua experi\u00e8ncia\",\"item\":\"https:\/\/turisme.dival.es\/ca\/planifica-la-teua-experiencia\/\"},{\"@type\":\"ListItem\",\"position\":2,\"name\":\"Camps de golf\"}]},{\"@type\":\"WebSite\",\"@id\":\"https:\/\/turisme.dival.es\/#website\",\"url\":\"https:\/\/turisme.dival.es\/\",\"name\":\"valenciaturismo.com.mialias.net\",\"description\":\"\",\"potentialAction\":[{\"@type\":\"SearchAction\",\"target\":{\"@type\":\"EntryPoint\",\"urlTemplate\":\"https:\/\/turisme.dival.es\/?s={search_term_string}\"},\"query-input\":\"required name=search_term_string\"}],\"inLanguage\":\"vl\"}]}<\/script>\n<!-- \/ Yoast SEO plugin. -->","yoast_head_json":{"title":"Camps de golf &#060; Valencia Turismo","robots":{"index":"index","follow":"follow","max-snippet":"max-snippet:-1","max-image-preview":"max-image-preview:large","max-video-preview":"max-video-preview:-1"},"canonical":"https:\/\/turisme.dival.es\/ca\/planifica-la-teua-experiencia\/camps-de-golf\/","og_locale":"en_US","og_type":"article","og_title":"Camps de golf &#060; Valencia Turismo","og_description":"[et_pb_section fb_built=&#8221;1&#8243; _builder_version=&#8221;4.15&#8243; custom_margin=&#8221;0px||0px||false|false&#8221; custom_padding=&#8221;0px||0px||false|false&#8221; global_colors_info=&#8221;{}&#8221;][et_pb_row _builder_version=&#8221;4.15&#8243; background_size=&#8221;initial&#8221; background_position=&#8221;top_left&#8221; background_repeat=&#8221;repeat&#8221; width=&#8221;100%&#8221; max_width=&#8221;100%&#8221; custom_margin=&#8221;0px||0px||true|false&#8221; custom_padding=&#8221;0px||0px||true|false&#8221; global_colors_info=&#8221;{}&#8221;][et_pb_column type=&#8221;4_4&#8243; _builder_version=&#8221;4.15&#8243; _module_preset=&#8221;default&#8221; global_colors_info=&#8221;{}&#8221;][et_pb_slider show_pagination=&#8221;off&#8221; _builder_version=&#8221;4.15&#8243; _module_preset=&#8221;default&#8221; height=&#8221;70vh&#8221; global_colors_info=&#8221;{}&#8221;][et_pb_slide heading=&#8221;Camps de golf&#8221; _builder_version=&#8221;4.15&#8243; _module_preset=&#8221;default&#8221; background_image=&#8221;https:\/\/turisme.dival.es\/wp-content\/uploads\/2021\/10\/slider-seccion-golf3.jpeg&#8221; background_enable_image=&#8221;on&#8221; global_colors_info=&#8221;{}&#8221; sticky_transition=&#8221;on&#8221;] Els millors camps de golf de Val\u00e8ncia [\/et_pb_slide][\/et_pb_slider][\/et_pb_column][\/et_pb_row][\/et_pb_section][et_pb_section fb_built=&#8221;1&#8243; fullwidth=&#8221;on&#8221; admin_label=&#8221;breadcrumbs&#8221; _builder_version=&#8221;4.15&#8243; _module_preset=&#8221;default&#8221; locked=&#8221;off&#8221; collapsed=&#8221;off&#8221; global_colors_info=&#8221;{}&#8221;][et_pb_fullwidth_code _builder_version=&#8221;4.15&#8243; _module_preset=&#8221;default&#8221; global_colors_info=&#8221;{}&#8221;][\/et_pb_fullwidth_code][\/et_pb_section][et_pb_section fb_built=&#8221;1&#8243; admin_label=&#8221;intro page&#8221; [&hellip;]","og_url":"https:\/\/turisme.dival.es\/ca\/planifica-la-teua-experiencia\/camps-de-golf\/","og_site_name":"Valencia Turismo","article_modified_time":"2022-05-24T08:13:53+00:00","twitter_card":"summary_large_image","twitter_misc":{"Est. reading time":"1 minute"},"schema":{"@context":"https:\/\/schema.org","@graph":[{"@type":"WebPage","@id":"https:\/\/turisme.dival.es\/ca\/planifica-la-teua-experiencia\/camps-de-golf\/","url":"https:\/\/turisme.dival.es\/ca\/planifica-la-teua-experiencia\/camps-de-golf\/","name":"Camps de golf &#060; Valencia Turismo","isPartOf":{"@id":"https:\/\/turisme.dival.es\/#website"},"datePublished":"2021-08-06T11:39:24+00:00","dateModified":"2022-05-24T08:13:53+00:00","breadcrumb":{"@id":"https:\/\/turisme.dival.es\/ca\/planifica-la-teua-experiencia\/camps-de-golf\/#breadcrumb"},"inLanguage":"vl","potentialAction":[{"@type":"ReadAction","target":["https:\/\/turisme.dival.es\/ca\/planifica-la-teua-experiencia\/camps-de-golf\/"]}]},{"@type":"BreadcrumbList","@id":"https:\/\/turisme.dival.es\/ca\/planifica-la-teua-experiencia\/camps-de-golf\/#breadcrumb","itemListElement":[{"@type":"ListItem","position":1,"name":"Planifica la teua experi\u00e8ncia","item":"https:\/\/turisme.dival.es\/ca\/planifica-la-teua-experiencia\/"},{"@type":"ListItem","position":2,"name":"Camps de golf"}]},{"@type":"WebSite","@id":"https:\/\/turisme.dival.es\/#website","url":"https:\/\/turisme.dival.es\/","name":"valenciaturismo.com.mialias.net","description":"","potentialAction":[{"@type":"SearchAction","target":{"@type":"EntryPoint","urlTemplate":"https:\/\/turisme.dival.es\/?s={search_term_string}"},"query-input":"required name=search_term_string"}],"inLanguage":"vl"}]}},"_links":{"self":[{"href":"https:\/\/turisme.dival.es\/ca\/wp-json\/wp\/v2\/pages\/65964","targetHints":{"allow":["GET"]}}],"collection":[{"href":"https:\/\/turisme.dival.es\/ca\/wp-json\/wp\/v2\/pages"}],"about":[{"href":"https:\/\/turisme.dival.es\/ca\/wp-json\/wp\/v2\/types\/page"}],"author":[{"embeddable":true,"href":"https:\/\/turisme.dival.es\/ca\/wp-json\/wp\/v2\/users\/1"}],"replies":[{"embeddable":true,"href":"https:\/\/turisme.dival.es\/ca\/wp-json\/wp\/v2\/comments?post=65964"}],"version-history":[{"count":8,"href":"https:\/\/turisme.dival.es\/ca\/wp-json\/wp\/v2\/pages\/65964\/revisions"}],"predecessor-version":[{"id":82000,"href":"https:\/\/turisme.dival.es\/ca\/wp-json\/wp\/v2\/pages\/65964\/revisions\/82000"}],"up":[{"embeddable":true,"href":"https:\/\/turisme.dival.es\/ca\/wp-json\/wp\/v2\/pages\/65930"}],"wp:attachment":[{"href":"https:\/\/turisme.dival.es\/ca\/wp-json\/wp\/v2\/media?parent=65964"}],"curies":[{"name":"wp","href":"https:\/\/api.w.org\/{rel}","templated":true}]}}