{"id":53144,"date":"2022-01-12T09:33:54","date_gmt":"2022-01-12T09:33:54","guid":{"rendered":"https:\/\/turisme.dival.es\/?page_id=53144"},"modified":"2025-04-16T11:12:39","modified_gmt":"2025-04-16T11:12:39","slug":"memoria-de-gestio-pla-dactuacions-i-pressupost","status":"publish","type":"page","link":"https:\/\/turisme.dival.es\/ca\/area-profesional-y-tramites\/memoria-de-gestio-pla-dactuacions-i-pressupost\/","title":{"rendered":"Mem\u00f2ria de Gesti\u00f3, pla d\u2019Actuacions i pressupost"},"content":{"rendered":"<p>[et_pb_section fb_built=&#8221;1&#8243; _builder_version=&#8221;4.16&#8243; _module_preset=&#8221;default&#8221; locked=&#8221;off&#8221; global_colors_info=&#8221;{}&#8221;][et_pb_row column_structure=&#8221;1_5,3_5,1_5&#8243; _builder_version=&#8221;4.16&#8243; _module_preset=&#8221;default&#8221; locked=&#8221;off&#8221; global_colors_info=&#8221;{}&#8221;][et_pb_column type=&#8221;1_5&#8243; _builder_version=&#8221;4.16&#8243; _module_preset=&#8221;default&#8221; global_colors_info=&#8221;{}&#8221;][\/et_pb_column][et_pb_column type=&#8221;3_5&#8243; _builder_version=&#8221;4.16&#8243; _module_preset=&#8221;default&#8221; global_colors_info=&#8221;{}&#8221;][et_pb_divider color=&#8221;RGBA(0,0,0,0)&#8221; admin_label=&#8221;Divider&#8221; _builder_version=&#8221;4.16&#8243; _module_preset=&#8221;default&#8221; background_color=&#8221;#E09900&#8243; width=&#8221;70px&#8221; module_alignment=&#8221;center&#8221; height=&#8221;6px&#8221; locked=&#8221;off&#8221; global_colors_info=&#8221;{}&#8221;][\/et_pb_divider][et_pb_text admin_label=&#8221;Titulo&#8221; _builder_version=&#8221;4.19.1&#8243; _module_preset=&#8221;default&#8221; text_font_size=&#8221;18px&#8221; header_text_align=&#8221;center&#8221; header_font_size=&#8221;37px&#8221; text_orientation=&#8221;center&#8221; global_colors_info=&#8221;{}&#8221;]<\/p>\n<h1>Mem\u00f2ria de Gesti\u00f3, Pla d&#8217;Actuacions i Pressupost<\/h1>\n<p>[\/et_pb_text][\/et_pb_column][et_pb_column type=&#8221;1_5&#8243; _builder_version=&#8221;4.16&#8243; _module_preset=&#8221;default&#8221; global_colors_info=&#8221;{}&#8221;][\/et_pb_column][\/et_pb_row][et_pb_row _builder_version=&#8221;4.16&#8243; _module_preset=&#8221;default&#8221; global_colors_info=&#8221;{}&#8221;][et_pb_column type=&#8221;4_4&#8243; _builder_version=&#8221;4.16&#8243; _module_preset=&#8221;default&#8221; global_colors_info=&#8221;{}&#8221;][et_pb_tabs _builder_version=&#8221;4.26.0&#8243; _module_preset=&#8221;default&#8221; hover_enabled=&#8221;0&#8243; global_colors_info=&#8221;{}&#8221; sticky_enabled=&#8221;0&#8243;][et_pb_tab title=&#8221;Mem\u00f2ria de Gesti\u00f3 2024 i Pla d\u2019Actuacions 2025&#8243; _builder_version=&#8221;4.26.0&#8243; _module_preset=&#8221;default&#8221; global_colors_info=&#8221;{}&#8221;]<\/p>\n<p><a href=\"https:\/\/turisme.dival.es\/wp-content\/uploads\/2025\/04\/MEMORIA-2024-valenciano.pdf\" rel=\"attachment wp-att-135610\">Mem\u00f2ria de Gesti\u00f3 2024<\/a><\/p>\n<p><a href=\"https:\/\/turisme.dival.es\/wp-content\/uploads\/2025\/04\/PLAN-ACTUACIONES-2025-val.pdf\" rel=\"attachment wp-att-135604\">Pla d\u2019Actuacions 2025<\/a><\/p>\n<p>[\/et_pb_tab][et_pb_tab title=&#8221;Mem\u00f2ria de Gesti\u00f3 2022 i  Pla d\u2019Actuacions 2023&#8243; _builder_version=&#8221;4.16&#8243; _module_preset=&#8221;default&#8221; global_colors_info=&#8221;{}&#8221;]<\/p>\n<p><a href=\"https:\/\/turisme.dival.es\/wp-content\/uploads\/2023\/06\/MEMORIA-ENERO-AGOSTO22.pdf\" rel=\"attachment wp-att-89490\">Mem\u00f2ria de Gesti\u00f3 gener-agost2022 <\/a><\/p>\n<p><a href=\"https:\/\/turisme.dival.es\/wp-content\/uploads\/2023\/06\/MEMORIA-SEP-DIC-2022-TURISMO.pdf\" rel=\"attachment wp-att-89495\">Mem\u00f2ria de Gesti\u00f3 setembre-desembre 2022<\/a><\/p>\n<p><a href=\"https:\/\/turisme.dival.es\/wp-content\/uploads\/2023\/06\/PLAN-DE-ACTUACIONES-2023-1.pdf\" rel=\"attachment wp-att-89506\">Pla d\u2019Actuacions 2023<\/a><\/p>\n<p>[\/et_pb_tab][et_pb_tab title=&#8221;Pla d\u2019Actuacions 2022&#8243; _builder_version=&#8221;4.16&#8243; _module_preset=&#8221;default&#8221; global_colors_info=&#8221;{}&#8221;]<\/p>\n<p><a href=\"https:\/\/turisme.dival.es\/wp-content\/uploads\/2023\/06\/PLAN-DE-ACTUACIONES-2022_compressed-1.pdf\" rel=\"attachment wp-att-89485\">Pla d\u2019Actuacions 2022<\/a><\/p>\n<p>[\/et_pb_tab][et_pb_tab title=&#8221;Mem\u00f2ria de Gesti\u00f3 2020 i Pla d\u2019Actuacions i Pressupost 2021&#8243; _builder_version=&#8221;4.16&#8243; _module_preset=&#8221;default&#8221; global_colors_info=&#8221;{}&#8221;]<\/p>\n<p><a href=\"https:\/\/turisme.dival.es\/wp-content\/uploads\/2022\/01\/Memo\u2560Cria_VT_2020_VALENCIA\u2560C.pdf\" target=\"_blank\" rel=\"noopener\">Mem\u00f2ria de Gesti\u00f3 2020<\/a><\/p>\n<p><a href=\"https:\/\/turisme.dival.es\/wp-content\/uploads\/2022\/01\/Memo\u2560Cria_VT_2020_VALENCIA\u2560C.pdf\" target=\"_blank\" rel=\"noopener\">Pla d\u2019Actuacions 2021<\/a><\/p>\n<p><a href=\"https:\/\/turisme.dival.es\/wp-content\/uploads\/2022\/01\/Memo\u2560Cria_VT_2020_VALENCIA\u2560C.pdf\" target=\"_blank\" rel=\"noopener\">Pressupost 2021<\/a><\/p>\n<p>[\/et_pb_tab][\/et_pb_tabs][\/et_pb_column][\/et_pb_row][\/et_pb_section]<\/p>\n","protected":false},"excerpt":{"rendered":"<p>Mem\u00f2ria de Gesti\u00f3, Pla d&#8217;Actuacions i PressupostMem\u00f2ria de Gesti\u00f3 2024 Pla d\u2019Actuacions 2025Mem\u00f2ria de Gesti\u00f3 gener-agost2022 Mem\u00f2ria de Gesti\u00f3 setembre-desembre 2022 Pla d\u2019Actuacions 2023Pla d\u2019Actuacions 2022Mem\u00f2ria de Gesti\u00f3 2020 Pla d\u2019Actuacions 2021 Pressupost 2021<\/p>\n","protected":false},"author":1,"featured_media":0,"parent":53051,"menu_order":0,"comment_status":"closed","ping_status":"closed","template":"","meta":{"_acf_changed":false,"_et_pb_use_builder":"on","_et_pb_old_content":"<p>[et_pb_section fb_built=\"1\" _builder_version=\"4.9.11\" _module_preset=\"default\" locked=\"off\" global_colors_info=\"{}\"][et_pb_row column_structure=\"1_5,3_5,1_5\" _builder_version=\"4.9.7\" _module_preset=\"default\" locked=\"off\" global_colors_info=\"{}\"][et_pb_column type=\"1_5\" _builder_version=\"4.9.7\" _module_preset=\"default\" global_colors_info=\"{}\"][\/et_pb_column][et_pb_column type=\"3_5\" _builder_version=\"4.9.7\" _module_preset=\"default\" global_colors_info=\"{}\"][et_pb_divider color=\"RGBA(0,0,0,0)\" admin_label=\"Divider\" _builder_version=\"4.9.7\" _module_preset=\"default\" background_color=\"#E09900\" width=\"70px\" module_alignment=\"center\" height=\"6px\" locked=\"off\" global_colors_info=\"{}\"][\/et_pb_divider][et_pb_text admin_label=\"Titulo\" _builder_version=\"4.9.11\" _module_preset=\"default\" text_font_size=\"18px\" header_text_align=\"center\" header_font_size=\"37px\" text_orientation=\"center\" global_colors_info=\"{}\"]<\/p><h1>Memoria de Gesti\u00f3n, Plan Actuaciones y Presupuesto<\/h1><p>[\/et_pb_text][\/et_pb_column][et_pb_column type=\"1_5\" _builder_version=\"4.9.7\" _module_preset=\"default\" global_colors_info=\"{}\"][\/et_pb_column][\/et_pb_row][et_pb_row _builder_version=\"4.9.11\" _module_preset=\"default\" global_colors_info=\"{}\"][et_pb_column type=\"4_4\" _builder_version=\"4.9.11\" _module_preset=\"default\" global_colors_info=\"{}\"][et_pb_tabs _builder_version=\"4.9.11\" _module_preset=\"default\" global_colors_info=\"{}\"][et_pb_tab title=\"Memoria de gesti\u00f3n 2019 y Plan de Actuaciones y Presupuesto 2020\" _builder_version=\"4.9.11\" _module_preset=\"default\" global_colors_info=\"{}\"]<\/p><p><a href=\"https:\/\/turisme.dival.es\/wp-content\/uploads\/2022\/01\/MEMORIA-DE-GESTIO\u0301N-PATRONAT-DE-TURISME-2019.pdf\">Memoria de gesti\u00f3n 2019<\/a><\/p><p><a href=\"https:\/\/turisme.dival.es\/wp-content\/uploads\/2022\/01\/PDF_Pla_act2020_castellano_AF.pdf\">Plan de actuaciones 2020<\/a><\/p><p><a href=\"https:\/\/turisme.dival.es\/wp-content\/uploads\/2022\/01\/Dossier-Presupuesto-2020-CASTELLANO.pdf\" target=\"_blank\" rel=\"noopener\">Presupuesto 2020<\/a><\/p><p>[\/et_pb_tab][et_pb_tab title=\"Memoria de Gesti\u00f3n 2020 y Plan de Actuaciones 2021\" _builder_version=\"4.9.11\" _module_preset=\"default\" global_colors_info=\"{}\"]<\/p><p><a href=\"https:\/\/turisme.dival.es\/wp-content\/uploads\/2022\/01\/Memo\u2560Cria_VT_2020_CASTELLA\u2560C.pdf\" target=\"_blank\" rel=\"noopener\">Memoria de gesti\u00f3n del Patronat de Turisme 2020<\/a><\/p><p><a href=\"https:\/\/turisme.dival.es\/wp-content\/uploads\/2022\/01\/PlanAct_VT_2021_CASTELLA\u2560C-1.pdf\" target=\"_blank\" rel=\"noopener\">Plan de actuaciones del Patronat de Turisme 2021<\/a><\/p><p><a href=\"https:\/\/turisme.dival.es\/wp-content\/uploads\/2022\/01\/5.-Presupuesto-2021-castellano.pdf\" target=\"_blank\" rel=\"noopener\">Presupuesto 2021<\/a><\/p><p>[\/et_pb_tab][\/et_pb_tabs][\/et_pb_column][\/et_pb_row][\/et_pb_section]<\/p>","_et_gb_content_width":"","footnotes":""},"class_list":["post-53144","page","type-page","status-publish","hentry"],"acf":[],"yoast_head":"<!-- This site is optimized with the Yoast SEO plugin v23.0 - https:\/\/yoast.com\/wordpress\/plugins\/seo\/ -->\n<title>Mem\u00f2ria de Gesti\u00f3, pla d\u2019Actuacions i pressupost &#060; Valencia Turismo<\/title>\n<meta name=\"robots\" content=\"index, follow, max-snippet:-1, max-image-preview:large, max-video-preview:-1\" \/>\n<link rel=\"canonical\" href=\"https:\/\/turisme.dival.es\/ca\/area-profesional-y-tramites\/memoria-de-gestio-pla-dactuacions-i-pressupost\/\" \/>\n<meta property=\"og:locale\" content=\"en_US\" \/>\n<meta property=\"og:type\" content=\"article\" \/>\n<meta property=\"og:title\" content=\"Mem\u00f2ria de Gesti\u00f3, pla d\u2019Actuacions i pressupost &#060; Valencia Turismo\" \/>\n<meta property=\"og:description\" content=\"Mem\u00f2ria de Gesti\u00f3, Pla d&#039;Actuacions i PressupostMem\u00f2ria de Gesti\u00f3 2024 Pla d\u2019Actuacions 2025Mem\u00f2ria de Gesti\u00f3 gener-agost2022 Mem\u00f2ria de Gesti\u00f3 setembre-desembre 2022 Pla d\u2019Actuacions 2023Pla d\u2019Actuacions 2022Mem\u00f2ria de Gesti\u00f3 2020 Pla d\u2019Actuacions 2021 Pressupost 2021\" \/>\n<meta property=\"og:url\" content=\"https:\/\/turisme.dival.es\/ca\/area-profesional-y-tramites\/memoria-de-gestio-pla-dactuacions-i-pressupost\/\" \/>\n<meta property=\"og:site_name\" content=\"Valencia Turismo\" \/>\n<meta property=\"article:modified_time\" content=\"2025-04-16T11:12:39+00:00\" \/>\n<meta name=\"twitter:card\" content=\"summary_large_image\" \/>\n<meta name=\"twitter:label1\" content=\"Est. reading time\" \/>\n\t<meta name=\"twitter:data1\" content=\"1 minute\" \/>\n<script type=\"application\/ld+json\" class=\"yoast-schema-graph\">{\"@context\":\"https:\/\/schema.org\",\"@graph\":[{\"@type\":\"WebPage\",\"@id\":\"https:\/\/turisme.dival.es\/ca\/area-profesional-y-tramites\/memoria-de-gestio-pla-dactuacions-i-pressupost\/\",\"url\":\"https:\/\/turisme.dival.es\/ca\/area-profesional-y-tramites\/memoria-de-gestio-pla-dactuacions-i-pressupost\/\",\"name\":\"Mem\u00f2ria de Gesti\u00f3, pla d\u2019Actuacions i pressupost &#060; Valencia Turismo\",\"isPartOf\":{\"@id\":\"https:\/\/turisme.dival.es\/#website\"},\"datePublished\":\"2022-01-12T09:33:54+00:00\",\"dateModified\":\"2025-04-16T11:12:39+00:00\",\"breadcrumb\":{\"@id\":\"https:\/\/turisme.dival.es\/ca\/area-profesional-y-tramites\/memoria-de-gestio-pla-dactuacions-i-pressupost\/#breadcrumb\"},\"inLanguage\":\"vl\",\"potentialAction\":[{\"@type\":\"ReadAction\",\"target\":[\"https:\/\/turisme.dival.es\/ca\/area-profesional-y-tramites\/memoria-de-gestio-pla-dactuacions-i-pressupost\/\"]}]},{\"@type\":\"BreadcrumbList\",\"@id\":\"https:\/\/turisme.dival.es\/ca\/area-profesional-y-tramites\/memoria-de-gestio-pla-dactuacions-i-pressupost\/#breadcrumb\",\"itemListElement\":[{\"@type\":\"ListItem\",\"position\":1,\"name\":\"\u00c1rea profesional y tr\u00e1mites\",\"item\":\"https:\/\/turisme.dival.es\/ca\/area-profesional-y-tramites\/\"},{\"@type\":\"ListItem\",\"position\":2,\"name\":\"Mem\u00f2ria de Gesti\u00f3, pla d\u2019Actuacions i pressupost\"}]},{\"@type\":\"WebSite\",\"@id\":\"https:\/\/turisme.dival.es\/#website\",\"url\":\"https:\/\/turisme.dival.es\/\",\"name\":\"valenciaturismo.com.mialias.net\",\"description\":\"\",\"potentialAction\":[{\"@type\":\"SearchAction\",\"target\":{\"@type\":\"EntryPoint\",\"urlTemplate\":\"https:\/\/turisme.dival.es\/?s={search_term_string}\"},\"query-input\":\"required name=search_term_string\"}],\"inLanguage\":\"vl\"}]}<\/script>\n<!-- \/ Yoast SEO plugin. -->","yoast_head_json":{"title":"Mem\u00f2ria de Gesti\u00f3, pla d\u2019Actuacions i pressupost &#060; Valencia Turismo","robots":{"index":"index","follow":"follow","max-snippet":"max-snippet:-1","max-image-preview":"max-image-preview:large","max-video-preview":"max-video-preview:-1"},"canonical":"https:\/\/turisme.dival.es\/ca\/area-profesional-y-tramites\/memoria-de-gestio-pla-dactuacions-i-pressupost\/","og_locale":"en_US","og_type":"article","og_title":"Mem\u00f2ria de Gesti\u00f3, pla d\u2019Actuacions i pressupost &#060; Valencia Turismo","og_description":"Mem\u00f2ria de Gesti\u00f3, Pla d'Actuacions i PressupostMem\u00f2ria de Gesti\u00f3 2024 Pla d\u2019Actuacions 2025Mem\u00f2ria de Gesti\u00f3 gener-agost2022 Mem\u00f2ria de Gesti\u00f3 setembre-desembre 2022 Pla d\u2019Actuacions 2023Pla d\u2019Actuacions 2022Mem\u00f2ria de Gesti\u00f3 2020 Pla d\u2019Actuacions 2021 Pressupost 2021","og_url":"https:\/\/turisme.dival.es\/ca\/area-profesional-y-tramites\/memoria-de-gestio-pla-dactuacions-i-pressupost\/","og_site_name":"Valencia Turismo","article_modified_time":"2025-04-16T11:12:39+00:00","twitter_card":"summary_large_image","twitter_misc":{"Est. reading time":"1 minute"},"schema":{"@context":"https:\/\/schema.org","@graph":[{"@type":"WebPage","@id":"https:\/\/turisme.dival.es\/ca\/area-profesional-y-tramites\/memoria-de-gestio-pla-dactuacions-i-pressupost\/","url":"https:\/\/turisme.dival.es\/ca\/area-profesional-y-tramites\/memoria-de-gestio-pla-dactuacions-i-pressupost\/","name":"Mem\u00f2ria de Gesti\u00f3, pla d\u2019Actuacions i pressupost &#060; Valencia Turismo","isPartOf":{"@id":"https:\/\/turisme.dival.es\/#website"},"datePublished":"2022-01-12T09:33:54+00:00","dateModified":"2025-04-16T11:12:39+00:00","breadcrumb":{"@id":"https:\/\/turisme.dival.es\/ca\/area-profesional-y-tramites\/memoria-de-gestio-pla-dactuacions-i-pressupost\/#breadcrumb"},"inLanguage":"vl","potentialAction":[{"@type":"ReadAction","target":["https:\/\/turisme.dival.es\/ca\/area-profesional-y-tramites\/memoria-de-gestio-pla-dactuacions-i-pressupost\/"]}]},{"@type":"BreadcrumbList","@id":"https:\/\/turisme.dival.es\/ca\/area-profesional-y-tramites\/memoria-de-gestio-pla-dactuacions-i-pressupost\/#breadcrumb","itemListElement":[{"@type":"ListItem","position":1,"name":"\u00c1rea profesional y tr\u00e1mites","item":"https:\/\/turisme.dival.es\/ca\/area-profesional-y-tramites\/"},{"@type":"ListItem","position":2,"name":"Mem\u00f2ria de Gesti\u00f3, pla d\u2019Actuacions i pressupost"}]},{"@type":"WebSite","@id":"https:\/\/turisme.dival.es\/#website","url":"https:\/\/turisme.dival.es\/","name":"valenciaturismo.com.mialias.net","description":"","potentialAction":[{"@type":"SearchAction","target":{"@type":"EntryPoint","urlTemplate":"https:\/\/turisme.dival.es\/?s={search_term_string}"},"query-input":"required name=search_term_string"}],"inLanguage":"vl"}]}},"_links":{"self":[{"href":"https:\/\/turisme.dival.es\/ca\/wp-json\/wp\/v2\/pages\/53144","targetHints":{"allow":["GET"]}}],"collection":[{"href":"https:\/\/turisme.dival.es\/ca\/wp-json\/wp\/v2\/pages"}],"about":[{"href":"https:\/\/turisme.dival.es\/ca\/wp-json\/wp\/v2\/types\/page"}],"author":[{"embeddable":true,"href":"https:\/\/turisme.dival.es\/ca\/wp-json\/wp\/v2\/users\/1"}],"replies":[{"embeddable":true,"href":"https:\/\/turisme.dival.es\/ca\/wp-json\/wp\/v2\/comments?post=53144"}],"version-history":[{"count":24,"href":"https:\/\/turisme.dival.es\/ca\/wp-json\/wp\/v2\/pages\/53144\/revisions"}],"predecessor-version":[{"id":135627,"href":"https:\/\/turisme.dival.es\/ca\/wp-json\/wp\/v2\/pages\/53144\/revisions\/135627"}],"up":[{"embeddable":true,"href":"https:\/\/turisme.dival.es\/ca\/wp-json\/wp\/v2\/pages\/53051"}],"wp:attachment":[{"href":"https:\/\/turisme.dival.es\/ca\/wp-json\/wp\/v2\/media?parent=53144"}],"curies":[{"name":"wp","href":"https:\/\/api.w.org\/{rel}","templated":true}]}}