{"id":53140,"date":"2022-01-12T09:26:34","date_gmt":"2022-01-12T09:26:34","guid":{"rendered":"https:\/\/turisme.dival.es\/?page_id=53140"},"modified":"2024-10-30T13:13:28","modified_gmt":"2024-10-30T13:13:28","slug":"marca-turistica-valencia-turisme","status":"publish","type":"page","link":"https:\/\/turisme.dival.es\/ca\/area-profesional-y-tramites\/marca-turistica-valencia-turisme\/","title":{"rendered":"Marca Tur\u00edstica Val\u00e8ncia Turisme"},"content":{"rendered":"<p>[et_pb_section fb_built=&#8221;1&#8243; _builder_version=&#8221;4.16&#8243; _module_preset=&#8221;default&#8221; locked=&#8221;off&#8221; global_colors_info=&#8221;{}&#8221;][et_pb_row column_structure=&#8221;1_5,3_5,1_5&#8243; _builder_version=&#8221;4.16&#8243; _module_preset=&#8221;default&#8221; locked=&#8221;off&#8221; global_colors_info=&#8221;{}&#8221;][et_pb_column type=&#8221;1_5&#8243; _builder_version=&#8221;4.16&#8243; _module_preset=&#8221;default&#8221; global_colors_info=&#8221;{}&#8221;][\/et_pb_column][et_pb_column type=&#8221;3_5&#8243; _builder_version=&#8221;4.16&#8243; _module_preset=&#8221;default&#8221; global_colors_info=&#8221;{}&#8221;][et_pb_divider color=&#8221;RGBA(0,0,0,0)&#8221; admin_label=&#8221;Divider&#8221; _builder_version=&#8221;4.16&#8243; _module_preset=&#8221;default&#8221; background_color=&#8221;#E09900&#8243; width=&#8221;70px&#8221; module_alignment=&#8221;center&#8221; height=&#8221;6px&#8221; locked=&#8221;off&#8221; global_colors_info=&#8221;{}&#8221;][\/et_pb_divider][et_pb_text admin_label=&#8221;Titulo&#8221; _builder_version=&#8221;4.16&#8243; _module_preset=&#8221;default&#8221; text_font_size=&#8221;18px&#8221; header_text_align=&#8221;center&#8221; header_font_size=&#8221;37px&#8221; text_orientation=&#8221;center&#8221; global_colors_info=&#8221;{}&#8221;]<\/p>\n<h1>Marca Tur\u00edstica Val\u00e8ncia Turisme<\/h1>\n<p>[\/et_pb_text][\/et_pb_column][et_pb_column type=&#8221;1_5&#8243; _builder_version=&#8221;4.16&#8243; _module_preset=&#8221;default&#8221; global_colors_info=&#8221;{}&#8221;][\/et_pb_column][\/et_pb_row][et_pb_row _builder_version=&#8221;4.16&#8243; _module_preset=&#8221;default&#8221; global_colors_info=&#8221;{}&#8221;][et_pb_column type=&#8221;4_4&#8243; _builder_version=&#8221;4.16&#8243; _module_preset=&#8221;default&#8221; global_colors_info=&#8221;{}&#8221;][et_pb_tabs _builder_version=&#8221;4.26.0&#8243; _module_preset=&#8221;default&#8221; hover_enabled=&#8221;0&#8243; global_colors_info=&#8221;{}&#8221; sticky_enabled=&#8221;0&#8243;][et_pb_tab title=&#8221;Marca Tur\u00edstica Val\u00e8ncia Turisme&#8221; _builder_version=&#8221;4.26.0&#8243; _module_preset=&#8221;default&#8221; hover_enabled=&#8221;0&#8243; global_colors_info=&#8221;{}&#8221; sticky_enabled=&#8221;0&#8243;]<\/p>\n<p><a href=\"https:\/\/turisme.dival.es\/wp-content\/uploads\/2022\/01\/Manual_VALENCIA_TURISME.pdf\" target=\"_blank\" rel=\"noopener\">MANUAL COMPLETO MARCA VAL\u00c8NCIA TURISME &#8211; MARCA COMPLETA + DIPUTACI\u00d3N<\/a><\/p>\n<p><a href=\"https:\/\/turisme.dival.es\/wp-content\/uploads\/2024\/07\/DVValenciaTurisme.pdf\" rel=\"attachment wp-att-132898\">Versi\u00f3 Diputaci\u00f3 de Val\u00e8ncia-Val\u00e8ncia Turisme\u00a0<\/a><\/p>\n<p><a href=\"https:\/\/turisme.dival.es\/wp-content\/uploads\/2022\/01\/MARCA-VALE\u0300NCIA-TURISME-COLOR.pdf\" target=\"_blank\" rel=\"noopener\">MARCA VALE\u0300NCIA TURISME \u2014 COLOR<\/a><\/p>\n<p style=\"text-align: left;\"><a href=\"https:\/\/turisme.dival.es\/wp-content\/uploads\/2022\/01\/MARCA-VALE\u0300NCIA-TURISME-NEGRE.pdf\" target=\"_blank\" rel=\"noopener\">MANUAL VALE\u0300NCIA TURISME \u2014 NEGRE<\/a><\/p>\n<p><a href=\"https:\/\/turisme.dival.es\/wp-content\/uploads\/2024\/10\/DVValenciaTurisme-COLOR.pdf\" rel=\"attachment wp-att-133962\">Logos per ajudes\/subvencions color<\/a><\/p>\n<p><a href=\"https:\/\/turisme.dival.es\/wp-content\/uploads\/2024\/10\/DVValenciaTurisme-1.pdf\" rel=\"attachment wp-att-133990\">Logos per ajudes\/subvencions<\/a><\/p>\n<p><img loading=\"lazy\" decoding=\"async\" class=\"wp-image-133981 alignnone size-medium\" src=\"https:\/\/turisme.dival.es\/wp-content\/uploads\/2024\/10\/logos-300x75.jpg\" alt=\"\" width=\"300\" height=\"75\" \/><\/p>\n<p>[\/et_pb_tab][\/et_pb_tabs][\/et_pb_column][\/et_pb_row][\/et_pb_section]<\/p>\n","protected":false},"excerpt":{"rendered":"<p>Marca Tur\u00edstica Val\u00e8ncia TurismeMANUAL COMPLETO MARCA VAL\u00c8NCIA TURISME &#8211; MARCA COMPLETA + DIPUTACI\u00d3N Versi\u00f3 Diputaci\u00f3 de Val\u00e8ncia-Val\u00e8ncia Turisme\u00a0 MARCA VALE\u0300NCIA TURISME \u2014 COLOR MANUAL VALE\u0300NCIA TURISME \u2014 NEGRE Logos per ajudes\/subvencions color Logos per ajudes\/subvencions<\/p>\n","protected":false},"author":1,"featured_media":0,"parent":53051,"menu_order":0,"comment_status":"closed","ping_status":"closed","template":"","meta":{"_acf_changed":false,"_et_pb_use_builder":"on","_et_pb_old_content":"<p>[et_pb_section fb_built=\"1\" _builder_version=\"4.9.11\" _module_preset=\"default\" locked=\"off\" global_colors_info=\"{}\"][et_pb_row column_structure=\"1_5,3_5,1_5\" _builder_version=\"4.9.7\" _module_preset=\"default\" locked=\"off\" global_colors_info=\"{}\"][et_pb_column type=\"1_5\" _builder_version=\"4.9.7\" _module_preset=\"default\" global_colors_info=\"{}\"][\/et_pb_column][et_pb_column type=\"3_5\" _builder_version=\"4.9.7\" _module_preset=\"default\" global_colors_info=\"{}\"][et_pb_divider color=\"RGBA(0,0,0,0)\" admin_label=\"Divider\" _builder_version=\"4.9.7\" _module_preset=\"default\" background_color=\"#E09900\" width=\"70px\" module_alignment=\"center\" height=\"6px\" locked=\"off\" global_colors_info=\"{}\"][\/et_pb_divider][et_pb_text admin_label=\"Titulo\" _builder_version=\"4.9.11\" _module_preset=\"default\" text_font_size=\"18px\" header_text_align=\"center\" header_font_size=\"37px\" text_orientation=\"center\" global_colors_info=\"{}\"]<\/p><h1>Marca Tur\u00edstica Val\u00e8ncia Turisme<\/h1><p>[\/et_pb_text][\/et_pb_column][et_pb_column type=\"1_5\" _builder_version=\"4.9.7\" _module_preset=\"default\" global_colors_info=\"{}\"][\/et_pb_column][\/et_pb_row][et_pb_row _builder_version=\"4.9.11\" _module_preset=\"default\" global_colors_info=\"{}\"][et_pb_column type=\"4_4\" _builder_version=\"4.9.11\" _module_preset=\"default\" global_colors_info=\"{}\"][et_pb_tabs _builder_version=\"4.9.11\" _module_preset=\"default\" global_colors_info=\"{}\"][et_pb_tab title=\"Marca Tur\u00edstica Val\u00e8ncia Turisme\" _builder_version=\"4.9.11\" _module_preset=\"default\" global_colors_info=\"{}\"]<\/p><p><a href=\"https:\/\/turisme.dival.es\/wp-content\/uploads\/2022\/01\/Manual_VALENCIA_TURISME.pdf\" target=\"_blank\" rel=\"noopener\">MANUAL COMPLETO MARCA VAL\u00c8NCIA TURISME - MARCA COMPLETA + DIPUTACI\u00d3N<\/a><\/p><p><a href=\"https:\/\/turisme.dival.es\/wp-content\/uploads\/2022\/01\/MARCA-VALE\u0300NCIA-TURISME-COLOR.pdf\" target=\"_blank\" rel=\"noopener\">MARCA VALE\u0300NCIA TURISME \u2014 COLOR<\/a><\/p><p style=\"text-align: left;\"><a href=\"https:\/\/turisme.dival.es\/wp-content\/uploads\/2022\/01\/MARCA-VALE\u0300NCIA-TURISME-NEGRE.pdf\" target=\"_blank\" rel=\"noopener\">MANUAL VALE\u0300NCIA TURISME \u2014 NEGRO<\/a><\/p><p>[\/et_pb_tab][\/et_pb_tabs][\/et_pb_column][\/et_pb_row][\/et_pb_section]<\/p>","_et_gb_content_width":"","footnotes":""},"class_list":["post-53140","page","type-page","status-publish","hentry"],"acf":[],"yoast_head":"<!-- This site is optimized with the Yoast SEO plugin v23.0 - https:\/\/yoast.com\/wordpress\/plugins\/seo\/ -->\n<title>Marca Tur\u00edstica Val\u00e8ncia Turisme &#060; Valencia Turismo<\/title>\n<meta name=\"robots\" content=\"index, follow, max-snippet:-1, max-image-preview:large, max-video-preview:-1\" \/>\n<link rel=\"canonical\" href=\"https:\/\/turisme.dival.es\/ca\/area-profesional-y-tramites\/marca-turistica-valencia-turisme\/\" \/>\n<meta property=\"og:locale\" content=\"en_US\" \/>\n<meta property=\"og:type\" content=\"article\" \/>\n<meta property=\"og:title\" content=\"Marca Tur\u00edstica Val\u00e8ncia Turisme &#060; Valencia Turismo\" \/>\n<meta property=\"og:description\" content=\"Marca Tur\u00edstica Val\u00e8ncia TurismeMANUAL COMPLETO MARCA VAL\u00c8NCIA TURISME - MARCA COMPLETA + DIPUTACI\u00d3N Versi\u00f3 Diputaci\u00f3 de Val\u00e8ncia-Val\u00e8ncia Turisme\u00a0 MARCA VALE\u0300NCIA TURISME \u2014 COLOR MANUAL VALE\u0300NCIA TURISME \u2014 NEGRE Logos per ajudes\/subvencions color Logos per ajudes\/subvencions\" \/>\n<meta property=\"og:url\" content=\"https:\/\/turisme.dival.es\/ca\/area-profesional-y-tramites\/marca-turistica-valencia-turisme\/\" \/>\n<meta property=\"og:site_name\" content=\"Valencia Turismo\" \/>\n<meta property=\"article:modified_time\" content=\"2024-10-30T13:13:28+00:00\" \/>\n<meta property=\"og:image\" content=\"https:\/\/turisme.dival.es\/wp-content\/uploads\/2024\/10\/logos-300x75.jpg\" \/>\n<meta name=\"twitter:card\" content=\"summary_large_image\" \/>\n<meta name=\"twitter:label1\" content=\"Est. reading time\" \/>\n\t<meta name=\"twitter:data1\" content=\"1 minute\" \/>\n<script type=\"application\/ld+json\" class=\"yoast-schema-graph\">{\"@context\":\"https:\/\/schema.org\",\"@graph\":[{\"@type\":\"WebPage\",\"@id\":\"https:\/\/turisme.dival.es\/ca\/area-profesional-y-tramites\/marca-turistica-valencia-turisme\/\",\"url\":\"https:\/\/turisme.dival.es\/ca\/area-profesional-y-tramites\/marca-turistica-valencia-turisme\/\",\"name\":\"Marca Tur\u00edstica Val\u00e8ncia Turisme &#060; Valencia Turismo\",\"isPartOf\":{\"@id\":\"https:\/\/turisme.dival.es\/#website\"},\"primaryImageOfPage\":{\"@id\":\"https:\/\/turisme.dival.es\/ca\/area-profesional-y-tramites\/marca-turistica-valencia-turisme\/#primaryimage\"},\"image\":{\"@id\":\"https:\/\/turisme.dival.es\/ca\/area-profesional-y-tramites\/marca-turistica-valencia-turisme\/#primaryimage\"},\"thumbnailUrl\":\"https:\/\/turisme.dival.es\/wp-content\/uploads\/2024\/10\/logos-300x75.jpg\",\"datePublished\":\"2022-01-12T09:26:34+00:00\",\"dateModified\":\"2024-10-30T13:13:28+00:00\",\"breadcrumb\":{\"@id\":\"https:\/\/turisme.dival.es\/ca\/area-profesional-y-tramites\/marca-turistica-valencia-turisme\/#breadcrumb\"},\"inLanguage\":\"vl\",\"potentialAction\":[{\"@type\":\"ReadAction\",\"target\":[\"https:\/\/turisme.dival.es\/ca\/area-profesional-y-tramites\/marca-turistica-valencia-turisme\/\"]}]},{\"@type\":\"ImageObject\",\"inLanguage\":\"vl\",\"@id\":\"https:\/\/turisme.dival.es\/ca\/area-profesional-y-tramites\/marca-turistica-valencia-turisme\/#primaryimage\",\"url\":\"https:\/\/turisme.dival.es\/wp-content\/uploads\/2024\/10\/logos-300x75.jpg\",\"contentUrl\":\"https:\/\/turisme.dival.es\/wp-content\/uploads\/2024\/10\/logos-300x75.jpg\"},{\"@type\":\"BreadcrumbList\",\"@id\":\"https:\/\/turisme.dival.es\/ca\/area-profesional-y-tramites\/marca-turistica-valencia-turisme\/#breadcrumb\",\"itemListElement\":[{\"@type\":\"ListItem\",\"position\":1,\"name\":\"\u00c1rea profesional y tr\u00e1mites\",\"item\":\"https:\/\/turisme.dival.es\/ca\/area-profesional-y-tramites\/\"},{\"@type\":\"ListItem\",\"position\":2,\"name\":\"Marca Tur\u00edstica Val\u00e8ncia Turisme\"}]},{\"@type\":\"WebSite\",\"@id\":\"https:\/\/turisme.dival.es\/#website\",\"url\":\"https:\/\/turisme.dival.es\/\",\"name\":\"valenciaturismo.com.mialias.net\",\"description\":\"\",\"potentialAction\":[{\"@type\":\"SearchAction\",\"target\":{\"@type\":\"EntryPoint\",\"urlTemplate\":\"https:\/\/turisme.dival.es\/?s={search_term_string}\"},\"query-input\":\"required name=search_term_string\"}],\"inLanguage\":\"vl\"}]}<\/script>\n<!-- \/ Yoast SEO plugin. -->","yoast_head_json":{"title":"Marca Tur\u00edstica Val\u00e8ncia Turisme &#060; Valencia Turismo","robots":{"index":"index","follow":"follow","max-snippet":"max-snippet:-1","max-image-preview":"max-image-preview:large","max-video-preview":"max-video-preview:-1"},"canonical":"https:\/\/turisme.dival.es\/ca\/area-profesional-y-tramites\/marca-turistica-valencia-turisme\/","og_locale":"en_US","og_type":"article","og_title":"Marca Tur\u00edstica Val\u00e8ncia Turisme &#060; Valencia Turismo","og_description":"Marca Tur\u00edstica Val\u00e8ncia TurismeMANUAL COMPLETO MARCA VAL\u00c8NCIA TURISME - MARCA COMPLETA + DIPUTACI\u00d3N Versi\u00f3 Diputaci\u00f3 de Val\u00e8ncia-Val\u00e8ncia Turisme\u00a0 MARCA VALE\u0300NCIA TURISME \u2014 COLOR MANUAL VALE\u0300NCIA TURISME \u2014 NEGRE Logos per ajudes\/subvencions color Logos per ajudes\/subvencions","og_url":"https:\/\/turisme.dival.es\/ca\/area-profesional-y-tramites\/marca-turistica-valencia-turisme\/","og_site_name":"Valencia Turismo","article_modified_time":"2024-10-30T13:13:28+00:00","og_image":[{"url":"https:\/\/turisme.dival.es\/wp-content\/uploads\/2024\/10\/logos-300x75.jpg"}],"twitter_card":"summary_large_image","twitter_misc":{"Est. reading time":"1 minute"},"schema":{"@context":"https:\/\/schema.org","@graph":[{"@type":"WebPage","@id":"https:\/\/turisme.dival.es\/ca\/area-profesional-y-tramites\/marca-turistica-valencia-turisme\/","url":"https:\/\/turisme.dival.es\/ca\/area-profesional-y-tramites\/marca-turistica-valencia-turisme\/","name":"Marca Tur\u00edstica Val\u00e8ncia Turisme &#060; Valencia Turismo","isPartOf":{"@id":"https:\/\/turisme.dival.es\/#website"},"primaryImageOfPage":{"@id":"https:\/\/turisme.dival.es\/ca\/area-profesional-y-tramites\/marca-turistica-valencia-turisme\/#primaryimage"},"image":{"@id":"https:\/\/turisme.dival.es\/ca\/area-profesional-y-tramites\/marca-turistica-valencia-turisme\/#primaryimage"},"thumbnailUrl":"https:\/\/turisme.dival.es\/wp-content\/uploads\/2024\/10\/logos-300x75.jpg","datePublished":"2022-01-12T09:26:34+00:00","dateModified":"2024-10-30T13:13:28+00:00","breadcrumb":{"@id":"https:\/\/turisme.dival.es\/ca\/area-profesional-y-tramites\/marca-turistica-valencia-turisme\/#breadcrumb"},"inLanguage":"vl","potentialAction":[{"@type":"ReadAction","target":["https:\/\/turisme.dival.es\/ca\/area-profesional-y-tramites\/marca-turistica-valencia-turisme\/"]}]},{"@type":"ImageObject","inLanguage":"vl","@id":"https:\/\/turisme.dival.es\/ca\/area-profesional-y-tramites\/marca-turistica-valencia-turisme\/#primaryimage","url":"https:\/\/turisme.dival.es\/wp-content\/uploads\/2024\/10\/logos-300x75.jpg","contentUrl":"https:\/\/turisme.dival.es\/wp-content\/uploads\/2024\/10\/logos-300x75.jpg"},{"@type":"BreadcrumbList","@id":"https:\/\/turisme.dival.es\/ca\/area-profesional-y-tramites\/marca-turistica-valencia-turisme\/#breadcrumb","itemListElement":[{"@type":"ListItem","position":1,"name":"\u00c1rea profesional y tr\u00e1mites","item":"https:\/\/turisme.dival.es\/ca\/area-profesional-y-tramites\/"},{"@type":"ListItem","position":2,"name":"Marca Tur\u00edstica Val\u00e8ncia Turisme"}]},{"@type":"WebSite","@id":"https:\/\/turisme.dival.es\/#website","url":"https:\/\/turisme.dival.es\/","name":"valenciaturismo.com.mialias.net","description":"","potentialAction":[{"@type":"SearchAction","target":{"@type":"EntryPoint","urlTemplate":"https:\/\/turisme.dival.es\/?s={search_term_string}"},"query-input":"required name=search_term_string"}],"inLanguage":"vl"}]}},"_links":{"self":[{"href":"https:\/\/turisme.dival.es\/ca\/wp-json\/wp\/v2\/pages\/53140","targetHints":{"allow":["GET"]}}],"collection":[{"href":"https:\/\/turisme.dival.es\/ca\/wp-json\/wp\/v2\/pages"}],"about":[{"href":"https:\/\/turisme.dival.es\/ca\/wp-json\/wp\/v2\/types\/page"}],"author":[{"embeddable":true,"href":"https:\/\/turisme.dival.es\/ca\/wp-json\/wp\/v2\/users\/1"}],"replies":[{"embeddable":true,"href":"https:\/\/turisme.dival.es\/ca\/wp-json\/wp\/v2\/comments?post=53140"}],"version-history":[{"count":5,"href":"https:\/\/turisme.dival.es\/ca\/wp-json\/wp\/v2\/pages\/53140\/revisions"}],"predecessor-version":[{"id":133996,"href":"https:\/\/turisme.dival.es\/ca\/wp-json\/wp\/v2\/pages\/53140\/revisions\/133996"}],"up":[{"embeddable":true,"href":"https:\/\/turisme.dival.es\/ca\/wp-json\/wp\/v2\/pages\/53051"}],"wp:attachment":[{"href":"https:\/\/turisme.dival.es\/ca\/wp-json\/wp\/v2\/media?parent=53140"}],"curies":[{"name":"wp","href":"https:\/\/api.w.org\/{rel}","templated":true}]}}