{"id":53051,"date":"2022-01-12T08:55:54","date_gmt":"2022-01-12T08:55:54","guid":{"rendered":"https:\/\/turisme.dival.es\/?page_id=53051"},"modified":"2023-04-05T10:35:30","modified_gmt":"2023-04-05T10:35:30","slug":"area-profesional-y-tramites","status":"publish","type":"page","link":"https:\/\/turisme.dival.es\/ca\/area-profesional-y-tramites\/","title":{"rendered":"\u00c1rea profesional y tr\u00e1mites"},"content":{"rendered":"<p>[et_pb_section fb_built=&#8221;1&#8243; fullwidth=&#8221;on&#8221; _builder_version=&#8221;4.16&#8243; _module_preset=&#8221;default&#8221; background_image=&#8221;https:\/\/turisme.dival.es\/wp-content\/uploads\/2021\/10\/RINCO\u0301N-ADEMUZ-PAISAJE-scaled.jpg&#8221; global_colors_info=&#8221;{}&#8221;][et_pb_fullwidth_header title=&#8221;ZONA PROFESSIONAL&#8221; text_orientation=&#8221;center&#8221; _builder_version=&#8221;4.16&#8243; _module_preset=&#8221;default&#8221; title_font=&#8221;Source Sans Pro||||||||&#8221; title_text_align=&#8221;center&#8221; content_font=&#8221;Source Sans Pro||||||||&#8221; content_text_align=&#8221;center&#8221; content_text_color=&#8221;#FFFFFF&#8221; subhead_text_align=&#8221;center&#8221; background_enable_color=&#8221;off&#8221; background_enable_image=&#8221;off&#8221; parallax=&#8221;on&#8221; global_colors_info=&#8221;{}&#8221;][\/et_pb_fullwidth_header][\/et_pb_section][et_pb_section fb_built=&#8221;1&#8243; _builder_version=&#8221;4.16&#8243; _module_preset=&#8221;default&#8221; global_colors_info=&#8221;{}&#8221;][et_pb_row column_structure=&#8221;1_5,3_5,1_5&#8243; _builder_version=&#8221;4.16&#8243; _module_preset=&#8221;default&#8221; locked=&#8221;off&#8221; global_colors_info=&#8221;{}&#8221;][et_pb_column type=&#8221;1_5&#8243; _builder_version=&#8221;4.16&#8243; _module_preset=&#8221;default&#8221; global_colors_info=&#8221;{}&#8221;][\/et_pb_column][et_pb_column type=&#8221;3_5&#8243; _builder_version=&#8221;4.16&#8243; _module_preset=&#8221;default&#8221; global_colors_info=&#8221;{}&#8221;][et_pb_divider color=&#8221;RGBA(0,0,0,0)&#8221; admin_label=&#8221;Divider&#8221; _builder_version=&#8221;4.16&#8243; _module_preset=&#8221;default&#8221; background_color=&#8221;#E09900&#8243; width=&#8221;70px&#8221; module_alignment=&#8221;center&#8221; height=&#8221;6px&#8221; locked=&#8221;off&#8221; global_colors_info=&#8221;{}&#8221;][\/et_pb_divider][et_pb_text admin_label=&#8221;Titulo&#8221; _builder_version=&#8221;4.16&#8243; _module_preset=&#8221;default&#8221; text_font_size=&#8221;18px&#8221; header_text_align=&#8221;center&#8221; header_font_size=&#8221;37px&#8221; text_orientation=&#8221;center&#8221; global_colors_info=&#8221;{}&#8221;]<\/p>\n<h1>Cat\u00e0leg de tr\u00e0mits<\/h1>\n<p>[\/et_pb_text][et_pb_text disabled_on=&#8221;on|on|on&#8221; _builder_version=&#8221;4.16&#8243; _module_preset=&#8221;default&#8221; text_font_size=&#8221;18px&#8221; header_text_align=&#8221;center&#8221; header_font_size=&#8221;37px&#8221; text_orientation=&#8221;center&#8221; disabled=&#8221;on&#8221; global_colors_info=&#8221;{}&#8221;]Lorem ipsum dolor sit amet, consectetur adipiscing elit, sed do eiusmod tempor incididunt ut labore et dolore magna aliqua. Ut enim ad minim veniam, quis nostrud exercitation ullamco laboris nisi ut aliquip ex ea commodo consequat.<br \/>\n[\/et_pb_text][\/et_pb_column][et_pb_column type=&#8221;1_5&#8243; _builder_version=&#8221;4.16&#8243; _module_preset=&#8221;default&#8221; global_colors_info=&#8221;{}&#8221;][\/et_pb_column][\/et_pb_row][et_pb_row column_structure=&#8221;1_2,1_2&#8243; use_custom_gutter=&#8221;on&#8221; gutter_width=&#8221;2&#8243; make_equal=&#8221;on&#8221; _builder_version=&#8221;4.16&#8243; _module_preset=&#8221;default&#8221; global_colors_info=&#8221;{}&#8221;][et_pb_column type=&#8221;1_2&#8243; _builder_version=&#8221;4.16&#8243; _module_preset=&#8221;default&#8221; global_colors_info=&#8221;{}&#8221;][et_pb_blurb title=&#8221;Convocat\u00f2ries d&#8217;ajudes i subvencions&#8221; url=&#8221;\/ca\/area-profesional-y-tramites\/ajudes-y-subvencions\/&#8221; admin_label=&#8221;Convocatorias de ayudas y subvenciones&#8221; _builder_version=&#8221;4.16&#8243; _module_preset=&#8221;default&#8221; header_level=&#8221;h1&#8243; header_font=&#8221;|600|||||||&#8221; header_text_align=&#8221;center&#8221; header_text_color=&#8221;#FFFFFF&#8221; header_font_size=&#8221;30px&#8221; background_color=&#8221;#E09900&#8243; custom_padding=&#8221;100px|50px|100px|50px|false|false&#8221; box_shadow_style=&#8221;preset1&#8243; global_colors_info=&#8221;{}&#8221;][\/et_pb_blurb][\/et_pb_column][et_pb_column type=&#8221;1_2&#8243; _builder_version=&#8221;4.16&#8243; _module_preset=&#8221;default&#8221; global_colors_info=&#8221;{}&#8221;][et_pb_blurb title=&#8221;Mem\u00f2ria de Gesti\u00f3, Pla Actuacions i Pressupost&#8221; admin_label=&#8221;Memoria de Gesti\u00f3n, Plan Actuaciones y Presupuesto&#8221; _builder_version=&#8221;4.19.1&#8243; _module_preset=&#8221;default&#8221; header_level=&#8221;h1&#8243; header_font=&#8221;|600|||||||&#8221; header_text_align=&#8221;center&#8221; header_text_color=&#8221;#FFFFFF&#8221; header_font_size=&#8221;30px&#8221; background_color=&#8221;#E09900&#8243; custom_padding=&#8221;100px|50px|100px|50px|false|false&#8221; link_option_url=&#8221;\/ca\/area-profesional-y-tramites\/memoria-de-gestio-pla-dactuacions-i-pressupost\/&#8221; hover_enabled=&#8221;0&#8243; box_shadow_style=&#8221;preset1&#8243; global_colors_info=&#8221;{}&#8221; sticky_enabled=&#8221;0&#8243;][\/et_pb_blurb][\/et_pb_column][\/et_pb_row][et_pb_row column_structure=&#8221;1_2,1_2&#8243; use_custom_gutter=&#8221;on&#8221; gutter_width=&#8221;2&#8243; make_equal=&#8221;on&#8221; _builder_version=&#8221;4.16&#8243; _module_preset=&#8221;default&#8221; global_colors_info=&#8221;{}&#8221;][et_pb_column type=&#8221;1_2&#8243; _builder_version=&#8221;4.16&#8243; _module_preset=&#8221;default&#8221; global_colors_info=&#8221;{}&#8221;][et_pb_blurb title=&#8221;Marca Tur\u00edstica Val\u00e8ncia Turisme&#8221; admin_label=&#8221;Marca Tur\u00edstica Val\u00e8ncia Turisme&#8221; _builder_version=&#8221;4.16&#8243; _module_preset=&#8221;default&#8221; header_level=&#8221;h1&#8243; header_font=&#8221;|600|||||||&#8221; header_text_align=&#8221;center&#8221; header_text_color=&#8221;#FFFFFF&#8221; header_font_size=&#8221;30px&#8221; background_color=&#8221;#E09900&#8243; custom_padding=&#8221;100px|50px|100px|50px|false|false&#8221; link_option_url=&#8221;\/ca\/area-profesional-y-tramites\/marca-turistica-valencia-turisme\/&#8221; box_shadow_style=&#8221;preset1&#8243; global_colors_info=&#8221;{}&#8221;][\/et_pb_blurb][\/et_pb_column][et_pb_column type=&#8221;1_2&#8243; _builder_version=&#8221;4.16&#8243; _module_preset=&#8221;default&#8221; global_colors_info=&#8221;{}&#8221;][et_pb_blurb title=&#8221;Seu Electr\u00f2nica&#8221; admin_label=&#8221;Sede Electr\u00f3nica&#8221; _builder_version=&#8221;4.16&#8243; _module_preset=&#8221;default&#8221; header_level=&#8221;h1&#8243; header_font=&#8221;|600|||||||&#8221; header_text_align=&#8221;center&#8221; header_text_color=&#8221;#FFFFFF&#8221; header_font_size=&#8221;30px&#8221; background_color=&#8221;#E09900&#8243; custom_padding=&#8221;100px|50px|100px|50px|false|false&#8221; link_option_url=&#8221;https:\/\/www.sede.dival.es\/opencms\/opencms\/sede\/paginas\/index.jsp&#8221; box_shadow_style=&#8221;preset1&#8243; global_colors_info=&#8221;{}&#8221;][\/et_pb_blurb][\/et_pb_column][\/et_pb_row][\/et_pb_section]<\/p>\n","protected":false},"excerpt":{"rendered":"<p>Cat\u00e0leg de tr\u00e0mitsLorem ipsum dolor sit amet, consectetur adipiscing elit, sed do eiusmod tempor incididunt ut labore et dolore magna aliqua. Ut enim ad minim veniam, quis nostrud exercitation ullamco laboris nisi ut aliquip ex ea commodo consequat.<\/p>\n","protected":false},"author":1,"featured_media":0,"parent":0,"menu_order":0,"comment_status":"closed","ping_status":"closed","template":"","meta":{"_acf_changed":false,"_et_pb_use_builder":"on","_et_pb_old_content":"<p>[et_pb_section fb_built=\"1\" fullwidth=\"on\" _builder_version=\"4.9.11\" _module_preset=\"default\" background_image=\"https:\/\/turisme.dival.es\/wp-content\/uploads\/2021\/10\/RINCO\u0301N-ADEMUZ-PAISAJE-scaled.jpg\" global_colors_info=\"{}\"][et_pb_fullwidth_header title=\"\u00c1REA PROFESIONAL Y TR\u00c1MITES\" _builder_version=\"4.9.11\" _module_preset=\"default\" title_font=\"Source Sans Pro||||||||\" title_text_align=\"center\" content_font=\"Source Sans Pro||||||||\" content_text_align=\"center\" content_text_color=\"#FFFFFF\" subhead_text_align=\"center\" background_enable_color=\"off\" background_enable_image=\"off\" parallax=\"on\" global_colors_info=\"{}\"][\/et_pb_fullwidth_header][\/et_pb_section][et_pb_section fb_built=\"1\" _builder_version=\"4.9.11\" _module_preset=\"default\" global_colors_info=\"{}\"][et_pb_row column_structure=\"1_5,3_5,1_5\" _builder_version=\"4.9.7\" _module_preset=\"default\" locked=\"off\" global_colors_info=\"{}\"][et_pb_column type=\"1_5\" _builder_version=\"4.9.7\" _module_preset=\"default\" global_colors_info=\"{}\"][\/et_pb_column][et_pb_column type=\"3_5\" _builder_version=\"4.9.7\" _module_preset=\"default\" global_colors_info=\"{}\"][et_pb_divider color=\"RGBA(0,0,0,0)\" admin_label=\"Divider\" _builder_version=\"4.9.7\" _module_preset=\"default\" background_color=\"#E09900\" width=\"70px\" module_alignment=\"center\" height=\"6px\" locked=\"off\" global_colors_info=\"{}\"][\/et_pb_divider][et_pb_text admin_label=\"Titulo\" _builder_version=\"4.9.11\" _module_preset=\"default\" text_font_size=\"18px\" header_text_align=\"center\" header_font_size=\"37px\" text_orientation=\"center\" global_colors_info=\"{}\"]<\/p><h1>Cat\u00e1logo de tr\u00e1mites<\/h1><p>[\/et_pb_text][et_pb_text _builder_version=\"4.9.11\" _module_preset=\"default\" text_font_size=\"18px\" header_text_align=\"center\" header_font_size=\"37px\" text_orientation=\"center\" global_colors_info=\"{}\"]<\/p><p>Lorem ipsum dolor sit amet, consectetur adipiscing elit, sed do eiusmod tempor incididunt ut labore et dolore magna aliqua. Ut enim ad minim veniam, quis nostrud exercitation ullamco laboris nisi ut aliquip ex ea commodo consequat.<\/p><p>[\/et_pb_text][\/et_pb_column][et_pb_column type=\"1_5\" _builder_version=\"4.9.7\" _module_preset=\"default\" global_colors_info=\"{}\"][\/et_pb_column][\/et_pb_row][et_pb_row column_structure=\"1_3,1_3,1_3\" use_custom_gutter=\"on\" gutter_width=\"2\" make_equal=\"on\" _builder_version=\"4.9.11\" _module_preset=\"default\" global_colors_info=\"{}\"][et_pb_column type=\"1_3\" _builder_version=\"4.9.11\" _module_preset=\"default\" global_colors_info=\"{}\"][et_pb_blurb title=\"Convocatorias de ayudas y subvenciones\" url=\"https:\/\/turisme.dival.es\/ayudas-y-subvenciones\/\" admin_label=\"Convocatorias de ayudas y subvenciones\" _builder_version=\"4.9.11\" _module_preset=\"default\" header_level=\"h1\" header_font=\"|600|||||||\" header_text_align=\"center\" header_text_color=\"#FFFFFF\" header_font_size=\"30px\" background_color=\"#E09900\" custom_padding=\"100px|50px|100px|50px|false|false\" hover_enabled=\"0\" box_shadow_style=\"preset1\" global_colors_info=\"{}\" sticky_enabled=\"0\"][\/et_pb_blurb][\/et_pb_column][et_pb_column type=\"1_3\" _builder_version=\"4.9.11\" _module_preset=\"default\" global_colors_info=\"{}\"][et_pb_blurb title=\"Memoria de Gesti\u00f3n, Plan Actuaciones y Presupuesto\" admin_label=\"Memoria de Gesti\u00f3n, Plan Actuaciones y Presupuesto\" _builder_version=\"4.9.11\" _module_preset=\"default\" header_level=\"h1\" header_font=\"|600|||||||\" header_text_align=\"center\" header_text_color=\"#FFFFFF\" header_font_size=\"30px\" background_color=\"#E09900\" custom_padding=\"100px|50px|100px|50px|false|false\" box_shadow_style=\"preset1\" global_colors_info=\"{}\"][\/et_pb_blurb][\/et_pb_column][et_pb_column type=\"1_3\" _builder_version=\"4.9.11\" _module_preset=\"default\" global_colors_info=\"{}\"][et_pb_blurb title=\"Plan de Igualdad G\u00e9nero Sector Tur\u00edstico 2020\" admin_label=\"Plan de Igualdad G\u00e9nero Sector Tur\u00edstico 2020\" _builder_version=\"4.9.11\" _module_preset=\"default\" header_level=\"h1\" header_font=\"|600|||||||\" header_text_align=\"center\" header_text_color=\"#FFFFFF\" header_font_size=\"30px\" background_color=\"#E09900\" custom_padding=\"100px|50px|100px|50px|false|false\" box_shadow_style=\"preset1\" global_colors_info=\"{}\"][\/et_pb_blurb][\/et_pb_column][\/et_pb_row][et_pb_row column_structure=\"1_2,1_2\" use_custom_gutter=\"on\" gutter_width=\"2\" make_equal=\"on\" _builder_version=\"4.9.11\" _module_preset=\"default\" global_colors_info=\"{}\"][et_pb_column type=\"1_2\" _builder_version=\"4.9.11\" _module_preset=\"default\" global_colors_info=\"{}\"][et_pb_blurb title=\"Marca Tur\u00edstica Val\u00e8ncia Turisme\" admin_label=\"Marca Tur\u00edstica Val\u00e8ncia Turisme\" _builder_version=\"4.9.11\" _module_preset=\"default\" header_level=\"h1\" header_font=\"|600|||||||\" header_text_align=\"center\" header_text_color=\"#FFFFFF\" header_font_size=\"30px\" background_color=\"#E09900\" custom_padding=\"100px|50px|100px|50px|false|false\" box_shadow_style=\"preset1\" global_colors_info=\"{}\"][\/et_pb_blurb][\/et_pb_column][et_pb_column type=\"1_2\" _builder_version=\"4.9.11\" _module_preset=\"default\" global_colors_info=\"{}\"][et_pb_blurb title=\"Sede Electr\u00f3nica\" admin_label=\"Sede Electr\u00f3nica\" _builder_version=\"4.9.11\" _module_preset=\"default\" header_level=\"h1\" header_font=\"|600|||||||\" header_text_align=\"center\" header_text_color=\"#FFFFFF\" header_font_size=\"30px\" background_color=\"#E09900\" custom_padding=\"100px|50px|100px|50px|false|false\" box_shadow_style=\"preset1\" global_colors_info=\"{}\"][\/et_pb_blurb][\/et_pb_column][\/et_pb_row][\/et_pb_section]<\/p>","_et_gb_content_width":"","footnotes":""},"class_list":["post-53051","page","type-page","status-publish","hentry"],"acf":[],"yoast_head":"<!-- This site is optimized with the Yoast SEO plugin v23.0 - https:\/\/yoast.com\/wordpress\/plugins\/seo\/ -->\n<title>\u00c1rea profesional y tr\u00e1mites &#060; Valencia Turismo<\/title>\n<meta name=\"robots\" content=\"index, follow, max-snippet:-1, max-image-preview:large, max-video-preview:-1\" \/>\n<link rel=\"canonical\" href=\"https:\/\/turisme.dival.es\/ca\/area-profesional-y-tramites\/\" \/>\n<meta property=\"og:locale\" content=\"en_US\" \/>\n<meta property=\"og:type\" content=\"article\" \/>\n<meta property=\"og:title\" content=\"\u00c1rea profesional y tr\u00e1mites &#060; Valencia Turismo\" \/>\n<meta property=\"og:description\" content=\"Cat\u00e0leg de tr\u00e0mitsLorem ipsum dolor sit amet, consectetur adipiscing elit, sed do eiusmod tempor incididunt ut labore et dolore magna aliqua. Ut enim ad minim veniam, quis nostrud exercitation ullamco laboris nisi ut aliquip ex ea commodo consequat.\" \/>\n<meta property=\"og:url\" content=\"https:\/\/turisme.dival.es\/ca\/area-profesional-y-tramites\/\" \/>\n<meta property=\"og:site_name\" content=\"Valencia Turismo\" \/>\n<meta property=\"article:modified_time\" content=\"2023-04-05T10:35:30+00:00\" \/>\n<meta name=\"twitter:card\" content=\"summary_large_image\" \/>\n<meta name=\"twitter:label1\" content=\"Est. reading time\" \/>\n\t<meta name=\"twitter:data1\" content=\"2 minutes\" \/>\n<script type=\"application\/ld+json\" class=\"yoast-schema-graph\">{\"@context\":\"https:\/\/schema.org\",\"@graph\":[{\"@type\":\"WebPage\",\"@id\":\"https:\/\/turisme.dival.es\/ca\/area-profesional-y-tramites\/\",\"url\":\"https:\/\/turisme.dival.es\/ca\/area-profesional-y-tramites\/\",\"name\":\"\u00c1rea profesional y tr\u00e1mites &#060; Valencia Turismo\",\"isPartOf\":{\"@id\":\"https:\/\/turisme.dival.es\/#website\"},\"datePublished\":\"2022-01-12T08:55:54+00:00\",\"dateModified\":\"2023-04-05T10:35:30+00:00\",\"inLanguage\":\"vl\",\"potentialAction\":[{\"@type\":\"ReadAction\",\"target\":[\"https:\/\/turisme.dival.es\/ca\/area-profesional-y-tramites\/\"]}]},{\"@type\":\"WebSite\",\"@id\":\"https:\/\/turisme.dival.es\/#website\",\"url\":\"https:\/\/turisme.dival.es\/\",\"name\":\"valenciaturismo.com.mialias.net\",\"description\":\"\",\"potentialAction\":[{\"@type\":\"SearchAction\",\"target\":{\"@type\":\"EntryPoint\",\"urlTemplate\":\"https:\/\/turisme.dival.es\/?s={search_term_string}\"},\"query-input\":\"required name=search_term_string\"}],\"inLanguage\":\"vl\"}]}<\/script>\n<!-- \/ Yoast SEO plugin. -->","yoast_head_json":{"title":"\u00c1rea profesional y tr\u00e1mites &#060; Valencia Turismo","robots":{"index":"index","follow":"follow","max-snippet":"max-snippet:-1","max-image-preview":"max-image-preview:large","max-video-preview":"max-video-preview:-1"},"canonical":"https:\/\/turisme.dival.es\/ca\/area-profesional-y-tramites\/","og_locale":"en_US","og_type":"article","og_title":"\u00c1rea profesional y tr\u00e1mites &#060; Valencia Turismo","og_description":"Cat\u00e0leg de tr\u00e0mitsLorem ipsum dolor sit amet, consectetur adipiscing elit, sed do eiusmod tempor incididunt ut labore et dolore magna aliqua. Ut enim ad minim veniam, quis nostrud exercitation ullamco laboris nisi ut aliquip ex ea commodo consequat.","og_url":"https:\/\/turisme.dival.es\/ca\/area-profesional-y-tramites\/","og_site_name":"Valencia Turismo","article_modified_time":"2023-04-05T10:35:30+00:00","twitter_card":"summary_large_image","twitter_misc":{"Est. reading time":"2 minutes"},"schema":{"@context":"https:\/\/schema.org","@graph":[{"@type":"WebPage","@id":"https:\/\/turisme.dival.es\/ca\/area-profesional-y-tramites\/","url":"https:\/\/turisme.dival.es\/ca\/area-profesional-y-tramites\/","name":"\u00c1rea profesional y tr\u00e1mites &#060; Valencia Turismo","isPartOf":{"@id":"https:\/\/turisme.dival.es\/#website"},"datePublished":"2022-01-12T08:55:54+00:00","dateModified":"2023-04-05T10:35:30+00:00","inLanguage":"vl","potentialAction":[{"@type":"ReadAction","target":["https:\/\/turisme.dival.es\/ca\/area-profesional-y-tramites\/"]}]},{"@type":"WebSite","@id":"https:\/\/turisme.dival.es\/#website","url":"https:\/\/turisme.dival.es\/","name":"valenciaturismo.com.mialias.net","description":"","potentialAction":[{"@type":"SearchAction","target":{"@type":"EntryPoint","urlTemplate":"https:\/\/turisme.dival.es\/?s={search_term_string}"},"query-input":"required name=search_term_string"}],"inLanguage":"vl"}]}},"_links":{"self":[{"href":"https:\/\/turisme.dival.es\/ca\/wp-json\/wp\/v2\/pages\/53051","targetHints":{"allow":["GET"]}}],"collection":[{"href":"https:\/\/turisme.dival.es\/ca\/wp-json\/wp\/v2\/pages"}],"about":[{"href":"https:\/\/turisme.dival.es\/ca\/wp-json\/wp\/v2\/types\/page"}],"author":[{"embeddable":true,"href":"https:\/\/turisme.dival.es\/ca\/wp-json\/wp\/v2\/users\/1"}],"replies":[{"embeddable":true,"href":"https:\/\/turisme.dival.es\/ca\/wp-json\/wp\/v2\/comments?post=53051"}],"version-history":[{"count":7,"href":"https:\/\/turisme.dival.es\/ca\/wp-json\/wp\/v2\/pages\/53051\/revisions"}],"predecessor-version":[{"id":88326,"href":"https:\/\/turisme.dival.es\/ca\/wp-json\/wp\/v2\/pages\/53051\/revisions\/88326"}],"wp:attachment":[{"href":"https:\/\/turisme.dival.es\/ca\/wp-json\/wp\/v2\/media?parent=53051"}],"curies":[{"name":"wp","href":"https:\/\/api.w.org\/{rel}","templated":true}]}}