{"id":26083,"date":"2021-10-05T14:30:04","date_gmt":"2021-10-05T14:30:04","guid":{"rendered":"https:\/\/turisme.dival.es\/?page_id=26083"},"modified":"2022-05-09T10:09:12","modified_gmt":"2022-05-09T10:09:12","slug":"com-mouret","status":"publish","type":"page","link":"https:\/\/turisme.dival.es\/ca\/com-mouret\/","title":{"rendered":"com-mouret"},"content":{"rendered":"<p>[et_pb_section fb_built=&#8221;1&#8243; _builder_version=&#8221;4.15&#8243; custom_margin=&#8221;0px||0px||false|false&#8221; custom_padding=&#8221;0px||0px||false|false&#8221; locked=&#8221;off&#8221; global_colors_info=&#8221;{}&#8221;][et_pb_row _builder_version=&#8221;4.15&#8243; background_size=&#8221;initial&#8221; background_position=&#8221;top_left&#8221; background_repeat=&#8221;repeat&#8221; width=&#8221;100%&#8221; max_width=&#8221;100%&#8221; custom_margin=&#8221;0px||0px||false|false&#8221; custom_padding=&#8221;0px||0px||false|false&#8221; global_colors_info=&#8221;{}&#8221;][et_pb_column type=&#8221;4_4&#8243; _builder_version=&#8221;4.15&#8243; _module_preset=&#8221;default&#8221; global_colors_info=&#8221;{}&#8221;][et_pb_slider show_pagination=&#8221;off&#8221; _builder_version=&#8221;4.15.1&#8243; _module_preset=&#8221;default&#8221; min_height=&#8221;300px&#8221; hover_enabled=&#8221;0&#8243; global_colors_info=&#8221;{}&#8221; sticky_enabled=&#8221;0&#8243;][et_pb_slide heading=&#8221;C\u00f3mo llegar&#8221; _builder_version=&#8221;4.15.1&#8243; _module_preset=&#8221;default&#8221; header_text_color=&#8221;#FFFFFF&#8221; background_image=&#8221;https:\/\/turisme.dival.es\/wp-content\/uploads\/2021\/10\/COMO-LLEGAR1920.jpg&#8221; background_enable_image=&#8221;on&#8221; text_orientation=&#8221;center&#8221; hover_enabled=&#8221;0&#8243; global_colors_info=&#8221;{}&#8221; sticky_transition=&#8221;on&#8221; sticky_enabled=&#8221;0&#8243;]<\/p>\n<h2>COM ARRIBAR A VAL\u00c8NCIA \u00c9S F\u00c0CIL, TRIA EL MILLOR MITJ\u00c0 DE TRANSPORT<\/h2>\n<p>[\/et_pb_slide][\/et_pb_slider][\/et_pb_column][\/et_pb_row][\/et_pb_section][et_pb_section fb_built=&#8221;1&#8243; admin_label=&#8221;intro page&#8221; _builder_version=&#8221;4.15&#8243; _module_preset=&#8221;default&#8221; custom_margin=&#8221;||0px||false|false&#8221; custom_padding=&#8221;20px||0px||false|false&#8221; locked=&#8221;off&#8221; global_colors_info=&#8221;{}&#8221;][et_pb_row column_structure=&#8221;1_5,3_5,1_5&#8243; _builder_version=&#8221;4.15&#8243; _module_preset=&#8221;default&#8221; global_colors_info=&#8221;{}&#8221;][et_pb_column type=&#8221;1_5&#8243; _builder_version=&#8221;4.15&#8243; _module_preset=&#8221;default&#8221; global_colors_info=&#8221;{}&#8221;][\/et_pb_column][et_pb_column type=&#8221;3_5&#8243; _builder_version=&#8221;4.15&#8243; _module_preset=&#8221;default&#8221; global_colors_info=&#8221;{}&#8221;][et_pb_divider color=&#8221;RGBA(0,0,0,0)&#8221; admin_label=&#8221;Divider&#8221; _builder_version=&#8221;4.15&#8243; _module_preset=&#8221;default&#8221; background_color=&#8221;#9b861b&#8221; width=&#8221;70px&#8221; module_alignment=&#8221;center&#8221; height=&#8221;6px&#8221; locked=&#8221;off&#8221; global_colors_info=&#8221;{}&#8221;][\/et_pb_divider][et_pb_text admin_label=&#8221;Titulo&#8221; _builder_version=&#8221;4.15&#8243; _module_preset=&#8221;default&#8221; text_font_size=&#8221;18px&#8221; header_text_align=&#8221;center&#8221; header_font_size=&#8221;37px&#8221; text_orientation=&#8221;center&#8221; global_colors_info=&#8221;{}&#8221;]<\/p>\n<h1>C\u00f3mo llegar<\/h1>\n<p>[\/et_pb_text][et_pb_text _builder_version=&#8221;4.15.1&#8243; _module_preset=&#8221;default&#8221; text_font_size=&#8221;18px&#8221; header_text_align=&#8221;center&#8221; header_font_size=&#8221;37px&#8221; text_orientation=&#8221;center&#8221; hover_enabled=&#8221;0&#8243; global_colors_info=&#8221;{}&#8221; sticky_enabled=&#8221;0&#8243;]<\/p>\n<p>Podem arribar a Val\u00e8ncia per diferents mitjans, en la nostra comunitat trobares unes magnifiques infraestructures per a arribar i moure&#8217;t f\u00e0cilment a qualsevol destinaci\u00f3 tur\u00edstica.<\/p>\n<p>La xarxa ferrovi\u00e0ria que comunica Val\u00e8ncia amb la resta de comunitats ens permet moure&#8217;ns amb facilitat entre les ciutats Valencianes.<br \/>Les autopistes i autovies, juntament amb totes les carreteres formen una infraestructura de mobilitat que ens permet moure&#8217;ns amb total facilitat dins de la nostra comunitat per a poder arribar a qualsevol lloc d&#8217;inter\u00e9s tur\u00edstic. Per a estar al dia de les possibles incid\u00e8ncies que els viatgers es poden trobar pots consultar-la a temps real en la web de la\u00a0Direccion\u00a0General de Tr\u00e0nsit.<\/p>\n<p>[\/et_pb_text][\/et_pb_column][et_pb_column type=&#8221;1_5&#8243; _builder_version=&#8221;4.15&#8243; _module_preset=&#8221;default&#8221; global_colors_info=&#8221;{}&#8221;][\/et_pb_column][\/et_pb_row][\/et_pb_section][et_pb_section fb_built=&#8221;1&#8243; admin_label=&#8221;Maps&#8221; _builder_version=&#8221;4.15&#8243; _module_preset=&#8221;default&#8221; global_colors_info=&#8221;{}&#8221;][et_pb_row _builder_version=&#8221;4.15&#8243; _module_preset=&#8221;default&#8221; global_colors_info=&#8221;{}&#8221;][et_pb_column type=&#8221;4_4&#8243; _builder_version=&#8221;4.15&#8243; _module_preset=&#8221;default&#8221; global_colors_info=&#8221;{}&#8221;][et_pb_text _builder_version=&#8221;4.15.1&#8243; _module_preset=&#8221;default&#8221; text_font_size=&#8221;18px&#8221; header_3_font=&#8221;|700|||||||&#8221; header_3_font_size=&#8221;24px&#8221; global_colors_info=&#8221;{}&#8221;][\/et_pb_text][et_pb_code _builder_version=&#8221;4.15&#8243; _module_preset=&#8221;default&#8221; global_colors_info=&#8221;{}&#8221;]\r\n\t\t\t\r\n\r\n\t\t\t<div style=\"display:block; width:100%;\">\r\n\r\n\t\t\t\t<div class=\"wpgmza-directions-box wpgmaps_directions_outer_div\" data-map-id=\"1\" style=\"width:25%;float:left;overflow:auto;\" id=\"wpgmaps_directions_edit_1\">\r\n\t<h2 class=\"wpgmza-directions-box__title\">Get Directions<\/h2>\r\n\t\r\n\t<div class=\"wpgmza-directions-box-inner\" id=\"wpgmaps_directions_editbox_1\">\r\n\t\t<div class=\"wpgmza-directions-actions wpgmza-form-field\">\r\n\t\t\t<div class=\"wpgmza-directions__travel-mode\">\r\n\t\t\t\t<span class=\"wpgmza-travel-mode-option wpgmza-travel-option__selected\" data-mode=\"driving\">\r\n\t\t\t\t\t<img decoding=\"async\" src=\"https:\/\/turisme.dival.es\/wp-content\/plugins\/wp-google-maps-pro\/images\/icons\/directions_car.png\"><\/span>\r\n\t\t\t\t<span class=\"wpgmza-travel-mode-option\" data-mode=\"walking\">\r\n\t\t\t\t\t<img decoding=\"async\" src=\"https:\/\/turisme.dival.es\/wp-content\/plugins\/wp-google-maps-pro\/images\/icons\/directions_walking.png\"><\/span>\r\n\t\t\t\t<span class=\"wpgmza-travel-mode-option\" data-mode=\"transit\">\r\n\t\t\t\t\t<img decoding=\"async\" src=\"https:\/\/turisme.dival.es\/wp-content\/plugins\/wp-google-maps-pro\/images\/icons\/directions_transit.png\"><\/span>\r\n\t\t\t\t<span class=\"wpgmza-travel-mode-option\" data-mode=\"bicycling\">\r\n\t\t\t\t\t<img decoding=\"async\" src=\"https:\/\/turisme.dival.es\/wp-content\/plugins\/wp-google-maps-pro\/images\/icons\/directions_bike.png\"><\/span>\r\n\t\t\t<\/div>\r\n\r\n\t\t\t<div class=\"wpgmza-directions-locations\">\r\n\t\t\t\t<div class=\"wpgmza-directions-from wpgmza-form-field\">\r\n\r\n\t\t\t\t\t<i class=\"wpgmza-directions-from__icon fa fa-circle\"><\/i>\r\n\t\t\t\r\n\t\t\t\t\t<label class=\"wpgmza-form-field__label\" for=\"wpgmza_input_from_1\">\r\n\t\t\t\t\t\tFrom\t\t\t\t\t<\/label>\r\n\t\t\t\t\t\r\n\t\t\t\t\t<input class=\"wpgmza-address wpgmza-directions-from wpgmza-form-field__input\" type=\"text\" placeholder=\"From\" value=\"\" id=\"wpgmza_input_from_1\"><\/div>\r\n\r\n\t\t\t\t<div class=\"wpgmza-directions-to wpgmza-form-field wpgmaps_to_row\">\r\n\r\n\t\t\t\t\t<i class=\"wpgmza-directions-to__icon fa fas fa-map-marker\"><\/i>\r\n\r\n\t\t\t\t\t<label class=\"wpgmza-form-field__label\" for=\"wpgmza_input_to_1\">\r\n\t\t\t\t\t\tTo\t\t\t\t\t<\/label>\r\n\t\t\t\t\t<input class=\"wpgmza-address wpgmza-form-field__input wpgmza-directions-to\" type=\"text\" placeholder=\"To\" value=\"\" id=\"wpgmza_input_to_1\"><\/div>\r\n\t\t\t\t\r\n\t\t\t\t<div class=\"wpgmza-waypoint-via wpgmza-form-field wpgmza-form-field--no-pad wpgmaps_via wpgmaps_template\">\r\n\r\n\t\t\t\t\t<i class=\"wpgmza-directions-from__icon fa fa-circle\"><\/i>\r\n\t\t\t\t\r\n\t\t\t\t\t<input class=\"wpgmza-waypoint-via wpgmza-form-field__input wpgmaps_via\" type=\"text\" placeholder=\"Via\"><button href=\"javascript:%20;\" class=\"wpgmza_remove_via\">\r\n\t\t\t\t\t\t<i class=\"fa fa-times\"><\/i>\r\n\t\t\t\t\t<\/button>\r\n\t\t\t\t\t\r\n\t\t\t\t<\/div>\r\n\t\t\t\t\r\n\t\t\t\t<div class=\"wpgmza-add-waypoint wpgmza-form-field wpgmza-form-field--no-pad wpgmaps_add_waypoint\">\r\n\t\t\t\t\t<div class=\"wpgmaps_add_waypoint\">\r\n\t\t\t\t\t\t<a href=\"javascript:%20;\" class=\"wpgmaps_add_waypoint\" mapid=\"1\">\r\n\t\t\t\t\t\t\t<i class=\"fa fa-plus-circle\" aria-hidden=\"true\"><\/i>\r\n\t\t\t\t\t\t\tAdd Waypoint\t\t\t\t\t\t<\/a>\r\n\t\t\t\t\t<\/div>\r\n\t\t\t\t<\/div>\r\n\t\t\t<\/div>\r\n\r\n\t\t\t<div class=\"wpgmza-hidden\">\r\n\t\t\t<label class=\"wpgmza-travel-mode wpgmza-form-field__label\" for=\"wpgmza_dir_type_1\">\r\n\t\t\t\tFor\t\t\t<\/label>\r\n\t\t\t<select class=\"wpgmza-travel-mode wpgmza-form-field__input\" name=\"wpgmza_dir_type_1\" id=\"wpgmza_dir_type_1\"><option value=\"driving\">\r\n\t\t\t\t\tDriving\t\t\t\t<\/option><option value=\"walking\">\r\n\t\t\t\t\tWalking\t\t\t\t<\/option><option value=\"transit\">\r\n\t\t\t\t\tTransit\t\t\t\t<\/option><option value=\"bicycling\">\r\n\t\t\t\t\tBicycling\t\t\t\t<\/option><\/select><\/div>\r\n\t\t<\/div>\r\n\t\t\t\r\n\t\t<div class=\"wpgmza-directions-options__section\">\r\n\t\t\t<a href=\"javascript:;\" class=\"wpgmza-show-directions-options\" id=\"wpgmza_show_options_1\" mapid=\"1\">\r\n\t\t\t\tshow options\t\t\t<\/a>\r\n\t\t\t\r\n\t\t\t<a href=\"javascript:;\" class=\"wpgmza-hide-directions-options\" id=\"wpgmza_hide_options_1\" mapid=\"1\">\r\n\t\t\t\thide options\t\t\t<\/a>\r\n\t\t\t\r\n\t\t\t<div class=\"wpgmza-directions-options wpgmza-form-field wpgmza-form-field--no-pad wpgmza_dir_options\">\r\n\t\t\t\t<label class=\"class\">\r\n\t\t\t\t\t<input type=\"checkbox\" class=\"wpgmza-avoid-tolls\" value=\"tolls\" name=\"wpgmza_tolls_1\" id=\"wpgmza_tolls_1\">\r\n\t\t\t\t\tAvoid Tolls\t\t\t\t<\/label>\r\n\t\t\t\t<label class=\"class\">\r\n\t\t\t\t\t<input type=\"checkbox\" class=\"wpgmza-avoid-highways\" value=\"highways\" name=\"wpgmza_highways_1\" id=\"wpgmza_highways_1\">\r\n\t\t\t\t\tAvoid Highways\t\t\t\t<\/label>\r\n\t\t\t\t<label class=\"class\">\r\n\t\t\t\t\t<input type=\"checkbox\" class=\"wpgmza-avoid-ferries\" value=\"ferries\" name=\"wpgmza_ferries_1\" id=\"wpgmza_ferries_1\">\r\n\t\t\t\t\tAvoid Ferries\t\t\t\t<\/label>\r\n\t\t\t<\/div>\r\n\t\t<\/div>\r\n\t\t\r\n\t<\/div>\r\n\t\r\n\t<div class=\"wpgmza-directions-buttons wpgmza-form-field wpgmaps_to_row\">\r\n\t\t<input class=\"wpgmza-get-directions wpgmaps_get_directions\" onclick=\"javascript: ;\" type=\"button\" value=\"Go\" id=\"1\"><span class=\"wpgmza-directions-result__buttons\">\r\n\t\t\t<a class=\"wpgmza-print-directions\" style=\"display: none;\" onclick=\"javascript: ;\" mapid=\"1\">\r\n\t\t\t\tPrint directions\t\t\t<\/a>\r\n\t\t\t\r\n\t\t\t<a class=\"wpgmza-reset-directions\" style=\"display: none;\" onclick=\"javascript: ;\" mapid=\"1\">\r\n\t\t\t\tReset directions\t\t\t<\/a>\r\n\t\t<\/span>\r\n\t<\/div>\r\n<\/div>\r\n\t\t\t\r\n\t\t\t\t<div id=\"wpgmaps_directions_notification_1\" style=\"display:none;\">Fetching directions......<\/div>\r\n\t\t\t\t<div id=\"wpgmaps_directions_reset_1\" style=\"display:none;\">\r\n\r\n\t\t\t\t\t<a href='javascript:void(0)' onclick='wpgmza_reset_directions(1);' id='wpgmaps_reset_directions' title='Reset directions'>Reset directions<\/a>\r\n\t\t\t\t\t<br \/>\r\n\t\t\t\t\t<a href='javascript: ;' id='wpgmaps_print_directions_1' target='_blank' title='Print directions'>Print directions<\/a>\r\n\t\t\t\t<\/div>\r\n\t\t\t\r\n\t\t\t\t<div id=\"directions_panel_1\"><\/div>\r\n\t\t\t\r\n\t\t\t<\/div>\r\n\r\n\t\t\t<div class='wpgmza-marker-listing-category-filter' data-map-id='1' id='wpgmza_filter_1' style='text-align:left; margin-bottom:0px;'><span>Filter by<\/span><select mid=\"1\" id=\"wpgmza_filter_select\" name=\"wpgmza_filter_select\"><option value=\"0\">All<\/option><option value=\"2\">&nbsp;Monumentos<\/option><option value=\"3\">&nbsp;Poblaci\u00f3n<\/option><\/select><\/div>\r\n\t\t\t\r\n\t\t\t\r\n\r\n\t\t\t\r\n            <a name='map1'><\/a>\r\n\r\n\t\t\t<div class=\"wpgmza_map \" id=\"wpgmza_map_1\" style=\"display:block; overflow:auto; width:100%; height:600px; float:left;\" data-settings='{\"id\":\"1\",\"map_title\":\"Como llegar\",\"map_width\":\"100\",\"map_height\":\"600\",\"map_start_lat\":\"39.49171888024419\",\"map_start_lng\":\"-0.7411063718750066\",\"map_start_location\":\"45.950464398418106,-109.81550500000003\",\"map_start_zoom\":\"8\",\"default_marker\":\"\",\"type\":\"3\",\"alignment\":\"4\",\"directions_enabled\":\"1\",\"styling_enabled\":\"0\",\"styling_json\":\"\",\"active\":\"0\",\"kml\":\"\",\"bicycle\":\"1\",\"traffic\":\"1\",\"dbox\":\"2\",\"dbox_width\":\"25\",\"listmarkers\":\"0\",\"listmarkers_advanced\":\"0\",\"filterbycat\":\"1\",\"ugm_enabled\":\"0\",\"ugm_category_enabled\":\"0\",\"fusion\":\"\",\"map_width_type\":\"%\",\"map_height_type\":\"px\",\"mass_marker_support\":\"0\",\"ugm_access\":\"0\",\"order_markers_by\":\"2\",\"order_markers_choice\":\"1\",\"show_user_location\":\"1\",\"default_to\":\"\",\"other_settings\":{\"transport_layer\":null,\"shortcodeAttributes\":{\"id\":\"1\"}}}' data-map-id='1' data-shortcode-attributes='{\"id\":\"1\"}' > <\/div>   \r\n\t\t\t\r\n\r\n\t\t\t\r\n\t\t\t\r\n\r\n        [\/et_pb_code][\/et_pb_column][\/et_pb_row][\/et_pb_section]<\/p>\n","protected":false},"excerpt":{"rendered":"<p>COM ARRIBAR A VAL\u00c8NCIA \u00c9S F\u00c0CIL, TRIA EL MILLOR MITJ\u00c0 DE TRANSPORTC\u00f3mo llegarPodem arribar a Val\u00e8ncia per diferents mitjans, en la nostra comunitat trobares unes magnifiques infraestructures per a arribar i moure&#8217;t f\u00e0cilment a qualsevol destinaci\u00f3 tur\u00edstica. La xarxa ferrovi\u00e0ria que comunica Val\u00e8ncia amb la resta de comunitats ens permet moure&#8217;ns amb facilitat entre les [&hellip;]<\/p>\n","protected":false},"author":1,"featured_media":0,"parent":0,"menu_order":0,"comment_status":"closed","ping_status":"closed","template":"","meta":{"_acf_changed":false,"_et_pb_use_builder":"on","_et_pb_old_content":"","_et_gb_content_width":"","footnotes":""},"class_list":["post-26083","page","type-page","status-publish","hentry"],"acf":[],"yoast_head":"<!-- This site is optimized with the Yoast SEO plugin v23.0 - https:\/\/yoast.com\/wordpress\/plugins\/seo\/ -->\n<title>com-mouret &#060; Valencia Turismo<\/title>\n<meta name=\"robots\" content=\"index, follow, max-snippet:-1, max-image-preview:large, max-video-preview:-1\" \/>\n<link rel=\"canonical\" href=\"https:\/\/turisme.dival.es\/ca\/com-mouret\/\" \/>\n<meta property=\"og:locale\" content=\"en_US\" \/>\n<meta property=\"og:type\" content=\"article\" \/>\n<meta property=\"og:title\" content=\"com-mouret &#060; Valencia Turismo\" \/>\n<meta property=\"og:description\" content=\"COM ARRIBAR A VAL\u00c8NCIA \u00c9S F\u00c0CIL, TRIA EL MILLOR MITJ\u00c0 DE TRANSPORTC\u00f3mo llegarPodem arribar a Val\u00e8ncia per diferents mitjans, en la nostra comunitat trobares unes magnifiques infraestructures per a arribar i moure&#039;t f\u00e0cilment a qualsevol destinaci\u00f3 tur\u00edstica. La xarxa ferrovi\u00e0ria que comunica Val\u00e8ncia amb la resta de comunitats ens permet moure&#039;ns amb facilitat entre les [&hellip;]\" \/>\n<meta property=\"og:url\" content=\"https:\/\/turisme.dival.es\/ca\/com-mouret\/\" \/>\n<meta property=\"og:site_name\" content=\"Valencia Turismo\" \/>\n<meta property=\"article:modified_time\" content=\"2022-05-09T10:09:12+00:00\" \/>\n<meta name=\"twitter:card\" content=\"summary_large_image\" \/>\n<meta name=\"twitter:label1\" content=\"Est. reading time\" \/>\n\t<meta name=\"twitter:data1\" content=\"2 minutes\" \/>\n<script type=\"application\/ld+json\" class=\"yoast-schema-graph\">{\"@context\":\"https:\/\/schema.org\",\"@graph\":[{\"@type\":\"WebPage\",\"@id\":\"https:\/\/turisme.dival.es\/ca\/com-mouret\/\",\"url\":\"https:\/\/turisme.dival.es\/ca\/com-mouret\/\",\"name\":\"com-mouret &#060; Valencia Turismo\",\"isPartOf\":{\"@id\":\"https:\/\/turisme.dival.es\/#website\"},\"datePublished\":\"2021-10-05T14:30:04+00:00\",\"dateModified\":\"2022-05-09T10:09:12+00:00\",\"inLanguage\":\"vl\",\"potentialAction\":[{\"@type\":\"ReadAction\",\"target\":[\"https:\/\/turisme.dival.es\/ca\/com-mouret\/\"]}]},{\"@type\":\"WebSite\",\"@id\":\"https:\/\/turisme.dival.es\/#website\",\"url\":\"https:\/\/turisme.dival.es\/\",\"name\":\"valenciaturismo.com.mialias.net\",\"description\":\"\",\"potentialAction\":[{\"@type\":\"SearchAction\",\"target\":{\"@type\":\"EntryPoint\",\"urlTemplate\":\"https:\/\/turisme.dival.es\/?s={search_term_string}\"},\"query-input\":\"required name=search_term_string\"}],\"inLanguage\":\"vl\"}]}<\/script>\n<!-- \/ Yoast SEO plugin. -->","yoast_head_json":{"title":"com-mouret &#060; Valencia Turismo","robots":{"index":"index","follow":"follow","max-snippet":"max-snippet:-1","max-image-preview":"max-image-preview:large","max-video-preview":"max-video-preview:-1"},"canonical":"https:\/\/turisme.dival.es\/ca\/com-mouret\/","og_locale":"en_US","og_type":"article","og_title":"com-mouret &#060; Valencia Turismo","og_description":"COM ARRIBAR A VAL\u00c8NCIA \u00c9S F\u00c0CIL, TRIA EL MILLOR MITJ\u00c0 DE TRANSPORTC\u00f3mo llegarPodem arribar a Val\u00e8ncia per diferents mitjans, en la nostra comunitat trobares unes magnifiques infraestructures per a arribar i moure't f\u00e0cilment a qualsevol destinaci\u00f3 tur\u00edstica. La xarxa ferrovi\u00e0ria que comunica Val\u00e8ncia amb la resta de comunitats ens permet moure'ns amb facilitat entre les [&hellip;]","og_url":"https:\/\/turisme.dival.es\/ca\/com-mouret\/","og_site_name":"Valencia Turismo","article_modified_time":"2022-05-09T10:09:12+00:00","twitter_card":"summary_large_image","twitter_misc":{"Est. reading time":"2 minutes"},"schema":{"@context":"https:\/\/schema.org","@graph":[{"@type":"WebPage","@id":"https:\/\/turisme.dival.es\/ca\/com-mouret\/","url":"https:\/\/turisme.dival.es\/ca\/com-mouret\/","name":"com-mouret &#060; Valencia Turismo","isPartOf":{"@id":"https:\/\/turisme.dival.es\/#website"},"datePublished":"2021-10-05T14:30:04+00:00","dateModified":"2022-05-09T10:09:12+00:00","inLanguage":"vl","potentialAction":[{"@type":"ReadAction","target":["https:\/\/turisme.dival.es\/ca\/com-mouret\/"]}]},{"@type":"WebSite","@id":"https:\/\/turisme.dival.es\/#website","url":"https:\/\/turisme.dival.es\/","name":"valenciaturismo.com.mialias.net","description":"","potentialAction":[{"@type":"SearchAction","target":{"@type":"EntryPoint","urlTemplate":"https:\/\/turisme.dival.es\/?s={search_term_string}"},"query-input":"required name=search_term_string"}],"inLanguage":"vl"}]}},"_links":{"self":[{"href":"https:\/\/turisme.dival.es\/ca\/wp-json\/wp\/v2\/pages\/26083","targetHints":{"allow":["GET"]}}],"collection":[{"href":"https:\/\/turisme.dival.es\/ca\/wp-json\/wp\/v2\/pages"}],"about":[{"href":"https:\/\/turisme.dival.es\/ca\/wp-json\/wp\/v2\/types\/page"}],"author":[{"embeddable":true,"href":"https:\/\/turisme.dival.es\/ca\/wp-json\/wp\/v2\/users\/1"}],"replies":[{"embeddable":true,"href":"https:\/\/turisme.dival.es\/ca\/wp-json\/wp\/v2\/comments?post=26083"}],"version-history":[{"count":16,"href":"https:\/\/turisme.dival.es\/ca\/wp-json\/wp\/v2\/pages\/26083\/revisions"}],"predecessor-version":[{"id":81572,"href":"https:\/\/turisme.dival.es\/ca\/wp-json\/wp\/v2\/pages\/26083\/revisions\/81572"}],"wp:attachment":[{"href":"https:\/\/turisme.dival.es\/ca\/wp-json\/wp\/v2\/media?parent=26083"}],"curies":[{"name":"wp","href":"https:\/\/api.w.org\/{rel}","templated":true}]}}